{"id":12613,"date":"2021-07-01T14:48:27","date_gmt":"2021-07-01T14:48:27","guid":{"rendered":"https:\/\/www.snowkitesensation.com\/?page_id=12613"},"modified":"2021-09-15T13:49:34","modified_gmt":"2021-09-15T13:49:34","slug":"assurances","status":"publish","type":"page","link":"https:\/\/www.snowkitesensation.com\/fr\/assurances\/","title":{"rendered":"Assurances"},"content":{"rendered":"<div class=\"wpb-content-wrapper\"><p>[vc_row][vc_column][vc_column_text]<\/p>\n<p style=\"text-align: justify;\">Partez l&rsquo;esprit l\u00e9ger et profitez pleinement de votre voyage. En plus de vous conseiller sur les meilleures destinations de snowkite, nous pouvons \u00e9galement vous proposer diff\u00e9rentes solutions d&rsquo;assurances gr\u00e2ce notre partenaire : Assurinco \/ Mutuaide. De quoi rendre votre escales sportive, facile et inoubliable avec de petits d\u00e9tails qui changeront sensiblement votre exp\u00e9rience.<\/p>\n<ul>\n<li><span style=\"color: #99ccff;\"><strong><a style=\"color: #99ccff;\" href=\"http:\/\/www.snowkitesensation.com\/wp-content\/uploads\/2021\/09\/Indiv_Multirisque_Confort.pdf\" target=\"_blank\" rel=\"noopener\">Assurance Multirisque Confort<\/a><\/strong><\/span><\/li>\n<\/ul>\n<p>&nbsp;<\/p>\n<ul>\n<li><span style=\"color: #ffffff;\"><strong><a style=\"color: #ffffff;\" href=\"http:\/\/www.snowkitesensation.com\/wp-content\/uploads\/2021\/09\/Indiv_Multirisque_Loisirs_Premium.pdf\" target=\"_blank\" rel=\"noopener\"><span style=\"color: #99ccff;\">Assurance Multirisque Loisirs Premium<\/span><\/a><\/strong><\/span><\/li>\n<\/ul>\n<p>[\/vc_column_text][\/vc_column][\/vc_row]<\/p>\n<\/div>","protected":false},"excerpt":{"rendered":"<p>[vc_row][vc_column][vc_column_text] Partez l&rsquo;esprit l\u00e9ger et profitez pleinement de votre voyage. En plus de vous conseiller sur les meilleures destinations de snowkite, nous pouvons \u00e9galement vous proposer diff\u00e9rentes solutions d&rsquo;assurances gr\u00e2ce notre partenaire : Assurinco \/ Mutuaide. De quoi rendre votre escales sportive, facile et inoubliable&#8230;<\/p>\n","protected":false},"author":1,"featured_media":0,"parent":0,"menu_order":0,"comment_status":"closed","ping_status":"closed","template":"","meta":{"_acf_changed":false,"_uag_custom_page_level_css":"","advgb_blocks_editor_width":"","advgb_blocks_columns_visual_guide":"","footnotes":""},"categories":[],"class_list":["post-12613","page","type-page","status-publish","hentry"],"acf":[],"uagb_featured_image_src":{"full":false,"thumbnail":false,"medium":false,"medium_large":false,"large":false,"1536x1536":false,"2048x2048":false,"freestyle_edge_square":false,"freestyle_edge_landscape":false,"freestyle_edge_portrait":false,"freestyle_edge_large_width":false,"freestyle_edge_large_height":false,"freestyle_edge_large_width_height":false,"woocommerce_thumbnail":false,"woocommerce_single":false,"woocommerce_gallery_thumbnail":false,"variation_swatches_image_size":false,"variation_swatches_tooltip_size":false},"uagb_author_info":{"display_name":"Snowkite","author_link":"https:\/\/www.snowkitesensation.com\/fr\/author\/snowkite\/"},"uagb_comment_info":0,"uagb_excerpt":"[vc_row][vc_column][vc_column_text] Partez l&rsquo;esprit l\u00e9ger et profitez pleinement de votre voyage. En plus de vous conseiller sur les meilleures destinations de snowkite, nous pouvons \u00e9galement vous proposer diff\u00e9rentes solutions d&rsquo;assurances gr\u00e2ce notre partenaire : Assurinco \/ Mutuaide. De quoi rendre votre escales sportive, facile et inoubliable...","coauthors":[],"author_meta":{"author_link":"https:\/\/www.snowkitesensation.com\/fr\/author\/snowkite\/","display_name":"Snowkite"},"relative_dates":{"created":"Publi\u00e9 5 ans il y a","modified":"Mis \u00e0 jour 5 ans il y a"},"absolute_dates":{"created":"Publi\u00e9 le juillet 1, 2021","modified":"Mise \u00e0 jour le septembre 15, 2021"},"absolute_dates_time":{"created":"Publi\u00e9 le juillet 1, 2021 2:48 pm","modified":"Mise \u00e0 jour le septembre 15, 2021 1:49 pm"},"featured_img_caption":"","featured_img":false,"series_order":"","_links":{"self":[{"href":"https:\/\/www.snowkitesensation.com\/fr\/wp-json\/wp\/v2\/pages\/12613","targetHints":{"allow":["GET"]}}],"collection":[{"href":"https:\/\/www.snowkitesensation.com\/fr\/wp-json\/wp\/v2\/pages"}],"about":[{"href":"https:\/\/www.snowkitesensation.com\/fr\/wp-json\/wp\/v2\/types\/page"}],"author":[{"embeddable":true,"href":"https:\/\/www.snowkitesensation.com\/fr\/wp-json\/wp\/v2\/users\/1"}],"replies":[{"embeddable":true,"href":"https:\/\/www.snowkitesensation.com\/fr\/wp-json\/wp\/v2\/comments?post=12613"}],"version-history":[{"count":12,"href":"https:\/\/www.snowkitesensation.com\/fr\/wp-json\/wp\/v2\/pages\/12613\/revisions"}],"predecessor-version":[{"id":12822,"href":"https:\/\/www.snowkitesensation.com\/fr\/wp-json\/wp\/v2\/pages\/12613\/revisions\/12822"}],"wp:attachment":[{"href":"https:\/\/www.snowkitesensation.com\/fr\/wp-json\/wp\/v2\/media?parent=12613"}],"wp:term":[{"taxonomy":"category","embeddable":true,"href":"https:\/\/www.snowkitesensation.com\/fr\/wp-json\/wp\/v2\/categories?post=12613"}],"curies":[{"name":"wp","href":"https:\/\/api.w.org\/{rel}","templated":true}]}}