{"id":14235,"date":"2021-10-28T12:41:34","date_gmt":"2021-10-28T12:41:34","guid":{"rendered":"https:\/\/www.snowkitesensation.com\/demander-un-devis\/"},"modified":"2022-09-13T09:47:48","modified_gmt":"2022-09-13T09:47:48","slug":"demander-un-devis","status":"publish","type":"page","link":"https:\/\/www.snowkitesensation.com\/fr\/demander-un-devis\/","title":{"rendered":"Demander un devis"},"content":{"rendered":"","protected":false},"excerpt":{"rendered":"","protected":false},"author":6,"featured_media":0,"parent":0,"menu_order":0,"comment_status":"closed","ping_status":"closed","template":"landing-page.php","meta":{"_acf_changed":false,"_uag_custom_page_level_css":"","advgb_blocks_editor_width":"","advgb_blocks_columns_visual_guide":"","footnotes":""},"categories":[],"class_list":["post-14235","page","type-page","status-publish","hentry"],"acf":[],"aioseo_notices":[],"uagb_featured_image_src":{"full":false,"thumbnail":false,"medium":false,"medium_large":false,"large":false,"1536x1536":false,"2048x2048":false,"freestyle_edge_square":false,"freestyle_edge_landscape":false,"freestyle_edge_portrait":false,"freestyle_edge_large_width":false,"freestyle_edge_large_height":false,"freestyle_edge_large_width_height":false,"woocommerce_thumbnail":false,"woocommerce_single":false,"woocommerce_gallery_thumbnail":false,"variation_swatches_image_size":false,"variation_swatches_tooltip_size":false},"uagb_author_info":{"display_name":"Cyrielle Sixt","author_link":"https:\/\/www.snowkitesensation.com\/fr\/author\/snowkitedev\/"},"uagb_comment_info":0,"uagb_excerpt":null,"coauthors":[],"author_meta":{"author_link":"https:\/\/www.snowkitesensation.com\/fr\/author\/snowkitedev\/","display_name":"Cyrielle Sixt"},"relative_dates":{"created":"Publi\u00e9 4 ans il y a","modified":"Mis \u00e0 jour 4 ans il y a"},"absolute_dates":{"created":"Publi\u00e9 le octobre 28, 2021","modified":"Mise \u00e0 jour le septembre 13, 2022"},"absolute_dates_time":{"created":"Publi\u00e9 le octobre 28, 2021 12:41 pm","modified":"Mise \u00e0 jour le septembre 13, 2022 9:47 am"},"featured_img_caption":"","featured_img":false,"series_order":"","_links":{"self":[{"href":"https:\/\/www.snowkitesensation.com\/fr\/wp-json\/wp\/v2\/pages\/14235","targetHints":{"allow":["GET"]}}],"collection":[{"href":"https:\/\/www.snowkitesensation.com\/fr\/wp-json\/wp\/v2\/pages"}],"about":[{"href":"https:\/\/www.snowkitesensation.com\/fr\/wp-json\/wp\/v2\/types\/page"}],"author":[{"embeddable":true,"href":"https:\/\/www.snowkitesensation.com\/fr\/wp-json\/wp\/v2\/users\/6"}],"replies":[{"embeddable":true,"href":"https:\/\/www.snowkitesensation.com\/fr\/wp-json\/wp\/v2\/comments?post=14235"}],"version-history":[{"count":1,"href":"https:\/\/www.snowkitesensation.com\/fr\/wp-json\/wp\/v2\/pages\/14235\/revisions"}],"predecessor-version":[{"id":16917,"href":"https:\/\/www.snowkitesensation.com\/fr\/wp-json\/wp\/v2\/pages\/14235\/revisions\/16917"}],"wp:attachment":[{"href":"https:\/\/www.snowkitesensation.com\/fr\/wp-json\/wp\/v2\/media?parent=14235"}],"wp:term":[{"taxonomy":"category","embeddable":true,"href":"https:\/\/www.snowkitesensation.com\/fr\/wp-json\/wp\/v2\/categories?post=14235"}],"curies":[{"name":"wp","href":"https:\/\/api.w.org\/{rel}","templated":true}]}}