{"id":14556,"date":"2019-10-30T16:59:05","date_gmt":"2019-10-30T16:59:05","guid":{"rendered":"https:\/\/www.snowkitesensation.com\/notre-equipe\/"},"modified":"2025-09-15T15:54:24","modified_gmt":"2025-09-15T15:54:24","slug":"notre-equipe","status":"publish","type":"page","link":"https:\/\/www.snowkitesensation.com\/fr\/notre-equipe\/","title":{"rendered":"Notre \u00e9quipe"},"content":{"rendered":"<div class=\"wpb-content-wrapper\"><p>[vc_row el_class=\u00a0\u00bbfull-bg\u00a0\u00bb][vc_column][vc_column_text css=\u00a0\u00bb.vc_custom_1637065910668{padding-bottom: 20px !important;}\u00a0\u00bb]<\/p>\n<h2 style=\"text-align: center;\">L\u2019\u00c9QUIPE SNOWKITE SENSATION \u00c0 VOTRE SERVICE<\/h2>\n<p>[\/vc_column_text][vc_row_inner][vc_column_inner width=\u00a0\u00bb1\/4&Prime;][\/vc_column_inner][vc_column_inner width=\u00a0\u00bb1\/2&Prime;][vc_column_text css=\u00a0\u00bb\u00a0\u00bb]<\/p>\n<p style=\"text-align: left;\">Chez Snowkite Sensation nous pratiquons le snowkite et le kitesurf depuis plus de 15 ans. L\u2019id\u00e9e de cr\u00e9er une agence de voyage sp\u00e9cialis\u00e9e dans ce sport magique est n\u00e9e de diverses discussions avec nos amis kitesurfers, o\u00f9 nous avons constat\u00e9 un r\u00e9el int\u00e9r\u00eat \u00e0 d\u00e9couvrir cette discipline inconnue. Cr\u00e9er une agence sp\u00e9cialis\u00e9e en voyages de snowkite est devenu une \u00e9vidence, car nous souhaitons r\u00e9ellement d\u00e9velopper la visibilit\u00e9 de ce sport d\u2019aventure !<\/p>\n<p style=\"text-align: left;\">Voici donc notre petite \u00e9quipe de r\u00eaveurs, snowkiters et kitesurfeurs aguerris. Nous sommes des passionn\u00e9es, et c\u2019est pour cette raison que nous pouvons parfaitement vous conseiller sur une destination, un spot en particulier, la logistique, le mat\u00e9riel, etc.<\/p>\n<p>[\/vc_column_text][\/vc_column_inner][vc_column_inner width=\u00a0\u00bb1\/4&Prime;][\/vc_column_inner][\/vc_row_inner][vc_row_inner content_aligment=\u00a0\u00bbcenter\u00a0\u00bb css=\u00a0\u00bb.vc_custom_1636700155491{padding-top: 20px !important;padding-bottom: 20px !important;}\u00a0\u00bb el_class=\u00a0\u00bbteam-section\u00a0\u00bb][vc_column_inner width=\u00a0\u00bb1\/3&Prime;][vc_single_image image=\u00a0\u00bb14634&Prime; img_size=\u00a0\u00bb\u00a0\u00bb alignment=\u00a0\u00bbcenter\u00a0\u00bb][vc_empty_space][vc_column_text css=\u00a0\u00bb\u00a0\u00bb]<\/p>\n<h5 style=\"text-align: center;\">Victor de Clermont-Tonnerre<\/h5>\n<h4 style=\"text-align: center;\">Fondateur<\/h4>\n<p>&nbsp;<\/p>\n<p class=\"p1\" style=\"text-align: left;\">Port\u00e9 par une passion profonde pour le kite, Victor a fait ses d\u00e9buts dans l\u2019industrie du tourisme en travaillant au sein d\u2019agences de voyage, afin d\u2019en ma\u00eetriser tous les rouages, avant de fonder sa propre structure. Il d\u00e9couvre le kite \u00e0 l\u2019\u00e2ge de 12 ans, sur un terrain peu commun : la neige. C\u2019est \u00e0 Serre Chevalier, en France, qu\u2019il apprend le snowkite \u2014 un parcours rare pour un rider aussi jeune. <\/p>\n<p class=\"p1\" style=\"text-align: left;\">Dipl\u00f4m\u00e9 en Relations Internationales de Kingston University \u00e0 Londres, Victor a \u00e9galement d\u00e9velopp\u00e9 une solide exp\u00e9rience dans l\u2019organisation de grands \u00e9v\u00e9nements sportifs. Il a notamment collabor\u00e9 avec les Jeux Olympiques de Paris 2024 et ASO, organisateur du Tour de France, renfor\u00e7ant son expertise en coordination \u00e9v\u00e9nementielle et en logistique. \u00c9troitement li\u00e9 au monde de l\u2019exploration, Victor a nou\u00e9 des relations privil\u00e9gi\u00e9es avec plusieurs explorateurs de renom et a organis\u00e9 avec succ\u00e8s des exp\u00e9ditions de snowkite dans l\u2019Arctique, jusqu\u2019aux abords du p\u00f4le Nord \u2014 repoussant les limites humaines et environnementales.  <\/p>\n<p class=\"p1\" style=\"text-align: left;\">Reconnu pour son engagement dans le d\u00e9veloppement de la discipline, Victor est \u00e9galement \u00e9lu au Comit\u00e9 National Kite (CNK), l\u2019instance officielle repr\u00e9sentant le kitesurf en France.<\/p>\n<p>[\/vc_column_text][\/vc_column_inner][vc_column_inner width=\u00a0\u00bb1\/3&Prime;][vc_single_image image=\u00a0\u00bb14551&Prime; img_size=\u00a0\u00bb\u00a0\u00bb alignment=\u00a0\u00bbcenter\u00a0\u00bb][vc_empty_space][vc_column_text css=\u00a0\u00bb\u00a0\u00bb]<\/p>\n<h5 style=\"text-align: center;\">Alban de Clermont-Tonnerre<\/h5>\n<h4 style=\"text-align: center;\">Co-fondateur<\/h4>\n<p>&nbsp;<\/p>\n<p style=\"text-align: left;\">Alban de Clermont-Tonnerre, est un kitesurfer et snowkiter exp\u00e9riment\u00e9 et passionn\u00e9, pratiquant les deux disciplines depuis plus de 20 ans. Alban est en charge de la gestion de la soci\u00e9t\u00e9, assurant notamment le suivi de toutes les questions administratives. Mais il ne rate n\u00e9anmoins jamais un voyage de snowkite ! Il est le co-fondateur de Clerville Investment Management, une soci\u00e9t\u00e9 de gestion de fortune bas\u00e9e \u00e0 Londres et \u00e0 Paris et est titulaire d\u2019une Ma\u00eetrise de Gestion de l\u2019Universit\u00e9 Paris Dauphine.<\/p>\n<p>[\/vc_column_text][\/vc_column_inner][vc_column_inner width=\u00a0\u00bb1\/3&Prime;][vc_single_image image=\u00a0\u00bb18610&Prime; img_size=\u00a0\u00bb\u00a0\u00bb css=\u00a0\u00bb\u00a0\u00bb][vc_empty_space][vc_column_text css=\u00a0\u00bb\u00a0\u00bb]<\/p>\n<h5 style=\"text-align: center;\">Victor Judet<\/h5>\n<h4 style=\"text-align: center;\">Travel designer<\/h4>\n<p>&nbsp;<\/p>\n<p style=\"text-align: left;\">Passionn\u00e9 de ski depuis son enfance et plus r\u00e9cemment de kitesurf, Victor a toujours \u00e9t\u00e9 attir\u00e9 par les sports de plein air et l\u2019aventure. Actuellement en derni\u00e8re ann\u00e9e de Master en International Business \u00e0 KEDGE Business School, il a acquis une solide exp\u00e9rience internationale, notamment en finance chez Unilever \u00e0 Rotterdam et en promotion immobili\u00e8re chez Emerige \u00e0 Madrid. <\/p>\n<p style=\"text-align: left;\">Parall\u00e8lement \u00e0 ses \u00e9tudes, Victor a d\u00e9montr\u00e9 ses qualit\u00e9s de leadership en organisant de grands \u00e9v\u00e9nements sportifs \u00e9tudiants en tant que pr\u00e9sident de l\u2019association \u00ab Les Saltimbranks \u00bb, tout en relevant des d\u00e9fis personnels tels que l\u2019Ironman de Nice, le Hyrox de Bilbao ou encore le Dolomiti Extreme Trail. Ces exp\u00e9riences ont renforc\u00e9 ses comp\u00e9tences en gestion de projet, en travail d\u2019\u00e9quipe et en r\u00e9silience. <\/p>\n<p style=\"text-align: left;\">Anim\u00e9 par la volont\u00e9 de combiner sa passion pour la montagne et les sports de glisse avec ses comp\u00e9tences en business, Victor a rejoint Snowkite Sensation pour son stage de fin d\u2019\u00e9tudes, avec l\u2019envie de mettre son \u00e9nergie et sa vision internationale au service du monde des sports outdoor.<\/p>\n<p>[\/vc_column_text][\/vc_column_inner][\/vc_row_inner][\/vc_column][\/vc_row]<\/p>\n<\/div>","protected":false},"excerpt":{"rendered":"<p>[vc_row el_class=\u00a0\u00bbfull-bg\u00a0\u00bb][vc_column][vc_column_text css=\u00a0\u00bb.vc_custom_1637065910668{padding-bottom: 20px !important;}\u00a0\u00bb] L\u2019\u00c9QUIPE SNOWKITE SENSATION \u00c0 VOTRE SERVICE [\/vc_column_text][vc_row_inner][vc_column_inner width=\u00a0\u00bb1\/4&Prime;][\/vc_column_inner][vc_column_inner width=\u00a0\u00bb1\/2&Prime;][vc_column_text css=\u00a0\u00bb\u00a0\u00bb] Chez Snowkite Sensation nous pratiquons le snowkite et le kitesurf depuis plus de 15 ans. L\u2019id\u00e9e de cr\u00e9er une agence de voyage sp\u00e9cialis\u00e9e dans ce sport magique est n\u00e9e de&#8230;<\/p>\n","protected":false},"author":1,"featured_media":0,"parent":0,"menu_order":0,"comment_status":"closed","ping_status":"closed","template":"","meta":{"_acf_changed":false,"_uag_custom_page_level_css":"","advgb_blocks_editor_width":"","advgb_blocks_columns_visual_guide":"","footnotes":""},"categories":[],"class_list":["post-14556","page","type-page","status-publish","hentry"],"acf":[],"aioseo_notices":[],"uagb_featured_image_src":{"full":false,"thumbnail":false,"medium":false,"medium_large":false,"large":false,"1536x1536":false,"2048x2048":false,"freestyle_edge_square":false,"freestyle_edge_landscape":false,"freestyle_edge_portrait":false,"freestyle_edge_large_width":false,"freestyle_edge_large_height":false,"freestyle_edge_large_width_height":false,"woocommerce_thumbnail":false,"woocommerce_single":false,"woocommerce_gallery_thumbnail":false,"variation_swatches_image_size":false,"variation_swatches_tooltip_size":false},"uagb_author_info":{"display_name":"Snowkite","author_link":"https:\/\/www.snowkitesensation.com\/fr\/author\/snowkite\/"},"uagb_comment_info":0,"uagb_excerpt":"[vc_row el_class=\u00a0\u00bbfull-bg\u00a0\u00bb][vc_column][vc_column_text css=\u00a0\u00bb.vc_custom_1637065910668{padding-bottom: 20px !important;}\u00a0\u00bb] L\u2019\u00c9QUIPE SNOWKITE SENSATION \u00c0 VOTRE SERVICE [\/vc_column_text][vc_row_inner][vc_column_inner width=\u00a0\u00bb1\/4&Prime;][\/vc_column_inner][vc_column_inner width=\u00a0\u00bb1\/2&Prime;][vc_column_text css=\u00a0\u00bb\u00a0\u00bb] Chez Snowkite Sensation nous pratiquons le snowkite et le kitesurf depuis plus de 15 ans. L\u2019id\u00e9e de cr\u00e9er une agence de voyage sp\u00e9cialis\u00e9e dans ce sport magique est n\u00e9e de...","coauthors":[],"author_meta":{"author_link":"https:\/\/www.snowkitesensation.com\/fr\/author\/snowkite\/","display_name":"Snowkite"},"relative_dates":{"created":"Publi\u00e9 6 ans il y a","modified":"Mis \u00e0 jour 7 mois il y a"},"absolute_dates":{"created":"Publi\u00e9 le octobre 30, 2019","modified":"Mise \u00e0 jour le septembre 15, 2025"},"absolute_dates_time":{"created":"Publi\u00e9 le octobre 30, 2019 4:59 pm","modified":"Mise \u00e0 jour le septembre 15, 2025 3:54 pm"},"featured_img_caption":"","featured_img":false,"series_order":"","_links":{"self":[{"href":"https:\/\/www.snowkitesensation.com\/fr\/wp-json\/wp\/v2\/pages\/14556","targetHints":{"allow":["GET"]}}],"collection":[{"href":"https:\/\/www.snowkitesensation.com\/fr\/wp-json\/wp\/v2\/pages"}],"about":[{"href":"https:\/\/www.snowkitesensation.com\/fr\/wp-json\/wp\/v2\/types\/page"}],"author":[{"embeddable":true,"href":"https:\/\/www.snowkitesensation.com\/fr\/wp-json\/wp\/v2\/users\/1"}],"replies":[{"embeddable":true,"href":"https:\/\/www.snowkitesensation.com\/fr\/wp-json\/wp\/v2\/comments?post=14556"}],"version-history":[{"count":78,"href":"https:\/\/www.snowkitesensation.com\/fr\/wp-json\/wp\/v2\/pages\/14556\/revisions"}],"predecessor-version":[{"id":18628,"href":"https:\/\/www.snowkitesensation.com\/fr\/wp-json\/wp\/v2\/pages\/14556\/revisions\/18628"}],"wp:attachment":[{"href":"https:\/\/www.snowkitesensation.com\/fr\/wp-json\/wp\/v2\/media?parent=14556"}],"wp:term":[{"taxonomy":"category","embeddable":true,"href":"https:\/\/www.snowkitesensation.com\/fr\/wp-json\/wp\/v2\/categories?post=14556"}],"curies":[{"name":"wp","href":"https:\/\/api.w.org\/{rel}","templated":true}]}}