{"id":15507,"date":"2021-02-05T22:05:24","date_gmt":"2021-02-05T22:05:24","guid":{"rendered":"https:\/\/www.snowkitesensation.com\/boutique\/panier\/"},"modified":"2022-01-11T11:35:31","modified_gmt":"2022-01-11T11:35:31","slug":"panier","status":"publish","type":"page","link":"https:\/\/www.snowkitesensation.com\/fr\/panier\/","title":{"rendered":"Panier"},"content":{"rendered":"\n","protected":false},"excerpt":{"rendered":"","protected":false},"author":1,"featured_media":0,"parent":0,"menu_order":0,"comment_status":"closed","ping_status":"closed","template":"","meta":{"_acf_changed":false,"_uag_custom_page_level_css":"","advgb_blocks_editor_width":"","advgb_blocks_columns_visual_guide":"","footnotes":""},"categories":[],"class_list":["post-15507","page","type-page","status-publish","hentry"],"acf":[],"aioseo_notices":[],"uagb_featured_image_src":{"full":false,"thumbnail":false,"medium":false,"medium_large":false,"large":false,"1536x1536":false,"2048x2048":false,"freestyle_edge_square":false,"freestyle_edge_landscape":false,"freestyle_edge_portrait":false,"freestyle_edge_large_width":false,"freestyle_edge_large_height":false,"freestyle_edge_large_width_height":false,"woocommerce_thumbnail":false,"woocommerce_single":false,"woocommerce_gallery_thumbnail":false,"variation_swatches_image_size":false,"variation_swatches_tooltip_size":false},"uagb_author_info":{"display_name":"Snowkite","author_link":"https:\/\/www.snowkitesensation.com\/fr\/author\/snowkite\/"},"uagb_comment_info":0,"uagb_excerpt":null,"coauthors":[],"author_meta":{"author_link":"https:\/\/www.snowkitesensation.com\/fr\/author\/snowkite\/","display_name":"Snowkite"},"relative_dates":{"created":"Publi\u00e9 5 ans il y a","modified":"Mis \u00e0 jour 4 ans il y a"},"absolute_dates":{"created":"Publi\u00e9 le f\u00e9vrier 5, 2021","modified":"Mise \u00e0 jour le janvier 11, 2022"},"absolute_dates_time":{"created":"Publi\u00e9 le f\u00e9vrier 5, 2021 10:05 pm","modified":"Mise \u00e0 jour le janvier 11, 2022 11:35 am"},"featured_img_caption":"","featured_img":false,"series_order":"","_links":{"self":[{"href":"https:\/\/www.snowkitesensation.com\/fr\/wp-json\/wp\/v2\/pages\/15507","targetHints":{"allow":["GET"]}}],"collection":[{"href":"https:\/\/www.snowkitesensation.com\/fr\/wp-json\/wp\/v2\/pages"}],"about":[{"href":"https:\/\/www.snowkitesensation.com\/fr\/wp-json\/wp\/v2\/types\/page"}],"author":[{"embeddable":true,"href":"https:\/\/www.snowkitesensation.com\/fr\/wp-json\/wp\/v2\/users\/1"}],"replies":[{"embeddable":true,"href":"https:\/\/www.snowkitesensation.com\/fr\/wp-json\/wp\/v2\/comments?post=15507"}],"version-history":[{"count":1,"href":"https:\/\/www.snowkitesensation.com\/fr\/wp-json\/wp\/v2\/pages\/15507\/revisions"}],"predecessor-version":[{"id":15508,"href":"https:\/\/www.snowkitesensation.com\/fr\/wp-json\/wp\/v2\/pages\/15507\/revisions\/15508"}],"wp:attachment":[{"href":"https:\/\/www.snowkitesensation.com\/fr\/wp-json\/wp\/v2\/media?parent=15507"}],"wp:term":[{"taxonomy":"category","embeddable":true,"href":"https:\/\/www.snowkitesensation.com\/fr\/wp-json\/wp\/v2\/categories?post=15507"}],"curies":[{"name":"wp","href":"https:\/\/api.w.org\/{rel}","templated":true}]}}