{"id":16829,"date":"2022-07-28T11:38:56","date_gmt":"2022-07-28T11:38:56","guid":{"rendered":"https:\/\/www.snowkitesensation.com\/?page_id=16829"},"modified":"2025-08-19T17:04:00","modified_gmt":"2025-08-19T17:04:00","slug":"jobs","status":"publish","type":"page","link":"https:\/\/www.snowkitesensation.com\/fr\/jobs\/","title":{"rendered":"Jobs"},"content":{"rendered":"<div class=\"wpb-content-wrapper\"><p>[vc_row][vc_column width=\u00a0\u00bb1\/2&Prime;][vc_empty_space][vc_empty_space][vc_column_text]<\/p>\n<h2>Nous voulons apprendre \u00e0 vous conna\u00eetre !<\/h2>\n<p>[\/vc_column_text][vc_empty_space][vc_column_text css=\u00a0\u00bb\u00a0\u00bb]<\/p>\n<p style=\"text-align: justify;\">Nous sommes constamment \u00e0 la recherche de jeunes kiters passionn\u00e9s qui veulent contribuer \u00e0 la croissance du snowkite. Si vous souhaitez travailler en freelance, faire un <strong>stage<\/strong> ou bien une <strong>alternance<\/strong> chez Snowkite Sensation, n&rsquo;h\u00e9sitez pas \u00e0 postuler ! <b>Nous avons besoin de vendeurs et des business d\u00e9veloppeurs pour agrandir notre \u00e9quipe.<\/b> Si vous avez envie d&rsquo;en savoir plus, envoyez-nous votre CV et laissez-nous vous rappeler !<\/p>\n<p>(Nous ne recherchons pas de moniteurs de kite).<\/p>\n<p>Envoyez-nous votre CV \u00e0 <strong>contact@snowkitesensation.com<\/strong><\/p>\n<p><span style=\"color: #ff0000;\"><strong>Nous recherchons un stagiaire pour 2025-2026 bas\u00e9 \u00e0 Paris !<\/strong><\/span>[\/vc_column_text][vc_empty_space][vc_single_image image=\u00a0\u00bb18508&Prime; add_caption=\u00a0\u00bbyes\u00a0\u00bb onclick=\u00a0\u00bbcustom_link\u00a0\u00bb img_link_target=\u00a0\u00bb_blank\u00a0\u00bb css_animation=\u00a0\u00bbbounceInUp\u00a0\u00bb css=\u00a0\u00bb\u00a0\u00bb link=\u00a0\u00bbhttps:\/\/www.snowkitesensation.com\/wp-content\/uploads\/2025\/08\/Offre_Stage_Snowkite_Sensation_maj.pdf\u00a0\u00bb][vc_empty_space][vc_empty_space][vc_empty_space][\/vc_column][vc_column width=\u00a0\u00bb1\/2&Prime;][vc_single_image image=\u00a0\u00bb16834&Prime; img_size=\u00a0\u00bbfull\u00a0\u00bb alignment=\u00a0\u00bbcenter\u00a0\u00bb][\/vc_column][vc_column][\/vc_column][vc_column][\/vc_column][\/vc_row][vc_row][vc_column width=\u00a0\u00bb1\/4&Prime;][vc_single_image image=\u00a0\u00bb11582&Prime;][\/vc_column][vc_column width=\u00a0\u00bb1\/4&Prime;][vc_single_image image=\u00a0\u00bb11577&Prime;][\/vc_column][vc_column width=\u00a0\u00bb1\/4&Prime;][vc_single_image image=\u00a0\u00bb11581&Prime;][\/vc_column][vc_column width=\u00a0\u00bb1\/4&Prime;][vc_single_image image=\u00a0\u00bb11699&Prime;][\/vc_column][\/vc_row][vc_row][vc_column width=\u00a0\u00bb1\/4&Prime;][vc_single_image image=\u00a0\u00bb11610&Prime;][\/vc_column][vc_column width=\u00a0\u00bb1\/4&Prime;][vc_single_image image=\u00a0\u00bb13934&Prime;][\/vc_column][vc_column width=\u00a0\u00bb1\/4&Prime;][vc_single_image image=\u00a0\u00bb11717&Prime;][\/vc_column][vc_column width=\u00a0\u00bb1\/4&Prime;][vc_single_image image=\u00a0\u00bb11718&Prime;][\/vc_column][\/vc_row][vc_row][vc_column width=\u00a0\u00bb1\/4&Prime;][vc_single_image image=\u00a0\u00bb11732&Prime;][\/vc_column][vc_column width=\u00a0\u00bb1\/4&Prime;][vc_single_image image=\u00a0\u00bb11741&Prime;][\/vc_column][vc_column width=\u00a0\u00bb1\/4&Prime;][vc_single_image image=\u00a0\u00bb11611&Prime; css=\u00a0\u00bb.vc_custom_1594817145832{background-color: #000000 !important;}\u00a0\u00bb][\/vc_column][vc_column width=\u00a0\u00bb1\/4&Prime;][\/vc_column][\/vc_row]<\/p>\n<\/div>","protected":false},"excerpt":{"rendered":"<p>[vc_row][vc_column width=\u00a0\u00bb1\/2&Prime;][vc_empty_space][vc_empty_space][vc_column_text] Nous voulons apprendre \u00e0 vous conna\u00eetre ! [\/vc_column_text][vc_empty_space][vc_column_text css=\u00a0\u00bb\u00a0\u00bb] Nous sommes constamment \u00e0 la recherche de jeunes kiters passionn\u00e9s qui veulent contribuer \u00e0 la croissance du snowkite. Si vous souhaitez travailler en freelance, faire un stage ou bien une alternance chez Snowkite Sensation,&#8230;<\/p>\n","protected":false},"author":1,"featured_media":0,"parent":0,"menu_order":0,"comment_status":"closed","ping_status":"closed","template":"","meta":{"_acf_changed":false,"_uag_custom_page_level_css":"","advgb_blocks_editor_width":"","advgb_blocks_columns_visual_guide":"","footnotes":""},"categories":[],"class_list":["post-16829","page","type-page","status-publish","hentry"],"acf":[],"uagb_featured_image_src":{"full":false,"thumbnail":false,"medium":false,"medium_large":false,"large":false,"1536x1536":false,"2048x2048":false,"freestyle_edge_square":false,"freestyle_edge_landscape":false,"freestyle_edge_portrait":false,"freestyle_edge_large_width":false,"freestyle_edge_large_height":false,"freestyle_edge_large_width_height":false,"woocommerce_thumbnail":false,"woocommerce_single":false,"woocommerce_gallery_thumbnail":false,"variation_swatches_image_size":false,"variation_swatches_tooltip_size":false},"uagb_author_info":{"display_name":"Snowkite","author_link":"https:\/\/www.snowkitesensation.com\/fr\/author\/snowkite\/"},"uagb_comment_info":0,"uagb_excerpt":"[vc_row][vc_column width=\u00a0\u00bb1\/2&Prime;][vc_empty_space][vc_empty_space][vc_column_text] Nous voulons apprendre \u00e0 vous conna\u00eetre ! [\/vc_column_text][vc_empty_space][vc_column_text css=\u00a0\u00bb\u00a0\u00bb] Nous sommes constamment \u00e0 la recherche de jeunes kiters passionn\u00e9s qui veulent contribuer \u00e0 la croissance du snowkite. Si vous souhaitez travailler en freelance, faire un stage ou bien une alternance chez Snowkite Sensation,...","coauthors":[],"author_meta":{"author_link":"https:\/\/www.snowkitesensation.com\/fr\/author\/snowkite\/","display_name":"Snowkite"},"relative_dates":{"created":"Publi\u00e9 4 ans il y a","modified":"Mis \u00e0 jour 8 mois il y a"},"absolute_dates":{"created":"Publi\u00e9 le juillet 28, 2022","modified":"Mise \u00e0 jour le ao\u00fbt 19, 2025"},"absolute_dates_time":{"created":"Publi\u00e9 le juillet 28, 2022 11:38 am","modified":"Mise \u00e0 jour le ao\u00fbt 19, 2025 5:04 pm"},"featured_img_caption":"","featured_img":false,"series_order":"","_links":{"self":[{"href":"https:\/\/www.snowkitesensation.com\/fr\/wp-json\/wp\/v2\/pages\/16829","targetHints":{"allow":["GET"]}}],"collection":[{"href":"https:\/\/www.snowkitesensation.com\/fr\/wp-json\/wp\/v2\/pages"}],"about":[{"href":"https:\/\/www.snowkitesensation.com\/fr\/wp-json\/wp\/v2\/types\/page"}],"author":[{"embeddable":true,"href":"https:\/\/www.snowkitesensation.com\/fr\/wp-json\/wp\/v2\/users\/1"}],"replies":[{"embeddable":true,"href":"https:\/\/www.snowkitesensation.com\/fr\/wp-json\/wp\/v2\/comments?post=16829"}],"version-history":[{"count":15,"href":"https:\/\/www.snowkitesensation.com\/fr\/wp-json\/wp\/v2\/pages\/16829\/revisions"}],"predecessor-version":[{"id":18512,"href":"https:\/\/www.snowkitesensation.com\/fr\/wp-json\/wp\/v2\/pages\/16829\/revisions\/18512"}],"wp:attachment":[{"href":"https:\/\/www.snowkitesensation.com\/fr\/wp-json\/wp\/v2\/media?parent=16829"}],"wp:term":[{"taxonomy":"category","embeddable":true,"href":"https:\/\/www.snowkitesensation.com\/fr\/wp-json\/wp\/v2\/categories?post=16829"}],"curies":[{"name":"wp","href":"https:\/\/api.w.org\/{rel}","templated":true}]}}