{"id":507,"date":"2019-10-30T16:26:16","date_gmt":"2019-10-30T16:26:16","guid":{"rendered":"https:\/\/www.snowkitesensation.com\/fr\/?page_id=507"},"modified":"2022-07-28T15:57:32","modified_gmt":"2022-07-28T15:57:32","slug":"snowkite-faq-dangereux","status":"publish","type":"page","link":"https:\/\/www.snowkitesensation.com\/fr\/snowkite-faq-dangereux\/","title":{"rendered":"FAQ snowkite: Est-ce dangereux ?"},"content":{"rendered":"<div class=\"wpb-content-wrapper\"><p>[vc_row el_class=\u00a0\u00bbfull-bg\u00a0\u00bb][vc_column width=\u00a0\u00bb1\/2&Prime;][vc_column_text]<\/p>\n<h3 style=\"text-align: justify;\">Tout ce que vous devez savoir sur le snowkite<\/h3>\n<p style=\"text-align: justify;\">Comme certains autres sports, le snowkite est une \u00e9volution de deux sports qui ont fusionn\u00e9s. Le ski d\u2019un c\u00f4t\u00e9 et le kitesurf (lui-m\u00eame un m\u00e9lange de wakeboard et de parapente) de l\u2019autre.<\/p>\n<p style=\"text-align: justify;\">Dans une recherche toujours plus pouss\u00e9e d\u2019adr\u00e9naline, quelques skieurs\/snowboarders passionn\u00e9s imagin\u00e8rent qu\u2019il n\u2019y avait pas de raison de ne pas utiliser les kites sur neige pour s\u2019\u00e9loigner de la foule des pistes. Le snowkite \u00e9tait n\u00e9 !<\/p>\n<p style=\"text-align: justify;\">Ce jeune sport, comme beaucoup d\u2019autres avant, \u00e9volua avec son \u00e9quipement, ses r\u00e8gles et sa r\u00e9glementation.<\/p>\n<p style=\"text-align: justify;\">Chez Snowkite Sensation, nous sommes fiers de pouvoir partager notre passion et plus sp\u00e9cifiquement de pouvoir unir toutes les \u00e9coles de snowkite europ\u00e9ennes pour d\u00e9velopper ce jeune sport comme le kitesurf a pu le faire avant nous.<\/p>\n<p style=\"text-align: justify;\">Le concept du snowkite est assez simple et vous n\u2019avez pas besoin d\u2019\u00eatre un skieur ou un snowboarder expert pour appr\u00e9cier les sensations de vitesse et de sauts qu\u2019offrent l\u2019activit\u00e9.\u00a0 Ce sport peut para\u00eetre physique au d\u00e9but, mais n\u2019est en r\u00e9alit\u00e9 pas aussi extr\u00eame que le kitesurf. Il n\u00e9cessite aussi de moins de vent pour avancer sur la neige que sur l\u2019eau, et peut se pratiquer sur tout type de neige : poudreuse, soupe, glace (lacs gel\u00e9s). Ce qui en fait un sport praticable dans de nombreux espaces \u00e0 condition que le vent soit au rendez-vous.<\/p>\n<p style=\"text-align: justify;\">Quelques cours sont habituellement suffisants pour s\u2019acclimater \u00e0 l\u2019\u00e9quipement. Ainsi, pas de complexes\u00a0! Les d\u00e9butants snowkiters qui savent bien kiter ou skier\/snowboarder se d\u00e9brouillent comme des chefs d\u00e8s le premier jour\u00a0!<\/p>\n<h5 style=\"text-align: justify;\">LA VRAIE QUESTION POUR LAQUELLE LA PLUPART D&rsquo;ENTRE VOUS SONT PROBABLEMENT ICI : EST-CE DANGEREUX ?<\/h5>\n<p style=\"text-align: justify;\">Eh bien, la r\u00e9ponse courte est <strong>NON<\/strong>. Le snowkite n&rsquo;est pas plus dangereux que le kitesurf. La plupart du temps, vous n&rsquo;aurez personne autour de vous, donc aucun risque d&#8217;emm\u00ealer vos lignes avec celles d&rsquo;un autre. Il peut y avoir des obstacles. Cependant, tr\u00e8s rarement dans les spots de snowkite d\u00e9sign\u00e9s.\u00a0 Si vous savez comment ma\u00eetriser votre kite, il n&rsquo;y a aucune raison pour que vous ne puissiez pas \u00e9viter \u00a0rochers, arbres etc&#8230; N&rsquo;oubliez pas que la zone de jeu est immense. Contrairement \u00e0 la mer, la terre est dure (ou presque) en fonction des conditions de neige, donc si vous n&rsquo;\u00eates pas un sauteur expert, mieux vaut vous abstenir ! N\u00e9anmoins, avec une bonne quantit\u00e9 de poudreuse fra\u00eeche sous vos pieds, vous pouvez sauter aussi haut que le ciel vous n&rsquo;aurez rien \u00e0 craindre.<\/p>\n<p>[\/vc_column_text][\/vc_column][vc_column width=\u00a0\u00bb1\/2&Prime;][vc_empty_space][vc_empty_space][vc_gallery interval=\u00a0\u00bb3&Prime; images=\u00a0\u00bb9855&Prime; img_size=\u00a0\u00bbfull\u00a0\u00bb][vc_video link=\u00a0\u00bbhttps:\/\/www.youtube.com\/watch?v=Y8dDyi82OlE\u00a0\u00bb][\/vc_column][\/vc_row][vc_row el_class=\u00a0\u00bbfull-bg\u00a0\u00bb css=\u00a0\u00bb.vc_custom_1572765255578{padding-bottom: 20px !important;}\u00a0\u00bb][vc_column][vc_column_text css=\u00a0\u00bb.vc_custom_1657718762845{padding-top: 40px !important;padding-bottom: 40px !important;}\u00a0\u00bb]<\/p>\n<h4 style=\"text-align: center;\">Les Questions Fr\u00e9quentes<\/h4>\n<p>[\/vc_column_text]<div class=\"edgtf-accordion-holder clearfix edgtf-accordion edgtf-initial \">\n\t<div class=\"clearfix edgtf-title-holder\">\n\t<span class=\"edgtf-tab-title\">\n\t\t<span class=\"edgtf-tab-title-inner\">\n\t\t\tQu\u2019est-ce que le snowkite?\t\t<\/span>\n\t<\/span>\n\t<span class=\"edgtf-accordion-mark\">\n\t\t<span class=\"edgtf-accordion-mark-icon\">\n\t\t\t<span class=\"icon_plus\"><\/span>\n\t\t\t<span class=\"icon_close\"><\/span>\n\t\t<\/span>\n\t<\/span>\n<\/div>\n<div class=\"edgtf-accordion-content\">\n\t<div class=\"edgtf-accordion-content-inner\">\n\t\t[vc_column_text]<\/p>\n<p>Le snowkite est une \u00e9volution du kitesurf sur neige, en utilisant des skis ou un snowboard plut\u00f4t qu\u2019un twintip ou un surf. Le snowkite est incroyablement facile \u00e0 apprendre et la plupart des pratiquants ma\u00eetrisent toutes les techniques de base apr\u00e8s quelques cours.<\/p>\n<p style=\"text-align: justify;\">Ce sport offre beaucoup plus de sensations que son cousin sur l\u2019eau. Abandonnez certains spots bond\u00e9s et venez d\u00e9couvrir la beaut\u00e9 sauvage de la montagne o\u00f9 vous aurez toute la place pour vous promener, car vos seuls compagnons seront les animaux sauvages (rennes, \u00e9lans, etc.).<\/p>\n<p style=\"text-align: justify;\">Vous glisserez aussi plus facilement sur la neige que sur l\u2019eau, donc vous aurez moins besoin de vent et d\u2019effort pour les m\u00eames sensations.<\/p>\n<p>[\/vc_column_text]\t<\/div>\n<\/div><div class=\"clearfix edgtf-title-holder\">\n\t<span class=\"edgtf-tab-title\">\n\t\t<span class=\"edgtf-tab-title-inner\">\n\t\t\tComment snowkiter?\t\t<\/span>\n\t<\/span>\n\t<span class=\"edgtf-accordion-mark\">\n\t\t<span class=\"edgtf-accordion-mark-icon\">\n\t\t\t<span class=\"icon_plus\"><\/span>\n\t\t\t<span class=\"icon_close\"><\/span>\n\t\t<\/span>\n\t<\/span>\n<\/div>\n<div class=\"edgtf-accordion-content\">\n\t<div class=\"edgtf-accordion-content-inner\">\n\t\t[vc_column_text]<\/p>\n<p>Apprendre \u00e0 man\u0153uvrer son kite en l\u2019air tout en avan\u00e7ant sur ses skis ou son snowboard est la premi\u00e8re \u00e9tape. D\u00e8s que vous aurez les techniques de base, le processus d\u2019apprentissage est tr\u00e8s rapide et accessible \u00e0 tous, skieur expert ou non. Les sauts sont faciles \u00e0 ma\u00eetriser et vous pourrez m\u00eame utiliser le d\u00e9cor naturel comme rampes de lancement si vous \u00eates suffisamment \u00e0 l\u2019aise\u00a0!<\/p>\n<p style=\"text-align: justify;\">Dans le cas o\u00f9 vous n\u2019auriez aucune exp\u00e9rience, nous vous recommandons de prendre une le\u00e7on ou deux \u00e0 notre camp de base \u00e0 Serre Chevalier dans les Alpes du sud. Apr\u00e8s cette initiation nos moniteurs vous certifieront pr\u00eats pour nos aventures \u00e0 la semaine.<\/p>\n<p style=\"text-align: justify;\">Ces voyages sont les aventures d\u2019une vie, Snowkite Sensation vous le garanti !<\/p>\n<p>[\/vc_column_text]\t<\/div>\n<\/div><div class=\"clearfix edgtf-title-holder\">\n\t<span class=\"edgtf-tab-title\">\n\t\t<span class=\"edgtf-tab-title-inner\">\n\t\t\tLe snowkite est-il dangereux?\t\t<\/span>\n\t<\/span>\n\t<span class=\"edgtf-accordion-mark\">\n\t\t<span class=\"edgtf-accordion-mark-icon\">\n\t\t\t<span class=\"icon_plus\"><\/span>\n\t\t\t<span class=\"icon_close\"><\/span>\n\t\t<\/span>\n\t<\/span>\n<\/div>\n<div class=\"edgtf-accordion-content\">\n\t<div class=\"edgtf-accordion-content-inner\">\n\t\t[vc_column_text]<\/p>\n<p style=\"text-align: justify;\">La r\u00e9ponse est <strong>NON<\/strong>. Le snowkite n\u2019est pas plus dangereux que le kitesurf. La plupart du temps, vous n\u2019aurez personne autour de vous, donc aucun risque d\u2019emm\u00ealer vos lignes avec celles d\u2019un autre. Il peut y avoir des obstacles bien entendu, cependant, tr\u00e8s rarement dans les spots de snowkite d\u00e9sign\u00e9s. Si vous savez comment ma\u00eetriser votre kite, il n\u2019y a aucune raison pour que vous ne puissiez pas \u00e9viter rochers, arbres etc\u2026 N\u2019oubliez pas que la zone de jeu est immense.<\/p>\n<p style=\"text-align: justify;\">Contrairement \u00e0 la mer, la terre est dure (ou presque) en fonction des conditions de neige, donc si vous n\u2019\u00eates pas un sauteur expert, mieux vaut vous abstenir ! N\u00e9anmoins, avec une bonne quantit\u00e9 de poudreuse fra\u00eeche sous vos pieds, vous pouvez sauter aussi haut que le ciel et vous n\u2019aurez rien \u00e0 craindre.<\/p>\n<p style=\"text-align: justify;\">En termes de s\u00e9curit\u00e9, les spots de snowkite sont rarement sujets aux avalanches ou tout du moins il est tr\u00e8s facile d\u2019\u00e9viter les endroits potentiellement \u00e0 risque. Vous serez \u00e9galement \u00e9quip\u00e9s de radios pour partager vos exp\u00e9riences ou si quelqu\u2019un devait se perdre.<\/p>\n<p style=\"text-align: justify;\">La m\u00e9t\u00e9o peut aussi \u00eatre capricieuse en montagne (vents forts et brouillard) : soyez assur\u00e9s que vos instructeurs ne vous exposerons jamais \u00e0 des conditions m\u00e9t\u00e9o dangereuses.<\/p>\n<p>[\/vc_column_text]\t<\/div>\n<\/div><div class=\"clearfix edgtf-title-holder\">\n\t<span class=\"edgtf-tab-title\">\n\t\t<span class=\"edgtf-tab-title-inner\">\n\t\t\tSKIS OU SNOWBOARD, LEQUEL EST LE MIEUX?\t\t<\/span>\n\t<\/span>\n\t<span class=\"edgtf-accordion-mark\">\n\t\t<span class=\"edgtf-accordion-mark-icon\">\n\t\t\t<span class=\"icon_plus\"><\/span>\n\t\t\t<span class=\"icon_close\"><\/span>\n\t\t<\/span>\n\t<\/span>\n<\/div>\n<div class=\"edgtf-accordion-content\">\n\t<div class=\"edgtf-accordion-content-inner\">\n\t\t[vc_column_text]<\/p>\n<p style=\"text-align: justify;\">Ici, pas de bonne ou mauvaise r\u00e9ponse, c\u2019est absolument une question de go\u00fbt et les deux sont parfaitement acceptables. Nous vous sugg\u00e9rons surtout de prendre ce qui vous convient et avec lequel vous \u00eates le plus \u00e0 l\u2019aise. Vous n\u2019avez donc pas besoin d\u2019apprendre le snowboard si vous pr\u00e9f\u00e9rez le ski.<\/p>\n<p style=\"text-align: justify;\">Cependant, il est naturellement plus facile de faire du kite avec des skis qu\u2019un snowboard, surtout pour les longs trecks.<\/p>\n<p>[\/vc_column_text]\t<\/div>\n<\/div><div class=\"clearfix edgtf-title-holder\">\n\t<span class=\"edgtf-tab-title\">\n\t\t<span class=\"edgtf-tab-title-inner\">\n\t\t\tDE QUELLE TAILLE DE KITE AI-JE BESOIN?\t\t<\/span>\n\t<\/span>\n\t<span class=\"edgtf-accordion-mark\">\n\t\t<span class=\"edgtf-accordion-mark-icon\">\n\t\t\t<span class=\"icon_plus\"><\/span>\n\t\t\t<span class=\"icon_close\"><\/span>\n\t\t<\/span>\n\t<\/span>\n<\/div>\n<div class=\"edgtf-accordion-content\">\n\t<div class=\"edgtf-accordion-content-inner\">\n\t\t[vc_column_text]<\/p>\n<p style=\"text-align: justify;\">En r\u00e8gle g\u00e9n\u00e9rale, la m\u00eame taille que sur si vous faites du kitesurf sur l\u2019eau. D\u2019apr\u00e8s notre propre exp\u00e9rience vous avez plus souvent besoin de petits kites (6 \u00e0 8m<sup>2<\/sup>), car dans les montagnes les vents sont g\u00e9n\u00e9ralement plus forts.<\/p>\n<p>[\/vc_column_text]\t<\/div>\n<\/div><div class=\"clearfix edgtf-title-holder\">\n\t<span class=\"edgtf-tab-title\">\n\t\t<span class=\"edgtf-tab-title-inner\">\n\t\t\tPeut-on remonter facilement la pente?\t\t<\/span>\n\t<\/span>\n\t<span class=\"edgtf-accordion-mark\">\n\t\t<span class=\"edgtf-accordion-mark-icon\">\n\t\t\t<span class=\"icon_plus\"><\/span>\n\t\t\t<span class=\"icon_close\"><\/span>\n\t\t<\/span>\n\t<\/span>\n<\/div>\n<div class=\"edgtf-accordion-content\">\n\t<div class=\"edgtf-accordion-content-inner\">\n\t\t[vc_column_text]<\/p>\n<p style=\"text-align: justify;\">Bien s\u00fbr\u00a0! Et relativement facilement. Vos moniteurs vous apprendront la technique du kite loop pour remonter encore plus vite.<\/p>\n<p>[\/vc_column_text]\t<\/div>\n<\/div><div class=\"clearfix edgtf-title-holder\">\n\t<span class=\"edgtf-tab-title\">\n\t\t<span class=\"edgtf-tab-title-inner\">\n\t\t\tCOMBIEN DE LE\u00c7ONS AI-JE BESOIN ?\t\t<\/span>\n\t<\/span>\n\t<span class=\"edgtf-accordion-mark\">\n\t\t<span class=\"edgtf-accordion-mark-icon\">\n\t\t\t<span class=\"icon_plus\"><\/span>\n\t\t\t<span class=\"icon_close\"><\/span>\n\t\t<\/span>\n\t<\/span>\n<\/div>\n<div class=\"edgtf-accordion-content\">\n\t<div class=\"edgtf-accordion-content-inner\">\n\t\t[vc_column_text]<\/p>\n<p style=\"text-align: justify;\">Si vous \u00eates d\u00e9j\u00e0 un bon kitesurfeur et que vous ma\u00eetrisez votre site sur mer, et vous \u00eates un skieur \u00ab\u00a0correct\u00a0\u00bb, vous n\u2019aurez besoin que d\u2019une seule session pour vous habituer \u00e0 cette nouvelle pratique, car vous avez d\u00e9j\u00e0 les bases de la discipline.<\/p>\n<p>[\/vc_column_text]\t<\/div>\n<\/div><div class=\"clearfix edgtf-title-holder\">\n\t<span class=\"edgtf-tab-title\">\n\t\t<span class=\"edgtf-tab-title-inner\">\n\t\t\tCOMMENT R\u00c9SERVER ?\t\t<\/span>\n\t<\/span>\n\t<span class=\"edgtf-accordion-mark\">\n\t\t<span class=\"edgtf-accordion-mark-icon\">\n\t\t\t<span class=\"icon_plus\"><\/span>\n\t\t\t<span class=\"icon_close\"><\/span>\n\t\t<\/span>\n\t<\/span>\n<\/div>\n<div class=\"edgtf-accordion-content\">\n\t<div class=\"edgtf-accordion-content-inner\">\n\t\t[vc_column_text]<\/p>\n<p style=\"text-align: justify;\">Il suffit de cliquer <a href=\"https:\/\/www.snowkitesensation.com\/fr\/demander-un-devis\/\">ici<\/a> pour faire votre demande de devis ou de nous contacter \u00e0 <a href=\"mailto:contact@snowkitesensation.com\">contact@snowkitesensation.com<\/a>. Nous r\u00e9pondons g\u00e9n\u00e9ralement sous 24H.<\/p>\n<p>[\/vc_column_text]\t<\/div>\n<\/div><\/div>[\/vc_column][\/vc_row]<\/p>\n<\/div>","protected":false},"excerpt":{"rendered":"<p>[vc_row el_class=\u00a0\u00bbfull-bg\u00a0\u00bb][vc_column width=\u00a0\u00bb1\/2&Prime;][vc_column_text] Tout ce que vous devez savoir sur le snowkite Comme certains autres sports, le snowkite est une \u00e9volution de deux sports qui ont fusionn\u00e9s. Le ski d\u2019un c\u00f4t\u00e9 et le kitesurf (lui-m\u00eame un m\u00e9lange de wakeboard et de parapente) de l\u2019autre. Dans&#8230;<\/p>\n","protected":false},"author":1,"featured_media":0,"parent":0,"menu_order":0,"comment_status":"closed","ping_status":"closed","template":"","meta":{"_acf_changed":false,"_uag_custom_page_level_css":"","advgb_blocks_editor_width":"","advgb_blocks_columns_visual_guide":"","footnotes":""},"categories":[],"class_list":["post-507","page","type-page","status-publish","hentry"],"acf":[],"uagb_featured_image_src":{"full":false,"thumbnail":false,"medium":false,"medium_large":false,"large":false,"1536x1536":false,"2048x2048":false,"freestyle_edge_square":false,"freestyle_edge_landscape":false,"freestyle_edge_portrait":false,"freestyle_edge_large_width":false,"freestyle_edge_large_height":false,"freestyle_edge_large_width_height":false,"woocommerce_thumbnail":false,"woocommerce_single":false,"woocommerce_gallery_thumbnail":false,"variation_swatches_image_size":false,"variation_swatches_tooltip_size":false},"uagb_author_info":{"display_name":"Snowkite","author_link":"https:\/\/www.snowkitesensation.com\/fr\/author\/snowkite\/"},"uagb_comment_info":0,"uagb_excerpt":"[vc_row el_class=\u00a0\u00bbfull-bg\u00a0\u00bb][vc_column width=\u00a0\u00bb1\/2&Prime;][vc_column_text] Tout ce que vous devez savoir sur le snowkite Comme certains autres sports, le snowkite est une \u00e9volution de deux sports qui ont fusionn\u00e9s. Le ski d\u2019un c\u00f4t\u00e9 et le kitesurf (lui-m\u00eame un m\u00e9lange de wakeboard et de parapente) de l\u2019autre. Dans...","coauthors":[],"author_meta":{"author_link":"https:\/\/www.snowkitesensation.com\/fr\/author\/snowkite\/","display_name":"Snowkite"},"relative_dates":{"created":"Publi\u00e9 6 ans il y a","modified":"Mis \u00e0 jour 4 ans il y a"},"absolute_dates":{"created":"Publi\u00e9 le octobre 30, 2019","modified":"Mise \u00e0 jour le juillet 28, 2022"},"absolute_dates_time":{"created":"Publi\u00e9 le octobre 30, 2019 4:26 pm","modified":"Mise \u00e0 jour le juillet 28, 2022 3:57 pm"},"featured_img_caption":"","featured_img":false,"series_order":"","_links":{"self":[{"href":"https:\/\/www.snowkitesensation.com\/fr\/wp-json\/wp\/v2\/pages\/507","targetHints":{"allow":["GET"]}}],"collection":[{"href":"https:\/\/www.snowkitesensation.com\/fr\/wp-json\/wp\/v2\/pages"}],"about":[{"href":"https:\/\/www.snowkitesensation.com\/fr\/wp-json\/wp\/v2\/types\/page"}],"author":[{"embeddable":true,"href":"https:\/\/www.snowkitesensation.com\/fr\/wp-json\/wp\/v2\/users\/1"}],"replies":[{"embeddable":true,"href":"https:\/\/www.snowkitesensation.com\/fr\/wp-json\/wp\/v2\/comments?post=507"}],"version-history":[{"count":11,"href":"https:\/\/www.snowkitesensation.com\/fr\/wp-json\/wp\/v2\/pages\/507\/revisions"}],"predecessor-version":[{"id":16719,"href":"https:\/\/www.snowkitesensation.com\/fr\/wp-json\/wp\/v2\/pages\/507\/revisions\/16719"}],"wp:attachment":[{"href":"https:\/\/www.snowkitesensation.com\/fr\/wp-json\/wp\/v2\/media?parent=507"}],"wp:term":[{"taxonomy":"category","embeddable":true,"href":"https:\/\/www.snowkitesensation.com\/fr\/wp-json\/wp\/v2\/categories?post=507"}],"curies":[{"name":"wp","href":"https:\/\/api.w.org\/{rel}","templated":true}]}}