{"id":526,"date":"2019-10-30T16:54:58","date_gmt":"2019-10-30T16:54:58","guid":{"rendered":"https:\/\/www.snowkitesensation.com\/fr\/?page_id=526"},"modified":"2022-07-28T14:52:16","modified_gmt":"2022-07-28T14:52:16","slug":"imprint","status":"publish","type":"page","link":"https:\/\/www.snowkitesensation.com\/fr\/imprint\/","title":{"rendered":"Mentions l\u00e9gales"},"content":{"rendered":"<div class=\"wpb-content-wrapper\"><p>[vc_row el_class=\u00a0\u00bbfull-bg\u00a0\u00bb][vc_column][vc_column_text css=\u00a0\u00bb.vc_custom_1636904865289{margin-bottom: 20px !important;padding-bottom: 20px !important;}\u00a0\u00bb]<span style=\"color: #ffffff;\">SNOWKITE SENSATIONSAS est une agence de voyage au capital de 10.000\u20ac, inscrite au registre du commerce de PARIS sous le numero 851 955 732 00017 dont le siege social est situ\u00e9 3 Square Lamartine, 75116, Paris.<\/span>[\/vc_column_text][vc_column_text css=\u00a0\u00bb.vc_custom_1636904890967{margin-bottom: 20px !important;padding-bottom: 20px !important;}\u00a0\u00bb]<span style=\"color: #ffffff;\">Tel: 0033 6 34 17 03 14 (FR)<\/span>[\/vc_column_text][vc_column_text css=\u00a0\u00bb.vc_custom_1636904919243{padding-bottom: 20px !important;}\u00a0\u00bb]<span style=\"color: #ffffff;\">Email: <a style=\"color: #ffffff;\" href=\"mailto:contact@snowkitesensation.com\">contact@snowkitesensation.com<\/a><\/span>[\/vc_column_text][vc_column_text css=\u00a0\u00bb.vc_custom_1636904924997{margin-bottom: 20px !important;padding-bottom: 20px !important;}\u00a0\u00bb]<span style=\"color: #ffffff;\">SNOWKITE SENSATION est titulaire de l\u2019immatriculation d\u2019agence de voyages n\u00baIM075190065, garentie par l\u201dAPST.Responsabilit\u00e9 Civile Professionnelle aupr\u00e8s de HISCOX France sous le contrat: HTCAG01\/145524<\/span>[\/vc_column_text][vc_column_text css=\u00a0\u00bb.vc_custom_1636904930623{margin-bottom: 20px !important;padding-bottom: 20px !important;}\u00a0\u00bb]<span style=\"color: #ffffff;\">Ses voyages sont assur\u00e9s en assistance-rapatriement par ASSURINCO<\/span><\/p>\n<p><span style=\"color: #ffffff;\">Contrat d\u2019assurance n\u00ba4637<\/span>[\/vc_column_text][vc_column_text css=\u00a0\u00bb.vc_custom_1636904936640{margin-bottom: 20px !important;padding-bottom: 20px !important;}\u00a0\u00bb]<span style=\"color: #ffffff;\">NUMERO DE SIRET: 85195573200017<\/span>[\/vc_column_text][vc_column_text css=\u00a0\u00bb.vc_custom_1636904942289{margin-bottom: 20px !important;padding-bottom: 20px !important;}\u00a0\u00bb]<span style=\"color: #ffffff;\">NUMERO DE TVA: FR46851955732<\/span>[\/vc_column_text][\/vc_column][\/vc_row]<\/p>\n<\/div>","protected":false},"excerpt":{"rendered":"<p>[vc_row el_class=\u00a0\u00bbfull-bg\u00a0\u00bb][vc_column][vc_column_text css=\u00a0\u00bb.vc_custom_1636904865289{margin-bottom: 20px !important;padding-bottom: 20px !important;}\u00a0\u00bb]SNOWKITE SENSATIONSAS est une agence de voyage au capital de 10.000\u20ac, inscrite au registre du commerce de PARIS sous le numero 851 955 732 00017 dont le siege social est situ\u00e9 3 Square Lamartine, 75116, Paris.[\/vc_column_text][vc_column_text css=\u00a0\u00bb.vc_custom_1636904890967{margin-bottom: 20px !important;padding-bottom:&#8230;<\/p>\n","protected":false},"author":1,"featured_media":0,"parent":0,"menu_order":0,"comment_status":"closed","ping_status":"closed","template":"","meta":{"_acf_changed":false,"_uag_custom_page_level_css":"","advgb_blocks_editor_width":"","advgb_blocks_columns_visual_guide":"","footnotes":""},"categories":[],"class_list":["post-526","page","type-page","status-publish","hentry"],"acf":[],"aioseo_notices":[],"uagb_featured_image_src":{"full":false,"thumbnail":false,"medium":false,"medium_large":false,"large":false,"1536x1536":false,"2048x2048":false,"freestyle_edge_square":false,"freestyle_edge_landscape":false,"freestyle_edge_portrait":false,"freestyle_edge_large_width":false,"freestyle_edge_large_height":false,"freestyle_edge_large_width_height":false,"woocommerce_thumbnail":false,"woocommerce_single":false,"woocommerce_gallery_thumbnail":false,"variation_swatches_image_size":false,"variation_swatches_tooltip_size":false},"uagb_author_info":{"display_name":"Snowkite","author_link":"https:\/\/www.snowkitesensation.com\/fr\/author\/snowkite\/"},"uagb_comment_info":0,"uagb_excerpt":"[vc_row el_class=\u00a0\u00bbfull-bg\u00a0\u00bb][vc_column][vc_column_text css=\u00a0\u00bb.vc_custom_1636904865289{margin-bottom: 20px !important;padding-bottom: 20px !important;}\u00a0\u00bb]SNOWKITE SENSATIONSAS est une agence de voyage au capital de 10.000\u20ac, inscrite au registre du commerce de PARIS sous le numero 851 955 732 00017 dont le siege social est situ\u00e9 3 Square Lamartine, 75116, Paris.[\/vc_column_text][vc_column_text css=\u00a0\u00bb.vc_custom_1636904890967{margin-bottom: 20px !important;padding-bottom:...","coauthors":[],"author_meta":{"author_link":"https:\/\/www.snowkitesensation.com\/fr\/author\/snowkite\/","display_name":"Snowkite"},"relative_dates":{"created":"Publi\u00e9 6 ans il y a","modified":"Mis \u00e0 jour 4 ans il y a"},"absolute_dates":{"created":"Publi\u00e9 le octobre 30, 2019","modified":"Mise \u00e0 jour le juillet 28, 2022"},"absolute_dates_time":{"created":"Publi\u00e9 le octobre 30, 2019 4:54 pm","modified":"Mise \u00e0 jour le juillet 28, 2022 2:52 pm"},"featured_img_caption":"","featured_img":false,"series_order":"","_links":{"self":[{"href":"https:\/\/www.snowkitesensation.com\/fr\/wp-json\/wp\/v2\/pages\/526","targetHints":{"allow":["GET"]}}],"collection":[{"href":"https:\/\/www.snowkitesensation.com\/fr\/wp-json\/wp\/v2\/pages"}],"about":[{"href":"https:\/\/www.snowkitesensation.com\/fr\/wp-json\/wp\/v2\/types\/page"}],"author":[{"embeddable":true,"href":"https:\/\/www.snowkitesensation.com\/fr\/wp-json\/wp\/v2\/users\/1"}],"replies":[{"embeddable":true,"href":"https:\/\/www.snowkitesensation.com\/fr\/wp-json\/wp\/v2\/comments?post=526"}],"version-history":[{"count":1,"href":"https:\/\/www.snowkitesensation.com\/fr\/wp-json\/wp\/v2\/pages\/526\/revisions"}],"predecessor-version":[{"id":14672,"href":"https:\/\/www.snowkitesensation.com\/fr\/wp-json\/wp\/v2\/pages\/526\/revisions\/14672"}],"wp:attachment":[{"href":"https:\/\/www.snowkitesensation.com\/fr\/wp-json\/wp\/v2\/media?parent=526"}],"wp:term":[{"taxonomy":"category","embeddable":true,"href":"https:\/\/www.snowkitesensation.com\/fr\/wp-json\/wp\/v2\/categories?post=526"}],"curies":[{"name":"wp","href":"https:\/\/api.w.org\/{rel}","templated":true}]}}