{"id":532,"date":"2019-10-30T17:01:52","date_gmt":"2019-10-30T17:01:52","guid":{"rendered":"https:\/\/www.snowkitesensation.com\/fr\/?page_id=532"},"modified":"2022-07-28T14:43:35","modified_gmt":"2022-07-28T14:43:35","slug":"privacy-policy","status":"publish","type":"page","link":"https:\/\/www.snowkitesensation.com\/fr\/privacy-policy\/","title":{"rendered":"Privacy Policy and cookies"},"content":{"rendered":"<div class=\"wpb-content-wrapper\"><p>[vc_row el_class=\u00a0\u00bbfull-bg\u00a0\u00bb][vc_column][vc_column_text css=\u00a0\u00bb.vc_custom_1659019109695{padding-bottom: 10px !important;}\u00a0\u00bb]<\/p>\n<h4><span style=\"color: #ffffff;\">What type of information do we collect?<\/span><\/h4>\n<p>[\/vc_column_text][vc_column_text css=\u00a0\u00bb.vc_custom_1659019117836{padding-bottom: 20px !important;}\u00a0\u00bb]<span style=\"color: #ffffff;\">We receive, collect and store any information you enter on our website or provide us in any other way. In addition, we collect the Internet protocol (IP) address used to connect your computer to the Internet; login; e-mail address; password; computer and connection information and purchase history. We may use software tools to measure and collect session information, including page response times, length of visits to certain pages, page interaction information, and methods used to browse away from the page. We also collect personally identifiable information (including name, email, password, communications); payment details (including credit card information), comments, feedback, product reviews, recommendations, and personal profile.<\/span>[\/vc_column_text][vc_column_text css=\u00a0\u00bb.vc_custom_1659019124733{padding-bottom: 10px !important;}\u00a0\u00bb]<\/p>\n<h4><span style=\"color: #ffffff;\">How do we collect information?<\/span><\/h4>\n<p>[\/vc_column_text][vc_column_text css=\u00a0\u00bb.vc_custom_1659019132323{padding-bottom: 20px !important;}\u00a0\u00bb]<span style=\"color: #ffffff;\">When you conduct a transaction on our website, as part of the process, we collect personal information you give us such as your name, address and email address. Your personal information will be used for the specific reasons stated above only.<\/span>[\/vc_column_text][vc_column_text css=\u00a0\u00bb.vc_custom_1659019139356{padding-bottom: 10px !important;}\u00a0\u00bb]<\/p>\n<h4><span style=\"color: #ffffff;\">Why do you collect such personal information?<\/span><\/h4>\n<p>[\/vc_column_text][vc_column_text css=\u00a0\u00bb.vc_custom_1659019148655{padding-bottom: 20px !important;}\u00a0\u00bb]<span style=\"color: #ffffff;\">This section should explain why you collect your site visitors\u2019 personal information (PI). For example, you might collect email addresses for your marketing campaigns, or their addresses for shipping purposes.<\/span>[\/vc_column_text][vc_column_text css=\u00a0\u00bb.vc_custom_1659019155070{padding-bottom: 10px !important;}\u00a0\u00bb]<\/p>\n<h4><span style=\"color: #ffffff;\">Sample:<\/span><\/h4>\n<p>[\/vc_column_text][vc_column_text css=\u00a0\u00bb.vc_custom_1659019162333{padding-bottom: 20px !important;}\u00a0\u00bb]<span style=\"color: #ffffff;\">We collect such Non-personal and Personal Information for the following purposes: 1. To provide and operate the Services; 2. To provide our Users with ongoing customer assistance and technical support; 3. To be able to contact our Visitors and Users with general or personalized service-related notices and promotional messages; 4. To create aggregated statistical data and other aggregated and\/or inferred Non-personal Information, which we or our business partners may use to provide and improve our respective services; 5. To comply with any applicable laws and regulations.<\/span>[\/vc_column_text][vc_column_text css=\u00a0\u00bb.vc_custom_1659019171064{padding-bottom: 10px !important;}\u00a0\u00bb]<\/p>\n<h4><span style=\"color: #ffffff;\">How do we store, use, share and disclose site visitors\u2019 personal information?<\/span><\/h4>\n<p>[\/vc_column_text][vc_column_text css=\u00a0\u00bb.vc_custom_1659019254765{padding-bottom: 20px !important;}\u00a0\u00bb]<span style=\"color: #ffffff;\">Our company is hosted on the wordpress.com. WordPress.com provides us with the online platform that allows us to sell our products and services to you. Your data may be stored through wordpress.com data storage, databases and the general wordpress.com applications. They store your data on secure servers behind a firewall. All direct payment gateways offered by wordpress.com and used by our company adhere to the standards set by PCI-DSS as managed by the PCI Security Standards Council, which is a joint effort of brands like Visa, MasterCard, American Express and Discover. PCI-DSS requirements help ensure the secure handling of credit card information by our store and its service providers.<\/span>[\/vc_column_text][vc_column_text css=\u00a0\u00bb.vc_custom_1659019261250{padding-bottom: 10px !important;}\u00a0\u00bb]<\/p>\n<h4><span style=\"color: #ffffff;\">How do we communicate with site visitors?<\/span><\/h4>\n<p>[\/vc_column_text][vc_column_text css=\u00a0\u00bb.vc_custom_1659019270584{padding-bottom: 20px !important;}\u00a0\u00bb]<span style=\"color: #ffffff;\">We may contact you to notify you regarding your account, to troubleshoot problems with your account, to resolve a dispute, to collect fees or monies owed, to poll your opinions through surveys or questionnaires, to send updates about our company, or as otherwise necessary to contact you to enforce our User Agreement, applicable national laws, and any agreement we may have with you. For these purposes we may contact you via email, telephone, text messages, and postal mail.<\/span>[\/vc_column_text][vc_column_text css=\u00a0\u00bb.vc_custom_1659019277276{padding-bottom: 10px !important;}\u00a0\u00bb]<\/p>\n<h4><span style=\"color: #ffffff;\">How do we use cookies and other tracking tools?<\/span><\/h4>\n<p>[\/vc_column_text][vc_column_text css=\u00a0\u00bb.vc_custom_1659019328626{padding-bottom: 20px !important;}\u00a0\u00bb]<span style=\"color: #ffffff;\">It\u2019s important to note that third-party services, such as Google Analytics or other applications offered through the WordPress app Market, placing cookies or utilizing other tracking technologies through wordpress\u00b4s services, may have their own policies regarding how they collect and store information. As these are external services, such practices are not covered by the wordpress Privacy Policy. Click here to view which cookies are stored on your site visitors\u2019 computer.<\/span>[\/vc_column_text][vc_column_text css=\u00a0\u00bb.vc_custom_1659019336551{padding-bottom: 10px !important;}\u00a0\u00bb]<\/p>\n<h4><span style=\"color: #ffffff;\">How can site visitors withdraw their consent?<\/span><\/h4>\n<p>[\/vc_column_text][vc_column_text css=\u00a0\u00bb.vc_custom_1659019343444{padding-bottom: 20px !important;}\u00a0\u00bb]<span style=\"color: #ffffff;\">If you don\u2019t want us to process your data anymore, please contact us at contact@snowkitesensation.com or send us mail to: 3 Square Lamartine, Paris, France 75116.<\/span>[\/vc_column_text][vc_column_text css=\u00a0\u00bb.vc_custom_1659019351154{padding-bottom: 10px !important;}\u00a0\u00bb]<\/p>\n<h4><span style=\"color: #ffffff;\">Privacy policy updates<\/span><\/h4>\n<p>[\/vc_column_text][vc_column_text css=\u00a0\u00bb.vc_custom_1659019368436{padding-bottom: 20px !important;}\u00a0\u00bb]<span style=\"color: #ffffff;\">We reserve the right to modify this privacy policy at any time, so please review it frequently. Changes and clarifications will take effect immediately upon their posting on the website. If we make material changes to this policy, we will notify you here that it has been updated, so that you are aware of what information we collect, how we use it, and under what circumstances, if any, we use and\/or disclose it.<\/span>[\/vc_column_text][vc_column_text css=\u00a0\u00bb.vc_custom_1659019356954{padding-bottom: 10px !important;}\u00a0\u00bb]<\/p>\n<h4><span style=\"color: #ffffff;\">Questions and our contact information<\/span><\/h4>\n<p>[\/vc_column_text][vc_column_text css=\u00a0\u00bb.vc_custom_1659019375617{padding-bottom: 20px !important;}\u00a0\u00bb]<span style=\"color: #ffffff;\">If you would like to: access, correct, amend or delete any personal information we have about you, you are invited to contact us at contact@snowkitesensation.com or send us mail to: 3 Square Lamartine, Paris, France 75116.<\/span>[\/vc_column_text][vc_column_text css=\u00a0\u00bb.vc_custom_1659019405568{padding-bottom: 10px !important;}\u00a0\u00bb]<\/p>\n<h2><span style=\"color: #ffffff;\"><b>What are cookies?<\/b><\/span><\/h2>\n<p>[\/vc_column_text][vc_column_text css=\u00a0\u00bb.vc_custom_1659019383865{padding-bottom: 20px !important;}\u00a0\u00bb]<span style=\"color: #ffffff;\">Cookies are text files containing small amounts of information which are sent to your browser and stored on your computer, mobile phone or other device when you visit a website. The cookies send information back to the originating website or another website that recognizes that cookie.<\/span>[\/vc_column_text][vc_column_text css=\u00a0\u00bb.vc_custom_1659019392234{padding-bottom: 20px !important;}\u00a0\u00bb]<span style=\"color: #ffffff;\">Cookies can be permanent (these are known as persistent cookies) where they remain on your computer until you delete them, or temporary (these are known as session cookies) where they last only until you close your browser. Cookies can also be first-party cookies which are those set by the website which is being visited, or third-party cookies which are set by a website other than the one being visited.<\/span>[\/vc_column_text][vc_column_text css=\u00a0\u00bb.vc_custom_1659019411498{padding-bottom: 10px !important;}\u00a0\u00bb]<\/p>\n<h4><span style=\"color: #ffffff;\">How does Snowkite Sensation use cookies?<\/span><\/h4>\n<p>[\/vc_column_text][vc_column_text css=\u00a0\u00bb.vc_custom_1659019399056{padding-bottom: 20px !important;}\u00a0\u00bb]<span style=\"color: #ffffff;\">We use cookies to personalise your experience at our site, e.g. to save your language, save your password in password-protected areas.<\/span>[\/vc_column_text][\/vc_column][\/vc_row]<\/p>\n<\/div>","protected":false},"excerpt":{"rendered":"<p>[vc_row el_class=\u00a0\u00bbfull-bg\u00a0\u00bb][vc_column][vc_column_text css=\u00a0\u00bb.vc_custom_1659019109695{padding-bottom: 10px !important;}\u00a0\u00bb] What type of information do we collect? [\/vc_column_text][vc_column_text css=\u00a0\u00bb.vc_custom_1659019117836{padding-bottom: 20px !important;}\u00a0\u00bb]We receive, collect and store any information you enter on our website or provide us in any other way. In addition, we collect the Internet protocol (IP) address used to&#8230;<\/p>\n","protected":false},"author":1,"featured_media":0,"parent":0,"menu_order":0,"comment_status":"closed","ping_status":"closed","template":"","meta":{"_acf_changed":false,"_uag_custom_page_level_css":"","advgb_blocks_editor_width":"","advgb_blocks_columns_visual_guide":"","footnotes":""},"categories":[],"class_list":["post-532","page","type-page","status-publish","hentry"],"acf":[],"uagb_featured_image_src":{"full":false,"thumbnail":false,"medium":false,"medium_large":false,"large":false,"1536x1536":false,"2048x2048":false,"freestyle_edge_square":false,"freestyle_edge_landscape":false,"freestyle_edge_portrait":false,"freestyle_edge_large_width":false,"freestyle_edge_large_height":false,"freestyle_edge_large_width_height":false,"woocommerce_thumbnail":false,"woocommerce_single":false,"woocommerce_gallery_thumbnail":false,"variation_swatches_image_size":false,"variation_swatches_tooltip_size":false},"uagb_author_info":{"display_name":"Snowkite","author_link":"https:\/\/www.snowkitesensation.com\/fr\/author\/snowkite\/"},"uagb_comment_info":0,"uagb_excerpt":"[vc_row el_class=\u00a0\u00bbfull-bg\u00a0\u00bb][vc_column][vc_column_text css=\u00a0\u00bb.vc_custom_1659019109695{padding-bottom: 10px !important;}\u00a0\u00bb] What type of information do we collect? [\/vc_column_text][vc_column_text css=\u00a0\u00bb.vc_custom_1659019117836{padding-bottom: 20px !important;}\u00a0\u00bb]We receive, collect and store any information you enter on our website or provide us in any other way. In addition, we collect the Internet protocol (IP) address used to...","coauthors":[],"author_meta":{"author_link":"https:\/\/www.snowkitesensation.com\/fr\/author\/snowkite\/","display_name":"Snowkite"},"relative_dates":{"created":"Publi\u00e9 6 ans il y a","modified":"Mis \u00e0 jour 4 ans il y a"},"absolute_dates":{"created":"Publi\u00e9 le octobre 30, 2019","modified":"Mise \u00e0 jour le juillet 28, 2022"},"absolute_dates_time":{"created":"Publi\u00e9 le octobre 30, 2019 5:01 pm","modified":"Mise \u00e0 jour le juillet 28, 2022 2:43 pm"},"featured_img_caption":"","featured_img":false,"series_order":"","_links":{"self":[{"href":"https:\/\/www.snowkitesensation.com\/fr\/wp-json\/wp\/v2\/pages\/532","targetHints":{"allow":["GET"]}}],"collection":[{"href":"https:\/\/www.snowkitesensation.com\/fr\/wp-json\/wp\/v2\/pages"}],"about":[{"href":"https:\/\/www.snowkitesensation.com\/fr\/wp-json\/wp\/v2\/types\/page"}],"author":[{"embeddable":true,"href":"https:\/\/www.snowkitesensation.com\/fr\/wp-json\/wp\/v2\/users\/1"}],"replies":[{"embeddable":true,"href":"https:\/\/www.snowkitesensation.com\/fr\/wp-json\/wp\/v2\/comments?post=532"}],"version-history":[{"count":2,"href":"https:\/\/www.snowkitesensation.com\/fr\/wp-json\/wp\/v2\/pages\/532\/revisions"}],"predecessor-version":[{"id":16880,"href":"https:\/\/www.snowkitesensation.com\/fr\/wp-json\/wp\/v2\/pages\/532\/revisions\/16880"}],"wp:attachment":[{"href":"https:\/\/www.snowkitesensation.com\/fr\/wp-json\/wp\/v2\/media?parent=532"}],"wp:term":[{"taxonomy":"category","embeddable":true,"href":"https:\/\/www.snowkitesensation.com\/fr\/wp-json\/wp\/v2\/categories?post=532"}],"curies":[{"name":"wp","href":"https:\/\/api.w.org\/{rel}","templated":true}]}}