{"id":547,"date":"2019-10-30T17:21:16","date_gmt":"2019-10-30T17:21:16","guid":{"rendered":"https:\/\/www.snowkitesensation.com\/fr\/?page_id=547"},"modified":"2026-04-07T13:35:03","modified_gmt":"2026-04-07T13:35:03","slug":"snowkite-en-5-points","status":"publish","type":"page","link":"https:\/\/www.snowkitesensation.com\/fr\/snowkite-en-5-points\/","title":{"rendered":"Snowkite en 5 points"},"content":{"rendered":"<div class=\"wpb-content-wrapper\"><p>[vc_row el_class=\u00a0\u00bbfull-bg\u00a0\u00bb][vc_column width=\u00a0\u00bb1\/2&Prime;][vc_empty_space][vc_empty_space][vc_empty_space][vc_empty_space][vc_column_text]<\/p>\n<h4 style=\"text-align: justify;\">5 ARGUMENTS POUR VOUS DONNER ENVIE DE TESTER LE SNOWKITE<\/h4>\n<p style=\"text-align: justify;\"><strong>DES VOYAGES INOUBLIABLES ET DES PAYSAGES \u00c0 COUPER LE SOUFFLE !<\/strong><\/p>\n<p style=\"text-align: justify;\">Si vous \u00eates un skieur ou snowboarder correct et\/ou si ma\u00eetrisez d\u00e9j\u00e0 votre kite en mer, vous \u00eates par\u00e9s pour vivre des exp\u00e9riences inoubliables.<\/p>\n<p style=\"text-align: justify;\">Nous pratiquons personnellement les deux disciplines et nous pouvons assur\u00e9ment affirmer que le snowkite offre plus de sensations que le kitesurf : treks dans des d\u00e9serts de neige entour\u00e9 d\u2019une nature intouch\u00e9e et de paysages somptueux, personne \u00e0 l\u2019horizon hormis quelques animaux sauvages (rennes, \u00e9lans, etc.), des sauts plus hauts (surtout en descendant la pente), la poudreuse \u00e0 perte de vue, le kite \u00e0 fond sur les lacs gel\u00e9s&#8230;<\/p>\n<p style=\"text-align: justify;\">Nous avons test\u00e9 tous les voyages et ils sont tous fantastiques. Tous ceux en Scandinavie offrent de tr\u00e8s bonnes conditions de vent avec tr\u00e8s peu de jours de \u00ab p\u00e9tole \u00bb. Et en cas de vent trop faible, pas de panique il y a beaucoup d\u2019autres activit\u00e9s pour vous occuper (ski de fond, ski dans la station de ski proche, luge, motoneige, etc.). Si bien que vous pouvez emmener avec vous des accompagnants qui ne kitent pas.<\/p>\n<p style=\"text-align: justify;\">Vous serez surpris de la vitesse \u00e0 laquelle vous pourrez remonter la pente dans de bonnes conditions de vent.\u00a0 En moyenne, vous naviguerez environ 50km par jour, avec retour au point de d\u00e9part ou \u00e0 destination d\u2019un refuge de montagne pour la nuit.<\/p>\n<p style=\"text-align: justify;\">Vous pourrez utiliser vos kites de mer \u00e0 boudin ou des kites terrestres \u00e0 caisson, plus petits et faciles \u00e0 transporter car typiquement vous partirez en randonn\u00e9e avec deux kites de taille diff\u00e9rente. Nous recommandons des skis pour les treks longue distance mais le snowboard fonctionne tr\u00e8s bien aussi\u00a0!<\/p>\n<p>[\/vc_column_text][vc_empty_space][vc_column_text css=\u00a0\u00bb.vc_custom_1657718359962{padding-bottom: 20px !important;}\u00a0\u00bb]<\/p>\n<h5 style=\"text-align: justify;\"><strong>LE SNOWKITE C\u2019EST ACCESSIBLE \u00c0 TOUS<\/strong><\/h5>\n<p style=\"text-align: justify;\">Que vous soyez jeune ou moins jeune, homme ou femme, vous pouvez tous apprendre \u00e0 snowkiter. La seule chose qu\u2019il vous faut est une paire de skis ou un snowboard (et le kite et le harnais que votre \u00e9cole vous fournira). Ajoutez un peu de vent et vous \u00eates pr\u00eats \u00e0 partir. Le snowkite est en r\u00e9alit\u00e9 tr\u00e8s accessible et peu risqu\u00e9. Vous pouvez pratiquer sur des surfaces planes couverte de neige avec tr\u00e8s peu de vent. Et d\u00e8s que vous vous sentez \u00e0 l\u2019aise sur le plat, c\u2019est un tout un monde nouveau s\u2019ouvre \u00e0 vous.<\/p>\n<p style=\"text-align: justify;\">Vous n\u2019avez besoin que de votre \u00e9quipement (soit d\u00e9j\u00e0 en votre possession, soit via la location de mat\u00e9riel avec nos partenaires), du vent et de la neige pour commencer \u00e0 rider.<\/p>\n<p style=\"text-align: justify;\">Rendez-vous sur le spot de votre choix et \u00e9clatez-vous sur les pistes\u00a0: c\u2019est gratuit ! Plus besoin de se soucier d\u2019acheter un forfait ou d\u2019avoir \u00e0 payer une contravention pour sa voiture mal gar\u00e9e. Un bon kite (\u00e0 boudin ou \u00e0 caisson) vous durera de ann\u00e9es si vous en prenez soin. V\u00e9rifiez r\u00e9guli\u00e8rement l\u2019\u00e9tat de votre mat\u00e9riel, en particulier des lignes et du syst\u00e8me de s\u00e9curit\u00e9.<\/p>\n<p>[\/vc_column_text][vc_column_text css=\u00a0\u00bb.vc_custom_1657718381200{padding-bottom: 20px !important;}\u00a0\u00bb]<\/p>\n<h5 style=\"text-align: justify;\">UN SENTIMENT DE LIBERT\u00c9<\/h5>\n<p style=\"text-align: justify;\">N\u2019est-il pas fantastique d\u2019\u00eatre entour\u00e9 de montagnes couvertes de neige fra\u00eeche ? Le snowkite vous donne la libert\u00e9 et la possibilit\u00e9 d\u2019explorer la montagne d\u2019une toute nouvelle mani\u00e8re. Vous pouvez litt\u00e9ralement aller o\u00f9 bon vous semble avec votre kite (tout en respectant les r\u00e8gles de s\u00e9curit\u00e9 de base en montagne bien entendu\u00a0!).<\/p>\n<p style=\"text-align: justify;\">Monter une pente de 45 degr\u00e9s requiert un peu pratique mais est tout \u00e0 fait possible. Une fois plus haut vous pouvez d\u00e9cider de continuer l\u2019ascension ou skier\/surfer dans la pente. Que ce soit plat ou en pente, le kite va \u00e9tendre vos fronti\u00e8res aux limites de votre capacit\u00e9.<\/p>\n<p>[\/vc_column_text][vc_column_text css=\u00a0\u00bb.vc_custom_1657718490974{padding-bottom: 20px !important;}\u00a0\u00bb]<\/p>\n<h5 style=\"text-align: justify;\">DU FUN SANS FIN<\/h5>\n<p style=\"text-align: justify;\">Quand vous snowkitez, le temps est accessoire. Le sport offre des aventures illimit\u00e9es et une saine adr\u00e9naline. La pratique du snowkite est intens\u00e9ment addictive et vous offrira des sentiments de libert\u00e9 et d\u2019excitation rares.<\/p>\n<p style=\"text-align: justify;\">Certains pr\u00e9f\u00e8rent se promener dans la neige fra\u00eeche ou sur les lacs gel\u00e9s, d\u2019autres pr\u00e9f\u00e8rent sauter ou planer. Les reliefs montagneux cr\u00e9ent les terrains de jeux ultimes des freestylers et des freeriders, tandis que les surfaces planes sont plus adapt\u00e9es \u00e0 la pratique des d\u00e9butants ou pour faire des courses. Variez les plaisirs !<\/p>\n<p>[\/vc_column_text][vc_column_text css=\u00a0\u00bb.vc_custom_1657718510987{padding-bottom: 20px !important;}\u00a0\u00bb]<\/p>\n<h5 style=\"text-align: justify;\">SOCIAL<\/h5>\n<p style=\"text-align: justify;\">Un des aspects les plus chaleureux du snowkiting est la pratique du sport en groupe. Si vous \u00eates un nouveau venu dans la discipline, il vous sera tr\u00e8s facile de connecter avec les habitu\u00e9s et de rejoindre de nouveaux groupes. Il existe une sinc\u00e8re fraternit\u00e9 parmi les riders que ce soit avant, pendant et apr\u00e8s la session de snowkite.<\/p>\n<p style=\"text-align: justify;\">L\u2019int\u00e9r\u00eat de pratiquer le sport en groupe est multiple : vous pouvez apprendre des autres, vous lancer dans une petite comp\u00e9tition, et vous assister mutuellement en cas d\u2019\u00e9ventuel probl\u00e8me. Cerise sur le g\u00e2teau : ne jamais oublier la bi\u00e8re en fin de session pour encore plus de convivialit\u00e9 (\u00e0 consommer avec mod\u00e9ration, \u00e9videmment) !<\/p>\n<p>[\/vc_column_text][vc_empty_space][\/vc_column][vc_column width=\u00a0\u00bb1\/2&Prime;][vc_empty_space][vc_empty_space][vc_video link=\u00a0\u00bbhttps:\/\/www.youtube.com\/watch?v=yy7dCdclcMU\u00a0\u00bb][vc_empty_space][vc_video link=\u00a0\u00bbhttps:\/\/www.youtube.com\/watch?v=Y8dDyi82OlE\u00a0\u00bb][vc_empty_space][vc_single_image image=\u00a0\u00bb8267&Prime; img_size=\u00a0\u00bbfull\u00a0\u00bb][\/vc_column][\/vc_row]<\/p>\n<\/div>","protected":false},"excerpt":{"rendered":"<p>[vc_row el_class=\u00a0\u00bbfull-bg\u00a0\u00bb][vc_column width=\u00a0\u00bb1\/2&Prime;][vc_empty_space][vc_empty_space][vc_empty_space][vc_empty_space][vc_column_text] 5 ARGUMENTS POUR VOUS DONNER ENVIE DE TESTER LE SNOWKITE DES VOYAGES INOUBLIABLES ET DES PAYSAGES \u00c0 COUPER LE SOUFFLE ! Si vous \u00eates un skieur ou snowboarder correct et\/ou si ma\u00eetrisez d\u00e9j\u00e0 votre kite en mer, vous \u00eates par\u00e9s pour vivre&#8230;<\/p>\n","protected":false},"author":1,"featured_media":0,"parent":0,"menu_order":0,"comment_status":"closed","ping_status":"closed","template":"","meta":{"_acf_changed":false,"_uag_custom_page_level_css":"","advgb_blocks_editor_width":"","advgb_blocks_columns_visual_guide":"","footnotes":""},"categories":[],"class_list":["post-547","page","type-page","status-publish","hentry"],"acf":[],"aioseo_notices":[],"uagb_featured_image_src":{"full":false,"thumbnail":false,"medium":false,"medium_large":false,"large":false,"1536x1536":false,"2048x2048":false,"freestyle_edge_square":false,"freestyle_edge_landscape":false,"freestyle_edge_portrait":false,"freestyle_edge_large_width":false,"freestyle_edge_large_height":false,"freestyle_edge_large_width_height":false,"woocommerce_thumbnail":false,"woocommerce_single":false,"woocommerce_gallery_thumbnail":false,"variation_swatches_image_size":false,"variation_swatches_tooltip_size":false},"uagb_author_info":{"display_name":"Snowkite","author_link":"https:\/\/www.snowkitesensation.com\/fr\/author\/snowkite\/"},"uagb_comment_info":0,"uagb_excerpt":"[vc_row el_class=\u00a0\u00bbfull-bg\u00a0\u00bb][vc_column width=\u00a0\u00bb1\/2&Prime;][vc_empty_space][vc_empty_space][vc_empty_space][vc_empty_space][vc_column_text] 5 ARGUMENTS POUR VOUS DONNER ENVIE DE TESTER LE SNOWKITE DES VOYAGES INOUBLIABLES ET DES PAYSAGES \u00c0 COUPER LE SOUFFLE ! Si vous \u00eates un skieur ou snowboarder correct et\/ou si ma\u00eetrisez d\u00e9j\u00e0 votre kite en mer, vous \u00eates par\u00e9s pour vivre...","coauthors":[],"author_meta":{"author_link":"https:\/\/www.snowkitesensation.com\/fr\/author\/snowkite\/","display_name":"Snowkite"},"relative_dates":{"created":"Publi\u00e9 6 ans il y a","modified":"Mis \u00e0 jour 15 heures il y a"},"absolute_dates":{"created":"Publi\u00e9 le octobre 30, 2019","modified":"Mise \u00e0 jour le avril 7, 2026"},"absolute_dates_time":{"created":"Publi\u00e9 le octobre 30, 2019 5:21 pm","modified":"Mise \u00e0 jour le avril 7, 2026 1:35 pm"},"featured_img_caption":"","featured_img":false,"series_order":"","_links":{"self":[{"href":"https:\/\/www.snowkitesensation.com\/fr\/wp-json\/wp\/v2\/pages\/547","targetHints":{"allow":["GET"]}}],"collection":[{"href":"https:\/\/www.snowkitesensation.com\/fr\/wp-json\/wp\/v2\/pages"}],"about":[{"href":"https:\/\/www.snowkitesensation.com\/fr\/wp-json\/wp\/v2\/types\/page"}],"author":[{"embeddable":true,"href":"https:\/\/www.snowkitesensation.com\/fr\/wp-json\/wp\/v2\/users\/1"}],"replies":[{"embeddable":true,"href":"https:\/\/www.snowkitesensation.com\/fr\/wp-json\/wp\/v2\/comments?post=547"}],"version-history":[{"count":13,"href":"https:\/\/www.snowkitesensation.com\/fr\/wp-json\/wp\/v2\/pages\/547\/revisions"}],"predecessor-version":[{"id":20458,"href":"https:\/\/www.snowkitesensation.com\/fr\/wp-json\/wp\/v2\/pages\/547\/revisions\/20458"}],"wp:attachment":[{"href":"https:\/\/www.snowkitesensation.com\/fr\/wp-json\/wp\/v2\/media?parent=547"}],"wp:term":[{"taxonomy":"category","embeddable":true,"href":"https:\/\/www.snowkitesensation.com\/fr\/wp-json\/wp\/v2\/categories?post=547"}],"curies":[{"name":"wp","href":"https:\/\/api.w.org\/{rel}","templated":true}]}}