{"id":9632,"date":"2020-09-26T12:47:37","date_gmt":"2020-09-26T12:47:37","guid":{"rendered":"https:\/\/www.snowkitesensation.com\/?page_id=9632"},"modified":"2025-08-08T15:08:44","modified_gmt":"2025-08-08T15:08:44","slug":"presse","status":"publish","type":"page","link":"https:\/\/www.snowkitesensation.com\/fr\/presse\/","title":{"rendered":"Press"},"content":{"rendered":"<div class=\"wpb-content-wrapper\"><p>[vc_row][vc_column][vc_row_inner][vc_column_inner width=\u00a0\u00bb1\/2&Prime; css=\u00a0\u00bb.vc_custom_1599832969213{background-color: #0a0a0a !important;}\u00a0\u00bb][vc_column_text css=\u00a0\u00bb\u00a0\u00bb]<\/p>\n<div class=\"update-components-article-first-party__description-container\">\n<div class=\"update-components-article-first-party__description-content\">\n<h3 class=\"update-components-article-first-party__title\" dir=\"ltr\"><span dir=\"ltr\" style=\"color: #ffffff;\">Quand le snowkite ouvre les fronti\u00e8res !<\/span><\/h3>\n<\/div>\n<\/div>\n<p>[\/vc_column_text][vc_empty_space][vc_column_text css=\u00a0\u00bb\u00a0\u00bb]<\/p>\n<h5><span style=\"color: #ffffff;\">En f\u00e9vrier dernier, j\u2019ai envoy\u00e9 un groupe de passionn\u00e9s en Arm\u00e9nie pour une exp\u00e9dition snowkite dans une zone recul\u00e9e du nord du pays.<\/span><\/h5>\n<p><span style=\"color: #ffffff;\">R\u00e9sultat ?<\/span><br \/>\n<span style=\"color: #ffffff;\">\ud83c\udfa5 Ils sont pass\u00e9s sur Mir24, une cha\u00eene d\u2019info russophone diffus\u00e9e dans toutes les anciennes r\u00e9publiques sovi\u00e9tiques.<\/span><br \/>\n<span style=\"color: #ffffff;\">\ud83e\udd1d Et ils ont rencontr\u00e9\u2026 la Ministre du Tourisme arm\u00e9nienne en personne. Rien que \u00e7a.<\/span><\/p>\n<p><span style=\"color: #ffffff;\">Quand tu pars pour tracer des courbes dans la poudreuse\u2026 et que tu finis en interview t\u00e9l\u00e9 avec les honneurs officiels. Le snowkite, c\u2019est d\u00e9finitivement plus qu\u2019un sport \u2014 c\u2019est un passeport diplomatique \ud83d\ude09<\/span><\/p>\n<p><span style=\"color: #ffffff;\">Un grand merci \u00e0 toute l\u2019\u00e9quipe de participants et \u00e0 nos partenaires locaux \ud83d\ude4c<\/span><br \/>\n<span style=\"color: #ffffff;\">H\u00e2te de voir ce que la prochaine aventure nous r\u00e9serve.<\/span><\/p>\n<p><span style=\"color: #ffffff;\"><strong>M\u00e9dia<\/strong>: Mir24.TV<\/span><\/p>\n<p><span style=\"color: #ffffff;\">21\/02\/2025<\/span>[\/vc_column_text][vc_empty_space]<a href=\"https:\/\/am.mir24.tv\/news\/16626327\/snoukajting-v-armenii.-chem-privlekatelny-mestnye-gory-dlya-lyubitelej-etogo-vida-sporta\" target=\"_self\" class=\"edgtf-btn edgtf-btn-large edgtf-btn-solid\" rel=\"noopener\">\n\t\t\t<span class=\"edgtf-btn-text\">l&#039;Interview ici !<\/span>\n\t    <\/a>[vc_empty_space][\/vc_column_inner][vc_column_inner width=\u00a0\u00bb1\/2&Prime;][vc_gallery interval=\u00a0\u00bb3&Prime; images=\u00a0\u00bb18472&Prime; img_size=\u00a0\u00bbmedium\u00a0\u00bb css=\u00a0\u00bb\u00a0\u00bb][\/vc_column_inner][\/vc_row_inner][\/vc_column][\/vc_row][vc_row][vc_column][vc_empty_space][\/vc_column][\/vc_row][vc_row][vc_column][vc_row_inner][vc_column_inner width=\u00a0\u00bb1\/2&Prime; css=\u00a0\u00bb.vc_custom_1599832969213{background-color: #0a0a0a !important;}\u00a0\u00bb][vc_column_text css=\u00a0\u00bb\u00a0\u00bb]<\/p>\n<h3 class=\"who\"><span style=\"color: #ffffff;\"><strong data-start=\"54\" data-end=\"92\">Du snowkite sur l\u2019Etna ? Bien s\u00fbr.<\/strong><\/span><br data-start=\"92\" data-end=\"95\" \/><span style=\"color: #ffffff;\">Parce que\u2026 pourquoi pas, en fait.<\/span><\/h3>\n<p>[\/vc_column_text][vc_empty_space][vc_column_text css=\u00a0\u00bb\u00a0\u00bb]<\/p>\n<p data-start=\"130\" data-end=\"459\"><span style=\"color: #ffffff;\">Plus t\u00f4t cette ann\u00e9e, on a emmen\u00e9 nos ailes sur les <strong data-start=\"182\" data-end=\"228\">pentes du volcan le plus c\u00e9l\u00e8bre de Sicile<\/strong> \u2014 et oui, c\u2019\u00e9tait aussi fou (et g\u00e9nial) que \u00e7a en a l\u2019air.<\/span><br data-start=\"287\" data-end=\"290\" \/><span style=\"color: #ffffff;\">Notre aventure a \u00e9t\u00e9 relay\u00e9e par <strong data-start=\"323\" data-end=\"340\">WhenWhereKite<\/strong> (\u26a0\ufe0f article en fran\u00e7ais), et on a aussi publi\u00e9 une <strong data-start=\"392\" data-end=\"407\">vid\u00e9o r\u00e9cap<\/strong> dispo maintenant sur la <strong data-start=\"432\" data-end=\"458\">page de la destination<\/strong>.<\/span><\/p>\n<p data-start=\"461\" data-end=\"514\"><span style=\"color: #ffffff;\">Apparemment, la lave et la poudreuse font bon m\u00e9nage.<\/span><\/p>\n<p><span style=\"color: #ffffff;\"><strong>M\u00e9dia<\/strong>: Kiteboarder Magazine<\/span><\/p>\n<p><span style=\"color: #ffffff;\">#snowkite #etna #sicile #kite #volcan #snowkitesensation<\/span><\/p>\n<p><span style=\"color: #ffffff;\">23\/02\/2022<\/span>[\/vc_column_text][vc_empty_space]<a href=\"https:\/\/www.kiteboarder-mag.com\/news-exploit-johann-civel-snowkite-sensation-realise-ascension-volcan-etna-snowkite\" target=\"_self\" class=\"edgtf-btn edgtf-btn-large edgtf-btn-solid\" rel=\"noopener\">\n\t\t\t<span class=\"edgtf-btn-text\">Read article<\/span>\n\t    <\/a>[vc_empty_space][\/vc_column_inner][vc_column_inner width=\u00a0\u00bb1\/2&Prime;][vc_gallery interval=\u00a0\u00bb3&Prime; images=\u00a0\u00bb15923&Prime; img_size=\u00a0\u00bbmedium\u00a0\u00bb][\/vc_column_inner][vc_column_inner][\/vc_column_inner][\/vc_row_inner][vc_row_inner][vc_column_inner width=\u00a0\u00bb1\/2&Prime; css=\u00a0\u00bb.vc_custom_1599832969213{background-color: #0a0a0a !important;}\u00a0\u00bb][vc_column_text]<\/p>\n<h3 class=\"who\"><span style=\"color: #ffffff;\">Kitesurfer aujourd&rsquo;hui, snowkiter demain ?<\/span><\/h3>\n<p>[\/vc_column_text][vc_empty_space][vc_column_text]<\/p>\n<h5><span style=\"color: #ffffff;\">Notre premier article sort sur WhenWhereKite, le plus grand blog de kite en France ! L&rsquo;article est disponible en fran\u00e7ais et en anglais.<\/span><\/h5>\n<p>&nbsp;<\/p>\n<p><span style=\"color: #ffffff;\"><strong>Media<\/strong>: whenWhereKite.com<\/span><\/p>\n<p><span style=\"color: #ffffff;\">26\/09\/2020<\/span>[\/vc_column_text][vc_empty_space]<a href=\"https:\/\/whenwherekite.com\/Kitesurfer-today-snowkiter-tomorrow#articles\" target=\"_self\" class=\"edgtf-btn edgtf-btn-large edgtf-btn-solid\" rel=\"noopener\">\n\t\t\t<span class=\"edgtf-btn-text\">Lire l&#039;article<\/span>\n\t    <\/a>[vc_empty_space][\/vc_column_inner][vc_column_inner width=\u00a0\u00bb1\/2&Prime;][vc_gallery interval=\u00a0\u00bb3&Prime; images=\u00a0\u00bb11726&Prime; img_size=\u00a0\u00bbmedium\u00a0\u00bb][\/vc_column_inner][\/vc_row_inner][\/vc_column][\/vc_row]<\/p>\n<\/div>","protected":false},"excerpt":{"rendered":"<p>[vc_row][vc_column][vc_row_inner][vc_column_inner width=\u00a0\u00bb1\/2&Prime; css=\u00a0\u00bb.vc_custom_1599832969213{background-color: #0a0a0a !important;}\u00a0\u00bb][vc_column_text css=\u00a0\u00bb\u00a0\u00bb] Quand le snowkite ouvre les fronti\u00e8res ! [\/vc_column_text][vc_empty_space][vc_column_text css=\u00a0\u00bb\u00a0\u00bb] En f\u00e9vrier dernier, j\u2019ai envoy\u00e9 un groupe de passionn\u00e9s en Arm\u00e9nie pour une exp\u00e9dition snowkite dans une zone recul\u00e9e du nord du pays. R\u00e9sultat ? \ud83c\udfa5 Ils sont pass\u00e9s sur&#8230;<\/p>\n","protected":false},"author":1,"featured_media":0,"parent":0,"menu_order":0,"comment_status":"closed","ping_status":"closed","template":"","meta":{"_acf_changed":false,"_uag_custom_page_level_css":"","advgb_blocks_editor_width":"","advgb_blocks_columns_visual_guide":"","footnotes":""},"categories":[],"class_list":["post-9632","page","type-page","status-publish","hentry"],"acf":[],"uagb_featured_image_src":{"full":false,"thumbnail":false,"medium":false,"medium_large":false,"large":false,"1536x1536":false,"2048x2048":false,"freestyle_edge_square":false,"freestyle_edge_landscape":false,"freestyle_edge_portrait":false,"freestyle_edge_large_width":false,"freestyle_edge_large_height":false,"freestyle_edge_large_width_height":false,"woocommerce_thumbnail":false,"woocommerce_single":false,"woocommerce_gallery_thumbnail":false,"variation_swatches_image_size":false,"variation_swatches_tooltip_size":false},"uagb_author_info":{"display_name":"Snowkite","author_link":"https:\/\/www.snowkitesensation.com\/fr\/author\/snowkite\/"},"uagb_comment_info":0,"uagb_excerpt":"[vc_row][vc_column][vc_row_inner][vc_column_inner width=\u00a0\u00bb1\/2&Prime; css=\u00a0\u00bb.vc_custom_1599832969213{background-color: #0a0a0a !important;}\u00a0\u00bb][vc_column_text css=\u00a0\u00bb\u00a0\u00bb] Quand le snowkite ouvre les fronti\u00e8res ! [\/vc_column_text][vc_empty_space][vc_column_text css=\u00a0\u00bb\u00a0\u00bb] En f\u00e9vrier dernier, j\u2019ai envoy\u00e9 un groupe de passionn\u00e9s en Arm\u00e9nie pour une exp\u00e9dition snowkite dans une zone recul\u00e9e du nord du pays. R\u00e9sultat ? \ud83c\udfa5 Ils sont pass\u00e9s sur...","coauthors":[],"author_meta":{"author_link":"https:\/\/www.snowkitesensation.com\/fr\/author\/snowkite\/","display_name":"Snowkite"},"relative_dates":{"created":"Publi\u00e9 6 ans il y a","modified":"Mis \u00e0 jour 9 mois il y a"},"absolute_dates":{"created":"Publi\u00e9 le septembre 26, 2020","modified":"Mise \u00e0 jour le ao\u00fbt 8, 2025"},"absolute_dates_time":{"created":"Publi\u00e9 le septembre 26, 2020 12:47 pm","modified":"Mise \u00e0 jour le ao\u00fbt 8, 2025 3:08 pm"},"featured_img_caption":"","featured_img":false,"series_order":"","_links":{"self":[{"href":"https:\/\/www.snowkitesensation.com\/fr\/wp-json\/wp\/v2\/pages\/9632","targetHints":{"allow":["GET"]}}],"collection":[{"href":"https:\/\/www.snowkitesensation.com\/fr\/wp-json\/wp\/v2\/pages"}],"about":[{"href":"https:\/\/www.snowkitesensation.com\/fr\/wp-json\/wp\/v2\/types\/page"}],"author":[{"embeddable":true,"href":"https:\/\/www.snowkitesensation.com\/fr\/wp-json\/wp\/v2\/users\/1"}],"replies":[{"embeddable":true,"href":"https:\/\/www.snowkitesensation.com\/fr\/wp-json\/wp\/v2\/comments?post=9632"}],"version-history":[{"count":22,"href":"https:\/\/www.snowkitesensation.com\/fr\/wp-json\/wp\/v2\/pages\/9632\/revisions"}],"predecessor-version":[{"id":18478,"href":"https:\/\/www.snowkitesensation.com\/fr\/wp-json\/wp\/v2\/pages\/9632\/revisions\/18478"}],"wp:attachment":[{"href":"https:\/\/www.snowkitesensation.com\/fr\/wp-json\/wp\/v2\/media?parent=9632"}],"wp:term":[{"taxonomy":"category","embeddable":true,"href":"https:\/\/www.snowkitesensation.com\/fr\/wp-json\/wp\/v2\/categories?post=9632"}],"curies":[{"name":"wp","href":"https:\/\/api.w.org\/{rel}","templated":true}]}}