{"id":9648,"date":"2020-09-15T14:48:52","date_gmt":"2020-09-15T14:48:52","guid":{"rendered":"https:\/\/www.snowkitesensation.com\/?page_id=9648"},"modified":"2025-10-22T14:18:35","modified_gmt":"2025-10-22T14:18:35","slug":"courses-snowkite","status":"publish","type":"page","link":"https:\/\/www.snowkitesensation.com\/fr\/courses-snowkite\/","title":{"rendered":"Courses de Snowkite"},"content":{"rendered":"<div class=\"wpb-content-wrapper\"><p>[vc_row css=\u00a0\u00bb.vc_custom_1600088229472{background-color: #0a0002 !important;}\u00a0\u00bb][vc_column width=\u00a0\u00bb1\/2&Prime;][vc_empty_space][vc_column_text css=\u00a0\u00bb\u00a0\u00bb]<\/p>\n<h2><strong><span style=\"color: #ffffff;\">SNOWKITE MASTER\u00a0<\/span><\/strong><\/h2>\n<p>&nbsp;<\/p>\n<p><span style=\"color: #ffffff;\">Snowkite Master du 26 Mars au 29 Mars 2026<\/span>[\/vc_column_text][vc_empty_space][mvc_countdown style=\u00a0\u00bbodHMS\u00a0\u00bb year=\u00a0\u00bb1&Prime; month=\u00a0\u00bb2&Prime; date=\u00a0\u00bb18&Prime;][vc_column_text css=\u00a0\u00bb\u00a0\u00bb]<\/p>\n<p data-start=\"77\" data-end=\"340\"><span style=\"color: #ffffff;\"><strong data-start=\"77\" data-end=\"142\">Vivez l\u2019adr\u00e9naline du snowkite au c\u0153ur des Alpes fran\u00e7aises !<\/strong><\/span><br data-start=\"142\" data-end=\"145\" \/><span style=\"color: #ffffff;\">Le <strong data-start=\"148\" data-end=\"168\">Snowkite Masters<\/strong> revient \u00e0 <strong data-start=\"179\" data-end=\"205\">Serre-Chevalier Vall\u00e9e<\/strong> du <strong data-start=\"209\" data-end=\"231\">26 au 29 mars 2026<\/strong>, transformant le mythique <strong data-start=\"258\" data-end=\"277\">Col du Lautaret<\/strong> en v\u00e9ritable terrain de jeu pour les riders du monde entier.<\/span><\/p>\n<p data-start=\"342\" data-end=\"522\"><span style=\"color: #ffffff;\">Quatre jours de <strong data-start=\"358\" data-end=\"371\">freestyle<\/strong>, de <strong data-start=\"376\" data-end=\"388\">freerace<\/strong> et de <strong data-start=\"395\" data-end=\"414\">pure adr\u00e9naline<\/strong>\u00a0que vous soyez en comp\u00e9tition ou simplement l\u00e0 pour le plaisir, c\u2019est <strong data-start=\"487\" data-end=\"519\">l\u2019\u00e9v\u00e9nement \u00e0 ne pas manquer<\/strong>.<\/span><\/p>\n<p data-start=\"524\" data-end=\"584\"><span style=\"color: #ffffff;\"><strong data-start=\"524\" data-end=\"584\">Le Snowkite Masters vous attend rejoignez l\u2019aventure !<\/strong><\/span><\/p>\n<p data-start=\"524\" data-end=\"584\"><strong><span style=\"color: #ffffff;\">Pour plus d&rsquo;informations demandez \u00e0 la chat boxe<\/span><\/strong><\/p>\n<p>[\/vc_column_text][vc_empty_space][vc_empty_space][\/vc_column][vc_column width=\u00a0\u00bb1\/2&Prime;][vc_empty_space][vc_video link=\u00a0\u00bbhttps:\/\/www.youtube.com\/watch?v=cJS_ah86_O8&Prime; align=\u00a0\u00bbcenter\u00a0\u00bb css=\u00a0\u00bb\u00a0\u00bb][vc_empty_space][\/vc_column][\/vc_row][vc_row][vc_column][vc_empty_space][\/vc_column][\/vc_row][vc_row css=\u00a0\u00bb.vc_custom_1600088229472{background-color: #0a0002 !important;}\u00a0\u00bb][vc_column width=\u00a0\u00bb1\/2&Prime;][vc_empty_space][vc_column_text css=\u00a0\u00bb\u00a0\u00bb]<\/p>\n<h2><span style=\"color: #ffffff;\"><strong>Red Bull Ragnarok \u2013 Norv\u00e8ge, course<br \/>\ntemporairement interrompue<\/strong><\/span><\/h2>\n<p>[\/vc_column_text][vc_empty_space][mvc_countdown style=\u00a0\u00bbodHMS\u00a0\u00bb year=\u00a0\u00bb0&Prime; month=\u00a0\u00bb0&Prime; date=\u00a0\u00bb0&Prime;][vc_column_text css=\u00a0\u00bb\u00a0\u00bb]<span style=\"color: #ffffff;\"><strong data-start=\"77\" data-end=\"201\">Apr\u00e8s quelques ann\u00e9es de pause, l\u2019\u00e9v\u00e9nement de snowkite le plus l\u00e9gendaire au monde se pr\u00e9pare \u00e0 faire son grand retour.<\/strong><\/span><\/p>\n<p><br data-start=\"201\" data-end=\"204\" \/><span style=\"color: #ffffff;\">Temporairement interrompue par la pand\u00e9mie mondiale, la <strong data-start=\"260\" data-end=\"281\">Red Bull Ragnarok<\/strong>, organis\u00e9e \u00e0 l\u2019origine \u00e0 <strong data-start=\"307\" data-end=\"328\" data-is-only-node=\"\">Uvdal, en Norv\u00e8ge<\/strong>, demeure l\u2019un des rassemblements les plus embl\u00e9matiques de la sc\u00e8ne snowkite internationale. Des riders du monde entier attendent avec impatience l\u2019annonce de Red Bull concernant la prochaine \u00e9dition de cette course d\u2019endurance mythique \u00e0 travers le <strong data-start=\"579\" data-end=\"608\">plateau du Hardangervidda<\/strong>.<\/span><\/p>\n<p data-start=\"613\" data-end=\"763\" data-is-last-node=\"\" data-is-only-node=\"\"><span style=\"color: #ffffff;\">Restez connect\u00e9s pour ne rien manquer et soyez les premiers inform\u00e9s de l\u2019ouverture des inscriptions\u00a0 <strong data-start=\"716\" data-end=\"763\" data-is-last-node=\"\">abonnez-vous \u00e0 notre newsletter ci-dessous.<\/strong><\/span><\/p>\n<p>[\/vc_column_text][vc_empty_space]<a href=\"https:\/\/www.snowkitesensation.com\/fr\/snowkite-destination\/red-bull-ragnarok-norvege\/\" target=\"_self\" style=\"background-color: #dd8706\" class=\"edgtf-btn edgtf-btn-large edgtf-btn-solid\"  >\n\t\t\t<span class=\"edgtf-btn-text\">J&#039;attends...<\/span>\n\t    <\/a>[vc_empty_space][\/vc_column][vc_column width=\u00a0\u00bb1\/2&Prime;][vc_empty_space][vc_video link=\u00a0\u00bbhttps:\/\/youtu.be\/tqn7POtQC6s\u00a0\u00bb][vc_empty_space][\/vc_column][\/vc_row]<\/p>\n<\/div>","protected":false},"excerpt":{"rendered":"<p>[vc_row css=\u00a0\u00bb.vc_custom_1600088229472{background-color: #0a0002 !important;}\u00a0\u00bb][vc_column width=\u00a0\u00bb1\/2&Prime;][vc_empty_space][vc_column_text css=\u00a0\u00bb\u00a0\u00bb] SNOWKITE MASTER\u00a0 &nbsp; Snowkite Master du 26 Mars au 29 Mars 2026[\/vc_column_text][vc_empty_space][mvc_countdown style=\u00a0\u00bbodHMS\u00a0\u00bb year=\u00a0\u00bb1&Prime; month=\u00a0\u00bb2&Prime; date=\u00a0\u00bb18&Prime;][vc_column_text css=\u00a0\u00bb\u00a0\u00bb] Vivez l\u2019adr\u00e9naline du snowkite au c\u0153ur des Alpes fran\u00e7aises !Le Snowkite Masters revient \u00e0 Serre-Chevalier Vall\u00e9e du 26 au 29 mars 2026,&#8230;<\/p>\n","protected":false},"author":1,"featured_media":0,"parent":0,"menu_order":0,"comment_status":"closed","ping_status":"closed","template":"","meta":{"_acf_changed":false,"_uag_custom_page_level_css":"","advgb_blocks_editor_width":"","advgb_blocks_columns_visual_guide":"","footnotes":""},"categories":[],"class_list":["post-9648","page","type-page","status-publish","hentry"],"acf":[],"aioseo_notices":[],"uagb_featured_image_src":{"full":false,"thumbnail":false,"medium":false,"medium_large":false,"large":false,"1536x1536":false,"2048x2048":false,"freestyle_edge_square":false,"freestyle_edge_landscape":false,"freestyle_edge_portrait":false,"freestyle_edge_large_width":false,"freestyle_edge_large_height":false,"freestyle_edge_large_width_height":false,"woocommerce_thumbnail":false,"woocommerce_single":false,"woocommerce_gallery_thumbnail":false,"variation_swatches_image_size":false,"variation_swatches_tooltip_size":false},"uagb_author_info":{"display_name":"Snowkite","author_link":"https:\/\/www.snowkitesensation.com\/fr\/author\/snowkite\/"},"uagb_comment_info":0,"uagb_excerpt":"[vc_row css=\u00a0\u00bb.vc_custom_1600088229472{background-color: #0a0002 !important;}\u00a0\u00bb][vc_column width=\u00a0\u00bb1\/2&Prime;][vc_empty_space][vc_column_text css=\u00a0\u00bb\u00a0\u00bb] SNOWKITE MASTER\u00a0 &nbsp; Snowkite Master du 26 Mars au 29 Mars 2026[\/vc_column_text][vc_empty_space][mvc_countdown style=\u00a0\u00bbodHMS\u00a0\u00bb year=\u00a0\u00bb1&Prime; month=\u00a0\u00bb2&Prime; date=\u00a0\u00bb18&Prime;][vc_column_text css=\u00a0\u00bb\u00a0\u00bb] Vivez l\u2019adr\u00e9naline du snowkite au c\u0153ur des Alpes fran\u00e7aises !Le Snowkite Masters revient \u00e0 Serre-Chevalier Vall\u00e9e du 26 au 29 mars 2026,...","coauthors":[],"author_meta":{"author_link":"https:\/\/www.snowkitesensation.com\/fr\/author\/snowkite\/","display_name":"Snowkite"},"relative_dates":{"created":"Publi\u00e9 6 ans il y a","modified":"Mis \u00e0 jour 6 mois il y a"},"absolute_dates":{"created":"Publi\u00e9 le septembre 15, 2020","modified":"Mise \u00e0 jour le octobre 22, 2025"},"absolute_dates_time":{"created":"Publi\u00e9 le septembre 15, 2020 2:48 pm","modified":"Mise \u00e0 jour le octobre 22, 2025 2:18 pm"},"featured_img_caption":"","featured_img":false,"series_order":"","_links":{"self":[{"href":"https:\/\/www.snowkitesensation.com\/fr\/wp-json\/wp\/v2\/pages\/9648","targetHints":{"allow":["GET"]}}],"collection":[{"href":"https:\/\/www.snowkitesensation.com\/fr\/wp-json\/wp\/v2\/pages"}],"about":[{"href":"https:\/\/www.snowkitesensation.com\/fr\/wp-json\/wp\/v2\/types\/page"}],"author":[{"embeddable":true,"href":"https:\/\/www.snowkitesensation.com\/fr\/wp-json\/wp\/v2\/users\/1"}],"replies":[{"embeddable":true,"href":"https:\/\/www.snowkitesensation.com\/fr\/wp-json\/wp\/v2\/comments?post=9648"}],"version-history":[{"count":34,"href":"https:\/\/www.snowkitesensation.com\/fr\/wp-json\/wp\/v2\/pages\/9648\/revisions"}],"predecessor-version":[{"id":19480,"href":"https:\/\/www.snowkitesensation.com\/fr\/wp-json\/wp\/v2\/pages\/9648\/revisions\/19480"}],"wp:attachment":[{"href":"https:\/\/www.snowkitesensation.com\/fr\/wp-json\/wp\/v2\/media?parent=9648"}],"wp:term":[{"taxonomy":"category","embeddable":true,"href":"https:\/\/www.snowkitesensation.com\/fr\/wp-json\/wp\/v2\/categories?post=9648"}],"curies":[{"name":"wp","href":"https:\/\/api.w.org\/{rel}","templated":true}]}}