{"id":11752,"date":"2021-02-07T21:40:46","date_gmt":"2021-02-07T21:40:46","guid":{"rendered":"https:\/\/www.snowkitesensation.com\/product\/cheque-cadeau-500eu\/"},"modified":"2022-01-11T14:45:35","modified_gmt":"2022-01-11T14:45:35","slug":"snowkite-avec-un-champion","status":"publish","type":"product","link":"https:\/\/www.snowkitesensation.com\/fr\/produit\/voucher-snowkite\/voucher-col-du-lautaret-fr\/snowkite-avec-un-champion\/","title":{"rendered":"Une journ\u00e9e avec le champion du monde \u00e0 Serre Chevalier (jusqu&rsquo;a 3 personnes) !"},"content":{"rendered":"<p>&nbsp;<\/p>\n<p>&nbsp;<\/p>\n","protected":false},"excerpt":{"rendered":"<p>Offrez-vous une excursion snowkite avec le champion du monde Johann Civel ! Profitez d&rsquo;une journ\u00e9e enti\u00e8re sur le spot de snowkite le plus connu au monde, au fameux col du Lautaret . <strong>Trois personnes maximum<\/strong>. La location du harnais et du kite est incluse. Si vous avez besoin d&rsquo;une location de skis n&rsquo;h\u00e9sitez pas \u00e0 nous contacter nous avons des r\u00e9ductions dans les magasins pr\u00e8s du spot !<\/p>\n<p>Une fois r\u00e9serv\u00e9e il suffit de nous contacter par email ou t\u00e9l\u00e9phone pour choisir vos dates. Bon valable un an apr\u00e8s la date d&rsquo;achat.<\/p>\n<p><strong>Attention :<\/strong> bon valide uniquement pour les kiters en skis.<\/p>\n<p><strong>Veuillez venir avec un casque. La location de skis n&rsquo;est pas incluse.<\/strong><\/p>\n<p>Petit teaser: <a href=\"https:\/\/vimeo.com\/514696226\" target=\"_blank\" rel=\"noopener\">Serre Chevalier col du Lautaret<\/a><\/p>\n","protected":false},"author":6,"featured_media":15534,"comment_status":"closed","ping_status":"closed","template":"","meta":{"_acf_changed":false,"_uag_custom_page_level_css":"","advgb_blocks_editor_width":"","advgb_blocks_columns_visual_guide":""},"product_brand":[],"product_cat":[283,431],"product_tag":[353],"class_list":{"0":"post-11752","1":"product","2":"type-product","3":"status-publish","4":"has-post-thumbnail","6":"product_cat-voucher-snowkite","7":"product_cat-voucher-col-du-lautaret-fr","8":"product_tag-bon-cadeaux-serre-chevalier","9":"product_shipping_class-gratuit","10":"pa_localisation-serre-chevalier-fr","12":"first","13":"instock","14":"downloadable","15":"virtual","16":"taxable","17":"purchasable","18":"product-type-simple"},"acf":[],"aioseo_notices":[],"uagb_featured_image_src":{"full":["https:\/\/www.snowkitesensation.com\/wp-content\/uploads\/2021\/02\/WhatsApp-Image-2022-01-11-at-15.43.21.jpeg",2048,2048,false],"thumbnail":["https:\/\/www.snowkitesensation.com\/wp-content\/uploads\/2021\/02\/WhatsApp-Image-2022-01-11-at-15.43.21-300x300.jpeg",300,300,true],"medium":["https:\/\/www.snowkitesensation.com\/wp-content\/uploads\/2021\/02\/WhatsApp-Image-2022-01-11-at-15.43.21-600x600.jpeg",600,600,true],"medium_large":["https:\/\/www.snowkitesensation.com\/wp-content\/uploads\/2021\/02\/WhatsApp-Image-2022-01-11-at-15.43.21-768x768.jpeg",768,768,true],"large":["https:\/\/www.snowkitesensation.com\/wp-content\/uploads\/2021\/02\/WhatsApp-Image-2022-01-11-at-15.43.21-2048x2048.jpeg",1060,1060,true],"1536x1536":["https:\/\/www.snowkitesensation.com\/wp-content\/uploads\/2021\/02\/WhatsApp-Image-2022-01-11-at-15.43.21-1536x1536.jpeg",1536,1536,true],"2048x2048":["https:\/\/www.snowkitesensation.com\/wp-content\/uploads\/2021\/02\/WhatsApp-Image-2022-01-11-at-15.43.21-2048x2048.jpeg",2048,2048,true],"freestyle_edge_square":["https:\/\/www.snowkitesensation.com\/wp-content\/uploads\/2021\/02\/WhatsApp-Image-2022-01-11-at-15.43.21-550x550.jpeg",550,550,true],"freestyle_edge_landscape":["https:\/\/www.snowkitesensation.com\/wp-content\/uploads\/2021\/02\/WhatsApp-Image-2022-01-11-at-15.43.21-800x600.jpeg",800,600,true],"freestyle_edge_portrait":["https:\/\/www.snowkitesensation.com\/wp-content\/uploads\/2021\/02\/WhatsApp-Image-2022-01-11-at-15.43.21-600x800.jpeg",600,800,true],"freestyle_edge_large_width":["https:\/\/www.snowkitesensation.com\/wp-content\/uploads\/2021\/02\/WhatsApp-Image-2022-01-11-at-15.43.21-1100x550.jpeg",1100,550,true],"freestyle_edge_large_height":["https:\/\/www.snowkitesensation.com\/wp-content\/uploads\/2021\/02\/WhatsApp-Image-2022-01-11-at-15.43.21-550x1100.jpeg",550,1100,true],"freestyle_edge_large_width_height":["https:\/\/www.snowkitesensation.com\/wp-content\/uploads\/2021\/02\/WhatsApp-Image-2022-01-11-at-15.43.21-1100x1100.jpeg",1100,1100,true],"woocommerce_thumbnail":["https:\/\/www.snowkitesensation.com\/wp-content\/uploads\/2021\/02\/WhatsApp-Image-2022-01-11-at-15.43.21-300x300.jpeg",300,300,true],"woocommerce_single":["https:\/\/www.snowkitesensation.com\/wp-content\/uploads\/2021\/02\/WhatsApp-Image-2022-01-11-at-15.43.21-600x600.jpeg",600,600,true],"woocommerce_gallery_thumbnail":["https:\/\/www.snowkitesensation.com\/wp-content\/uploads\/2021\/02\/WhatsApp-Image-2022-01-11-at-15.43.21-100x100.jpeg",100,100,true],"variation_swatches_image_size":["https:\/\/www.snowkitesensation.com\/wp-content\/uploads\/2021\/02\/WhatsApp-Image-2022-01-11-at-15.43.21.jpeg",50,50,false],"variation_swatches_tooltip_size":["https:\/\/www.snowkitesensation.com\/wp-content\/uploads\/2021\/02\/WhatsApp-Image-2022-01-11-at-15.43.21.jpeg",100,100,false]},"uagb_author_info":{"display_name":"Cyrielle Sixt","author_link":"https:\/\/www.snowkitesensation.com\/fr\/author\/snowkitedev\/"},"uagb_comment_info":0,"uagb_excerpt":"Offrez-vous une excursion snowkite avec le champion du monde Johann Civel ! Profitez d'une journ\u00e9e enti\u00e8re sur le spot de snowkite le plus connu au monde, au fameux col du Lautaret . Trois personnes maximum. La location du harnais et du kite est incluse. Si vous avez besoin d'une location de skis n'h\u00e9sitez pas \u00e0\u2026","featured_img":"https:\/\/www.snowkitesensation.com\/wp-content\/uploads\/2021\/02\/WhatsApp-Image-2022-01-11-at-15.43.21.jpeg","coauthors":[],"author_meta":{"author_link":"https:\/\/www.snowkitesensation.com\/fr\/author\/snowkitedev\/","display_name":"Cyrielle Sixt"},"relative_dates":{"created":"Publi\u00e9 5 ans il y a","modified":"Mis \u00e0 jour 4 ans il y a"},"absolute_dates":{"created":"Publi\u00e9 le f\u00e9vrier 7, 2021","modified":"Mise \u00e0 jour le janvier 11, 2022"},"absolute_dates_time":{"created":"Publi\u00e9 le f\u00e9vrier 7, 2021 9:40 pm","modified":"Mise \u00e0 jour le janvier 11, 2022 2:45 pm"},"featured_img_caption":"","tax_additional":{"product_brand":{"linked":[],"unlinked":[],"slug":"product_brand","name":"Marques"},"product_type":{"linked":["<a href=\"https:\/\/www.snowkitesensation.com\/fr\/?taxonomy=product_type&#038;term=simple\" class=\"advgb-post-tax-term\">simple<\/a>"],"unlinked":["<span class=\"advgb-post-tax-term\">simple<\/span>"],"slug":"product_type","name":"Type de produit"},"product_visibility":{"linked":[],"unlinked":[],"slug":"product_visibility","name":"Visibilit\u00e9 du produit"},"product_cat":{"linked":["<a href=\"https:\/\/www.snowkitesensation.com\/fr\/boutique-kite\/voucher-snowkite\/\" class=\"advgb-post-tax-term\">Reserver un Cours<\/a>","<a href=\"https:\/\/www.snowkitesensation.com\/fr\/boutique-kite\/voucher-snowkite\/voucher-col-du-lautaret-fr\/\" class=\"advgb-post-tax-term\">snowkite au Lautaret<\/a>"],"unlinked":["<span class=\"advgb-post-tax-term\">Reserver un Cours<\/span>","<span class=\"advgb-post-tax-term\">snowkite au Lautaret<\/span>"],"slug":"product_cat","name":"Cat\u00e9gories de produits"},"product_tag":{"linked":["<a href=\"https:\/\/www.snowkitesensation.com\/fr\/boutique-equipement\/bon-cadeaux-serre-chevalier\/\" class=\"advgb-post-tax-term\">Bon cadeaux Serre Chevalier<\/a>"],"unlinked":["<span class=\"advgb-post-tax-term\">Bon cadeaux Serre Chevalier<\/span>"],"slug":"product_tag","name":"\u00c9tiquettes produit"},"product_shipping_class":{"linked":["<a href=\"https:\/\/www.snowkitesensation.com\/fr\/?taxonomy=product_shipping_class&#038;term=gratuit\" class=\"advgb-post-tax-term\">Gratuit<\/a>"],"unlinked":["<span class=\"advgb-post-tax-term\">Gratuit<\/span>"],"slug":"product_shipping_class","name":"Classe d\u2019exp\u00e9dition du produit"},"pos_product_visibility":{"linked":[],"unlinked":[],"slug":"pos_product_visibility","name":"Visibilit\u00e9 du produit sur le point de vente"},"pa_brand":{"linked":[],"unlinked":[],"slug":"pa_brand","name":"Product Brand"},"pa_carbon":{"linked":[],"unlinked":[],"slug":"pa_carbon","name":"Product Increase the hardness with carbon"},"pa_country-voucher":{"linked":[],"unlinked":[],"slug":"pa_country-voucher","name":"Product Country"},"pa_graphics":{"linked":[],"unlinked":[],"slug":"pa_graphics","name":"Product Personal graphics or personal geometry"},"pa_how-many-people":{"linked":[],"unlinked":[],"slug":"pa_how-many-people","name":"Product How many people"},"pa_localisation":{"linked":["<a href=\"https:\/\/www.snowkitesensation.com\/fr\/kite-shop\/localisation\/serre-chevalier-fr\/\" class=\"advgb-post-tax-term\">Serre Chevalier<\/a>"],"unlinked":["<span class=\"advgb-post-tax-term\">Serre Chevalier<\/span>"],"slug":"pa_localisation","name":"Product Localisation"},"pa_supplier":{"linked":[],"unlinked":[],"slug":"pa_supplier","name":"Product Supplier"},"translation_priority":{"linked":["<a href=\"https:\/\/www.snowkitesensation.com\/fr\/?taxonomy=translation_priority&#038;term=optionel\" class=\"advgb-post-tax-term\">Optionel<\/a>"],"unlinked":["<span class=\"advgb-post-tax-term\">Optionel<\/span>"],"slug":"translation_priority","name":"Priorit\u00e9s de traduction"}},"series_order":"","_links":{"self":[{"href":"https:\/\/www.snowkitesensation.com\/fr\/wp-json\/wp\/v2\/product\/11752","targetHints":{"allow":["GET"]}}],"collection":[{"href":"https:\/\/www.snowkitesensation.com\/fr\/wp-json\/wp\/v2\/product"}],"about":[{"href":"https:\/\/www.snowkitesensation.com\/fr\/wp-json\/wp\/v2\/types\/product"}],"replies":[{"embeddable":true,"href":"https:\/\/www.snowkitesensation.com\/fr\/wp-json\/wp\/v2\/comments?post=11752"}],"wp:featuredmedia":[{"embeddable":true,"href":"https:\/\/www.snowkitesensation.com\/fr\/wp-json\/wp\/v2\/media\/15534"}],"wp:attachment":[{"href":"https:\/\/www.snowkitesensation.com\/fr\/wp-json\/wp\/v2\/media?parent=11752"}],"wp:term":[{"taxonomy":"product_brand","embeddable":true,"href":"https:\/\/www.snowkitesensation.com\/fr\/wp-json\/wp\/v2\/product_brand?post=11752"},{"taxonomy":"product_cat","embeddable":true,"href":"https:\/\/www.snowkitesensation.com\/fr\/wp-json\/wp\/v2\/product_cat?post=11752"},{"taxonomy":"product_tag","embeddable":true,"href":"https:\/\/www.snowkitesensation.com\/fr\/wp-json\/wp\/v2\/product_tag?post=11752"}],"curies":[{"name":"wp","href":"https:\/\/api.w.org\/{rel}","templated":true}]}}