{"id":11753,"date":"2021-02-06T21:05:58","date_gmt":"2021-02-06T21:05:58","guid":{"rendered":"https:\/\/www.snowkitesensation.com\/product\/cheque-cadeau-135eu\/"},"modified":"2025-08-26T10:49:00","modified_gmt":"2025-08-26T10:49:00","slug":"3-hour-snowkiting-voucher","status":"publish","type":"product","link":"https:\/\/www.snowkitesensation.com\/fr\/produit\/voucher-snowkite\/voucher-col-du-lautaret-fr\/3-hour-snowkiting-voucher\/","title":{"rendered":"3 HEURES DE SNOWKITE POUR SKIEURS AU COL DU LAUTARET"},"content":{"rendered":"<p>Offrez 3h d\u2019initiation snowkite (ski kite) a un ami ou membre de la famille au mondialement connu col du Lautaret ! La location du harnais et du kite est inclus. Si vous avez besoin d&rsquo;une location de skis h\u00e9sitez pas \u00e0 nous contacter nous avons des r\u00e9ductions dans les magasins pr\u00eat du spot !<\/p>\n<p>Ce bon est seulement valable pour les skieurs kiteurs. (<a href=\"https:\/\/www.snowkitesensation.com\/fr\/produit\/voucher-snowkite\/voucher-col-du-lautaret-fr\/2-heures-de-snowkite-prive-au-col-du-lautaret\/\">Bon diff\u00e9rent pour snowboarders<\/a>)<\/p>\n<p>Une fois r\u00e9serv\u00e9e il suffit de nous contacter par email ou t\u00e9l\u00e9phone pour choisir vos dates. Bon valable un an apr\u00e8s la date d\u2019achat.<\/p>\n<p>Cliquez sur notre <a href=\"https:\/\/vimeo.com\/514696226\" target=\"_blank\" rel=\"noopener\">teaser<\/a> afin de voir ce qui vous attend !<\/p>\n","protected":false},"excerpt":{"rendered":"<p>Offrez 3h d\u2019initiation snowkite (ski kite) a un ami ou membre de la famille au mondialement connu col du Lautaret ! La location du harnais et du kite est inclus. Si avez besoin d\u2019une location de snowboard h\u00e9sitez pas \u00e0 nous contacter nous avons des r\u00e9ductions dans les magasins pr\u00eat du spot.<\/p>\n<p>Ce bon est seulement valable pour les skieurs kiteurs. <a href=\"https:\/\/www.snowkitesensation.com\/fr\/produit\/voucher-snowkite\/voucher-col-du-lautaret-fr\/2-heures-de-snowkite-prive-au-col-du-lautaret\/\">(Bon diff\u00e9rent pour snowboarders)<\/a><\/p>\n<p>La location de snowboard ou ski n\u2019est pas inclus.<\/p>\n<p><strong>Veuillez venir avec un casque.<\/strong> <strong>La location de skis n\u2019est pas incluse.<\/strong><\/p>\n<p><strong>Une fois r\u00e9serv\u00e9e il suffit de nous contacter par email ou t\u00e9l\u00e9phone pour choisir vos dates. Bon valable un an apr\u00e8s la date d\u2019achat. <\/strong><\/p>\n<p>Cliquez sur notre <a href=\"https:\/\/vimeo.com\/514696226\" target=\"_blank\" rel=\"noopener\">teaser<\/a> afin de voir ce qui vous attend ! Profitez-en bien !<\/p>\n","protected":false},"author":6,"featured_media":18522,"comment_status":"open","ping_status":"closed","template":"","meta":{"_acf_changed":false,"_uag_custom_page_level_css":"","advgb_blocks_editor_width":"","advgb_blocks_columns_visual_guide":""},"product_brand":[],"product_cat":[283,431],"product_tag":[353],"class_list":{"0":"post-11753","1":"product","2":"type-product","3":"status-publish","4":"has-post-thumbnail","6":"product_cat-voucher-snowkite","7":"product_cat-voucher-col-du-lautaret-fr","8":"product_tag-bon-cadeaux-serre-chevalier","9":"product_shipping_class-gratuit","11":"first","12":"instock","13":"downloadable","14":"virtual","15":"taxable","16":"purchasable","17":"product-type-simple"},"acf":[],"aioseo_notices":[],"uagb_featured_image_src":{"full":["https:\/\/www.snowkitesensation.com\/wp-content\/uploads\/2021\/02\/150-lautaret-ski.png",1080,1080,false],"thumbnail":["https:\/\/www.snowkitesensation.com\/wp-content\/uploads\/2021\/02\/150-lautaret-ski-300x300.png",300,300,true],"medium":["https:\/\/www.snowkitesensation.com\/wp-content\/uploads\/2021\/02\/150-lautaret-ski-600x600.png",600,600,true],"medium_large":["https:\/\/www.snowkitesensation.com\/wp-content\/uploads\/2021\/02\/150-lautaret-ski-768x768.png",768,768,true],"large":["https:\/\/www.snowkitesensation.com\/wp-content\/uploads\/2021\/02\/150-lautaret-ski.png",1060,1060,false],"1536x1536":["https:\/\/www.snowkitesensation.com\/wp-content\/uploads\/2021\/02\/150-lautaret-ski.png",1080,1080,false],"2048x2048":["https:\/\/www.snowkitesensation.com\/wp-content\/uploads\/2021\/02\/150-lautaret-ski.png",1080,1080,false],"freestyle_edge_square":["https:\/\/www.snowkitesensation.com\/wp-content\/uploads\/2021\/02\/150-lautaret-ski-550x550.png",550,550,true],"freestyle_edge_landscape":["https:\/\/www.snowkitesensation.com\/wp-content\/uploads\/2021\/02\/150-lautaret-ski-800x600.png",800,600,true],"freestyle_edge_portrait":["https:\/\/www.snowkitesensation.com\/wp-content\/uploads\/2021\/02\/150-lautaret-ski-600x800.png",600,800,true],"freestyle_edge_large_width":["https:\/\/www.snowkitesensation.com\/wp-content\/uploads\/2021\/02\/150-lautaret-ski-1080x550.png",1080,550,true],"freestyle_edge_large_height":["https:\/\/www.snowkitesensation.com\/wp-content\/uploads\/2021\/02\/150-lautaret-ski-550x1080.png",550,1080,true],"freestyle_edge_large_width_height":["https:\/\/www.snowkitesensation.com\/wp-content\/uploads\/2021\/02\/150-lautaret-ski.png",1080,1080,false],"woocommerce_thumbnail":["https:\/\/www.snowkitesensation.com\/wp-content\/uploads\/2021\/02\/150-lautaret-ski-300x300.png",300,300,true],"woocommerce_single":["https:\/\/www.snowkitesensation.com\/wp-content\/uploads\/2021\/02\/150-lautaret-ski-600x600.png",600,600,true],"woocommerce_gallery_thumbnail":["https:\/\/www.snowkitesensation.com\/wp-content\/uploads\/2021\/02\/150-lautaret-ski-100x100.png",100,100,true],"variation_swatches_image_size":["https:\/\/www.snowkitesensation.com\/wp-content\/uploads\/2021\/02\/150-lautaret-ski-50x50.png",50,50,true],"variation_swatches_tooltip_size":["https:\/\/www.snowkitesensation.com\/wp-content\/uploads\/2021\/02\/150-lautaret-ski-100x100.png",100,100,true]},"uagb_author_info":{"display_name":"Cyrielle Sixt","author_link":"https:\/\/www.snowkitesensation.com\/fr\/author\/snowkitedev\/"},"uagb_comment_info":0,"uagb_excerpt":"Offrez 3h d\u2019initiation snowkite (ski kite) a un ami ou membre de la famille au mondialement connu col du Lautaret ! La location du harnais et du kite est inclus. Si avez besoin d\u2019une location de snowboard h\u00e9sitez pas \u00e0 nous contacter nous avons des r\u00e9ductions dans les magasins pr\u00eat du spot. Ce bon est\u2026","featured_img":"https:\/\/www.snowkitesensation.com\/wp-content\/uploads\/2021\/02\/150-lautaret-ski.png","coauthors":[],"author_meta":{"author_link":"https:\/\/www.snowkitesensation.com\/fr\/author\/snowkitedev\/","display_name":"Cyrielle Sixt"},"relative_dates":{"created":"Publi\u00e9 5 ans il y a","modified":"Mis \u00e0 jour 7 mois il y a"},"absolute_dates":{"created":"Publi\u00e9 le f\u00e9vrier 6, 2021","modified":"Mise \u00e0 jour le ao\u00fbt 26, 2025"},"absolute_dates_time":{"created":"Publi\u00e9 le f\u00e9vrier 6, 2021 9:05 pm","modified":"Mise \u00e0 jour le ao\u00fbt 26, 2025 10:49 am"},"featured_img_caption":"","tax_additional":{"product_brand":{"linked":[],"unlinked":[],"slug":"product_brand","name":"Marques"},"product_type":{"linked":["<a href=\"https:\/\/www.snowkitesensation.com\/fr\/?taxonomy=product_type&#038;term=simple\" class=\"advgb-post-tax-term\">simple<\/a>"],"unlinked":["<span class=\"advgb-post-tax-term\">simple<\/span>"],"slug":"product_type","name":"Type de produit"},"product_visibility":{"linked":["<a href=\"https:\/\/www.snowkitesensation.com\/fr\/?taxonomy=product_visibility&#038;term=rated-5\" class=\"advgb-post-tax-term\">rated-5<\/a>"],"unlinked":["<span class=\"advgb-post-tax-term\">rated-5<\/span>"],"slug":"product_visibility","name":"Visibilit\u00e9 du produit"},"product_cat":{"linked":["<a href=\"https:\/\/www.snowkitesensation.com\/fr\/boutique-kite\/voucher-snowkite\/\" class=\"advgb-post-tax-term\">Reserver un Cours<\/a>","<a href=\"https:\/\/www.snowkitesensation.com\/fr\/boutique-kite\/voucher-snowkite\/voucher-col-du-lautaret-fr\/\" class=\"advgb-post-tax-term\">snowkite au Lautaret<\/a>"],"unlinked":["<span class=\"advgb-post-tax-term\">Reserver un Cours<\/span>","<span class=\"advgb-post-tax-term\">snowkite au Lautaret<\/span>"],"slug":"product_cat","name":"Cat\u00e9gories de produits"},"product_tag":{"linked":["<a href=\"https:\/\/www.snowkitesensation.com\/fr\/boutique-equipement\/bon-cadeaux-serre-chevalier\/\" class=\"advgb-post-tax-term\">Bon cadeaux Serre Chevalier<\/a>"],"unlinked":["<span class=\"advgb-post-tax-term\">Bon cadeaux Serre Chevalier<\/span>"],"slug":"product_tag","name":"\u00c9tiquettes produit"},"product_shipping_class":{"linked":["<a href=\"https:\/\/www.snowkitesensation.com\/fr\/?taxonomy=product_shipping_class&#038;term=gratuit\" class=\"advgb-post-tax-term\">Gratuit<\/a>"],"unlinked":["<span class=\"advgb-post-tax-term\">Gratuit<\/span>"],"slug":"product_shipping_class","name":"Classe d\u2019exp\u00e9dition du produit"},"pos_product_visibility":{"linked":[],"unlinked":[],"slug":"pos_product_visibility","name":"Visibilit\u00e9 du produit sur le point de vente"},"pa_brand":{"linked":[],"unlinked":[],"slug":"pa_brand","name":"Product Brand"},"pa_carbon":{"linked":[],"unlinked":[],"slug":"pa_carbon","name":"Product Increase the hardness with carbon"},"pa_country-voucher":{"linked":[],"unlinked":[],"slug":"pa_country-voucher","name":"Product Country"},"pa_graphics":{"linked":[],"unlinked":[],"slug":"pa_graphics","name":"Product Personal graphics or personal geometry"},"pa_how-many-people":{"linked":[],"unlinked":[],"slug":"pa_how-many-people","name":"Product How many people"},"pa_localisation":{"linked":[],"unlinked":[],"slug":"pa_localisation","name":"Product Localisation"},"pa_supplier":{"linked":[],"unlinked":[],"slug":"pa_supplier","name":"Product Supplier"},"translation_priority":{"linked":["<a href=\"https:\/\/www.snowkitesensation.com\/fr\/?taxonomy=translation_priority&#038;term=optionel\" class=\"advgb-post-tax-term\">Optionel<\/a>"],"unlinked":["<span class=\"advgb-post-tax-term\">Optionel<\/span>"],"slug":"translation_priority","name":"Priorit\u00e9s de traduction"}},"series_order":"","_links":{"self":[{"href":"https:\/\/www.snowkitesensation.com\/fr\/wp-json\/wp\/v2\/product\/11753","targetHints":{"allow":["GET"]}}],"collection":[{"href":"https:\/\/www.snowkitesensation.com\/fr\/wp-json\/wp\/v2\/product"}],"about":[{"href":"https:\/\/www.snowkitesensation.com\/fr\/wp-json\/wp\/v2\/types\/product"}],"replies":[{"embeddable":true,"href":"https:\/\/www.snowkitesensation.com\/fr\/wp-json\/wp\/v2\/comments?post=11753"}],"wp:featuredmedia":[{"embeddable":true,"href":"https:\/\/www.snowkitesensation.com\/fr\/wp-json\/wp\/v2\/media\/18522"}],"wp:attachment":[{"href":"https:\/\/www.snowkitesensation.com\/fr\/wp-json\/wp\/v2\/media?parent=11753"}],"wp:term":[{"taxonomy":"product_brand","embeddable":true,"href":"https:\/\/www.snowkitesensation.com\/fr\/wp-json\/wp\/v2\/product_brand?post=11753"},{"taxonomy":"product_cat","embeddable":true,"href":"https:\/\/www.snowkitesensation.com\/fr\/wp-json\/wp\/v2\/product_cat?post=11753"},{"taxonomy":"product_tag","embeddable":true,"href":"https:\/\/www.snowkitesensation.com\/fr\/wp-json\/wp\/v2\/product_tag?post=11753"}],"curies":[{"name":"wp","href":"https:\/\/api.w.org\/{rel}","templated":true}]}}