{"id":13392,"date":"2021-10-06T12:18:54","date_gmt":"2021-10-06T12:18:54","guid":{"rendered":"https:\/\/www.snowkitesensation.com\/?post_type=product&#038;p=13392"},"modified":"2021-12-06T17:06:37","modified_gmt":"2021-12-06T17:06:37","slug":"2-heures-de-snowkite-prive-au-col-du-lautaret","status":"publish","type":"product","link":"https:\/\/www.snowkitesensation.com\/fr\/produit\/voucher-snowkite\/voucher-col-du-lautaret-fr\/2-heures-de-snowkite-prive-au-col-du-lautaret\/","title":{"rendered":"2 heures de snowkite priv\u00e9 pour snowboarder au col du Lautaret"},"content":{"rendered":"","protected":false},"excerpt":{"rendered":"<p>Offrez 2h d\u2019initiation snowkite priv\u00e9e \u00e0 un ami ou membre de la famille au mondialement connu col du Lautaret ! La location du harnais et du kite est inclus. Si avez besoin d&rsquo;une location de snowboard h\u00e9sitez pas \u00e0 nous contacter nous avons des r\u00e9ductions dans les magasins pr\u00eat du spot.<\/p>\n<p>Ce bon est seulement valable pour les snowboarders. (<a href=\"https:\/\/www.snowkitesensation.com\/fr\/produit\/voucher-snowkite\/bon-de-3-heures-pour-le-snowkite\/\">Bon diff\u00e9rent pour les skieurs<\/a>)<\/p>\n<p>Une fois r\u00e9serv\u00e9e il suffit de nous contacter par email ou t\u00e9l\u00e9phone pour choisir vos dates. Bon valable un an apr\u00e8s la date d\u2019achat.<\/p>\n<p><strong>Veuillez venir avec un casque. La location de snowboard n&rsquo;est pas incluse.<\/strong><\/p>\n<p>Cliquez sur notre <a href=\"https:\/\/vimeo.com\/514696226\" target=\"_blank\" rel=\"noopener\">teaser<\/a> afin de voir ce qui vous attend !<\/p>\n","protected":false},"author":1,"featured_media":13396,"comment_status":"closed","ping_status":"closed","template":"","meta":{"_acf_changed":false,"_uag_custom_page_level_css":"","advgb_blocks_editor_width":"","advgb_blocks_columns_visual_guide":""},"product_brand":[],"product_cat":[283,431],"product_tag":[353],"class_list":{"0":"post-13392","1":"product","2":"type-product","3":"status-publish","4":"has-post-thumbnail","6":"product_cat-voucher-snowkite","7":"product_cat-voucher-col-du-lautaret-fr","8":"product_tag-bon-cadeaux-serre-chevalier","9":"pa_localisation-serre-chevalier-fr","11":"first","12":"instock","13":"downloadable","14":"virtual","15":"taxable","16":"purchasable","17":"product-type-simple"},"acf":[],"aioseo_notices":[],"uagb_featured_image_src":{"full":["https:\/\/www.snowkitesensation.com\/wp-content\/uploads\/2021\/10\/244629844_169677142011985_1926551299188929315_n.jpg",1785,1785,false],"thumbnail":["https:\/\/www.snowkitesensation.com\/wp-content\/uploads\/2021\/10\/244629844_169677142011985_1926551299188929315_n-300x300.jpg",300,300,true],"medium":["https:\/\/www.snowkitesensation.com\/wp-content\/uploads\/2021\/10\/244629844_169677142011985_1926551299188929315_n-600x600.jpg",600,600,true],"medium_large":["https:\/\/www.snowkitesensation.com\/wp-content\/uploads\/2021\/10\/244629844_169677142011985_1926551299188929315_n-768x768.jpg",768,768,true],"large":["https:\/\/www.snowkitesensation.com\/wp-content\/uploads\/2021\/10\/244629844_169677142011985_1926551299188929315_n.jpg",1060,1060,false],"1536x1536":["https:\/\/www.snowkitesensation.com\/wp-content\/uploads\/2021\/10\/244629844_169677142011985_1926551299188929315_n-1536x1536.jpg",1536,1536,true],"2048x2048":["https:\/\/www.snowkitesensation.com\/wp-content\/uploads\/2021\/10\/244629844_169677142011985_1926551299188929315_n.jpg",1785,1785,false],"freestyle_edge_square":["https:\/\/www.snowkitesensation.com\/wp-content\/uploads\/2021\/10\/244629844_169677142011985_1926551299188929315_n-550x550.jpg",550,550,true],"freestyle_edge_landscape":["https:\/\/www.snowkitesensation.com\/wp-content\/uploads\/2021\/10\/244629844_169677142011985_1926551299188929315_n-800x600.jpg",800,600,true],"freestyle_edge_portrait":["https:\/\/www.snowkitesensation.com\/wp-content\/uploads\/2021\/10\/244629844_169677142011985_1926551299188929315_n-600x800.jpg",600,800,true],"freestyle_edge_large_width":["https:\/\/www.snowkitesensation.com\/wp-content\/uploads\/2021\/10\/244629844_169677142011985_1926551299188929315_n-1100x550.jpg",1100,550,true],"freestyle_edge_large_height":["https:\/\/www.snowkitesensation.com\/wp-content\/uploads\/2021\/10\/244629844_169677142011985_1926551299188929315_n-550x1100.jpg",550,1100,true],"freestyle_edge_large_width_height":["https:\/\/www.snowkitesensation.com\/wp-content\/uploads\/2021\/10\/244629844_169677142011985_1926551299188929315_n-1100x1100.jpg",1100,1100,true],"woocommerce_thumbnail":["https:\/\/www.snowkitesensation.com\/wp-content\/uploads\/2021\/10\/244629844_169677142011985_1926551299188929315_n-300x300.jpg",300,300,true],"woocommerce_single":["https:\/\/www.snowkitesensation.com\/wp-content\/uploads\/2021\/10\/244629844_169677142011985_1926551299188929315_n-600x600.jpg",600,600,true],"woocommerce_gallery_thumbnail":["https:\/\/www.snowkitesensation.com\/wp-content\/uploads\/2021\/10\/244629844_169677142011985_1926551299188929315_n-100x100.jpg",100,100,true],"variation_swatches_image_size":["https:\/\/www.snowkitesensation.com\/wp-content\/uploads\/2021\/10\/244629844_169677142011985_1926551299188929315_n.jpg",50,50,false],"variation_swatches_tooltip_size":["https:\/\/www.snowkitesensation.com\/wp-content\/uploads\/2021\/10\/244629844_169677142011985_1926551299188929315_n.jpg",100,100,false]},"uagb_author_info":{"display_name":"Snowkite","author_link":"https:\/\/www.snowkitesensation.com\/fr\/author\/snowkite\/"},"uagb_comment_info":0,"uagb_excerpt":"Offrez 2h d\u2019initiation snowkite priv\u00e9e \u00e0 un ami ou membre de la famille au mondialement connu col du Lautaret ! La location du harnais et du kite est inclus. Si avez besoin d'une location de snowboard h\u00e9sitez pas \u00e0 nous contacter nous avons des r\u00e9ductions dans les magasins pr\u00eat du spot. Ce bon est seulement\u2026","featured_img":"https:\/\/www.snowkitesensation.com\/wp-content\/uploads\/2021\/10\/244629844_169677142011985_1926551299188929315_n.jpg","coauthors":[],"author_meta":{"author_link":"https:\/\/www.snowkitesensation.com\/fr\/author\/snowkite\/","display_name":"Snowkite"},"relative_dates":{"created":"Publi\u00e9 5 ans il y a","modified":"Mis \u00e0 jour 4 ans il y a"},"absolute_dates":{"created":"Publi\u00e9 le octobre 6, 2021","modified":"Mise \u00e0 jour le d\u00e9cembre 6, 2021"},"absolute_dates_time":{"created":"Publi\u00e9 le octobre 6, 2021 12:18 pm","modified":"Mise \u00e0 jour le d\u00e9cembre 6, 2021 5:06 pm"},"featured_img_caption":"","tax_additional":{"product_brand":{"linked":[],"unlinked":[],"slug":"product_brand","name":"Marques"},"product_type":{"linked":["<a href=\"https:\/\/www.snowkitesensation.com\/fr\/?taxonomy=product_type&#038;term=simple\" class=\"advgb-post-tax-term\">simple<\/a>"],"unlinked":["<span class=\"advgb-post-tax-term\">simple<\/span>"],"slug":"product_type","name":"Type de produit"},"product_visibility":{"linked":[],"unlinked":[],"slug":"product_visibility","name":"Visibilit\u00e9 du produit"},"product_cat":{"linked":["<a href=\"https:\/\/www.snowkitesensation.com\/fr\/boutique-kite\/voucher-snowkite\/\" class=\"advgb-post-tax-term\">Reserver un Cours<\/a>","<a href=\"https:\/\/www.snowkitesensation.com\/fr\/boutique-kite\/voucher-snowkite\/voucher-col-du-lautaret-fr\/\" class=\"advgb-post-tax-term\">snowkite au Lautaret<\/a>"],"unlinked":["<span class=\"advgb-post-tax-term\">Reserver un Cours<\/span>","<span class=\"advgb-post-tax-term\">snowkite au Lautaret<\/span>"],"slug":"product_cat","name":"Cat\u00e9gories de produits"},"product_tag":{"linked":["<a href=\"https:\/\/www.snowkitesensation.com\/fr\/boutique-equipement\/bon-cadeaux-serre-chevalier\/\" class=\"advgb-post-tax-term\">Bon cadeaux Serre Chevalier<\/a>"],"unlinked":["<span class=\"advgb-post-tax-term\">Bon cadeaux Serre Chevalier<\/span>"],"slug":"product_tag","name":"\u00c9tiquettes produit"},"product_shipping_class":{"linked":[],"unlinked":[],"slug":"product_shipping_class","name":"Classe d\u2019exp\u00e9dition du produit"},"pos_product_visibility":{"linked":[],"unlinked":[],"slug":"pos_product_visibility","name":"Visibilit\u00e9 du produit sur le point de vente"},"pa_brand":{"linked":[],"unlinked":[],"slug":"pa_brand","name":"Product Brand"},"pa_carbon":{"linked":[],"unlinked":[],"slug":"pa_carbon","name":"Product Increase the hardness with carbon"},"pa_country-voucher":{"linked":[],"unlinked":[],"slug":"pa_country-voucher","name":"Product Country"},"pa_graphics":{"linked":[],"unlinked":[],"slug":"pa_graphics","name":"Product Personal graphics or personal geometry"},"pa_how-many-people":{"linked":[],"unlinked":[],"slug":"pa_how-many-people","name":"Product How many people"},"pa_localisation":{"linked":["<a href=\"https:\/\/www.snowkitesensation.com\/fr\/kite-shop\/localisation\/serre-chevalier-fr\/\" class=\"advgb-post-tax-term\">Serre Chevalier<\/a>"],"unlinked":["<span class=\"advgb-post-tax-term\">Serre Chevalier<\/span>"],"slug":"pa_localisation","name":"Product Localisation"},"pa_supplier":{"linked":[],"unlinked":[],"slug":"pa_supplier","name":"Product Supplier"},"translation_priority":{"linked":["<a href=\"https:\/\/www.snowkitesensation.com\/fr\/?taxonomy=translation_priority&#038;term=optionel\" class=\"advgb-post-tax-term\">Optionel<\/a>"],"unlinked":["<span class=\"advgb-post-tax-term\">Optionel<\/span>"],"slug":"translation_priority","name":"Priorit\u00e9s de traduction"}},"series_order":"","_links":{"self":[{"href":"https:\/\/www.snowkitesensation.com\/fr\/wp-json\/wp\/v2\/product\/13392","targetHints":{"allow":["GET"]}}],"collection":[{"href":"https:\/\/www.snowkitesensation.com\/fr\/wp-json\/wp\/v2\/product"}],"about":[{"href":"https:\/\/www.snowkitesensation.com\/fr\/wp-json\/wp\/v2\/types\/product"}],"replies":[{"embeddable":true,"href":"https:\/\/www.snowkitesensation.com\/fr\/wp-json\/wp\/v2\/comments?post=13392"}],"wp:featuredmedia":[{"embeddable":true,"href":"https:\/\/www.snowkitesensation.com\/fr\/wp-json\/wp\/v2\/media\/13396"}],"wp:attachment":[{"href":"https:\/\/www.snowkitesensation.com\/fr\/wp-json\/wp\/v2\/media?parent=13392"}],"wp:term":[{"taxonomy":"product_brand","embeddable":true,"href":"https:\/\/www.snowkitesensation.com\/fr\/wp-json\/wp\/v2\/product_brand?post=13392"},{"taxonomy":"product_cat","embeddable":true,"href":"https:\/\/www.snowkitesensation.com\/fr\/wp-json\/wp\/v2\/product_cat?post=13392"},{"taxonomy":"product_tag","embeddable":true,"href":"https:\/\/www.snowkitesensation.com\/fr\/wp-json\/wp\/v2\/product_tag?post=13392"}],"curies":[{"name":"wp","href":"https:\/\/api.w.org\/{rel}","templated":true}]}}