{"id":13442,"date":"2021-10-07T18:49:37","date_gmt":"2021-10-07T18:49:37","guid":{"rendered":"https:\/\/www.snowkitesensation.com\/?post_type=product&#038;p=13442"},"modified":"2022-11-30T08:42:33","modified_gmt":"2022-11-30T08:42:33","slug":"1-day-of-snowkiting-in-the-finnish-lapland","status":"publish","type":"product","link":"https:\/\/www.snowkitesensation.com\/fr\/produit\/voucher-snowkite\/snowkite-a-levi\/1-day-of-snowkiting-in-the-finnish-lapland\/","title":{"rendered":"1 journ\u00e9e de snowkite en Laponie Finlandaise"},"content":{"rendered":"<p>&nbsp;<\/p>\n<p>&nbsp;<\/p>\n","protected":false},"excerpt":{"rendered":"<p>A Levi pour la journ\u00e9e ? R\u00e9servez votre premi\u00e8re session de snowkite ! La location du harnais et du kite est incluse. Si vous avez besoin d\u2019une location de skis n\u2019h\u00e9sitez pas \u00e0 nous contacter nous avons des r\u00e9ductions dans les magasins pr\u00e8s du spot ! Le snowkite est une activit\u00e9 id\u00e9ale \u00e0 pratiquer entre amis ou en famille.<\/p>\n<p>En Laponie finlandaise, vous pouvez facilement pratiquer le snowkite sur des lacs gel\u00e9s et des montagnes de faible altitude (500 m\u00e8tres) et profiter de la sensation grisante de la nature sauvage. Treks exotiques garantis. Bien qu\u2019elle ne soit pas surpeupl\u00e9e de touristes. Levi vous coupe le souffle avec sa nature intacte et, bien s\u00fbr, des tonnes de neige fra\u00eeche et pure.<\/p>\n<p>Une fois la r\u00e9servation effectu\u00e9e, il ne vous reste plus qu\u2019\u00e0 t\u00e9l\u00e9phoner ou \u00e0 envoyer un mail afin de choisir une date. La saison est ouverte de f\u00e9vrier \u00e0 avril.<\/p>\n<p>Cours de 6 heures.<\/p>\n<p><strong>Veuillez venir avec un casque<\/strong>, <strong>les skis \/ snowboard ne sont pas inclus.<\/strong> <\/p>\n","protected":false},"author":1,"featured_media":14783,"comment_status":"closed","ping_status":"closed","template":"","meta":{"_acf_changed":false,"_uag_custom_page_level_css":"","advgb_blocks_editor_width":"","advgb_blocks_columns_visual_guide":""},"product_brand":[],"product_cat":[283,525],"product_tag":[],"class_list":{"0":"post-13442","1":"product","2":"type-product","3":"status-publish","4":"has-post-thumbnail","6":"product_cat-voucher-snowkite","7":"product_cat-snowkite-a-levi","8":"pa_localisation-laponie-finlandaise","10":"first","11":"instock","12":"featured","13":"downloadable","14":"virtual","15":"taxable","16":"purchasable","17":"product-type-simple"},"acf":[],"uagb_featured_image_src":{"full":["https:\/\/www.snowkitesensation.com\/wp-content\/uploads\/2021\/10\/257734704_391054599216498_5439311330288379525_n-scaled.jpg",2560,2560,false],"thumbnail":["https:\/\/www.snowkitesensation.com\/wp-content\/uploads\/2021\/10\/257734704_391054599216498_5439311330288379525_n-300x300.jpg",300,300,true],"medium":["https:\/\/www.snowkitesensation.com\/wp-content\/uploads\/2021\/10\/257734704_391054599216498_5439311330288379525_n-600x600.jpg",600,600,true],"medium_large":["https:\/\/www.snowkitesensation.com\/wp-content\/uploads\/2021\/10\/257734704_391054599216498_5439311330288379525_n-768x768.jpg",768,768,true],"large":["https:\/\/www.snowkitesensation.com\/wp-content\/uploads\/2021\/10\/257734704_391054599216498_5439311330288379525_n-2048x2048.jpg",1060,1060,true],"1536x1536":["https:\/\/www.snowkitesensation.com\/wp-content\/uploads\/2021\/10\/257734704_391054599216498_5439311330288379525_n-1536x1536.jpg",1536,1536,true],"2048x2048":["https:\/\/www.snowkitesensation.com\/wp-content\/uploads\/2021\/10\/257734704_391054599216498_5439311330288379525_n-2048x2048.jpg",2048,2048,true],"freestyle_edge_square":["https:\/\/www.snowkitesensation.com\/wp-content\/uploads\/2021\/10\/257734704_391054599216498_5439311330288379525_n-550x550.jpg",550,550,true],"freestyle_edge_landscape":["https:\/\/www.snowkitesensation.com\/wp-content\/uploads\/2021\/10\/257734704_391054599216498_5439311330288379525_n-800x600.jpg",800,600,true],"freestyle_edge_portrait":["https:\/\/www.snowkitesensation.com\/wp-content\/uploads\/2021\/10\/257734704_391054599216498_5439311330288379525_n-600x800.jpg",600,800,true],"freestyle_edge_large_width":["https:\/\/www.snowkitesensation.com\/wp-content\/uploads\/2021\/10\/257734704_391054599216498_5439311330288379525_n-1100x550.jpg",1100,550,true],"freestyle_edge_large_height":["https:\/\/www.snowkitesensation.com\/wp-content\/uploads\/2021\/10\/257734704_391054599216498_5439311330288379525_n-550x1100.jpg",550,1100,true],"freestyle_edge_large_width_height":["https:\/\/www.snowkitesensation.com\/wp-content\/uploads\/2021\/10\/257734704_391054599216498_5439311330288379525_n-1100x1100.jpg",1100,1100,true],"woocommerce_thumbnail":["https:\/\/www.snowkitesensation.com\/wp-content\/uploads\/2021\/10\/257734704_391054599216498_5439311330288379525_n-scaled-600x600.jpg",600,600,true],"woocommerce_single":["https:\/\/www.snowkitesensation.com\/wp-content\/uploads\/2021\/10\/257734704_391054599216498_5439311330288379525_n-600x600.jpg",600,600,true],"woocommerce_gallery_thumbnail":["https:\/\/www.snowkitesensation.com\/wp-content\/uploads\/2021\/10\/257734704_391054599216498_5439311330288379525_n-scaled-100x100.jpg",100,100,true],"variation_swatches_image_size":["https:\/\/www.snowkitesensation.com\/wp-content\/uploads\/2021\/10\/257734704_391054599216498_5439311330288379525_n-scaled.jpg",50,50,false],"variation_swatches_tooltip_size":["https:\/\/www.snowkitesensation.com\/wp-content\/uploads\/2021\/10\/257734704_391054599216498_5439311330288379525_n-scaled.jpg",100,100,false]},"uagb_author_info":{"display_name":"Snowkite","author_link":"https:\/\/www.snowkitesensation.com\/fr\/author\/snowkite\/"},"uagb_comment_info":0,"uagb_excerpt":"A Levi pour la journ\u00e9e ? R\u00e9servez votre premi\u00e8re session de snowkite ! La location du harnais et du kite est incluse. Si vous avez besoin d\u2019une location de skis n\u2019h\u00e9sitez pas \u00e0 nous contacter nous avons des r\u00e9ductions dans les magasins pr\u00e8s du spot ! Le snowkite est une activit\u00e9 id\u00e9ale \u00e0 pratiquer entre\u2026","featured_img":"https:\/\/www.snowkitesensation.com\/wp-content\/uploads\/2021\/10\/257734704_391054599216498_5439311330288379525_n-scaled.jpg","coauthors":[],"author_meta":{"author_link":"https:\/\/www.snowkitesensation.com\/fr\/author\/snowkite\/","display_name":"Snowkite"},"relative_dates":{"created":"Publi\u00e9 5 ans il y a","modified":"Mis \u00e0 jour 3 ans il y a"},"absolute_dates":{"created":"Publi\u00e9 le octobre 7, 2021","modified":"Mise \u00e0 jour le novembre 30, 2022"},"absolute_dates_time":{"created":"Publi\u00e9 le octobre 7, 2021 6:49 pm","modified":"Mise \u00e0 jour le novembre 30, 2022 8:42 am"},"featured_img_caption":"","tax_additional":{"product_brand":{"linked":[],"unlinked":[],"slug":"product_brand","name":"Marques"},"product_type":{"linked":["<a href=\"https:\/\/www.snowkitesensation.com\/fr\/?taxonomy=product_type&#038;term=simple\" class=\"advgb-post-tax-term\">simple<\/a>"],"unlinked":["<span class=\"advgb-post-tax-term\">simple<\/span>"],"slug":"product_type","name":"Type de produit"},"product_visibility":{"linked":["<a href=\"https:\/\/www.snowkitesensation.com\/fr\/?taxonomy=product_visibility&#038;term=featured\" class=\"advgb-post-tax-term\">featured<\/a>"],"unlinked":["<span class=\"advgb-post-tax-term\">featured<\/span>"],"slug":"product_visibility","name":"Visibilit\u00e9 du produit"},"product_cat":{"linked":["<a href=\"https:\/\/www.snowkitesensation.com\/fr\/boutique-kite\/voucher-snowkite\/\" class=\"advgb-post-tax-term\">Reserver un Cours<\/a>","<a href=\"https:\/\/www.snowkitesensation.com\/fr\/boutique-kite\/voucher-snowkite\/snowkite-a-levi\/\" class=\"advgb-post-tax-term\">Snowkite \u00e0 Levi<\/a>"],"unlinked":["<span class=\"advgb-post-tax-term\">Reserver un Cours<\/span>","<span class=\"advgb-post-tax-term\">Snowkite \u00e0 Levi<\/span>"],"slug":"product_cat","name":"Cat\u00e9gories de produits"},"product_tag":{"linked":[],"unlinked":[],"slug":"product_tag","name":"\u00c9tiquettes produit"},"product_shipping_class":{"linked":[],"unlinked":[],"slug":"product_shipping_class","name":"Classe d\u2019exp\u00e9dition du produit"},"pos_product_visibility":{"linked":[],"unlinked":[],"slug":"pos_product_visibility","name":"Visibilit\u00e9 du produit sur le point de vente"},"pa_brand":{"linked":[],"unlinked":[],"slug":"pa_brand","name":"Product Brand"},"pa_carbon":{"linked":[],"unlinked":[],"slug":"pa_carbon","name":"Product Increase the hardness with carbon"},"pa_country-voucher":{"linked":[],"unlinked":[],"slug":"pa_country-voucher","name":"Product Country"},"pa_graphics":{"linked":[],"unlinked":[],"slug":"pa_graphics","name":"Product Personal graphics or personal geometry"},"pa_how-many-people":{"linked":[],"unlinked":[],"slug":"pa_how-many-people","name":"Produit Combien de personnes"},"pa_localisation":{"linked":["<a href=\"https:\/\/www.snowkitesensation.com\/fr\/kite-shop\/localisation\/laponie-finlandaise\/\" class=\"advgb-post-tax-term\">Laponie Finlandaise<\/a>"],"unlinked":["<span class=\"advgb-post-tax-term\">Laponie Finlandaise<\/span>"],"slug":"pa_localisation","name":"Product Localisation"},"pa_supplier":{"linked":[],"unlinked":[],"slug":"pa_supplier","name":"Product Supplier"},"translation_priority":{"linked":["<a href=\"https:\/\/www.snowkitesensation.com\/fr\/?taxonomy=translation_priority&#038;term=optionel\" class=\"advgb-post-tax-term\">Optionel<\/a>"],"unlinked":["<span class=\"advgb-post-tax-term\">Optionel<\/span>"],"slug":"translation_priority","name":"Priorit\u00e9s de traduction"}},"series_order":"","_links":{"self":[{"href":"https:\/\/www.snowkitesensation.com\/fr\/wp-json\/wp\/v2\/product\/13442","targetHints":{"allow":["GET"]}}],"collection":[{"href":"https:\/\/www.snowkitesensation.com\/fr\/wp-json\/wp\/v2\/product"}],"about":[{"href":"https:\/\/www.snowkitesensation.com\/fr\/wp-json\/wp\/v2\/types\/product"}],"replies":[{"embeddable":true,"href":"https:\/\/www.snowkitesensation.com\/fr\/wp-json\/wp\/v2\/comments?post=13442"}],"wp:featuredmedia":[{"embeddable":true,"href":"https:\/\/www.snowkitesensation.com\/fr\/wp-json\/wp\/v2\/media\/14783"}],"wp:attachment":[{"href":"https:\/\/www.snowkitesensation.com\/fr\/wp-json\/wp\/v2\/media?parent=13442"}],"wp:term":[{"taxonomy":"product_brand","embeddable":true,"href":"https:\/\/www.snowkitesensation.com\/fr\/wp-json\/wp\/v2\/product_brand?post=13442"},{"taxonomy":"product_cat","embeddable":true,"href":"https:\/\/www.snowkitesensation.com\/fr\/wp-json\/wp\/v2\/product_cat?post=13442"},{"taxonomy":"product_tag","embeddable":true,"href":"https:\/\/www.snowkitesensation.com\/fr\/wp-json\/wp\/v2\/product_tag?post=13442"}],"curies":[{"name":"wp","href":"https:\/\/api.w.org\/{rel}","templated":true}]}}