{"id":13497,"date":"2021-10-08T12:43:17","date_gmt":"2021-10-08T12:43:17","guid":{"rendered":"https:\/\/www.snowkitesensation.com\/?post_type=product&#038;p=13497"},"modified":"2021-12-06T16:36:56","modified_gmt":"2021-12-06T16:36:56","slug":"snowkite-simplon-voucher","status":"publish","type":"product","link":"https:\/\/www.snowkitesensation.com\/fr\/produit\/voucher-snowkite\/snowkite-au-simplon\/snowkite-simplon-voucher\/","title":{"rendered":"Du kitesurf au snowkite au col du Simplon 4h"},"content":{"rendered":"","protected":false},"excerpt":{"rendered":"<p>D\u00e9ja kitsurfeur ? Offrez cette session de transition de 4h d\u2019initiation snowkite (ski kite) a un ami ou membre de la famille au renomm\u00e9 col du Simplon ! La location du harnais et du kite est inclus. Si vous avez besoin d&rsquo;une location de skis h\u00e9sitez pas \u00e0 nous contacter nous avons des r\u00e9ductions dans les magasins pr\u00eat du spot.<\/p>\n<p>Une fois r\u00e9serv\u00e9e il suffit de nous contacter par email ou t\u00e9l\u00e9phone pour choisir vos dates. Bon valable un an apr\u00e8s la date d\u2019achat.<\/p>\n<p><strong>Veuillez venir avec un casque. La location de skis\/snowboard n&rsquo;est pas incluse.<\/strong><\/p>\n","protected":false},"author":1,"featured_media":13490,"comment_status":"closed","ping_status":"closed","template":"","meta":{"_acf_changed":false,"_uag_custom_page_level_css":"","advgb_blocks_editor_width":"","advgb_blocks_columns_visual_guide":""},"product_brand":[],"product_cat":[283,430],"product_tag":[354],"class_list":{"0":"post-13497","1":"product","2":"type-product","3":"status-publish","4":"has-post-thumbnail","6":"product_cat-voucher-snowkite","7":"product_cat-snowkite-au-simplon","8":"product_tag-bon-cadeaux-simplon-fr","9":"pa_localisation-suisse-fr","11":"first","12":"instock","13":"downloadable","14":"virtual","15":"taxable","16":"purchasable","17":"product-type-simple"},"acf":[],"aioseo_notices":[],"uagb_featured_image_src":{"full":["https:\/\/www.snowkitesensation.com\/wp-content\/uploads\/2021\/10\/244871475_1000730927170248_1102844237311973177_n-scaled.jpg",2560,2558,false],"thumbnail":["https:\/\/www.snowkitesensation.com\/wp-content\/uploads\/2021\/10\/244871475_1000730927170248_1102844237311973177_n-300x300.jpg",300,300,true],"medium":["https:\/\/www.snowkitesensation.com\/wp-content\/uploads\/2021\/10\/244871475_1000730927170248_1102844237311973177_n-600x600.jpg",600,600,true],"medium_large":["https:\/\/www.snowkitesensation.com\/wp-content\/uploads\/2021\/10\/244871475_1000730927170248_1102844237311973177_n-768x767.jpg",768,767,true],"large":["https:\/\/www.snowkitesensation.com\/wp-content\/uploads\/2021\/10\/244871475_1000730927170248_1102844237311973177_n-2048x2046.jpg",1060,1059,true],"1536x1536":["https:\/\/www.snowkitesensation.com\/wp-content\/uploads\/2021\/10\/244871475_1000730927170248_1102844237311973177_n-1536x1536.jpg",1536,1536,true],"2048x2048":["https:\/\/www.snowkitesensation.com\/wp-content\/uploads\/2021\/10\/244871475_1000730927170248_1102844237311973177_n-2048x2046.jpg",2048,2046,true],"freestyle_edge_square":["https:\/\/www.snowkitesensation.com\/wp-content\/uploads\/2021\/10\/244871475_1000730927170248_1102844237311973177_n-550x550.jpg",550,550,true],"freestyle_edge_landscape":["https:\/\/www.snowkitesensation.com\/wp-content\/uploads\/2021\/10\/244871475_1000730927170248_1102844237311973177_n-800x600.jpg",800,600,true],"freestyle_edge_portrait":["https:\/\/www.snowkitesensation.com\/wp-content\/uploads\/2021\/10\/244871475_1000730927170248_1102844237311973177_n-600x800.jpg",600,800,true],"freestyle_edge_large_width":["https:\/\/www.snowkitesensation.com\/wp-content\/uploads\/2021\/10\/244871475_1000730927170248_1102844237311973177_n-1100x550.jpg",1100,550,true],"freestyle_edge_large_height":["https:\/\/www.snowkitesensation.com\/wp-content\/uploads\/2021\/10\/244871475_1000730927170248_1102844237311973177_n-550x1100.jpg",550,1100,true],"freestyle_edge_large_width_height":["https:\/\/www.snowkitesensation.com\/wp-content\/uploads\/2021\/10\/244871475_1000730927170248_1102844237311973177_n-1100x1100.jpg",1100,1100,true],"woocommerce_thumbnail":["https:\/\/www.snowkitesensation.com\/wp-content\/uploads\/2021\/10\/244871475_1000730927170248_1102844237311973177_n-300x300.jpg",300,300,true],"woocommerce_single":["https:\/\/www.snowkitesensation.com\/wp-content\/uploads\/2021\/10\/244871475_1000730927170248_1102844237311973177_n-600x599.jpg",600,599,true],"woocommerce_gallery_thumbnail":["https:\/\/www.snowkitesensation.com\/wp-content\/uploads\/2021\/10\/244871475_1000730927170248_1102844237311973177_n-100x100.jpg",100,100,true],"variation_swatches_image_size":["https:\/\/www.snowkitesensation.com\/wp-content\/uploads\/2021\/10\/244871475_1000730927170248_1102844237311973177_n-scaled.jpg",50,50,false],"variation_swatches_tooltip_size":["https:\/\/www.snowkitesensation.com\/wp-content\/uploads\/2021\/10\/244871475_1000730927170248_1102844237311973177_n-scaled.jpg",100,100,false]},"uagb_author_info":{"display_name":"Snowkite","author_link":"https:\/\/www.snowkitesensation.com\/fr\/author\/snowkite\/"},"uagb_comment_info":0,"uagb_excerpt":"D\u00e9ja kitsurfeur ? Offrez cette session de transition de 4h d\u2019initiation snowkite (ski kite) a un ami ou membre de la famille au renomm\u00e9 col du Simplon ! La location du harnais et du kite est inclus. Si vous avez besoin d'une location de skis h\u00e9sitez pas \u00e0 nous contacter nous avons des r\u00e9ductions dans\u2026","featured_img":"https:\/\/www.snowkitesensation.com\/wp-content\/uploads\/2021\/10\/244871475_1000730927170248_1102844237311973177_n-scaled.jpg","coauthors":[],"author_meta":{"author_link":"https:\/\/www.snowkitesensation.com\/fr\/author\/snowkite\/","display_name":"Snowkite"},"relative_dates":{"created":"Publi\u00e9 5 ans il y a","modified":"Mis \u00e0 jour 4 ans il y a"},"absolute_dates":{"created":"Publi\u00e9 le octobre 8, 2021","modified":"Mise \u00e0 jour le d\u00e9cembre 6, 2021"},"absolute_dates_time":{"created":"Publi\u00e9 le octobre 8, 2021 12:43 pm","modified":"Mise \u00e0 jour le d\u00e9cembre 6, 2021 4:36 pm"},"featured_img_caption":"","tax_additional":{"product_brand":{"linked":[],"unlinked":[],"slug":"product_brand","name":"Marques"},"product_type":{"linked":["<a href=\"https:\/\/www.snowkitesensation.com\/fr\/?taxonomy=product_type&#038;term=simple\" class=\"advgb-post-tax-term\">simple<\/a>"],"unlinked":["<span class=\"advgb-post-tax-term\">simple<\/span>"],"slug":"product_type","name":"Type de produit"},"product_visibility":{"linked":[],"unlinked":[],"slug":"product_visibility","name":"Visibilit\u00e9 du produit"},"product_cat":{"linked":["<a href=\"https:\/\/www.snowkitesensation.com\/fr\/boutique-kite\/voucher-snowkite\/\" class=\"advgb-post-tax-term\">Reserver un Cours<\/a>","<a href=\"https:\/\/www.snowkitesensation.com\/fr\/boutique-kite\/voucher-snowkite\/snowkite-au-simplon\/\" class=\"advgb-post-tax-term\">Snowkite au Simplon<\/a>"],"unlinked":["<span class=\"advgb-post-tax-term\">Reserver un Cours<\/span>","<span class=\"advgb-post-tax-term\">Snowkite au Simplon<\/span>"],"slug":"product_cat","name":"Cat\u00e9gories de produits"},"product_tag":{"linked":["<a href=\"https:\/\/www.snowkitesensation.com\/fr\/boutique-equipement\/bon-cadeaux-simplon-fr\/\" class=\"advgb-post-tax-term\">Bon cadeaux Simplon<\/a>"],"unlinked":["<span class=\"advgb-post-tax-term\">Bon cadeaux Simplon<\/span>"],"slug":"product_tag","name":"\u00c9tiquettes produit"},"product_shipping_class":{"linked":[],"unlinked":[],"slug":"product_shipping_class","name":"Classe d\u2019exp\u00e9dition du produit"},"pos_product_visibility":{"linked":[],"unlinked":[],"slug":"pos_product_visibility","name":"Visibilit\u00e9 du produit sur le point de vente"},"pa_brand":{"linked":[],"unlinked":[],"slug":"pa_brand","name":"Product Brand"},"pa_carbon":{"linked":[],"unlinked":[],"slug":"pa_carbon","name":"Product Increase the hardness with carbon"},"pa_country-voucher":{"linked":[],"unlinked":[],"slug":"pa_country-voucher","name":"Product Country"},"pa_graphics":{"linked":[],"unlinked":[],"slug":"pa_graphics","name":"Product Personal graphics or personal geometry"},"pa_how-many-people":{"linked":[],"unlinked":[],"slug":"pa_how-many-people","name":"Product How many people"},"pa_localisation":{"linked":["<a href=\"https:\/\/www.snowkitesensation.com\/fr\/kite-shop\/localisation\/suisse-fr\/\" class=\"advgb-post-tax-term\">Suisse<\/a>"],"unlinked":["<span class=\"advgb-post-tax-term\">Suisse<\/span>"],"slug":"pa_localisation","name":"Product Localisation"},"pa_supplier":{"linked":[],"unlinked":[],"slug":"pa_supplier","name":"Product Supplier"},"translation_priority":{"linked":["<a href=\"https:\/\/www.snowkitesensation.com\/fr\/?taxonomy=translation_priority&#038;term=optionel\" class=\"advgb-post-tax-term\">Optionel<\/a>"],"unlinked":["<span class=\"advgb-post-tax-term\">Optionel<\/span>"],"slug":"translation_priority","name":"Priorit\u00e9s de traduction"}},"series_order":"","_links":{"self":[{"href":"https:\/\/www.snowkitesensation.com\/fr\/wp-json\/wp\/v2\/product\/13497","targetHints":{"allow":["GET"]}}],"collection":[{"href":"https:\/\/www.snowkitesensation.com\/fr\/wp-json\/wp\/v2\/product"}],"about":[{"href":"https:\/\/www.snowkitesensation.com\/fr\/wp-json\/wp\/v2\/types\/product"}],"replies":[{"embeddable":true,"href":"https:\/\/www.snowkitesensation.com\/fr\/wp-json\/wp\/v2\/comments?post=13497"}],"wp:featuredmedia":[{"embeddable":true,"href":"https:\/\/www.snowkitesensation.com\/fr\/wp-json\/wp\/v2\/media\/13490"}],"wp:attachment":[{"href":"https:\/\/www.snowkitesensation.com\/fr\/wp-json\/wp\/v2\/media?parent=13497"}],"wp:term":[{"taxonomy":"product_brand","embeddable":true,"href":"https:\/\/www.snowkitesensation.com\/fr\/wp-json\/wp\/v2\/product_brand?post=13497"},{"taxonomy":"product_cat","embeddable":true,"href":"https:\/\/www.snowkitesensation.com\/fr\/wp-json\/wp\/v2\/product_cat?post=13497"},{"taxonomy":"product_tag","embeddable":true,"href":"https:\/\/www.snowkitesensation.com\/fr\/wp-json\/wp\/v2\/product_tag?post=13497"}],"curies":[{"name":"wp","href":"https:\/\/api.w.org\/{rel}","templated":true}]}}