{"id":14977,"date":"2021-11-23T12:45:28","date_gmt":"2021-11-23T12:45:28","guid":{"rendered":"https:\/\/www.snowkitesensation.com\/shop\/uncategorized\/ozone-explore-v2-kite\/"},"modified":"2025-10-01T11:58:46","modified_gmt":"2025-10-01T11:58:46","slug":"ozone-explore-v2-kite","status":"publish","type":"product","link":"https:\/\/www.snowkitesensation.com\/fr\/produit\/best-seller\/ozone-explore-v2-kite\/","title":{"rendered":"OZONE EXPLORE V2"},"content":{"rendered":"<p><span class=\"s1\">L\u2019Explore Ozone V2 est puissante pour sa taille et offre une traction constante tout au long de la fen\u00eatre de vent. Il se stoppe instantan\u00e9ment si souhait\u00e9 sans passer par le milieu de la fen\u00eatre, et g\u00e9n\u00e8re une \u00e9l\u00e9vation vers le haut minimale, ce qui le rend tr\u00e8s convivial pour apprendre. Il est confortable de voler en raison de la vitesse de vol relativement lente, et la conception mono-peau signifie qu\u2019il est exceptionnellement r\u00e9sistant aux dommages caus\u00e9s par les chocs.<\/span><\/p>\n<ul>\n<li><strong><span class=\"s2\">Moneau-peau<\/span><\/strong><\/li>\n<li><strong><span class=\"s2\">Tous niveaux<\/span><\/strong><\/li>\n<li><strong><span class=\"s2\">Lightweight ultra compact<\/span><\/strong><\/li>\n<li><strong><span class=\"s2\">Syst\u00e8me interne de Re-ride Release leader de l\u2019industrie<\/span><\/strong><\/li>\n<\/ul>\n<p><a href=\"https:\/\/ozonekites.com\/\"><img loading=\"lazy\" decoding=\"async\" class=\"alignnone size-medium wp-image-16975\" src=\"https:\/\/www.snowkitesensation.com\/wp-content\/uploads\/2021\/11\/Screenshot-2022-11-28-at-16.24.50-600x243.png\" alt=\"Ozone explore V2 specs\" width=\"600\" height=\"243\" srcset=\"https:\/\/www.snowkitesensation.com\/wp-content\/uploads\/2021\/11\/Screenshot-2022-11-28-at-16.24.50-600x243.png 600w, https:\/\/www.snowkitesensation.com\/wp-content\/uploads\/2021\/11\/Screenshot-2022-11-28-at-16.24.50-768x311.png 768w, https:\/\/www.snowkitesensation.com\/wp-content\/uploads\/2021\/11\/Screenshot-2022-11-28-at-16.24.50.png 1230w\" sizes=\"auto, (max-width: 600px) 100vw, 600px\" \/><\/a><\/p>\n<h3 class=\"p1\"><span class=\"s1\">Profil optimis\u00e9, performances am\u00e9lior\u00e9es<\/span><\/h3>\n<p class=\"p1\"><span class=\"s1\">L\u2019Explore V2 pr\u00e9sente un rapport d\u2019aspect-ratio accru et un profil optimis\u00e9 qui am\u00e9liorent consid\u00e9rablement les performances au vent ainsi que les capacit\u00e9s de saut. La tra\u00een\u00e9e r\u00e9duite du V2 \u00e9largit \u00e9galement la plage de vent sup\u00e9rieure, et l\u2019Explore conserve une bonne contr\u00f4labilit\u00e9 et une bonne sensation de barre m\u00eame lorsqu\u2019il est enti\u00e8rement coup\u00e9 (hors tension). Ces caract\u00e9ristiques font de l\u2019Explore un kite incroyable pour les riders d\u00e9butants \u00e0 un niveau interm\u00e9diaires, offrant la confiance n\u00e9cessaire pour progresser et am\u00e9liorer vos comp\u00e9tences en snowkite.<\/span><\/p>\n<h3 class=\"p1\"><span class=\"s1\">Repousser les limites du Snowkite<\/span><\/h3>\n<p class=\"p1\"><span class=\"s1\">Pour les riders avanc\u00e9s, l\u2019Explore Ozone V2 offre un tout nouveau sentiment, ouvrant de nouvelles fa\u00e7ons de rider et repoussant les limites. Il a une maniabilit\u00e9 polyvalente en fonction de vos capacit\u00e9s \u2013 loops serr\u00e9s et dynamiques ou lentes, toutes deux essentielles pour naviguer sur un terrain difficile. Les nouvelles cellules ferm\u00e9es aux extr\u00e9mit\u00e9s r\u00e9duisent le flottement de la pointe lors du look du kite, ce qui entra\u00eene moins de bruit et une sensation plus douce. Rider sur les pentes avec l\u2019aile haute ou sur le c\u00f4t\u00e9 permet plus de concentration sur la descente et moins de souci pour du kite.<\/span><\/p>\n<h3>Revolutionaire Interne Re-Ride Release Systeme<\/h3>\n<p>Notre syst\u00e8me exclusif de largage interne Internal Re-Ride Release System est le leader du march\u00e9 en mati\u00e8re de largage et d\u2019atterrissage pour le snowkite.<\/p>\n<p>Il a rendu la mont\u00e9e et le rangement tellement plus agr\u00e9able, s\u00fbre, facile et rapide pour l\u2019utilisateur. Lorsqu\u2019il est d\u00e9clench\u00e9, le kite se d\u00e9sactive instantan\u00e9ment sans s\u2019emm\u00ealer, et se pose au sol pr\u00eat \u00e0 se relancer lorsque vous \u00eates pr\u00eat \u00e0 nouveau.<\/p>\n<p>Un autre avantage de notre syst\u00e8me Re-Ride Release est l\u2019option terre et s\u00e9curit\u00e9. Pour atterrir le kite il suffit de tirer la 5\u00e8me ligne jusqu\u2019\u00e0 ce que vous atteignez la boucle s\u00e9curis\u00e9e qui peut \u00eatre trouv\u00e9e \u00e0 environ 2m de la barre de contr\u00f4le. Le kite se ferme et tombe au sol sans aucune traction. Utilisez la boucle s\u00e9curis\u00e9e dans la 5\u00e8me ligne pour garder le kite sur le sol \u2013 il peut \u00eatre accroch\u00e9 sur le clip de leash du kite, ou gliss\u00e9 sur l\u2019extr\u00e9mit\u00e9 de la barre. Cela rend l\u2019atterrissage et le rangement de l\u2019aile plus s\u00fbre et facile, m\u00eame dans les vents violents. La poign\u00e9e de frein entre les lignes arri\u00e8res du syst\u00e8me de commande facilite le d\u00e9collage invers\u00e9 et l\u2019atterrissage l\u00e9ger par vent.<\/p>\n<h3 class=\"p1\"><span class=\"s1\">Conception l\u00e9g\u00e8re pour le Snowkite<\/span><\/h3>\n<p class=\"p1\"><span class=\"s1\">Pour les experts en missions dans l\u2019arri\u00e8re-pays ou les exp\u00e9ditions de tourisme, la conception l\u00e9g\u00e8re signifie qu\u2019il peut voler dans un vent tr\u00e8s l\u00e9ger, vous permettant de travailler efficacement la plage basse sans avoir \u00e0 vous soucier de garder votre aile en l\u2019air. La conception mono-peau est \u00e9galement ultra compacte, ce qui facilite le rangement de plusieurs kites.<\/span><\/p>\n<p class=\"p1\"><span class=\"s1\">Lorsqu\u2019il est temps de faire une pause ou de ranger, vous trouverez l\u2019Explore facile \u00e0 atterrir car il int\u00e8gre notre syst\u00e8me interne Re-Ride Release leader de l\u2019industrie. Ce syst\u00e8me d\u2019atterrissage libre efficace et facile \u00e0 utiliser signifie que vous pouvez atterrir le kite rapidement chaque fois que n\u00e9cessaire et qu\u2019il restera dans une position ouverte pr\u00eate \u00e0 \u00eatre relanc\u00e9e.<\/span><\/p>\n<h3 class=\"p1\"><span class=\"s1\">mat\u00e9riaux <\/span><\/h3>\n<p class=\"p1\"><span class=\"s1\">L\u2019Explore Ozone V2 est disponible en une version avec des mat\u00e9riaux optimis\u00e9s pour les conditions dans lesquelles le kite sera utilis\u00e9. Le mat\u00e9riau Ultra Light 20D est utilis\u00e9 sur les tailles 8m, 10 et 12m. Une 30D plus dure, mais toujours l\u00e9g\u00e8re, est utilis\u00e9e sur les cerfs-volants \u00e0 vent forts de 4m et 6m. <\/span><\/p>\n<p class=\"p1\"><span class=\"s1\">Les brides sont fabriqu\u00e9es \u00e0 l\u2019aide d\u2019un m\u00e9lange optimis\u00e9 de lignes gain\u00e9es et non chauff\u00e9es. Les lignes ultral\u00e9gers sont utilis\u00e9es pr\u00e8s de l\u2019aile pour r\u00e9duire la tra\u00een\u00e9e et am\u00e9liorer les performances, tandis que les lignes inf\u00e9rieures gain\u00e9es sont plus r\u00e9sistantes \u00e0 l\u2019enchev\u00eatrement et \u00e0 l\u2019accrochage sur la neige dure.<\/span><\/p>\n<p class=\"p1\"><span class=\"s1\">Nous croyons que les opportunit\u00e9s sont infinies, qu\u2019attendez-vous, allez Explorer! If you prefer the newest version the Ozone Explore V3 <a href=\"https:\/\/www.snowkitesensation.com\/fr\/produit\/snowkites-fr\/ozone-explore-v3-kite\/\">click here.<\/a><br \/>\n<\/span><\/p>\n","protected":false},"excerpt":{"rendered":"<p>Hey ! Tu es kitesurfeur ou nouveau rider en snowkite ? Pas trop s\u00fbr de quoi acheter ni comment utiliser une aile \u00e0 caissons ? Vous vous demandez quelle taille vous devez prendre Urrgh ? Pas de souci ! Discute avec nos experts snowkiters gr\u00e2ce \u00e0 la chat-box ci-dessous ! L\u2019Ozone Explore V2 est une aile id\u00e9ale et abordable pour bien d\u00e9buter. Si vous pr\u00e9f\u00e9rez la toute derni\u00e8re version, l\u2019Ozone Explore V3, <a href=\"https:\/\/www.snowkitesensation.com\/fr\/produit\/snowkites-fr\/ozone-explore-v3-kite\/\">cliquez ici<\/a>.<\/p>\n<p><a href=\"https:\/\/ozonekites.com\/\"><img loading=\"lazy\" decoding=\"async\" class=\"alignnone size-full wp-image-12303\" src=\"https:\/\/www.snowkitesensation.com\/wp-content\/uploads\/2021\/03\/ozone-logo-1.png\" alt=\"\" width=\"564\" height=\"89\" \/><\/a><\/p>\n","protected":false},"author":1,"featured_media":18851,"comment_status":"closed","ping_status":"closed","template":"","meta":{"_acf_changed":false,"_uag_custom_page_level_css":"","advgb_blocks_editor_width":"","advgb_blocks_columns_visual_guide":""},"product_brand":[576],"product_cat":[547,560,425],"product_tag":[],"class_list":{"0":"post-14977","1":"product","2":"type-product","3":"status-publish","4":"has-post-thumbnail","6":"product_brand-ozone-kiteboarding","7":"product_cat-best-seller","8":"product_cat-destockage","9":"product_cat-snowkites-fr","10":"product_shipping_class-harnais-bar-kite","12":"first","13":"instock","14":"featured","15":"taxable","16":"shipping-taxable","17":"purchasable","18":"product-type-variable","19":"has-default-attributes"},"acf":[],"aioseo_notices":[],"uagb_featured_image_src":{"full":["https:\/\/www.snowkitesensation.com\/wp-content\/uploads\/2021\/11\/Ozone-Explore-V2-.jpg",1000,1000,false],"thumbnail":["https:\/\/www.snowkitesensation.com\/wp-content\/uploads\/2021\/11\/Ozone-Explore-V2--300x300.jpg",300,300,true],"medium":["https:\/\/www.snowkitesensation.com\/wp-content\/uploads\/2021\/11\/Ozone-Explore-V2--600x600.jpg",600,600,true],"medium_large":["https:\/\/www.snowkitesensation.com\/wp-content\/uploads\/2021\/11\/Ozone-Explore-V2--768x768.jpg",768,768,true],"large":["https:\/\/www.snowkitesensation.com\/wp-content\/uploads\/2021\/11\/Ozone-Explore-V2-.jpg",1000,1000,false],"1536x1536":["https:\/\/www.snowkitesensation.com\/wp-content\/uploads\/2021\/11\/Ozone-Explore-V2-.jpg",1000,1000,false],"2048x2048":["https:\/\/www.snowkitesensation.com\/wp-content\/uploads\/2021\/11\/Ozone-Explore-V2-.jpg",1000,1000,false],"freestyle_edge_square":["https:\/\/www.snowkitesensation.com\/wp-content\/uploads\/2021\/11\/Ozone-Explore-V2--550x550.jpg",550,550,true],"freestyle_edge_landscape":["https:\/\/www.snowkitesensation.com\/wp-content\/uploads\/2021\/11\/Ozone-Explore-V2--800x600.jpg",800,600,true],"freestyle_edge_portrait":["https:\/\/www.snowkitesensation.com\/wp-content\/uploads\/2021\/11\/Ozone-Explore-V2--600x800.jpg",600,800,true],"freestyle_edge_large_width":["https:\/\/www.snowkitesensation.com\/wp-content\/uploads\/2021\/11\/Ozone-Explore-V2--1000x550.jpg",1000,550,true],"freestyle_edge_large_height":["https:\/\/www.snowkitesensation.com\/wp-content\/uploads\/2021\/11\/Ozone-Explore-V2--550x1000.jpg",550,1000,true],"freestyle_edge_large_width_height":["https:\/\/www.snowkitesensation.com\/wp-content\/uploads\/2021\/11\/Ozone-Explore-V2-.jpg",1000,1000,false],"woocommerce_thumbnail":["https:\/\/www.snowkitesensation.com\/wp-content\/uploads\/2021\/11\/Ozone-Explore-V2--300x300.jpg",300,300,true],"woocommerce_single":["https:\/\/www.snowkitesensation.com\/wp-content\/uploads\/2021\/11\/Ozone-Explore-V2--600x600.jpg",600,600,true],"woocommerce_gallery_thumbnail":["https:\/\/www.snowkitesensation.com\/wp-content\/uploads\/2021\/11\/Ozone-Explore-V2--100x100.jpg",100,100,true],"variation_swatches_image_size":["https:\/\/www.snowkitesensation.com\/wp-content\/uploads\/2021\/11\/Ozone-Explore-V2--50x50.jpg",50,50,true],"variation_swatches_tooltip_size":["https:\/\/www.snowkitesensation.com\/wp-content\/uploads\/2021\/11\/Ozone-Explore-V2--100x100.jpg",100,100,true]},"uagb_author_info":{"display_name":"Snowkite","author_link":"https:\/\/www.snowkitesensation.com\/fr\/author\/snowkite\/"},"uagb_comment_info":0,"uagb_excerpt":"Hey ! Tu es kitesurfeur ou nouveau rider en snowkite ? Pas trop s\u00fbr de quoi acheter ni comment utiliser une aile \u00e0 caissons ? Vous vous demandez quelle taille vous devez prendre Urrgh ? Pas de souci ! Discute avec nos experts snowkiters gr\u00e2ce \u00e0 la chat-box ci-dessous ! L\u2019Ozone Explore V2 est une\u2026","featured_img":"https:\/\/www.snowkitesensation.com\/wp-content\/uploads\/2021\/11\/Ozone-Explore-V2-.jpg","coauthors":[],"author_meta":{"author_link":"https:\/\/www.snowkitesensation.com\/fr\/author\/snowkite\/","display_name":"Snowkite"},"relative_dates":{"created":"Publi\u00e9 4 ans il y a","modified":"Mis \u00e0 jour 6 mois il y a"},"absolute_dates":{"created":"Publi\u00e9 le novembre 23, 2021","modified":"Mise \u00e0 jour le octobre 1, 2025"},"absolute_dates_time":{"created":"Publi\u00e9 le novembre 23, 2021 12:45 pm","modified":"Mise \u00e0 jour le octobre 1, 2025 11:58 am"},"featured_img_caption":"","tax_additional":{"product_brand":{"linked":["<a href=\"https:\/\/www.snowkitesensation.com\/fr\/marque\/ozone-kiteboarding\/\" class=\"advgb-post-tax-term\">Ozone Kiteboarding<\/a>"],"unlinked":["<span class=\"advgb-post-tax-term\">Ozone Kiteboarding<\/span>"],"slug":"product_brand","name":"Marques"},"product_type":{"linked":["<a href=\"https:\/\/www.snowkitesensation.com\/fr\/?taxonomy=product_type&#038;term=variable\" class=\"advgb-post-tax-term\">variable<\/a>"],"unlinked":["<span class=\"advgb-post-tax-term\">variable<\/span>"],"slug":"product_type","name":"Type de produit"},"product_visibility":{"linked":["<a href=\"https:\/\/www.snowkitesensation.com\/fr\/?taxonomy=product_visibility&#038;term=featured\" class=\"advgb-post-tax-term\">featured<\/a>"],"unlinked":["<span class=\"advgb-post-tax-term\">featured<\/span>"],"slug":"product_visibility","name":"Visibilit\u00e9 du produit"},"product_cat":{"linked":["<a href=\"https:\/\/www.snowkitesensation.com\/fr\/boutique-kite\/best-seller\/\" class=\"advgb-post-tax-term\">Best seller<\/a>","<a href=\"https:\/\/www.snowkitesensation.com\/fr\/boutique-kite\/destockage\/\" class=\"advgb-post-tax-term\">Destockage \/ Promotion<\/a>","<a href=\"https:\/\/www.snowkitesensation.com\/fr\/boutique-kite\/snowkites-fr\/\" class=\"advgb-post-tax-term\">Ozone kite \u00e0 caisson<\/a>"],"unlinked":["<span class=\"advgb-post-tax-term\">Best seller<\/span>","<span class=\"advgb-post-tax-term\">Destockage \/ Promotion<\/span>","<span class=\"advgb-post-tax-term\">Ozone kite \u00e0 caisson<\/span>"],"slug":"product_cat","name":"Cat\u00e9gories de produits"},"product_tag":{"linked":[],"unlinked":[],"slug":"product_tag","name":"\u00c9tiquettes produit"},"product_shipping_class":{"linked":["<a href=\"https:\/\/www.snowkitesensation.com\/fr\/?taxonomy=product_shipping_class&#038;term=harnais-bar-kite\" class=\"advgb-post-tax-term\">Harnais bar kite<\/a>"],"unlinked":["<span class=\"advgb-post-tax-term\">Harnais bar kite<\/span>"],"slug":"product_shipping_class","name":"Classe d\u2019exp\u00e9dition du produit"},"pos_product_visibility":{"linked":[],"unlinked":[],"slug":"pos_product_visibility","name":"Visibilit\u00e9 du produit sur le point de vente"},"pa_brand":{"linked":[],"unlinked":[],"slug":"pa_brand","name":"Product Brand"},"pa_carbon":{"linked":[],"unlinked":[],"slug":"pa_carbon","name":"Product Increase the hardness with carbon"},"pa_country-voucher":{"linked":[],"unlinked":[],"slug":"pa_country-voucher","name":"Product Country"},"pa_graphics":{"linked":[],"unlinked":[],"slug":"pa_graphics","name":"Product Personal graphics or personal geometry"},"pa_how-many-people":{"linked":[],"unlinked":[],"slug":"pa_how-many-people","name":"Product How many people"},"pa_localisation":{"linked":[],"unlinked":[],"slug":"pa_localisation","name":"Product Localisation"},"pa_supplier":{"linked":[],"unlinked":[],"slug":"pa_supplier","name":"Product Supplier"},"translation_priority":{"linked":["<a href=\"https:\/\/www.snowkitesensation.com\/fr\/?taxonomy=translation_priority&#038;term=optionel\" class=\"advgb-post-tax-term\">Optionel<\/a>"],"unlinked":["<span class=\"advgb-post-tax-term\">Optionel<\/span>"],"slug":"translation_priority","name":"Priorit\u00e9s de traduction"}},"series_order":"","_links":{"self":[{"href":"https:\/\/www.snowkitesensation.com\/fr\/wp-json\/wp\/v2\/product\/14977","targetHints":{"allow":["GET"]}}],"collection":[{"href":"https:\/\/www.snowkitesensation.com\/fr\/wp-json\/wp\/v2\/product"}],"about":[{"href":"https:\/\/www.snowkitesensation.com\/fr\/wp-json\/wp\/v2\/types\/product"}],"replies":[{"embeddable":true,"href":"https:\/\/www.snowkitesensation.com\/fr\/wp-json\/wp\/v2\/comments?post=14977"}],"wp:featuredmedia":[{"embeddable":true,"href":"https:\/\/www.snowkitesensation.com\/fr\/wp-json\/wp\/v2\/media\/18851"}],"wp:attachment":[{"href":"https:\/\/www.snowkitesensation.com\/fr\/wp-json\/wp\/v2\/media?parent=14977"}],"wp:term":[{"taxonomy":"product_brand","embeddable":true,"href":"https:\/\/www.snowkitesensation.com\/fr\/wp-json\/wp\/v2\/product_brand?post=14977"},{"taxonomy":"product_cat","embeddable":true,"href":"https:\/\/www.snowkitesensation.com\/fr\/wp-json\/wp\/v2\/product_cat?post=14977"},{"taxonomy":"product_tag","embeddable":true,"href":"https:\/\/www.snowkitesensation.com\/fr\/wp-json\/wp\/v2\/product_tag?post=14977"}],"curies":[{"name":"wp","href":"https:\/\/api.w.org\/{rel}","templated":true}]}}