{"id":15074,"date":"2021-12-01T15:07:23","date_gmt":"2021-12-01T15:07:23","guid":{"rendered":"https:\/\/www.snowkitesensation.com\/?post_type=product&#038;p=15074"},"modified":"2025-10-01T17:18:34","modified_gmt":"2025-10-01T17:18:34","slug":"snowkite-ozone-exp-v1","status":"publish","type":"product","link":"https:\/\/www.snowkitesensation.com\/fr\/produit\/snowkites-fr\/snowkite-ozone-exp-v1\/","title":{"rendered":"OZONE EXP V1"},"content":{"rendered":"<p data-start=\"110\" data-end=\"468\">L\u2019<strong>Ozone EXP V1<\/strong> ou \u00ab\u00a0l&rsquo;Exp\u00e9dition\u00a0\u00bb est l&rsquo;ultime aile \u00e0 caissons ouverts d\u2019Ozone, con\u00e7ue pour les riders experts et les explorateurs longue distance pour des v\u00e9ritables exp\u00e9ditions en snowkite. Fruit de plusieurs ann\u00e9es d\u2019innovation en backcountry, elle combine performance ultral\u00e9g\u00e8re, stabilit\u00e9 in\u00e9gal\u00e9e et le syst\u00e8me \u00e9prouv\u00e9 <strong data-start=\"375\" data-end=\"410\">Internal Re-Ride Release System<\/strong> pour affronter les aventures alpines les plus extr\u00eames.<\/p>\n<h3><img loading=\"lazy\" decoding=\"async\" class=\"alignnone size-medium wp-image-16965\" src=\"https:\/\/www.snowkitesensation.com\/wp-content\/uploads\/2021\/12\/Screenshot-2022-11-28-at-11.15.59-600x267.png\" alt=\"\" width=\"600\" height=\"267\" srcset=\"https:\/\/www.snowkitesensation.com\/wp-content\/uploads\/2021\/12\/Screenshot-2022-11-28-at-11.15.59-600x267.png 600w, https:\/\/www.snowkitesensation.com\/wp-content\/uploads\/2021\/12\/Screenshot-2022-11-28-at-11.15.59-768x342.png 768w, https:\/\/www.snowkitesensation.com\/wp-content\/uploads\/2021\/12\/Screenshot-2022-11-28-at-11.15.59.png 1250w\" sizes=\"auto, (max-width: 600px) 100vw, 600px\" \/><\/h3>\n<h3 data-start=\"475\" data-end=\"497\">L\u00e9g\u00e8re &amp; robuste<\/h3>\n<p>&#8211; Aile \u00e0 caissons ouverts haute performance<br \/>\n&#8211; Optimis\u00e9e pour les exp\u00e9ditions et les riders aventuriers<br \/>\n&#8211; Tissu ultral\u00e9ger et durable, con\u00e7u pour les conditions alpines extr\u00eames<br \/>\n&#8211; Brides adapt\u00e9es pour rester efficaces par temp\u00e9ratures n\u00e9gatives<br \/>\n&#8211; Syst\u00e8me Internal Re-Ride Release System, leader du march\u00e9<\/p>\n<p data-start=\"814\" data-end=\"1143\">L\u2019<strong data-start=\"816\" data-end=\"830\">Expedition<\/strong> est con\u00e7ue pour d\u00e9livrer une traction maximale avec un poids minimal. Son aile l\u00e9g\u00e8re et sa structure renforc\u00e9e r\u00e9sistent aux vents extr\u00eames tout en restant compactes une fois pli\u00e9es. Assez puissante pour tracter pulkas et mat\u00e9riel, elle demeure r\u00e9active et stable m\u00eame dans une m\u00e9t\u00e9o de montagne impr\u00e9visible.<\/p>\n<h3 data-start=\"1150\" data-end=\"1175\">S\u00e9curit\u00e9 &amp; contr\u00f4le<\/h3>\n<p>&#8211; Le <strong data-start=\"1182\" data-end=\"1218\">syst\u00e8me Internal Re-Ride Release<\/strong> garantit une utilisation simple et s\u00e9curis\u00e9e, m\u00eame dans les environnements les plus recul\u00e9s.<br \/>\n&#8211; Depower instantan\u00e9 sans emm\u00ealement<br \/>\n&#8211; Atterrissage autonome facile, m\u00eame par vent fort<br \/>\n&#8211; Option s\u00e9curis\u00e9e : faire d\u00e9crocher l\u2019aile et la poser au sol sans traction<br \/>\n&#8211; Red\u00e9collage imm\u00e9diat \u00e0 tout moment<\/p>\n<p data-start=\"1525\" data-end=\"1669\">L\u2019atterrissage et le pliage deviennent rapides et s\u00fbrs, vous permettant de vous concentrer sur votre exp\u00e9dition plut\u00f4t que sur votre mat\u00e9riel.<\/p>\n<h3 data-start=\"1676\" data-end=\"1718\">Pour les aventures les plus extr\u00eames : <strong>Ozone EXP V1<\/strong><\/h3>\n<p data-start=\"1720\" data-end=\"2109\">Que vous traversiez des plateaux glac\u00e9s, gravissiez des cr\u00eates enneig\u00e9es ou partiez en exp\u00e9dition polaire sur plusieurs jours, l\u2019<strong data-start=\"1849\" data-end=\"1863\">Expedition<\/strong> est sp\u00e9cialement con\u00e7ue pour les snowkiters engag\u00e9s. Sa maniabilit\u00e9 \u00e9quilibr\u00e9e permet aussi bien la croisi\u00e8re r\u00e9guli\u00e8re que les man\u0153uvres dynamiques, tandis que la stabilit\u00e9 en bout d\u2019aile limite le flottement pour une performance plus fluide.<\/p>\n<p data-start=\"2111\" data-end=\"2265\">C\u2019est l\u2019aile des riders qui repoussent les limites dans les environnements les plus hostiles : fiable, efficace et pens\u00e9e pour aller toujours plus loin.<\/p>\n<p data-start=\"2111\" data-end=\"2265\">\u00a0Tu pr\u00e9f\u00e8res une aile plus abordable ? D\u00e9couvre l\u2019<a href=\"https:\/\/www.snowkitesensation.com\/fr\/produit\/snowkites-fr\/ozone-explore-v3-kite\/\"><strong data-start=\"467\" data-end=\"487\">Ozone Explore V3<\/strong>!<\/a><\/p>\n<p data-start=\"2111\" data-end=\"2265\"><a href=\"https:\/\/ozonekites.com\/snow\/kites\/exp-v1\/\"><img loading=\"lazy\" decoding=\"async\" class=\"alignnone size-full wp-image-12303\" src=\"https:\/\/www.snowkitesensation.com\/wp-content\/uploads\/2021\/03\/ozone-logo-1.png\" alt=\"\" width=\"564\" height=\"89\" \/><\/a><\/p>\n","protected":false},"excerpt":{"rendered":"<p data-start=\"42\" data-end=\"244\">Hey ! Tu es kitesurfeur ou nouvel explorateur en snowkite ? Tu ne sais pas trop quoi acheter ou comment utiliser une aile \u00e0 caissons ? Tu h\u00e9sites sur la taille \u00e0 prendre\u2026 Urrgh ?! Pas de panique ! <strong>Parle avec nos experts snowkiters<\/strong> gr\u00e2ce \u00e0 la chat-box ci-dessous ! L\u2019<strong data-start=\"323\" data-end=\"333\">EXP V1<\/strong> est la meilleure aile du march\u00e9 pour les exp\u00e9ditions de snowkite, in\u00e9gal\u00e9e ailleurs. Tu pr\u00e9f\u00e8res une aile plus abordable ? D\u00e9couvre l\u2019<a href=\"https:\/\/www.snowkitesensation.com\/fr\/produit\/snowkites-fr\/ozone-explore-v3-kite\/\"><strong data-start=\"470\" data-end=\"490\">Ozone Explore V3<\/strong>!<\/a><\/p>\n<p><a href=\"https:\/\/ozonekites.com\/snow\/kites\/exp-v1\/\"><img loading=\"lazy\" decoding=\"async\" class=\"alignnone size-full wp-image-12303\" src=\"https:\/\/www.snowkitesensation.com\/wp-content\/uploads\/2021\/03\/ozone-logo-1.png\" alt=\"\" width=\"564\" height=\"89\" \/><\/a><\/p>\n","protected":false},"author":1,"featured_media":18886,"comment_status":"closed","ping_status":"closed","template":"","meta":{"_acf_changed":false,"_uag_custom_page_level_css":"","advgb_blocks_editor_width":"","advgb_blocks_columns_visual_guide":""},"product_brand":[],"product_cat":[425],"product_tag":[],"class_list":{"0":"post-15074","1":"product","2":"type-product","3":"status-publish","4":"has-post-thumbnail","6":"product_cat-snowkites-fr","7":"product_shipping_class-harnais-bar-kite","9":"first","10":"instock","11":"taxable","12":"shipping-taxable","13":"purchasable","14":"product-type-variable","15":"has-default-attributes"},"acf":[],"aioseo_notices":[],"uagb_featured_image_src":{"full":["https:\/\/www.snowkitesensation.com\/wp-content\/uploads\/2021\/12\/Ozone-EXP-V1.jpg",1000,1000,false],"thumbnail":["https:\/\/www.snowkitesensation.com\/wp-content\/uploads\/2021\/12\/Ozone-EXP-V1-300x300.jpg",300,300,true],"medium":["https:\/\/www.snowkitesensation.com\/wp-content\/uploads\/2021\/12\/Ozone-EXP-V1-600x600.jpg",600,600,true],"medium_large":["https:\/\/www.snowkitesensation.com\/wp-content\/uploads\/2021\/12\/Ozone-EXP-V1-768x768.jpg",768,768,true],"large":["https:\/\/www.snowkitesensation.com\/wp-content\/uploads\/2021\/12\/Ozone-EXP-V1.jpg",1000,1000,false],"1536x1536":["https:\/\/www.snowkitesensation.com\/wp-content\/uploads\/2021\/12\/Ozone-EXP-V1.jpg",1000,1000,false],"2048x2048":["https:\/\/www.snowkitesensation.com\/wp-content\/uploads\/2021\/12\/Ozone-EXP-V1.jpg",1000,1000,false],"freestyle_edge_square":["https:\/\/www.snowkitesensation.com\/wp-content\/uploads\/2021\/12\/Ozone-EXP-V1-550x550.jpg",550,550,true],"freestyle_edge_landscape":["https:\/\/www.snowkitesensation.com\/wp-content\/uploads\/2021\/12\/Ozone-EXP-V1-800x600.jpg",800,600,true],"freestyle_edge_portrait":["https:\/\/www.snowkitesensation.com\/wp-content\/uploads\/2021\/12\/Ozone-EXP-V1-600x800.jpg",600,800,true],"freestyle_edge_large_width":["https:\/\/www.snowkitesensation.com\/wp-content\/uploads\/2021\/12\/Ozone-EXP-V1-1000x550.jpg",1000,550,true],"freestyle_edge_large_height":["https:\/\/www.snowkitesensation.com\/wp-content\/uploads\/2021\/12\/Ozone-EXP-V1-550x1000.jpg",550,1000,true],"freestyle_edge_large_width_height":["https:\/\/www.snowkitesensation.com\/wp-content\/uploads\/2021\/12\/Ozone-EXP-V1.jpg",1000,1000,false],"woocommerce_thumbnail":["https:\/\/www.snowkitesensation.com\/wp-content\/uploads\/2021\/12\/Ozone-EXP-V1-300x300.jpg",300,300,true],"woocommerce_single":["https:\/\/www.snowkitesensation.com\/wp-content\/uploads\/2021\/12\/Ozone-EXP-V1-600x600.jpg",600,600,true],"woocommerce_gallery_thumbnail":["https:\/\/www.snowkitesensation.com\/wp-content\/uploads\/2021\/12\/Ozone-EXP-V1-100x100.jpg",100,100,true],"variation_swatches_image_size":["https:\/\/www.snowkitesensation.com\/wp-content\/uploads\/2021\/12\/Ozone-EXP-V1-50x50.jpg",50,50,true],"variation_swatches_tooltip_size":["https:\/\/www.snowkitesensation.com\/wp-content\/uploads\/2021\/12\/Ozone-EXP-V1-100x100.jpg",100,100,true]},"uagb_author_info":{"display_name":"Snowkite","author_link":"https:\/\/www.snowkitesensation.com\/fr\/author\/snowkite\/"},"uagb_comment_info":0,"uagb_excerpt":"Hey ! Tu es kitesurfeur ou nouvel explorateur en snowkite ? Tu ne sais pas trop quoi acheter ou comment utiliser une aile \u00e0 caissons ? Tu h\u00e9sites sur la taille \u00e0 prendre\u2026 Urrgh ?! Pas de panique ! Parle avec nos experts snowkiters gr\u00e2ce \u00e0 la chat-box ci-dessous ! L\u2019EXP V1 est la meilleure\u2026","featured_img":"https:\/\/www.snowkitesensation.com\/wp-content\/uploads\/2021\/12\/Ozone-EXP-V1.jpg","coauthors":[],"author_meta":{"author_link":"https:\/\/www.snowkitesensation.com\/fr\/author\/snowkite\/","display_name":"Snowkite"},"relative_dates":{"created":"Publi\u00e9 4 ans il y a","modified":"Mis \u00e0 jour 6 mois il y a"},"absolute_dates":{"created":"Publi\u00e9 le d\u00e9cembre 1, 2021","modified":"Mise \u00e0 jour le octobre 1, 2025"},"absolute_dates_time":{"created":"Publi\u00e9 le d\u00e9cembre 1, 2021 3:07 pm","modified":"Mise \u00e0 jour le octobre 1, 2025 5:18 pm"},"featured_img_caption":"","tax_additional":{"product_brand":{"linked":[],"unlinked":[],"slug":"product_brand","name":"Marques"},"product_type":{"linked":["<a href=\"https:\/\/www.snowkitesensation.com\/fr\/?taxonomy=product_type&#038;term=variable\" class=\"advgb-post-tax-term\">variable<\/a>"],"unlinked":["<span class=\"advgb-post-tax-term\">variable<\/span>"],"slug":"product_type","name":"Type de produit"},"product_visibility":{"linked":[],"unlinked":[],"slug":"product_visibility","name":"Visibilit\u00e9 du produit"},"product_cat":{"linked":["<a href=\"https:\/\/www.snowkitesensation.com\/fr\/boutique-kite\/snowkites-fr\/\" class=\"advgb-post-tax-term\">Ozone kite \u00e0 caisson<\/a>"],"unlinked":["<span class=\"advgb-post-tax-term\">Ozone kite \u00e0 caisson<\/span>"],"slug":"product_cat","name":"Cat\u00e9gories de produits"},"product_tag":{"linked":[],"unlinked":[],"slug":"product_tag","name":"\u00c9tiquettes produit"},"product_shipping_class":{"linked":["<a href=\"https:\/\/www.snowkitesensation.com\/fr\/?taxonomy=product_shipping_class&#038;term=harnais-bar-kite\" class=\"advgb-post-tax-term\">Harnais bar kite<\/a>"],"unlinked":["<span class=\"advgb-post-tax-term\">Harnais bar kite<\/span>"],"slug":"product_shipping_class","name":"Classe d\u2019exp\u00e9dition du produit"},"pos_product_visibility":{"linked":[],"unlinked":[],"slug":"pos_product_visibility","name":"Visibilit\u00e9 du produit sur le point de vente"},"pa_brand":{"linked":[],"unlinked":[],"slug":"pa_brand","name":"Product Brand"},"pa_carbon":{"linked":[],"unlinked":[],"slug":"pa_carbon","name":"Product Increase the hardness with carbon"},"pa_country-voucher":{"linked":[],"unlinked":[],"slug":"pa_country-voucher","name":"Product Country"},"pa_graphics":{"linked":[],"unlinked":[],"slug":"pa_graphics","name":"Product Personal graphics or personal geometry"},"pa_how-many-people":{"linked":[],"unlinked":[],"slug":"pa_how-many-people","name":"Product How many people"},"pa_localisation":{"linked":[],"unlinked":[],"slug":"pa_localisation","name":"Product Localisation"},"pa_supplier":{"linked":[],"unlinked":[],"slug":"pa_supplier","name":"Product Supplier"},"translation_priority":{"linked":["<a href=\"https:\/\/www.snowkitesensation.com\/fr\/?taxonomy=translation_priority&#038;term=optionel\" class=\"advgb-post-tax-term\">Optionel<\/a>"],"unlinked":["<span class=\"advgb-post-tax-term\">Optionel<\/span>"],"slug":"translation_priority","name":"Priorit\u00e9s de traduction"}},"series_order":"","_links":{"self":[{"href":"https:\/\/www.snowkitesensation.com\/fr\/wp-json\/wp\/v2\/product\/15074","targetHints":{"allow":["GET"]}}],"collection":[{"href":"https:\/\/www.snowkitesensation.com\/fr\/wp-json\/wp\/v2\/product"}],"about":[{"href":"https:\/\/www.snowkitesensation.com\/fr\/wp-json\/wp\/v2\/types\/product"}],"replies":[{"embeddable":true,"href":"https:\/\/www.snowkitesensation.com\/fr\/wp-json\/wp\/v2\/comments?post=15074"}],"wp:featuredmedia":[{"embeddable":true,"href":"https:\/\/www.snowkitesensation.com\/fr\/wp-json\/wp\/v2\/media\/18886"}],"wp:attachment":[{"href":"https:\/\/www.snowkitesensation.com\/fr\/wp-json\/wp\/v2\/media?parent=15074"}],"wp:term":[{"taxonomy":"product_brand","embeddable":true,"href":"https:\/\/www.snowkitesensation.com\/fr\/wp-json\/wp\/v2\/product_brand?post=15074"},{"taxonomy":"product_cat","embeddable":true,"href":"https:\/\/www.snowkitesensation.com\/fr\/wp-json\/wp\/v2\/product_cat?post=15074"},{"taxonomy":"product_tag","embeddable":true,"href":"https:\/\/www.snowkitesensation.com\/fr\/wp-json\/wp\/v2\/product_tag?post=15074"}],"curies":[{"name":"wp","href":"https:\/\/api.w.org\/{rel}","templated":true}]}}