{"id":15147,"date":"2021-12-06T14:44:17","date_gmt":"2021-12-06T14:44:17","guid":{"rendered":"https:\/\/www.snowkitesensation.com\/?post_type=product&#038;p=15147"},"modified":"2022-11-28T15:39:19","modified_gmt":"2022-11-28T15:39:19","slug":"2-heures-de-snowkite-prive-au-col-du-lautaret-2","status":"publish","type":"product","link":"https:\/\/www.snowkitesensation.com\/fr\/produit\/voucher-snowkite\/voucher-col-du-lautaret-fr\/2-heures-de-snowkite-prive-au-col-du-lautaret-2\/","title":{"rendered":"2 heures de snowkite priv\u00e9 au col du Lautaret"},"content":{"rendered":"","protected":false},"excerpt":{"rendered":"<p>Offrez 2h d\u2019initiation snowkite priv\u00e9e \u00e0 un ami ou membre de la famille au mondialement connu col du Lautaret ! La location du harnais et du kite est inclus. Si avez besoin d\u2019une location de snowboard h\u00e9sitez pas \u00e0 nous contacter nous avons des r\u00e9ductions dans les magasins pr\u00eat du spot.<\/p>\n<p><strong>Veuillez venir avec un casque.<\/strong><\/p>\n<p>Une fois r\u00e9serv\u00e9e il suffit de nous contacter par email ou telephone pour choisir vos dates. Bon valable un an apr\u00e8s la date d\u2019achat.<\/p>\n<p>Cliquez sur notre <a href=\"https:\/\/vimeo.com\/514696226\" target=\"_blank\" rel=\"noopener\">teaser<\/a> afin de voir ce qui vous attend ! Profitez-en bien !<\/p>\n","protected":false},"author":1,"featured_media":15156,"comment_status":"closed","ping_status":"closed","template":"","meta":{"_acf_changed":false,"_uag_custom_page_level_css":"","advgb_blocks_editor_width":"","advgb_blocks_columns_visual_guide":""},"product_brand":[],"product_cat":[283,431],"product_tag":[353],"class_list":{"0":"post-15147","1":"product","2":"type-product","3":"status-publish","4":"has-post-thumbnail","6":"product_cat-voucher-snowkite","7":"product_cat-voucher-col-du-lautaret-fr","8":"product_tag-bon-cadeaux-serre-chevalier","9":"pa_localisation-serre-chevalier-fr","11":"first","12":"instock","13":"downloadable","14":"virtual","15":"taxable","16":"purchasable","17":"product-type-simple"},"acf":[],"aioseo_notices":[],"uagb_featured_image_src":{"full":["https:\/\/www.snowkitesensation.com\/wp-content\/uploads\/2021\/12\/1638801764.347063-EBD8BCEC-1421-40B2-BAE8-A829816AAEF1.png",5727,5724,false],"thumbnail":["https:\/\/www.snowkitesensation.com\/wp-content\/uploads\/2021\/12\/1638801764.347063-EBD8BCEC-1421-40B2-BAE8-A829816AAEF1-300x300.png",300,300,true],"medium":["https:\/\/www.snowkitesensation.com\/wp-content\/uploads\/2021\/12\/1638801764.347063-EBD8BCEC-1421-40B2-BAE8-A829816AAEF1-600x600.png",600,600,true],"medium_large":["https:\/\/www.snowkitesensation.com\/wp-content\/uploads\/2021\/12\/1638801764.347063-EBD8BCEC-1421-40B2-BAE8-A829816AAEF1-768x768.png",768,768,true],"large":["https:\/\/www.snowkitesensation.com\/wp-content\/uploads\/2021\/12\/1638801764.347063-EBD8BCEC-1421-40B2-BAE8-A829816AAEF1-2048x2048.png",1060,1060,true],"1536x1536":["https:\/\/www.snowkitesensation.com\/wp-content\/uploads\/2021\/12\/1638801764.347063-EBD8BCEC-1421-40B2-BAE8-A829816AAEF1-1536x1536.png",1536,1536,true],"2048x2048":["https:\/\/www.snowkitesensation.com\/wp-content\/uploads\/2021\/12\/1638801764.347063-EBD8BCEC-1421-40B2-BAE8-A829816AAEF1.png",2048,2048,false],"freestyle_edge_square":["https:\/\/www.snowkitesensation.com\/wp-content\/uploads\/2021\/12\/1638801764.347063-EBD8BCEC-1421-40B2-BAE8-A829816AAEF1.png",550,550,false],"freestyle_edge_landscape":["https:\/\/www.snowkitesensation.com\/wp-content\/uploads\/2021\/12\/1638801764.347063-EBD8BCEC-1421-40B2-BAE8-A829816AAEF1.png",600,600,false],"freestyle_edge_portrait":["https:\/\/www.snowkitesensation.com\/wp-content\/uploads\/2021\/12\/1638801764.347063-EBD8BCEC-1421-40B2-BAE8-A829816AAEF1.png",600,600,false],"freestyle_edge_large_width":["https:\/\/www.snowkitesensation.com\/wp-content\/uploads\/2021\/12\/1638801764.347063-EBD8BCEC-1421-40B2-BAE8-A829816AAEF1.png",550,550,false],"freestyle_edge_large_height":["https:\/\/www.snowkitesensation.com\/wp-content\/uploads\/2021\/12\/1638801764.347063-EBD8BCEC-1421-40B2-BAE8-A829816AAEF1.png",550,550,false],"freestyle_edge_large_width_height":["https:\/\/www.snowkitesensation.com\/wp-content\/uploads\/2021\/12\/1638801764.347063-EBD8BCEC-1421-40B2-BAE8-A829816AAEF1.png",1100,1100,false],"woocommerce_thumbnail":["https:\/\/www.snowkitesensation.com\/wp-content\/uploads\/2021\/12\/1638801764.347063-EBD8BCEC-1421-40B2-BAE8-A829816AAEF1.png",300,300,false],"woocommerce_single":["https:\/\/www.snowkitesensation.com\/wp-content\/uploads\/2021\/12\/1638801764.347063-EBD8BCEC-1421-40B2-BAE8-A829816AAEF1.png",600,600,false],"woocommerce_gallery_thumbnail":["https:\/\/www.snowkitesensation.com\/wp-content\/uploads\/2021\/12\/1638801764.347063-EBD8BCEC-1421-40B2-BAE8-A829816AAEF1.png",100,100,false],"variation_swatches_image_size":["https:\/\/www.snowkitesensation.com\/wp-content\/uploads\/2021\/12\/1638801764.347063-EBD8BCEC-1421-40B2-BAE8-A829816AAEF1.png",50,50,false],"variation_swatches_tooltip_size":["https:\/\/www.snowkitesensation.com\/wp-content\/uploads\/2021\/12\/1638801764.347063-EBD8BCEC-1421-40B2-BAE8-A829816AAEF1.png",100,100,false]},"uagb_author_info":{"display_name":"Snowkite","author_link":"https:\/\/www.snowkitesensation.com\/fr\/author\/snowkite\/"},"uagb_comment_info":0,"uagb_excerpt":"Offrez 2h d\u2019initiation snowkite priv\u00e9e \u00e0 un ami ou membre de la famille au mondialement connu col du Lautaret ! La location du harnais et du kite est inclus. Si avez besoin d\u2019une location de snowboard h\u00e9sitez pas \u00e0 nous contacter nous avons des r\u00e9ductions dans les magasins pr\u00eat du spot. Veuillez venir avec un\u2026","featured_img":"https:\/\/www.snowkitesensation.com\/wp-content\/uploads\/2021\/12\/1638801764.347063-EBD8BCEC-1421-40B2-BAE8-A829816AAEF1.png","coauthors":[],"author_meta":{"author_link":"https:\/\/www.snowkitesensation.com\/fr\/author\/snowkite\/","display_name":"Snowkite"},"relative_dates":{"created":"Publi\u00e9 4 ans il y a","modified":"Mis \u00e0 jour 3 ans il y a"},"absolute_dates":{"created":"Publi\u00e9 le d\u00e9cembre 6, 2021","modified":"Mise \u00e0 jour le novembre 28, 2022"},"absolute_dates_time":{"created":"Publi\u00e9 le d\u00e9cembre 6, 2021 2:44 pm","modified":"Mise \u00e0 jour le novembre 28, 2022 3:39 pm"},"featured_img_caption":"","tax_additional":{"product_brand":{"linked":[],"unlinked":[],"slug":"product_brand","name":"Marques"},"product_type":{"linked":["<a href=\"https:\/\/www.snowkitesensation.com\/fr\/?taxonomy=product_type&#038;term=simple\" class=\"advgb-post-tax-term\">simple<\/a>"],"unlinked":["<span class=\"advgb-post-tax-term\">simple<\/span>"],"slug":"product_type","name":"Type de produit"},"product_visibility":{"linked":[],"unlinked":[],"slug":"product_visibility","name":"Visibilit\u00e9 du produit"},"product_cat":{"linked":["<a href=\"https:\/\/www.snowkitesensation.com\/fr\/boutique-kite\/voucher-snowkite\/\" class=\"advgb-post-tax-term\">Reserver un Cours<\/a>","<a href=\"https:\/\/www.snowkitesensation.com\/fr\/boutique-kite\/voucher-snowkite\/voucher-col-du-lautaret-fr\/\" class=\"advgb-post-tax-term\">snowkite au Lautaret<\/a>"],"unlinked":["<span class=\"advgb-post-tax-term\">Reserver un Cours<\/span>","<span class=\"advgb-post-tax-term\">snowkite au Lautaret<\/span>"],"slug":"product_cat","name":"Cat\u00e9gories de produits"},"product_tag":{"linked":["<a href=\"https:\/\/www.snowkitesensation.com\/fr\/boutique-equipement\/bon-cadeaux-serre-chevalier\/\" class=\"advgb-post-tax-term\">Bon cadeaux Serre Chevalier<\/a>"],"unlinked":["<span class=\"advgb-post-tax-term\">Bon cadeaux Serre Chevalier<\/span>"],"slug":"product_tag","name":"\u00c9tiquettes produit"},"product_shipping_class":{"linked":[],"unlinked":[],"slug":"product_shipping_class","name":"Classe d\u2019exp\u00e9dition du produit"},"pos_product_visibility":{"linked":[],"unlinked":[],"slug":"pos_product_visibility","name":"Visibilit\u00e9 du produit sur le point de vente"},"pa_brand":{"linked":[],"unlinked":[],"slug":"pa_brand","name":"Product Brand"},"pa_carbon":{"linked":[],"unlinked":[],"slug":"pa_carbon","name":"Product Increase the hardness with carbon"},"pa_country-voucher":{"linked":[],"unlinked":[],"slug":"pa_country-voucher","name":"Product Country"},"pa_graphics":{"linked":[],"unlinked":[],"slug":"pa_graphics","name":"Product Personal graphics or personal geometry"},"pa_how-many-people":{"linked":[],"unlinked":[],"slug":"pa_how-many-people","name":"Product How many people"},"pa_localisation":{"linked":["<a href=\"https:\/\/www.snowkitesensation.com\/fr\/kite-shop\/localisation\/serre-chevalier-fr\/\" class=\"advgb-post-tax-term\">Serre Chevalier<\/a>"],"unlinked":["<span class=\"advgb-post-tax-term\">Serre Chevalier<\/span>"],"slug":"pa_localisation","name":"Product Localisation"},"pa_supplier":{"linked":[],"unlinked":[],"slug":"pa_supplier","name":"Product Supplier"},"translation_priority":{"linked":["<a href=\"https:\/\/www.snowkitesensation.com\/fr\/?taxonomy=translation_priority&#038;term=optionel\" class=\"advgb-post-tax-term\">Optionel<\/a>"],"unlinked":["<span class=\"advgb-post-tax-term\">Optionel<\/span>"],"slug":"translation_priority","name":"Priorit\u00e9s de traduction"}},"series_order":"","_links":{"self":[{"href":"https:\/\/www.snowkitesensation.com\/fr\/wp-json\/wp\/v2\/product\/15147","targetHints":{"allow":["GET"]}}],"collection":[{"href":"https:\/\/www.snowkitesensation.com\/fr\/wp-json\/wp\/v2\/product"}],"about":[{"href":"https:\/\/www.snowkitesensation.com\/fr\/wp-json\/wp\/v2\/types\/product"}],"replies":[{"embeddable":true,"href":"https:\/\/www.snowkitesensation.com\/fr\/wp-json\/wp\/v2\/comments?post=15147"}],"wp:featuredmedia":[{"embeddable":true,"href":"https:\/\/www.snowkitesensation.com\/fr\/wp-json\/wp\/v2\/media\/15156"}],"wp:attachment":[{"href":"https:\/\/www.snowkitesensation.com\/fr\/wp-json\/wp\/v2\/media?parent=15147"}],"wp:term":[{"taxonomy":"product_brand","embeddable":true,"href":"https:\/\/www.snowkitesensation.com\/fr\/wp-json\/wp\/v2\/product_brand?post=15147"},{"taxonomy":"product_cat","embeddable":true,"href":"https:\/\/www.snowkitesensation.com\/fr\/wp-json\/wp\/v2\/product_cat?post=15147"},{"taxonomy":"product_tag","embeddable":true,"href":"https:\/\/www.snowkitesensation.com\/fr\/wp-json\/wp\/v2\/product_tag?post=15147"}],"curies":[{"name":"wp","href":"https:\/\/api.w.org\/{rel}","templated":true}]}}