{"id":16145,"date":"2022-04-14T16:41:49","date_gmt":"2022-04-14T16:41:49","guid":{"rendered":"https:\/\/www.snowkitesensation.com\/?post_type=product&#038;p=16145"},"modified":"2025-10-01T15:29:14","modified_gmt":"2025-10-01T15:29:14","slug":"ozone-leash-court","status":"publish","type":"product","link":"https:\/\/www.snowkitesensation.com\/fr\/produit\/accessoires\/ozone-leash-court\/","title":{"rendered":"OZONE SHORT LEASH"},"content":{"rendered":"<div id=\"lisatietoja\">\n<div id=\"kuvaus\">\n<p data-start=\"168\" data-end=\"501\">Ma\u00eetrisez vos sessions de snowkite (et kitesurf) avec confiance gr\u00e2ce \u00e0 notre <strong data-start=\"223\" data-end=\"251\">Short Leash de s\u00e9curit\u00e9 Ozone<\/strong> \u2014 con\u00e7u pour les sessions \u201chooked-in\u201d comme les sorties normales. Con\u00e7u pour \u00eatre utilis\u00e9 avec harnais ou barre, c\u2019est l\u2019outil parfait pour garder le contr\u00f4le tout en assurant une s\u00e9curit\u00e9 maximale. <\/p>\n<h2 data-start=\"503\" data-end=\"525\"><strong>Principales caract\u00e9ristiques snowkite \/ kitesurf<\/strong><\/h2>\n<\/div>\n<div><strong>Clip en acier inoxydable<\/strong> \u2014 pour une fixation fiable et r\u00e9sistante aux conditions humides et corrosives.<\/div>\n<div><strong>Syst\u00e8me de largage (Quick Release) <\/strong>\u2014 vous pouvez d\u00e9clencher le largage en urgence rapidement, avec une activation simple et intuitive.<\/div>\n<div><strong>Retractable<\/strong> \u2014 le leash se replie ais\u00e9ment pour \u00e9viter tout enroulement ou g\u00eane lors du pilotage.<\/div>\n<div><strong>Protection n\u00e9opr\u00e8ne<\/strong> \u2014 le leash et le clip sont recouverts de n\u00e9opr\u00e8ne pour prot\u00e9ger du froid, de la glace, des chocs et pour \u00e9viter les accrocs dans la neige ou la boue.<\/div>\n<div><strong>Dimensions compactes <\/strong>\u2014 260 x 140 x 45 mm (emballage approximatif) pour un transport facile.<\/div>\n<div><strong>Poids l\u00e9ger <\/strong>\u2014 environ 0,17 kg, ce qui en fait un accessoire discret et non encombrant.<\/div>\n<div>.<\/div>\n<div>\n<h2 data-start=\"1194\" data-end=\"1234\"><strong>Conseils d\u2019usage &amp; recommandations<\/strong><\/h2>\n<p>Ne fixez pas le leash derri\u00e8re votre harnais \u2014 cela pourrait emp\u00eacher le bon d\u00e9clenchement du syst\u00e8me de largage en cas d\u2019urgence. Le leash court est fortement recommand\u00e9 pour le snowkite, car un leash long est rarement n\u00e9cessaire sur la neige. Ce mod\u00e8le est \u00e9galement parfaitement adapt\u00e9 au snowkite comme au kitesurf, pour une polyvalence toute l\u2019ann\u00e9e. Compact, fiable et abordable, ce leash est le choix id\u00e9al pour les riders qui recherchent un syst\u00e8me de s\u00e9curit\u00e9 simple et efficace dans toutes les conditions. Vous cherchez un harnais abordable pour l\u2019accompagner ? D\u00e9couvrez le <a href=\"https:\/\/www.snowkitesensation.com\/fr\/produit\/harnais\/ozone-backcountryv3-harnais\/\">Backcountry V3<\/a>, le partenaire parfait pour vos sessions de snowkite.  <\/p>\n<\/div>\n<\/div>\n<p><a href=\"https:\/\/ozonekites.com\/\" target=\"_blank\" rel=\"noopener\"><img loading=\"lazy\" decoding=\"async\" class=\"alignleft wp-image-12303 size-thumbnail\" src=\"https:\/\/www.snowkitesensation.com\/wp-content\/uploads\/2021\/03\/ozone-logo-1.png\" alt=\"\" width=\"300\" height=\"89\" title=\"\"><\/a><\/p>\n","protected":false},"excerpt":{"rendered":"<div class=\"celwidget\" data-csa-c-id=\"m87zd6-3h3ihk-wcsh4f-uefaqy\" data-cel-widget=\"dpx-product-description_csm_instrumentation_wrapper\">\n<div id=\"descriptionAndDetails\" class=\"a-section a-spacing-extra-large\">\n<div id=\"productDescription_feature_div\" class=\"celwidget\" data-feature-name=\"productDescription\" data-csa-c-id=\"2wp1di-vfwhw7-gjoqke-47ys1g\" data-cel-widget=\"productDescription_feature_div\">\n<div id=\"productDescription_feature_div\" class=\"a-row feature\" data-feature-name=\"productDescription\" data-template-name=\"productDescription\" data-cel-widget=\"productDescription_feature_div\">\n<div id=\"productDescription\" class=\"a-section a-spacing-small\">\n<p>Hey ! Tu es kitesurfeur ou nouvel explorateur en snowkite ? Parle \u00e0 un expert snowkiter gr\u00e2ce \u00e0 la chat-box ci-dessous! Le Ozone Short Safety Leash est un excellent compl\u00e9ment \u00e0 ton \u00e9quipement. Les leashes longs peuvent facilement s\u2019emm\u00ealer \u2014 pas d\u2019inqui\u00e9tude, tu peux aussi l\u2019utiliser sur l\u2019eau! Besoin d\u2019un harnais abordable pour l\u2019accompagner ? Nous avons ce qu\u2019il te faut : le <a href=\"https:\/\/www.snowkitesensation.com\/fr\/produit\/harnais\/ozone-backcountryv3-harnais\/\">Backcountry V3.<\/a>     <\/p>\n<section class=\"text-col1\"><a href=\"https:\/\/ozonekites.com\/\"><img loading=\"lazy\" decoding=\"async\" class=\"alignleft wp-image-12303 size-thumbnail\" src=\"https:\/\/www.snowkitesensation.com\/wp-content\/uploads\/2021\/03\/ozone-logo-1.png\" alt=\"\" width=\"300\" height=\"89\"><\/a><\/section>\n<\/div>\n<\/div>\n<\/div>\n<\/div>\n<\/div>\n","protected":false},"author":1,"featured_media":16149,"comment_status":"open","ping_status":"closed","template":"","meta":{"_acf_changed":false,"_uag_custom_page_level_css":"","advgb_blocks_editor_width":"","advgb_blocks_columns_visual_guide":""},"product_brand":[],"product_cat":[575],"product_tag":[498,501,499,500],"class_list":{"0":"post-16145","1":"product","2":"type-product","3":"status-publish","4":"has-post-thumbnail","6":"product_cat-accessoires","7":"product_tag-harnais","8":"product_tag-kite-ski-fr","9":"product_tag-ozone-fr","10":"product_tag-snowkite-fr","11":"product_shipping_class-harnais-bar-kite","13":"first","14":"instock","15":"featured","16":"taxable","17":"shipping-taxable","18":"purchasable","19":"product-type-simple"},"acf":[],"uagb_featured_image_src":{"full":["https:\/\/www.snowkitesensation.com\/wp-content\/uploads\/2022\/04\/short-leash.webp",600,600,false],"thumbnail":["https:\/\/www.snowkitesensation.com\/wp-content\/uploads\/2022\/04\/short-leash-300x300.webp",300,300,true],"medium":["https:\/\/www.snowkitesensation.com\/wp-content\/uploads\/2022\/04\/short-leash.webp",600,600,false],"medium_large":["https:\/\/www.snowkitesensation.com\/wp-content\/uploads\/2022\/04\/short-leash.webp",600,600,false],"large":["https:\/\/www.snowkitesensation.com\/wp-content\/uploads\/2022\/04\/short-leash.webp",600,600,false],"1536x1536":["https:\/\/www.snowkitesensation.com\/wp-content\/uploads\/2022\/04\/short-leash.webp",600,600,false],"2048x2048":["https:\/\/www.snowkitesensation.com\/wp-content\/uploads\/2022\/04\/short-leash.webp",600,600,false],"freestyle_edge_square":["https:\/\/www.snowkitesensation.com\/wp-content\/uploads\/2022\/04\/short-leash-550x550.webp",550,550,true],"freestyle_edge_landscape":["https:\/\/www.snowkitesensation.com\/wp-content\/uploads\/2022\/04\/short-leash.webp",600,600,false],"freestyle_edge_portrait":["https:\/\/www.snowkitesensation.com\/wp-content\/uploads\/2022\/04\/short-leash.webp",600,600,false],"freestyle_edge_large_width":["https:\/\/www.snowkitesensation.com\/wp-content\/uploads\/2022\/04\/short-leash-600x550.webp",600,550,true],"freestyle_edge_large_height":["https:\/\/www.snowkitesensation.com\/wp-content\/uploads\/2022\/04\/short-leash-550x600.webp",550,600,true],"freestyle_edge_large_width_height":["https:\/\/www.snowkitesensation.com\/wp-content\/uploads\/2022\/04\/short-leash.webp",600,600,false],"woocommerce_thumbnail":["https:\/\/www.snowkitesensation.com\/wp-content\/uploads\/2022\/04\/short-leash-300x300.webp",300,300,true],"woocommerce_single":["https:\/\/www.snowkitesensation.com\/wp-content\/uploads\/2022\/04\/short-leash.webp",600,600,false],"woocommerce_gallery_thumbnail":["https:\/\/www.snowkitesensation.com\/wp-content\/uploads\/2022\/04\/short-leash-100x100.webp",100,100,true],"variation_swatches_image_size":["https:\/\/www.snowkitesensation.com\/wp-content\/uploads\/2022\/04\/short-leash.webp",50,50,false],"variation_swatches_tooltip_size":["https:\/\/www.snowkitesensation.com\/wp-content\/uploads\/2022\/04\/short-leash.webp",100,100,false]},"uagb_author_info":{"display_name":"Snowkite","author_link":"https:\/\/www.snowkitesensation.com\/fr\/author\/snowkite\/"},"uagb_comment_info":0,"uagb_excerpt":"Hey ! Tu es kitesurfeur ou nouvel explorateur en snowkite ? Parle \u00e0 un expert snowkiter gr\u00e2ce \u00e0 la chat-box ci-dessous! Le Ozone Short Safety Leash est un excellent compl\u00e9ment \u00e0 ton \u00e9quipement. Les leashes longs peuvent facilement s\u2019emm\u00ealer \u2014 pas d\u2019inqui\u00e9tude, tu peux aussi l\u2019utiliser sur l\u2019eau! Besoin d\u2019un harnais abordable pour l\u2019accompagner ?\u2026","featured_img":"https:\/\/www.snowkitesensation.com\/wp-content\/uploads\/2022\/04\/short-leash.webp","coauthors":[],"author_meta":{"author_link":"https:\/\/www.snowkitesensation.com\/fr\/author\/snowkite\/","display_name":"Snowkite"},"relative_dates":{"created":"Publi\u00e9 4 ans il y a","modified":"Mis \u00e0 jour 7 mois il y a"},"absolute_dates":{"created":"Publi\u00e9 le avril 14, 2022","modified":"Mise \u00e0 jour le octobre 1, 2025"},"absolute_dates_time":{"created":"Publi\u00e9 le avril 14, 2022 4:41 pm","modified":"Mise \u00e0 jour le octobre 1, 2025 3:29 pm"},"featured_img_caption":"Snowkite short leash &amp; Safety leash","tax_additional":{"product_brand":{"linked":[],"unlinked":[],"slug":"product_brand","name":"Marques"},"product_type":{"linked":["<a href=\"https:\/\/www.snowkitesensation.com\/fr\/?taxonomy=product_type&#038;term=simple\" class=\"advgb-post-tax-term\">simple<\/a>"],"unlinked":["<span class=\"advgb-post-tax-term\">simple<\/span>"],"slug":"product_type","name":"Type de produit"},"product_visibility":{"linked":["<a href=\"https:\/\/www.snowkitesensation.com\/fr\/?taxonomy=product_visibility&#038;term=featured\" class=\"advgb-post-tax-term\">featured<\/a>"],"unlinked":["<span class=\"advgb-post-tax-term\">featured<\/span>"],"slug":"product_visibility","name":"Visibilit\u00e9 du produit"},"product_cat":{"linked":["<a href=\"https:\/\/www.snowkitesensation.com\/fr\/boutique-kite\/accessoires\/\" class=\"advgb-post-tax-term\">Accessoires<\/a>"],"unlinked":["<span class=\"advgb-post-tax-term\">Accessoires<\/span>"],"slug":"product_cat","name":"Cat\u00e9gories de produits"},"product_tag":{"linked":["<a href=\"https:\/\/www.snowkitesensation.com\/fr\/boutique-equipement\/harnais\/\" class=\"advgb-post-tax-term\">Harnais<\/a>","<a href=\"https:\/\/www.snowkitesensation.com\/fr\/boutique-equipement\/kite-ski-fr\/\" class=\"advgb-post-tax-term\">kite ski<\/a>","<a href=\"https:\/\/www.snowkitesensation.com\/fr\/boutique-equipement\/ozone-fr\/\" class=\"advgb-post-tax-term\">Ozone<\/a>","<a href=\"https:\/\/www.snowkitesensation.com\/fr\/boutique-equipement\/snowkite-fr\/\" class=\"advgb-post-tax-term\">snowkite<\/a>"],"unlinked":["<span class=\"advgb-post-tax-term\">Harnais<\/span>","<span class=\"advgb-post-tax-term\">kite ski<\/span>","<span class=\"advgb-post-tax-term\">Ozone<\/span>","<span class=\"advgb-post-tax-term\">snowkite<\/span>"],"slug":"product_tag","name":"\u00c9tiquettes produit"},"product_shipping_class":{"linked":["<a href=\"https:\/\/www.snowkitesensation.com\/fr\/?taxonomy=product_shipping_class&#038;term=harnais-bar-kite\" class=\"advgb-post-tax-term\">Harnais bar kite<\/a>"],"unlinked":["<span class=\"advgb-post-tax-term\">Harnais bar kite<\/span>"],"slug":"product_shipping_class","name":"Classe d\u2019exp\u00e9dition du produit"},"pos_product_visibility":{"linked":[],"unlinked":[],"slug":"pos_product_visibility","name":"Visibilit\u00e9 du produit sur le point de vente"},"pa_brand":{"linked":[],"unlinked":[],"slug":"pa_brand","name":"Product Brand"},"pa_carbon":{"linked":[],"unlinked":[],"slug":"pa_carbon","name":"Product Increase the hardness with carbon"},"pa_country-voucher":{"linked":[],"unlinked":[],"slug":"pa_country-voucher","name":"Product Country"},"pa_graphics":{"linked":[],"unlinked":[],"slug":"pa_graphics","name":"Product Personal graphics or personal geometry"},"pa_how-many-people":{"linked":[],"unlinked":[],"slug":"pa_how-many-people","name":"Product How many people"},"pa_localisation":{"linked":[],"unlinked":[],"slug":"pa_localisation","name":"Product Localisation"},"pa_supplier":{"linked":["<a href=\"https:\/\/www.snowkitesensation.com\/fr\/?taxonomy=pa_supplier&#038;term=ozonekitesfrancegmail-com\" class=\"advgb-post-tax-term\">ozonekitesfrance@gmail.com<\/a>"],"unlinked":["<span class=\"advgb-post-tax-term\">ozonekitesfrance@gmail.com<\/span>"],"slug":"pa_supplier","name":"Product Supplier"},"translation_priority":{"linked":["<a href=\"https:\/\/www.snowkitesensation.com\/fr\/?taxonomy=translation_priority&#038;term=optionel\" class=\"advgb-post-tax-term\">Optionel<\/a>"],"unlinked":["<span class=\"advgb-post-tax-term\">Optionel<\/span>"],"slug":"translation_priority","name":"Priorit\u00e9s de traduction"}},"series_order":"","_links":{"self":[{"href":"https:\/\/www.snowkitesensation.com\/fr\/wp-json\/wp\/v2\/product\/16145","targetHints":{"allow":["GET"]}}],"collection":[{"href":"https:\/\/www.snowkitesensation.com\/fr\/wp-json\/wp\/v2\/product"}],"about":[{"href":"https:\/\/www.snowkitesensation.com\/fr\/wp-json\/wp\/v2\/types\/product"}],"replies":[{"embeddable":true,"href":"https:\/\/www.snowkitesensation.com\/fr\/wp-json\/wp\/v2\/comments?post=16145"}],"wp:featuredmedia":[{"embeddable":true,"href":"https:\/\/www.snowkitesensation.com\/fr\/wp-json\/wp\/v2\/media\/16149"}],"wp:attachment":[{"href":"https:\/\/www.snowkitesensation.com\/fr\/wp-json\/wp\/v2\/media?parent=16145"}],"wp:term":[{"taxonomy":"product_brand","embeddable":true,"href":"https:\/\/www.snowkitesensation.com\/fr\/wp-json\/wp\/v2\/product_brand?post=16145"},{"taxonomy":"product_cat","embeddable":true,"href":"https:\/\/www.snowkitesensation.com\/fr\/wp-json\/wp\/v2\/product_cat?post=16145"},{"taxonomy":"product_tag","embeddable":true,"href":"https:\/\/www.snowkitesensation.com\/fr\/wp-json\/wp\/v2\/product_tag?post=16145"}],"curies":[{"name":"wp","href":"https:\/\/api.w.org\/{rel}","templated":true}]}}