{"id":17929,"date":"2023-12-14T15:35:04","date_gmt":"2023-12-14T15:35:04","guid":{"rendered":"https:\/\/www.snowkitesensation.com\/?post_type=product&#038;p=17929"},"modified":"2025-09-25T10:51:10","modified_gmt":"2025-09-25T10:51:10","slug":"peak-5","status":"publish","type":"product","link":"https:\/\/www.snowkitesensation.com\/fr\/produit\/best-seller\/peak-5\/","title":{"rendered":"FLYSURFER PEAK 6"},"content":{"rendered":"<p data-start=\"359\" data-end=\"722\">Partez pour votre prochaine aventure alpine avec la <strong data-start=\"405\" data-end=\"425\">Flysurfer Peak 6,<\/strong> l\u2019aile l\u00e9g\u00e8re con\u00e7ue pour les snowkiters, alpinistes et explorateurs qui ont besoin d\u2019un \u00e9quipement fiable dans les conditions les plus extr\u00eames. Que vous traversiez des cr\u00eates enneig\u00e9es ou que vous glissiez dans un backcountry immacul\u00e9, la Peak 6 combine agilit\u00e9, stabilit\u00e9 et s\u00e9curit\u00e9 dans un design ultra-compact.<\/p>\n<p data-start=\"724\" data-end=\"869\">Facile \u00e0 transporter, con\u00e7ue pour durer et r\u00e9active dans toutes les situations, c\u2019est l\u2019aile qui vous garantit d\u2019\u00eatre toujours pr\u00eat lorsque la nature vous met \u00e0 l\u2019\u00e9preuve.<\/p>\n<p data-start=\"871\" data-end=\"918\"><strong>La sixi\u00e8me \u00e9dition de la Peak se distingue par :<\/strong><\/p>\n<article class=\"text-token-text-primary w-full focus:outline-none scroll-mt-[calc(var(--header-height)+min(200px,max(70px,20svh)))]\" dir=\"auto\" tabindex=\"-1\" data-turn-id=\"request-68d295f8-0968-8320-842b-dd9623a67212-71\" data-testid=\"conversation-turn-126\" data-scroll-anchor=\"true\" data-turn=\"assistant\">\n<div class=\"text-base my-auto mx-auto pb-10 [--thread-content-margin:--spacing(4)] thread-sm:[--thread-content-margin:--spacing(6)] thread-lg:[--thread-content-margin:--spacing(16)] px-(--thread-content-margin)\">\n<div class=\"[--thread-content-max-width:40rem] thread-lg:[--thread-content-max-width:48rem] mx-auto max-w-(--thread-content-max-width) flex-1 group\/turn-messages focus-visible:outline-hidden relative flex w-full min-w-0 flex-col agent-turn\" tabindex=\"-1\">\n<div class=\"flex max-w-full flex-col grow\">\n<div class=\"min-h-8 text-message relative flex w-full flex-col items-end gap-2 text-start break-words whitespace-normal [.text-message+&amp;]:mt-5\" dir=\"auto\" data-message-author-role=\"assistant\" data-message-id=\"585e1cfc-4536-48c1-b075-edb44eebf8ac\" data-message-model-slug=\"gpt-5\">\n<div class=\"flex w-full flex-col gap-1 empty:hidden first:pt-[3px]\">\n<div class=\"markdown prose dark:prose-invert w-full break-words light markdown-new-styling\">\n<p data-start=\"2\" data-end=\"91\">&#8211; Construction monopeau en TX-Light (33 g\/m\u00b2) renforc\u00e9e par le DLX+ sur le bord d\u2019attaque<br \/>\n&#8211; Volume d\u2019encombrement minimal : plusieurs ailes tiennent dans un seul sac \u00e0 dos pour les longues randonn\u00e9es<br \/>\n&#8211; Syst\u00e8me B-Safe pour un largage fiable, un atterrissage automatique et des arr\u00eats en toute s\u00e9curit\u00e9<br \/>\n&#8211; Innovation Hybrid Wingtip offrant des virages serr\u00e9s, pr\u00e9cis et une traction constante<br \/>\n&#8211; Depower instantan\u00e9 pour g\u00e9rer les rafales, les pentes et les changements m\u00e9t\u00e9orologiques soudains<br \/>\n&#8211; Con\u00e7ue sp\u00e9cifiquement pour une utilisation alpine dans des vents l\u00e9gers et variables<br \/>\n&#8211; Performance fluide et pr\u00e9visible pour la progression et l\u2019entra\u00eenement<br \/>\n&#8211; O\u00f9 que les montagnes vous m\u00e8nent, la Peak 6 offre une libert\u00e9 sans compromis<\/p>\n<\/div>\n<\/div>\n<\/div>\n<\/div>\n<div class=\"flex min-h-[46px] justify-start\"><\/div>\n<div class=\"mt-3 w-full empty:hidden\">\n<div class=\"text-center\"><strong>Caract\u00e9risituques<\/strong><\/div>\n<\/div>\n<\/div>\n<\/div>\n<\/article>\n<p data-start=\"1593\" data-end=\"1796\"><strong data-start=\"1593\" data-end=\"1632\">Conception l\u00e9g\u00e8re mais robuste<\/strong><br data-start=\"1632\" data-end=\"1635\" \/>Fabriqu\u00e9e en tissu TX-Light (33 g\/m\u00b2) pour un poids minimal et une grande r\u00e9sistance, avec une protection DLX+ sur le bord d\u2019attaque pour r\u00e9sister \u00e0 la glace, \u00e0 la neige et aux abrasions.<br \/>\n<strong data-start=\"1798\" data-end=\"1824\">Syst\u00e8me B-Safe fiable<\/strong><br \/>\nUne ligne de s\u00e9curit\u00e9 suppl\u00e9mentaire permet \u00e0 l\u2019aile de se mettre en drapeau en douceur, rendant l\u2019atterrissage autonome et le red\u00e9collage s\u00fbrs et efficaces \u2013 id\u00e9al pour les riders solos en terrain isol\u00e9.<br \/>\n<strong data-start=\"1993\" data-end=\"2018\">Conception Hybrid Wingtip<\/strong><br data-start=\"2018\" data-end=\"2021\" \/>Les extr\u00e9mit\u00e9s auto-gonflantes int\u00e8grent des entr\u00e9es d\u2019air prot\u00e9g\u00e9es par un maillage pour bloquer la salet\u00e9 et la neige, garantissant un flux d\u2019air propre. Leur a\u00e9rodynamisme optimis\u00e9 offre un pilotage r\u00e9actif et une traction constante, id\u00e9ale pour les descentes techniques.<\/p>\n<p><strong data-start=\"2240\" data-end=\"2267\">Format ultra-compact<\/strong><br data-start=\"2267\" data-end=\"2270\" \/>La Peak 6 se replie dans un volume extr\u00eamement r\u00e9duit, vous permettant d\u2019emporter plusieurs tailles \u00e0 la fois et de vous adapter instantan\u00e9ment aux conditions changeantes.<br \/>\n<strong data-start=\"2410\" data-end=\"2441\">Capacit\u00e9 de depower puissante<\/strong><br data-start=\"2441\" data-end=\"2444\" \/>R\u00e9duisez la puissance \u00e0 la demande pour garder le contr\u00f4le face aux rafales soudaines ou lors de la navigation sur des pentes abruptes.<br \/>\n<strong data-start=\"2545\" data-end=\"2571\">Con\u00e7ue pour la montagne<\/strong><br data-start=\"2571\" data-end=\"2574\" \/>Son profil monopeau garantit une portance fiable et une excellente stabilit\u00e9, m\u00eame dans des vents alpins faibles ou changeants.<br \/>\n<strong data-start=\"2678\" data-end=\"2718\">Parfaite pour l\u2019apprentissage et la progression<\/strong><br data-start=\"2718\" data-end=\"2721\" \/>Gr\u00e2ce \u00e0 sa puissance fluide et \u00e0 son caract\u00e8re tol\u00e9rant, la Peak 6 est \u00e9galement un excellent outil pour s\u2019exercer au pilotage et gagner en confiance.<\/p>\n<p data-start=\"2678\" data-end=\"2861\"><strong>Contenu du pack<\/strong><\/p>\n<p>&#8211; PEAK6 kite<strong data-start=\"2893\" data-end=\"2907\"><br \/>\n<\/strong>&#8211; Sac de rangement compact<br \/>\n&#8211; Kit de lignes sup\u00e9rieures B-Safe<br \/>\n&#8211; Kit de r\u00e9paration<br \/>\n&#8211; Sac de sable<br \/>\n&#8211; Guide de s\u00e9curit\u00e9<\/p>\n","protected":false},"excerpt":{"rendered":"<p>Hey ! Tu es kitesurfeur ou jeune snowkiter, pas vraiment s\u00fbr de quoi acheter ni comment utiliser une aile \u00e0 caissons ? Vous vous demandez quelle taille vous devez prendre Urrgh ? Pas d\u2019inqui\u00e9tude ! <strong>Discute avec nos experts<\/strong> snowkiters en utilisant la bo\u00eete de chat ci-dessous.<\/p>\n<p><img loading=\"lazy\" decoding=\"async\" class=\"alignnone size-medium wp-image-17898\" src=\"https:\/\/www.snowkitesensation.com\/wp-content\/uploads\/2023\/12\/FS16-Logo-Button-black-600x144.png\" alt=\"Flysurfer Logo\" width=\"600\" height=\"144\" srcset=\"https:\/\/www.snowkitesensation.com\/wp-content\/uploads\/2023\/12\/FS16-Logo-Button-black-600x144.png 600w, https:\/\/www.snowkitesensation.com\/wp-content\/uploads\/2023\/12\/FS16-Logo-Button-black-768x185.png 768w, https:\/\/www.snowkitesensation.com\/wp-content\/uploads\/2023\/12\/FS16-Logo-Button-black-1536x370.png 1536w\" sizes=\"auto, (max-width: 600px) 100vw, 600px\" \/><\/p>\n","protected":false},"author":1,"featured_media":18712,"comment_status":"closed","ping_status":"closed","template":"","meta":{"_acf_changed":false,"_uag_custom_page_level_css":"","advgb_blocks_editor_width":"","advgb_blocks_columns_visual_guide":""},"product_brand":[],"product_cat":[547,492],"product_tag":[498,500],"class_list":{"0":"post-17929","1":"product","2":"type-product","3":"status-publish","4":"has-post-thumbnail","6":"product_cat-best-seller","7":"product_cat-uncategorized-fr","8":"product_tag-harnais","9":"product_tag-snowkite-fr","10":"product_shipping_class-harnais-bar-kite","12":"first","13":"instock","14":"taxable","15":"shipping-taxable","16":"purchasable","17":"product-type-variable"},"acf":[],"aioseo_notices":[],"uagb_featured_image_src":{"full":["https:\/\/www.snowkitesensation.com\/wp-content\/uploads\/2023\/12\/Peak-V6-Picture-.jpg",1000,1000,false],"thumbnail":["https:\/\/www.snowkitesensation.com\/wp-content\/uploads\/2023\/12\/Peak-V6-Picture--300x300.jpg",300,300,true],"medium":["https:\/\/www.snowkitesensation.com\/wp-content\/uploads\/2023\/12\/Peak-V6-Picture--600x600.jpg",600,600,true],"medium_large":["https:\/\/www.snowkitesensation.com\/wp-content\/uploads\/2023\/12\/Peak-V6-Picture--768x768.jpg",768,768,true],"large":["https:\/\/www.snowkitesensation.com\/wp-content\/uploads\/2023\/12\/Peak-V6-Picture-.jpg",1000,1000,false],"1536x1536":["https:\/\/www.snowkitesensation.com\/wp-content\/uploads\/2023\/12\/Peak-V6-Picture-.jpg",1000,1000,false],"2048x2048":["https:\/\/www.snowkitesensation.com\/wp-content\/uploads\/2023\/12\/Peak-V6-Picture-.jpg",1000,1000,false],"freestyle_edge_square":["https:\/\/www.snowkitesensation.com\/wp-content\/uploads\/2023\/12\/Peak-V6-Picture--550x550.jpg",550,550,true],"freestyle_edge_landscape":["https:\/\/www.snowkitesensation.com\/wp-content\/uploads\/2023\/12\/Peak-V6-Picture--800x600.jpg",800,600,true],"freestyle_edge_portrait":["https:\/\/www.snowkitesensation.com\/wp-content\/uploads\/2023\/12\/Peak-V6-Picture--600x800.jpg",600,800,true],"freestyle_edge_large_width":["https:\/\/www.snowkitesensation.com\/wp-content\/uploads\/2023\/12\/Peak-V6-Picture--1000x550.jpg",1000,550,true],"freestyle_edge_large_height":["https:\/\/www.snowkitesensation.com\/wp-content\/uploads\/2023\/12\/Peak-V6-Picture--550x1000.jpg",550,1000,true],"freestyle_edge_large_width_height":["https:\/\/www.snowkitesensation.com\/wp-content\/uploads\/2023\/12\/Peak-V6-Picture-.jpg",1000,1000,false],"woocommerce_thumbnail":["https:\/\/www.snowkitesensation.com\/wp-content\/uploads\/2023\/12\/Peak-V6-Picture--300x300.jpg",300,300,true],"woocommerce_single":["https:\/\/www.snowkitesensation.com\/wp-content\/uploads\/2023\/12\/Peak-V6-Picture--600x600.jpg",600,600,true],"woocommerce_gallery_thumbnail":["https:\/\/www.snowkitesensation.com\/wp-content\/uploads\/2023\/12\/Peak-V6-Picture--100x100.jpg",100,100,true],"variation_swatches_image_size":["https:\/\/www.snowkitesensation.com\/wp-content\/uploads\/2023\/12\/Peak-V6-Picture--50x50.jpg",50,50,true],"variation_swatches_tooltip_size":["https:\/\/www.snowkitesensation.com\/wp-content\/uploads\/2023\/12\/Peak-V6-Picture--100x100.jpg",100,100,true]},"uagb_author_info":{"display_name":"Snowkite","author_link":"https:\/\/www.snowkitesensation.com\/fr\/author\/snowkite\/"},"uagb_comment_info":0,"uagb_excerpt":"Hey ! Tu es kitesurfeur ou jeune snowkiter, pas vraiment s\u00fbr de quoi acheter ni comment utiliser une aile \u00e0 caissons ? Vous vous demandez quelle taille vous devez prendre Urrgh ? Pas d\u2019inqui\u00e9tude ! Discute avec nos experts snowkiters en utilisant la bo\u00eete de chat ci-dessous.","featured_img":"https:\/\/www.snowkitesensation.com\/wp-content\/uploads\/2023\/12\/Peak-V6-Picture-.jpg","coauthors":[],"author_meta":{"author_link":"https:\/\/www.snowkitesensation.com\/fr\/author\/snowkite\/","display_name":"Snowkite"},"relative_dates":{"created":"Publi\u00e9 2 ans il y a","modified":"Mis \u00e0 jour 6 mois il y a"},"absolute_dates":{"created":"Publi\u00e9 le d\u00e9cembre 14, 2023","modified":"Mise \u00e0 jour le septembre 25, 2025"},"absolute_dates_time":{"created":"Publi\u00e9 le d\u00e9cembre 14, 2023 3:35 pm","modified":"Mise \u00e0 jour le septembre 25, 2025 10:51 am"},"featured_img_caption":"","tax_additional":{"product_brand":{"linked":[],"unlinked":[],"slug":"product_brand","name":"Marques"},"product_type":{"linked":["<a href=\"https:\/\/www.snowkitesensation.com\/fr\/?taxonomy=product_type&#038;term=variable\" class=\"advgb-post-tax-term\">variable<\/a>"],"unlinked":["<span class=\"advgb-post-tax-term\">variable<\/span>"],"slug":"product_type","name":"Type de produit"},"product_visibility":{"linked":[],"unlinked":[],"slug":"product_visibility","name":"Visibilit\u00e9 du produit"},"product_cat":{"linked":["<a href=\"https:\/\/www.snowkitesensation.com\/fr\/boutique-kite\/best-seller\/\" class=\"advgb-post-tax-term\">Best seller<\/a>","<a href=\"https:\/\/www.snowkitesensation.com\/fr\/boutique-kite\/uncategorized-fr\/\" class=\"advgb-post-tax-term\">Uncategorized<\/a>"],"unlinked":["<span class=\"advgb-post-tax-term\">Best seller<\/span>","<span class=\"advgb-post-tax-term\">Uncategorized<\/span>"],"slug":"product_cat","name":"Cat\u00e9gories de produits"},"product_tag":{"linked":["<a href=\"https:\/\/www.snowkitesensation.com\/fr\/boutique-equipement\/harnais\/\" class=\"advgb-post-tax-term\">Harnais<\/a>","<a href=\"https:\/\/www.snowkitesensation.com\/fr\/boutique-equipement\/snowkite-fr\/\" class=\"advgb-post-tax-term\">snowkite<\/a>"],"unlinked":["<span class=\"advgb-post-tax-term\">Harnais<\/span>","<span class=\"advgb-post-tax-term\">snowkite<\/span>"],"slug":"product_tag","name":"\u00c9tiquettes produit"},"product_shipping_class":{"linked":["<a href=\"https:\/\/www.snowkitesensation.com\/fr\/?taxonomy=product_shipping_class&#038;term=harnais-bar-kite\" class=\"advgb-post-tax-term\">Harnais bar kite<\/a>"],"unlinked":["<span class=\"advgb-post-tax-term\">Harnais bar kite<\/span>"],"slug":"product_shipping_class","name":"Classe d\u2019exp\u00e9dition du produit"},"pos_product_visibility":{"linked":[],"unlinked":[],"slug":"pos_product_visibility","name":"Visibilit\u00e9 du produit sur le point de vente"},"pa_brand":{"linked":[],"unlinked":[],"slug":"pa_brand","name":"Product Brand"},"pa_carbon":{"linked":[],"unlinked":[],"slug":"pa_carbon","name":"Product Increase the hardness with carbon"},"pa_country-voucher":{"linked":[],"unlinked":[],"slug":"pa_country-voucher","name":"Product Country"},"pa_graphics":{"linked":[],"unlinked":[],"slug":"pa_graphics","name":"Product Personal graphics or personal geometry"},"pa_how-many-people":{"linked":[],"unlinked":[],"slug":"pa_how-many-people","name":"Product How many people"},"pa_localisation":{"linked":[],"unlinked":[],"slug":"pa_localisation","name":"Product Localisation"},"pa_supplier":{"linked":[],"unlinked":[],"slug":"pa_supplier","name":"Product Supplier"},"translation_priority":{"linked":["<a href=\"https:\/\/www.snowkitesensation.com\/fr\/?taxonomy=translation_priority&#038;term=optionel\" class=\"advgb-post-tax-term\">Optionel<\/a>"],"unlinked":["<span class=\"advgb-post-tax-term\">Optionel<\/span>"],"slug":"translation_priority","name":"Priorit\u00e9s de traduction"}},"series_order":"","_links":{"self":[{"href":"https:\/\/www.snowkitesensation.com\/fr\/wp-json\/wp\/v2\/product\/17929","targetHints":{"allow":["GET"]}}],"collection":[{"href":"https:\/\/www.snowkitesensation.com\/fr\/wp-json\/wp\/v2\/product"}],"about":[{"href":"https:\/\/www.snowkitesensation.com\/fr\/wp-json\/wp\/v2\/types\/product"}],"replies":[{"embeddable":true,"href":"https:\/\/www.snowkitesensation.com\/fr\/wp-json\/wp\/v2\/comments?post=17929"}],"wp:featuredmedia":[{"embeddable":true,"href":"https:\/\/www.snowkitesensation.com\/fr\/wp-json\/wp\/v2\/media\/18712"}],"wp:attachment":[{"href":"https:\/\/www.snowkitesensation.com\/fr\/wp-json\/wp\/v2\/media?parent=17929"}],"wp:term":[{"taxonomy":"product_brand","embeddable":true,"href":"https:\/\/www.snowkitesensation.com\/fr\/wp-json\/wp\/v2\/product_brand?post=17929"},{"taxonomy":"product_cat","embeddable":true,"href":"https:\/\/www.snowkitesensation.com\/fr\/wp-json\/wp\/v2\/product_cat?post=17929"},{"taxonomy":"product_tag","embeddable":true,"href":"https:\/\/www.snowkitesensation.com\/fr\/wp-json\/wp\/v2\/product_tag?post=17929"}],"curies":[{"name":"wp","href":"https:\/\/api.w.org\/{rel}","templated":true}]}}