{"id":18043,"date":"2024-04-05T09:43:56","date_gmt":"2024-04-05T09:43:56","guid":{"rendered":"https:\/\/www.snowkitesensation.com\/?post_type=product&#038;p=18043"},"modified":"2025-09-29T16:04:47","modified_gmt":"2025-09-29T16:04:47","slug":"ozone-backcountry-v4-harnais","status":"publish","type":"product","link":"https:\/\/www.snowkitesensation.com\/fr\/produit\/best-seller\/ozone-backcountry-v4-harnais\/","title":{"rendered":"Ozone Backcountry V4 Harnais"},"content":{"rendered":"<p>Le harnais de snowkite Ozone Backcountry V4 a \u00e9t\u00e9 sp\u00e9cialement con\u00e7u pour offrir confort et soutien tout en restant sobre, simple et incroyablement l\u00e9ger, \u00e0 partir de seulement 670 grammes !<\/p>\n<p><strong>Caract\u00e9ristiques Principales :<\/strong><\/p>\n<p>Con\u00e7u pour l\u2019aventure : Ce harnais avec des cuissardes est id\u00e9al pour les snowkiters exp\u00e9riment\u00e9s en hors-piste qui s\u2019aventurent profond\u00e9ment dans les montagnes, ou pour les riders \u00e0 la recherche d\u2019une alternative l\u00e9g\u00e8re et moins encombrante au syst\u00e8me de barre d\u2019\u00e9cartement traditionnel. Comme tous les accessoires et \u00e9quipements Ozone, le harnais Connect Snow Backcountry est fabriqu\u00e9 avec soin et expertise dans leur propre usine.<\/p>\n<p>Ne remontera pas : Le harnais Connect Snow Backcountry est con\u00e7u de mani\u00e8re similaire \u00e0 un harnais d\u2019escalade pour \u00e9viter toute remont\u00e9e.<\/p>\n<p>Connexion par boucle de sangle pour un d\u00e9gagement rapide : Boucle de sangle robuste pour connecter le Quick Release, r\u00e9duisant ainsi la taille et le poids du harnais. Connexion en trois \u00e9tapes : ouvrir le Quick Release, faire passer la boucle \u00e0 travers la sangle, recharger le Quick Release.<\/p>\n<p>Structure interne solide : Couches de plastique le long de la section arri\u00e8re avec support de sangle sur toute la longueur pour une r\u00e9partition optimale de la charge et une durabilit\u00e9 accrue.<\/p>\n<p>Sangle de maintien des jambes : Sangles de jambe l\u00e9g\u00e8res et confortables avec doublure en n\u00e9opr\u00e8ne pour une forte adh\u00e9rence sur les v\u00eatements d\u2019hiver. Les sangles de jambe sont reli\u00e9es selon un angle ergonomique pour r\u00e9partir les charges verticales entre le point d\u2019attache et le rembourrage des jambes.<\/p>\n<p>Ajustement confortable : Zones extra rembourr\u00e9es pour un confort accru et doublure en n\u00e9opr\u00e8ne pour une adh\u00e9rence optimale sur les v\u00eatements d\u2019hiver. Il prot\u00e8ge \u00e9galement mieux contre le froid.<\/p>\n<p>Construction l\u00e9g\u00e8re : Construction solide mais l\u00e9g\u00e8re pour les randonn\u00e9es, \u00e0 partir de seulement 670 grammes (environ).<\/p>\n<p>Connexion technique du sac \u00e0 dos : Des boucles de chaque c\u00f4t\u00e9 se connectent directement \u00e0 notre sac \u00e0 dos technique Snowkite. Il suffit de d\u00e9tacher la sangle ventrale du sac \u00e0 dos, de la retirer et de clipser les sangles du sac dans le harnais.<\/p>\n<p>Attache du kite : Fixation de laisse du kite avant facile d\u2019acc\u00e8s.<\/p>\n<p>Attache de boucle de sangle : Attachez une poign\u00e9e de maintien ou des cordes pour tirer les tra\u00eeneaux aux boucles de sangle de chaque c\u00f4t\u00e9 du harnais.<\/p>\n<p><strong>Infos Techniques :<\/strong><\/p>\n<p>Harnais de taille avec sangles de maintien des jambes id\u00e9al pour les randonn\u00e9es en hors-piste. Construction solide mais l\u00e9g\u00e8re \u00e0 partir de seulement 670 grammes (environ). Connexion en boucle de sangle robuste pour le Quick Release. Attache de boucle de sangle de laisse de cerf-volant. Connexion technique du sac \u00e0 dos. Maintenant disponible en deux mod\u00e8les enti\u00e8rement r\u00e9glables : XS\/S et M\/L.<\/p>\n<p><strong>Guide des tailles :<br \/>\n<\/strong><\/p>\n<p>Tour de taille (en cm)<\/p>\n<p>XS\/S: 68-80 cm<\/p>\n<p>M\/L: 79-96 cm<\/p>\n<p>Le <strong data-start=\"332\" data-end=\"356\">Ozone Backcountry V4<\/strong> est un excellent harnais de snowkite, performant et abordable.<br data-start=\"419\" data-end=\"422\" \/>Et si tu veux une version encore plus \u00e9conomique, opte pour le <a href=\"https:\/\/www.snowkitesensation.com\/fr\/produit\/harnais\/ozone-backcountryv3-harnais\/\"><strong data-start=\"485\" data-end=\"503\">Backcountry V3<\/strong><\/a>, toujours disponible neuf dans notre boutique !<\/p>\n<p><img loading=\"lazy\" decoding=\"async\" class=\"alignleft wp-image-12303 size-thumbnail\" src=\"https:\/\/www.snowkitesensation.com\/wp-content\/uploads\/2021\/03\/ozone-logo-1.png\" alt=\"\" width=\"300\" height=\"89\" \/><\/p>\n","protected":false},"excerpt":{"rendered":"<div class=\"celwidget\" data-csa-c-id=\"m87zd6-3h3ihk-wcsh4f-uefaqy\" data-cel-widget=\"dpx-product-description_csm_instrumentation_wrapper\">\n<div id=\"descriptionAndDetails\" class=\"a-section a-spacing-extra-large\">\n<div id=\"productDescription_feature_div\" class=\"celwidget\" data-feature-name=\"productDescription\" data-csa-c-id=\"2wp1di-vfwhw7-gjoqke-47ys1g\" data-cel-widget=\"productDescription_feature_div\">\n<div id=\"productDescription_feature_div\" class=\"a-row feature\" data-feature-name=\"productDescription\" data-template-name=\"productDescription\" data-cel-widget=\"productDescription_feature_div\">\n<div id=\"productDescription\" class=\"a-section a-spacing-small\">\n<p data-start=\"63\" data-end=\"240\"><strong data-start=\"63\" data-end=\"238\">Hey ! Tu es kitesurfeur ou nouveau venu dans l\u2019univers du snowkite ? Tu ne sais pas trop quel harnais choisir ? Tu h\u00e9sites sur la taille \u00e0 prendre\u2026 Urrgh ?! Pas de souci! <\/strong>Parle directement avec nos experts snowkiters gr\u00e2ce \u00e0 la bo\u00eete de chat ci-dessous !<\/p>\n<p data-start=\"329\" data-end=\"553\">Le <strong data-start=\"332\" data-end=\"356\">Ozone Backcountry V4<\/strong> est un excellent harnais de snowkite, performant et abordable.<br data-start=\"419\" data-end=\"422\" \/>Et si tu veux une version encore plus \u00e9conomique, opte pour le <a href=\"https:\/\/www.snowkitesensation.com\/fr\/produit\/harnais\/ozone-backcountryv3-harnais\/\"><strong data-start=\"485\" data-end=\"503\">Backcountry V3<\/strong><\/a>, toujours disponible neuf dans notre boutique !<\/p>\n<\/div>\n<div id=\"productDescription\" class=\"a-section a-spacing-small\">\n<section class=\"text-col1\"><img loading=\"lazy\" decoding=\"async\" class=\"alignleft wp-image-12303 size-thumbnail\" src=\"https:\/\/www.snowkitesensation.com\/wp-content\/uploads\/2021\/03\/ozone-logo-1.png\" alt=\"\" width=\"300\" height=\"89\" \/><\/section>\n<\/div>\n<\/div>\n<\/div>\n<\/div>\n<\/div>\n","protected":false},"author":1,"featured_media":18268,"comment_status":"closed","ping_status":"closed","template":"","meta":{"_acf_changed":false,"_uag_custom_page_level_css":"","advgb_blocks_editor_width":"","advgb_blocks_columns_visual_guide":""},"product_brand":[576],"product_cat":[547,146,578],"product_tag":[498,501,499,500],"class_list":{"0":"post-18043","1":"product","2":"type-product","3":"status-publish","4":"has-post-thumbnail","6":"product_brand-ozone-kiteboarding","7":"product_cat-best-seller","8":"product_cat-harnais","9":"product_cat-starter-pack-fr","10":"product_tag-harnais","11":"product_tag-kite-ski-fr","12":"product_tag-ozone-fr","13":"product_tag-snowkite-fr","14":"product_shipping_class-harnais-bar-kite","16":"first","17":"instock","18":"featured","19":"taxable","20":"shipping-taxable","21":"purchasable","22":"product-type-variable"},"acf":[],"aioseo_notices":[],"uagb_featured_image_src":{"full":["https:\/\/www.snowkitesensation.com\/wp-content\/uploads\/2024\/04\/Screenshot-2024-11-05-at-17.14.37.png",774,702,false],"thumbnail":["https:\/\/www.snowkitesensation.com\/wp-content\/uploads\/2024\/04\/Screenshot-2024-11-05-at-17.14.37-300x300.png",300,300,true],"medium":["https:\/\/www.snowkitesensation.com\/wp-content\/uploads\/2024\/04\/Screenshot-2024-11-05-at-17.14.37-600x544.png",600,544,true],"medium_large":["https:\/\/www.snowkitesensation.com\/wp-content\/uploads\/2024\/04\/Screenshot-2024-11-05-at-17.14.37-768x697.png",768,697,true],"large":["https:\/\/www.snowkitesensation.com\/wp-content\/uploads\/2024\/04\/Screenshot-2024-11-05-at-17.14.37.png",774,702,false],"1536x1536":["https:\/\/www.snowkitesensation.com\/wp-content\/uploads\/2024\/04\/Screenshot-2024-11-05-at-17.14.37.png",774,702,false],"2048x2048":["https:\/\/www.snowkitesensation.com\/wp-content\/uploads\/2024\/04\/Screenshot-2024-11-05-at-17.14.37.png",774,702,false],"freestyle_edge_square":["https:\/\/www.snowkitesensation.com\/wp-content\/uploads\/2024\/04\/Screenshot-2024-11-05-at-17.14.37-550x550.png",550,550,true],"freestyle_edge_landscape":["https:\/\/www.snowkitesensation.com\/wp-content\/uploads\/2024\/04\/Screenshot-2024-11-05-at-17.14.37-774x600.png",774,600,true],"freestyle_edge_portrait":["https:\/\/www.snowkitesensation.com\/wp-content\/uploads\/2024\/04\/Screenshot-2024-11-05-at-17.14.37-600x702.png",600,702,true],"freestyle_edge_large_width":["https:\/\/www.snowkitesensation.com\/wp-content\/uploads\/2024\/04\/Screenshot-2024-11-05-at-17.14.37-774x550.png",774,550,true],"freestyle_edge_large_height":["https:\/\/www.snowkitesensation.com\/wp-content\/uploads\/2024\/04\/Screenshot-2024-11-05-at-17.14.37-550x702.png",550,702,true],"freestyle_edge_large_width_height":["https:\/\/www.snowkitesensation.com\/wp-content\/uploads\/2024\/04\/Screenshot-2024-11-05-at-17.14.37.png",774,702,false],"woocommerce_thumbnail":["https:\/\/www.snowkitesensation.com\/wp-content\/uploads\/2024\/04\/Screenshot-2024-11-05-at-17.14.37-300x300.png",300,300,true],"woocommerce_single":["https:\/\/www.snowkitesensation.com\/wp-content\/uploads\/2024\/04\/Screenshot-2024-11-05-at-17.14.37-600x544.png",600,544,true],"woocommerce_gallery_thumbnail":["https:\/\/www.snowkitesensation.com\/wp-content\/uploads\/2024\/04\/Screenshot-2024-11-05-at-17.14.37-100x100.png",100,100,true],"variation_swatches_image_size":["https:\/\/www.snowkitesensation.com\/wp-content\/uploads\/2024\/04\/Screenshot-2024-11-05-at-17.14.37-50x50.png",50,50,true],"variation_swatches_tooltip_size":["https:\/\/www.snowkitesensation.com\/wp-content\/uploads\/2024\/04\/Screenshot-2024-11-05-at-17.14.37-100x100.png",100,100,true]},"uagb_author_info":{"display_name":"Snowkite","author_link":"https:\/\/www.snowkitesensation.com\/fr\/author\/snowkite\/"},"uagb_comment_info":0,"uagb_excerpt":"Hey ! Tu es kitesurfeur ou nouveau venu dans l\u2019univers du snowkite ? Tu ne sais pas trop quel harnais choisir ? Tu h\u00e9sites sur la taille \u00e0 prendre\u2026 Urrgh ?! Pas de souci! Parle directement avec nos experts snowkiters gr\u00e2ce \u00e0 la bo\u00eete de chat ci-dessous ! Le Ozone Backcountry V4 est un excellent\u2026","featured_img":"https:\/\/www.snowkitesensation.com\/wp-content\/uploads\/2024\/04\/Screenshot-2024-11-05-at-17.14.37.png","coauthors":[],"author_meta":{"author_link":"https:\/\/www.snowkitesensation.com\/fr\/author\/snowkite\/","display_name":"Snowkite"},"relative_dates":{"created":"Publi\u00e9 2 ans il y a","modified":"Mis \u00e0 jour 6 mois il y a"},"absolute_dates":{"created":"Publi\u00e9 le avril 5, 2024","modified":"Mise \u00e0 jour le septembre 29, 2025"},"absolute_dates_time":{"created":"Publi\u00e9 le avril 5, 2024 9:43 am","modified":"Mise \u00e0 jour le septembre 29, 2025 4:04 pm"},"featured_img_caption":"","tax_additional":{"product_brand":{"linked":["<a href=\"https:\/\/www.snowkitesensation.com\/fr\/marque\/ozone-kiteboarding\/\" class=\"advgb-post-tax-term\">Ozone Kiteboarding<\/a>"],"unlinked":["<span class=\"advgb-post-tax-term\">Ozone Kiteboarding<\/span>"],"slug":"product_brand","name":"Marques"},"product_type":{"linked":["<a href=\"https:\/\/www.snowkitesensation.com\/fr\/?taxonomy=product_type&#038;term=variable\" class=\"advgb-post-tax-term\">variable<\/a>"],"unlinked":["<span class=\"advgb-post-tax-term\">variable<\/span>"],"slug":"product_type","name":"Type de produit"},"product_visibility":{"linked":["<a href=\"https:\/\/www.snowkitesensation.com\/fr\/?taxonomy=product_visibility&#038;term=featured\" class=\"advgb-post-tax-term\">featured<\/a>"],"unlinked":["<span class=\"advgb-post-tax-term\">featured<\/span>"],"slug":"product_visibility","name":"Visibilit\u00e9 du produit"},"product_cat":{"linked":["<a href=\"https:\/\/www.snowkitesensation.com\/fr\/boutique-kite\/best-seller\/\" class=\"advgb-post-tax-term\">Best seller<\/a>","<a href=\"https:\/\/www.snowkitesensation.com\/fr\/boutique-kite\/harnais\/\" class=\"advgb-post-tax-term\">Harnais snowkite<\/a>","<a href=\"https:\/\/www.snowkitesensation.com\/fr\/boutique-kite\/starter-pack-fr\/\" class=\"advgb-post-tax-term\">Starter Pack<\/a>"],"unlinked":["<span class=\"advgb-post-tax-term\">Best seller<\/span>","<span class=\"advgb-post-tax-term\">Harnais snowkite<\/span>","<span class=\"advgb-post-tax-term\">Starter Pack<\/span>"],"slug":"product_cat","name":"Cat\u00e9gories de produits"},"product_tag":{"linked":["<a href=\"https:\/\/www.snowkitesensation.com\/fr\/boutique-equipement\/harnais\/\" class=\"advgb-post-tax-term\">Harnais<\/a>","<a href=\"https:\/\/www.snowkitesensation.com\/fr\/boutique-equipement\/kite-ski-fr\/\" class=\"advgb-post-tax-term\">kite ski<\/a>","<a href=\"https:\/\/www.snowkitesensation.com\/fr\/boutique-equipement\/ozone-fr\/\" class=\"advgb-post-tax-term\">Ozone<\/a>","<a href=\"https:\/\/www.snowkitesensation.com\/fr\/boutique-equipement\/snowkite-fr\/\" class=\"advgb-post-tax-term\">snowkite<\/a>"],"unlinked":["<span class=\"advgb-post-tax-term\">Harnais<\/span>","<span class=\"advgb-post-tax-term\">kite ski<\/span>","<span class=\"advgb-post-tax-term\">Ozone<\/span>","<span class=\"advgb-post-tax-term\">snowkite<\/span>"],"slug":"product_tag","name":"\u00c9tiquettes produit"},"product_shipping_class":{"linked":["<a href=\"https:\/\/www.snowkitesensation.com\/fr\/?taxonomy=product_shipping_class&#038;term=harnais-bar-kite\" class=\"advgb-post-tax-term\">Harnais bar kite<\/a>"],"unlinked":["<span class=\"advgb-post-tax-term\">Harnais bar kite<\/span>"],"slug":"product_shipping_class","name":"Classe d\u2019exp\u00e9dition du produit"},"pos_product_visibility":{"linked":[],"unlinked":[],"slug":"pos_product_visibility","name":"Visibilit\u00e9 du produit sur le point de vente"},"pa_brand":{"linked":[],"unlinked":[],"slug":"pa_brand","name":"Product Brand"},"pa_carbon":{"linked":[],"unlinked":[],"slug":"pa_carbon","name":"Product Increase the hardness with carbon"},"pa_country-voucher":{"linked":[],"unlinked":[],"slug":"pa_country-voucher","name":"Product Country"},"pa_graphics":{"linked":[],"unlinked":[],"slug":"pa_graphics","name":"Product Personal graphics or personal geometry"},"pa_how-many-people":{"linked":[],"unlinked":[],"slug":"pa_how-many-people","name":"Product How many people"},"pa_localisation":{"linked":[],"unlinked":[],"slug":"pa_localisation","name":"Product Localisation"},"pa_supplier":{"linked":[],"unlinked":[],"slug":"pa_supplier","name":"Product Supplier"},"translation_priority":{"linked":["<a href=\"https:\/\/www.snowkitesensation.com\/fr\/?taxonomy=translation_priority&#038;term=optionel\" class=\"advgb-post-tax-term\">Optionel<\/a>"],"unlinked":["<span class=\"advgb-post-tax-term\">Optionel<\/span>"],"slug":"translation_priority","name":"Priorit\u00e9s de traduction"}},"series_order":"","_links":{"self":[{"href":"https:\/\/www.snowkitesensation.com\/fr\/wp-json\/wp\/v2\/product\/18043","targetHints":{"allow":["GET"]}}],"collection":[{"href":"https:\/\/www.snowkitesensation.com\/fr\/wp-json\/wp\/v2\/product"}],"about":[{"href":"https:\/\/www.snowkitesensation.com\/fr\/wp-json\/wp\/v2\/types\/product"}],"replies":[{"embeddable":true,"href":"https:\/\/www.snowkitesensation.com\/fr\/wp-json\/wp\/v2\/comments?post=18043"}],"wp:featuredmedia":[{"embeddable":true,"href":"https:\/\/www.snowkitesensation.com\/fr\/wp-json\/wp\/v2\/media\/18268"}],"wp:attachment":[{"href":"https:\/\/www.snowkitesensation.com\/fr\/wp-json\/wp\/v2\/media?parent=18043"}],"wp:term":[{"taxonomy":"product_brand","embeddable":true,"href":"https:\/\/www.snowkitesensation.com\/fr\/wp-json\/wp\/v2\/product_brand?post=18043"},{"taxonomy":"product_cat","embeddable":true,"href":"https:\/\/www.snowkitesensation.com\/fr\/wp-json\/wp\/v2\/product_cat?post=18043"},{"taxonomy":"product_tag","embeddable":true,"href":"https:\/\/www.snowkitesensation.com\/fr\/wp-json\/wp\/v2\/product_tag?post=18043"}],"curies":[{"name":"wp","href":"https:\/\/api.w.org\/{rel}","templated":true}]}}