{"id":18240,"date":"2024-11-05T15:55:46","date_gmt":"2024-11-05T15:55:46","guid":{"rendered":"https:\/\/www.snowkitesensation.com\/?post_type=product&#038;p=18240"},"modified":"2024-11-05T16:13:04","modified_gmt":"2024-11-05T16:13:04","slug":"ozone-backcountry-v4-harnais-copy","status":"publish","type":"product","link":"https:\/\/www.snowkitesensation.com\/fr\/produit\/best-seller\/ozone-backcountry-v4-harnais-copy\/","title":{"rendered":"Ozone Harnais Connect Snow V4"},"content":{"rendered":"<p>Le harnais Connect Snow V4 est parfait pour les amateurs de kite sur neige ou sur terre, offrant un soutien suppl\u00e9mentaire et une utilisation simplifi\u00e9e gr\u00e2ce \u00e0 sa barre d&rsquo;\u00e9cartement en acier inoxydable. Une nouvelle taille plus petite est d\u00e9sormais disponible.<\/p>\n<h3>Caract\u00e9ristiques Principales :<\/h3>\n<p><strong>Conception ergonomique<\/strong><br \/>\nCon\u00e7u pour maximiser le confort, le soutien et la flexibilit\u00e9, ce harnais pr\u00e9sente une forme ergonomique qui am\u00e9liore la r\u00e9partition des charges. Il est id\u00e9al \u00e0 porter par-dessus ou sous votre \u00e9quipement de neige, et ses cuissardes amovibles le rendent polyvalent pour une utilisation sur neige ou sur terre.<\/p>\n<p>Comme tous les produits Ozone, le harnais Connect Snow est fabriqu\u00e9 avec soin et expertise dans leur usine.<\/p>\n<p><strong>Aluminium de haute qualit\u00e9<\/strong><br \/>\n\u00c9quip\u00e9 de boucles de r\u00e9glage en aluminium robustes sur la barre d&rsquo;\u00e9cartement et les cuissardes.<\/p>\n<p><strong>Barre d&rsquo;\u00e9cartement en acier inoxydable<\/strong><br \/>\nCette barre se fixe directement au harnais et aux sangles de cuisse, limitant la torsion et offrant un rembourrage suppl\u00e9mentaire ainsi qu\u2019un rev\u00eatement en n\u00e9opr\u00e8ne pour un confort accru.<\/p>\n<p><strong>Boucles en aluminium<\/strong><br \/>\nLes boucles de r\u00e9glage en aluminium, r\u00e9sistantes et faciles \u00e0 manipuler, simplifient l&rsquo;enfilage du harnais, m\u00eame avec un \u00e9quipement de neige. Leur ajustement fluide minimise l&rsquo;usure de la sangle.<\/p>\n<p><strong>Forme ergonomique<\/strong><br \/>\nLes panneaux plus larges et ergonomiques assurent un meilleur soutien en r\u00e9partissant la charge sur une surface plus \u00e9tendue.<\/p>\n<p><strong>Structure interne robuste<\/strong><br \/>\nDes couches de plastique renforcent la section arri\u00e8re avec un support de sangle sur toute la longueur pour une r\u00e9partition optimale des charges et une durabilit\u00e9 accrue.<\/p>\n<p><strong>Sangles de jambe amovibles<\/strong><br \/>\nCes sangles color\u00e9es, l\u00e9g\u00e8res et confortables, sont dot\u00e9es d&rsquo;une doublure en n\u00e9opr\u00e8ne pour une adh\u00e9rence optimale sur les v\u00eatements d\u2019hiver. Elles sont con\u00e7ues pour r\u00e9partir verticalement les charges entre le point d\u2019attache et le rembourrage des jambes et peuvent \u00eatre retir\u00e9es ou gliss\u00e9es sous le pantalon de neige sans avoir \u00e0 les enlever.<\/p>\n<p><strong>Construction l\u00e9g\u00e8re<\/strong><br \/>\nConception robuste mais l\u00e9g\u00e8re, pesant environ 970 grammes, id\u00e9ale pour les randonn\u00e9es.<\/p>\n<p><strong>Connexion pour sac \u00e0 dos technique<\/strong><br \/>\nDes boucles sur chaque c\u00f4t\u00e9 permettent de connecter le harnais directement au sac \u00e0 dos technique Snowkite. Il suffit de d\u00e9clipser la sangle ventrale du sac, de la retirer et de fixer les sangles du sac au harnais.<\/p>\n<p><strong>Ajustement confortable<\/strong><br \/>\nDes zones suppl\u00e9mentaires rembourr\u00e9es et une doublure en n\u00e9opr\u00e8ne am\u00e9liorent le confort et l\u2019adh\u00e9rence sur les v\u00eatements d&rsquo;hiver, tout en offrant une meilleure protection contre le froid.<\/p>\n<p><strong>Attaches de boucle de sangle<\/strong><br \/>\nDes attaches sur chaque c\u00f4t\u00e9 du harnais permettent de fixer une poign\u00e9e de maintien ou des cordes pour tirer des tra\u00eeneaux.<\/p>\n<h3>Informations Techniques :<\/h3>\n<ul>\n<li>Harnais ajustable avec cuissardes amovibles, id\u00e9al pour tous les kiters sur neige et sur terre.<\/li>\n<li>Construction robuste mais l\u00e9g\u00e8re, pesant environ 970 grammes.<\/li>\n<li>Barre d&rsquo;\u00e9cartement en acier inoxydable avec rembourrage confortable.<\/li>\n<li>Boucles de r\u00e9glage en aluminium de haute qualit\u00e9.<\/li>\n<li>Disponible en deux mod\u00e8les enti\u00e8rement ajustables : XS\/S et M\/L.<\/li>\n<li>Connexions techniques pour sac \u00e0 dos.<\/li>\n<li>Boucles de sangle id\u00e9ales pour tirer des tra\u00eeneaux ou attacher une poign\u00e9e de maintien.<\/li>\n<\/ul>\n<p><strong>Guide des tailles :<\/strong><\/p>\n<p>XS\/S : 68-80 cm<\/p>\n<p>M\/L : 79-96 cm<\/p>\n<p><img loading=\"lazy\" decoding=\"async\" class=\"alignleft wp-image-12303 size-thumbnail\" src=\"https:\/\/www.snowkitesensation.com\/wp-content\/uploads\/2021\/03\/ozone-logo-1.png\" alt=\"\" width=\"300\" height=\"89\" \/><\/p>\n","protected":false},"excerpt":{"rendered":"<div class=\"celwidget\" data-csa-c-id=\"m87zd6-3h3ihk-wcsh4f-uefaqy\" data-cel-widget=\"dpx-product-description_csm_instrumentation_wrapper\">\n<div id=\"descriptionAndDetails\" class=\"a-section a-spacing-extra-large\">\n<div id=\"productDescription_feature_div\" class=\"celwidget\" data-feature-name=\"productDescription\" data-csa-c-id=\"2wp1di-vfwhw7-gjoqke-47ys1g\" data-cel-widget=\"productDescription_feature_div\">\n<div id=\"productDescription_feature_div\" class=\"a-row feature\" data-feature-name=\"productDescription\" data-template-name=\"productDescription\" data-cel-widget=\"productDescription_feature_div\">\n<div id=\"productDescription\" class=\"a-section a-spacing-small\">\n<p><strong>Besoin d&rsquo;un conseil ? Parlez \u00e0 un expert, utilisez la bo\u00eete de chat ci-dessous !<\/strong><\/p>\n<\/div>\n<p><strong>Frais d&rsquo;envoi 25\u20ac en dehors de l&rsquo;UE. <\/strong><\/p>\n<div id=\"productDescription\" class=\"a-section a-spacing-small\">\n<section class=\"text-col1\"><img loading=\"lazy\" decoding=\"async\" class=\"alignleft wp-image-12303 size-thumbnail\" src=\"https:\/\/www.snowkitesensation.com\/wp-content\/uploads\/2021\/03\/ozone-logo-1.png\" alt=\"\" width=\"300\" height=\"89\" \/><\/section>\n<\/div>\n<\/div>\n<\/div>\n<\/div>\n<\/div>\n","protected":false},"author":1,"featured_media":18255,"comment_status":"closed","ping_status":"closed","template":"","meta":{"_acf_changed":false,"_uag_custom_page_level_css":"","advgb_blocks_editor_width":"","advgb_blocks_columns_visual_guide":""},"product_brand":[],"product_cat":[547,146],"product_tag":[498,501,499,500],"class_list":{"0":"post-18240","1":"product","2":"type-product","3":"status-publish","4":"has-post-thumbnail","6":"product_cat-best-seller","7":"product_cat-harnais","8":"product_tag-harnais","9":"product_tag-kite-ski-fr","10":"product_tag-ozone-fr","11":"product_tag-snowkite-fr","12":"product_shipping_class-harnais-bar-kite","14":"first","15":"instock","16":"featured","17":"taxable","18":"shipping-taxable","19":"purchasable","20":"product-type-variable"},"acf":[],"aioseo_notices":[],"uagb_featured_image_src":{"full":["https:\/\/www.snowkitesensation.com\/wp-content\/uploads\/2024\/11\/Screenshot-2024-11-05-at-17.08.31.png",888,852,false],"thumbnail":["https:\/\/www.snowkitesensation.com\/wp-content\/uploads\/2024\/11\/Screenshot-2024-11-05-at-17.08.31-300x300.png",300,300,true],"medium":["https:\/\/www.snowkitesensation.com\/wp-content\/uploads\/2024\/11\/Screenshot-2024-11-05-at-17.08.31-600x576.png",600,576,true],"medium_large":["https:\/\/www.snowkitesensation.com\/wp-content\/uploads\/2024\/11\/Screenshot-2024-11-05-at-17.08.31-768x737.png",768,737,true],"large":["https:\/\/www.snowkitesensation.com\/wp-content\/uploads\/2024\/11\/Screenshot-2024-11-05-at-17.08.31.png",888,852,false],"1536x1536":["https:\/\/www.snowkitesensation.com\/wp-content\/uploads\/2024\/11\/Screenshot-2024-11-05-at-17.08.31.png",888,852,false],"2048x2048":["https:\/\/www.snowkitesensation.com\/wp-content\/uploads\/2024\/11\/Screenshot-2024-11-05-at-17.08.31.png",888,852,false],"freestyle_edge_square":["https:\/\/www.snowkitesensation.com\/wp-content\/uploads\/2024\/11\/Screenshot-2024-11-05-at-17.08.31-550x550.png",550,550,true],"freestyle_edge_landscape":["https:\/\/www.snowkitesensation.com\/wp-content\/uploads\/2024\/11\/Screenshot-2024-11-05-at-17.08.31-800x600.png",800,600,true],"freestyle_edge_portrait":["https:\/\/www.snowkitesensation.com\/wp-content\/uploads\/2024\/11\/Screenshot-2024-11-05-at-17.08.31-600x800.png",600,800,true],"freestyle_edge_large_width":["https:\/\/www.snowkitesensation.com\/wp-content\/uploads\/2024\/11\/Screenshot-2024-11-05-at-17.08.31-888x550.png",888,550,true],"freestyle_edge_large_height":["https:\/\/www.snowkitesensation.com\/wp-content\/uploads\/2024\/11\/Screenshot-2024-11-05-at-17.08.31-550x852.png",550,852,true],"freestyle_edge_large_width_height":["https:\/\/www.snowkitesensation.com\/wp-content\/uploads\/2024\/11\/Screenshot-2024-11-05-at-17.08.31.png",888,852,false],"woocommerce_thumbnail":["https:\/\/www.snowkitesensation.com\/wp-content\/uploads\/2024\/11\/Screenshot-2024-11-05-at-17.08.31-300x300.png",300,300,true],"woocommerce_single":["https:\/\/www.snowkitesensation.com\/wp-content\/uploads\/2024\/11\/Screenshot-2024-11-05-at-17.08.31-600x576.png",600,576,true],"woocommerce_gallery_thumbnail":["https:\/\/www.snowkitesensation.com\/wp-content\/uploads\/2024\/11\/Screenshot-2024-11-05-at-17.08.31-100x100.png",100,100,true],"variation_swatches_image_size":["https:\/\/www.snowkitesensation.com\/wp-content\/uploads\/2024\/11\/Screenshot-2024-11-05-at-17.08.31-50x50.png",50,50,true],"variation_swatches_tooltip_size":["https:\/\/www.snowkitesensation.com\/wp-content\/uploads\/2024\/11\/Screenshot-2024-11-05-at-17.08.31-100x100.png",100,100,true]},"uagb_author_info":{"display_name":"Snowkite","author_link":"https:\/\/www.snowkitesensation.com\/fr\/author\/snowkite\/"},"uagb_comment_info":0,"uagb_excerpt":"Besoin d'un conseil ? Parlez \u00e0 un expert, utilisez la bo\u00eete de chat ci-dessous ! Frais d'envoi 25\u20ac en dehors de l'UE.","featured_img":"https:\/\/www.snowkitesensation.com\/wp-content\/uploads\/2024\/11\/Screenshot-2024-11-05-at-17.08.31.png","coauthors":[],"author_meta":{"author_link":"https:\/\/www.snowkitesensation.com\/fr\/author\/snowkite\/","display_name":"Snowkite"},"relative_dates":{"created":"Publi\u00e9 1 an il y a","modified":"Mis \u00e0 jour 1 an il y a"},"absolute_dates":{"created":"Publi\u00e9 le novembre 5, 2024","modified":"Mise \u00e0 jour le novembre 5, 2024"},"absolute_dates_time":{"created":"Publi\u00e9 le novembre 5, 2024 3:55 pm","modified":"Mise \u00e0 jour le novembre 5, 2024 4:13 pm"},"featured_img_caption":"","tax_additional":{"product_brand":{"linked":[],"unlinked":[],"slug":"product_brand","name":"Marques"},"product_type":{"linked":["<a href=\"https:\/\/www.snowkitesensation.com\/fr\/?taxonomy=product_type&#038;term=variable\" class=\"advgb-post-tax-term\">variable<\/a>"],"unlinked":["<span class=\"advgb-post-tax-term\">variable<\/span>"],"slug":"product_type","name":"Type de produit"},"product_visibility":{"linked":["<a href=\"https:\/\/www.snowkitesensation.com\/fr\/?taxonomy=product_visibility&#038;term=featured\" class=\"advgb-post-tax-term\">featured<\/a>"],"unlinked":["<span class=\"advgb-post-tax-term\">featured<\/span>"],"slug":"product_visibility","name":"Visibilit\u00e9 du produit"},"product_cat":{"linked":["<a href=\"https:\/\/www.snowkitesensation.com\/fr\/boutique-kite\/best-seller\/\" class=\"advgb-post-tax-term\">Best seller<\/a>","<a href=\"https:\/\/www.snowkitesensation.com\/fr\/boutique-kite\/harnais\/\" class=\"advgb-post-tax-term\">Harnais snowkite<\/a>"],"unlinked":["<span class=\"advgb-post-tax-term\">Best seller<\/span>","<span class=\"advgb-post-tax-term\">Harnais snowkite<\/span>"],"slug":"product_cat","name":"Cat\u00e9gories de produits"},"product_tag":{"linked":["<a href=\"https:\/\/www.snowkitesensation.com\/fr\/boutique-equipement\/harnais\/\" class=\"advgb-post-tax-term\">Harnais<\/a>","<a href=\"https:\/\/www.snowkitesensation.com\/fr\/boutique-equipement\/kite-ski-fr\/\" class=\"advgb-post-tax-term\">kite ski<\/a>","<a href=\"https:\/\/www.snowkitesensation.com\/fr\/boutique-equipement\/ozone-fr\/\" class=\"advgb-post-tax-term\">Ozone<\/a>","<a href=\"https:\/\/www.snowkitesensation.com\/fr\/boutique-equipement\/snowkite-fr\/\" class=\"advgb-post-tax-term\">snowkite<\/a>"],"unlinked":["<span class=\"advgb-post-tax-term\">Harnais<\/span>","<span class=\"advgb-post-tax-term\">kite ski<\/span>","<span class=\"advgb-post-tax-term\">Ozone<\/span>","<span class=\"advgb-post-tax-term\">snowkite<\/span>"],"slug":"product_tag","name":"\u00c9tiquettes produit"},"product_shipping_class":{"linked":["<a href=\"https:\/\/www.snowkitesensation.com\/fr\/?taxonomy=product_shipping_class&#038;term=harnais-bar-kite\" class=\"advgb-post-tax-term\">Harnais bar kite<\/a>"],"unlinked":["<span class=\"advgb-post-tax-term\">Harnais bar kite<\/span>"],"slug":"product_shipping_class","name":"Classe d\u2019exp\u00e9dition du produit"},"pos_product_visibility":{"linked":[],"unlinked":[],"slug":"pos_product_visibility","name":"Visibilit\u00e9 du produit sur le point de vente"},"pa_brand":{"linked":[],"unlinked":[],"slug":"pa_brand","name":"Product Brand"},"pa_carbon":{"linked":[],"unlinked":[],"slug":"pa_carbon","name":"Product Increase the hardness with carbon"},"pa_country-voucher":{"linked":[],"unlinked":[],"slug":"pa_country-voucher","name":"Product Country"},"pa_graphics":{"linked":[],"unlinked":[],"slug":"pa_graphics","name":"Product Personal graphics or personal geometry"},"pa_how-many-people":{"linked":[],"unlinked":[],"slug":"pa_how-many-people","name":"Product How many people"},"pa_localisation":{"linked":[],"unlinked":[],"slug":"pa_localisation","name":"Product Localisation"},"pa_supplier":{"linked":["<a href=\"https:\/\/www.snowkitesensation.com\/fr\/?taxonomy=pa_supplier&#038;term=ozonekitesfrancegmail-com\" class=\"advgb-post-tax-term\">ozonekitesfrance@gmail.com<\/a>"],"unlinked":["<span class=\"advgb-post-tax-term\">ozonekitesfrance@gmail.com<\/span>"],"slug":"pa_supplier","name":"Product Supplier"},"translation_priority":{"linked":["<a href=\"https:\/\/www.snowkitesensation.com\/fr\/?taxonomy=translation_priority&#038;term=optionel\" class=\"advgb-post-tax-term\">Optionel<\/a>"],"unlinked":["<span class=\"advgb-post-tax-term\">Optionel<\/span>"],"slug":"translation_priority","name":"Priorit\u00e9s de traduction"}},"series_order":"","_links":{"self":[{"href":"https:\/\/www.snowkitesensation.com\/fr\/wp-json\/wp\/v2\/product\/18240","targetHints":{"allow":["GET"]}}],"collection":[{"href":"https:\/\/www.snowkitesensation.com\/fr\/wp-json\/wp\/v2\/product"}],"about":[{"href":"https:\/\/www.snowkitesensation.com\/fr\/wp-json\/wp\/v2\/types\/product"}],"replies":[{"embeddable":true,"href":"https:\/\/www.snowkitesensation.com\/fr\/wp-json\/wp\/v2\/comments?post=18240"}],"wp:featuredmedia":[{"embeddable":true,"href":"https:\/\/www.snowkitesensation.com\/fr\/wp-json\/wp\/v2\/media\/18255"}],"wp:attachment":[{"href":"https:\/\/www.snowkitesensation.com\/fr\/wp-json\/wp\/v2\/media?parent=18240"}],"wp:term":[{"taxonomy":"product_brand","embeddable":true,"href":"https:\/\/www.snowkitesensation.com\/fr\/wp-json\/wp\/v2\/product_brand?post=18240"},{"taxonomy":"product_cat","embeddable":true,"href":"https:\/\/www.snowkitesensation.com\/fr\/wp-json\/wp\/v2\/product_cat?post=18240"},{"taxonomy":"product_tag","embeddable":true,"href":"https:\/\/www.snowkitesensation.com\/fr\/wp-json\/wp\/v2\/product_tag?post=18240"}],"curies":[{"name":"wp","href":"https:\/\/api.w.org\/{rel}","templated":true}]}}