{"id":18282,"date":"2024-11-05T16:21:25","date_gmt":"2024-11-05T16:21:25","guid":{"rendered":"https:\/\/www.snowkitesensation.com\/?post_type=product&#038;p=18282"},"modified":"2025-09-30T18:26:44","modified_gmt":"2025-09-30T18:26:44","slug":"barre-ozone-contact-snow-v5-snowkite","status":"publish","type":"product","link":"https:\/\/www.snowkitesensation.com\/fr\/produit\/snowkite-bar-fr\/barre-ozone-contact-snow-v5-snowkite\/","title":{"rendered":"OZONE BARRE CONTACT SNOW V5"},"content":{"rendered":"<p data-start=\"89\" data-end=\"281\">Avec son design \u00e9l\u00e9gant et \u00e9pur\u00e9, la barre<strong data-start=\"134\" data-end=\"153\"> Ozone Contact Snow V5<\/strong>\u00a0est \u00e9quip\u00e9 d\u2019un syst\u00e8me de r\u00e9glage facile \u00e0 utiliser et de notre m\u00e9canisme innovant <strong data-start=\"238\" data-end=\"255\">Click-In Loop<\/strong> pour un largage rapide.<\/p>\n<h3 data-start=\"283\" data-end=\"352\">Barres et longueurs de lignes recommand\u00e9es pour les ailes Ozone<\/h3>\n<p data-start=\"356\" data-end=\"377\">&#8211; Click Loop innovant<br \/>\n&#8211; Deux modes de largage<br \/>\n&#8211; Trois options de taille de boucle<br \/>\n&#8211; T\u00eate rotative avec ligne de s\u00e9curit\u00e9 anti-torsion<br \/>\n&#8211; Goupille de ligne de t\u00eate en acier inoxydable<br \/>\n&#8211; Pi\u00e8ce centrale en aluminium l\u00e9ger<br \/>\n&#8211; Poign\u00e9e ergonomique en EVA<br \/>\n&#8211; Lignes modulaires en Dyneema\u00ae biosourc\u00e9<br \/>\n&#8211; Ligne de depower avec rev\u00eatement PU<br \/>\n&#8211; Support de trim en acier inoxydable<br \/>\n&#8211; Coupe-lignes int\u00e9gr\u00e9<br \/>\n&#8211; Syst\u00e8me Ball Restart<br \/>\n&#8211; Lignes de vol test\u00e9es \u00e0 500 kg \/ 300 kg<\/p>\n<h3 data-start=\"839\" data-end=\"855\">Click Loop<\/h3>\n<p data-start=\"857\" data-end=\"1256\">Ce syst\u00e8me de largage push-away dispose d\u2019une fonction intuitive de rechargement en un clic. La poign\u00e9e de largage tient confortablement en main, permettant une activation rapide et simple par simple pouss\u00e9e. Un m\u00e9canisme de repositionnement automatique remet le syst\u00e8me en place, pr\u00eat \u00e0 \u00eatre recharg\u00e9 avec un simple \u00ab clic \u00bb dans la boucle. Le <strong data-start=\"1202\" data-end=\"1219\">Click-In Loop<\/strong> est certifi\u00e9 <strong data-start=\"1233\" data-end=\"1253\">AFNOR NF S52-503<\/strong>.<\/p>\n<h3 data-start=\"1263\" data-end=\"1315\">Lignes de vol modulaires en Dyneema\u00ae biosourc\u00e9<\/h3>\n<p data-start=\"1317\" data-end=\"1726\">Les lignes avant (500 kg) et arri\u00e8re (300 kg), cod\u00e9es par couleur, sont d\u00e9coup\u00e9es avec pr\u00e9cision, pr\u00e9-\u00e9tir\u00e9es, \u00e9piss\u00e9es et cousues dans notre atelier pour garantir une qualit\u00e9 irr\u00e9prochable. Nous utilisons du Dyneema\u00ae biosourc\u00e9 de la plus haute qualit\u00e9, offrant les m\u00eames performances que le Dyneema\u00ae conventionnel, mais avec une <strong data-start=\"1647\" data-end=\"1684\">empreinte carbone r\u00e9duite de 90 %<\/strong> par rapport aux fibres HMPE classiques.<\/p>\n<h3 data-start=\"1733\" data-end=\"1759\">Conception modulaire<\/h3>\n<p data-start=\"1761\" data-end=\"1878\">Notre design modulaire permet l\u2019ajout ou le retrait rapide d\u2019extensions gr\u00e2ce \u00e0 des connecteurs pig-tail amovibles.<\/p>\n<h3 data-start=\"1885\" data-end=\"1917\">Poign\u00e9e ergonomique en EVA<\/h3>\n<p data-start=\"1919\" data-end=\"2146\">L\u2019EVA press\u00e9 en 3D, avec sa forme ergonomique et sa finition l\u00e9g\u00e8rement ponc\u00e9e, assure une prise en main optimale de la barre. Le code couleur des lignes et des rep\u00e8res ajoute une fonction visuelle de s\u00e9curit\u00e9 suppl\u00e9mentaire.<\/p>\n<h3 data-start=\"2153\" data-end=\"2180\">Inspiration du design<\/h3>\n<p data-start=\"2182\" data-end=\"2703\">Pensez au premier geste lorsque vous entrez dans une voiture : attacher votre ceinture de s\u00e9curit\u00e9 et entendre ce \u00ab clic \u00bb rassurant qui vous fait sentir en s\u00e9curit\u00e9. Notre syst\u00e8me de largage rapide <strong data-start=\"2381\" data-end=\"2398\">Click-In Loop<\/strong> s\u2019inspire de ce principe.<br data-start=\"2424\" data-end=\"2427\" \/>Tout comme l\u2019action de boucler sa ceinture devient un r\u00e9flexe, les riders devraient syst\u00e9matiquement engager et tester leur syst\u00e8me de largage avant et apr\u00e8s chaque utilisation. Nous avons con\u00e7u le Click-In pour qu\u2019il soit simple, intuitif, et qu\u2019il devienne un automatisme.<\/p>\n<h3 data-start=\"2710\" data-end=\"2735\">Notes importantes :<\/h3>\n<p data-start=\"2737\" data-end=\"3012\"><strong data-start=\"2737\" data-end=\"2788\">Mode de largage sous la barre (mode recommand\u00e9)<\/strong><br data-start=\"2788\" data-end=\"2791\" \/>Tous les riders doivent attacher leur leash au syst\u00e8me Flag Out, situ\u00e9 sur le petit \u0153illet de l\u2019anneau rotatif en acier inoxydable. Lorsque le d\u00e9clencheur est activ\u00e9, l\u2019aile se d\u00e9puissante et tombe dans l\u2019eau ou au sol.<\/p>\n<p data-start=\"3014\" data-end=\"3588\"><strong data-start=\"3014\" data-end=\"3074\">Riders avanc\u00e9s (\u00e0 vos risques et p\u00e9rils, non recommand\u00e9)<\/strong><br data-start=\"3074\" data-end=\"3077\" \/>Les riders pratiquant des tricks d\u00e9hook\u00e9s ou plus exp\u00e9riment\u00e9s peuvent se connecter en <strong data-start=\"3164\" data-end=\"3179\">mode Expert<\/strong>, o\u00f9 la boucle passe dans le grand \u0153illet de l\u2019anneau en acier. Si vous rel\u00e2chez la barre en mode Expert (sans activer le d\u00e9clencheur, par exemple lors d\u2019un handle pass manqu\u00e9), l\u2019aile perdra de la puissance mais ne s\u2019arr\u00eatera pas. Prudence : le largueur sera alors hors de port\u00e9e et ne pourra pas \u00eatre activ\u00e9. Une fois enclench\u00e9 et activ\u00e9, l\u2019anneau en acier coulisse automatiquement pour d\u00e9puissant l\u2019aile.<\/p>\n<h3 data-start=\"3595\" data-end=\"3610\">Entretien<\/h3>\n<p data-start=\"3612\" data-end=\"4021\">Dans toutes les situations, assurez-vous que les lignes ne g\u00eanent pas les syst\u00e8mes de s\u00e9curit\u00e9 et que le leash est correctement connect\u00e9. Rincez toujours votre syst\u00e8me de contr\u00f4le \u00e0 l\u2019eau douce apr\u00e8s chaque session et testez le Click-In Loop pour v\u00e9rifier son bon fonctionnement. Stockez le syst\u00e8me de contr\u00f4le avec le Click-In Loop en position ouverte et rechargez-le lors de votre prochaine mise en place.<\/p>\n<h3 data-start=\"4028\" data-end=\"4063\">Dimensions du produit emball\u00e9<\/h3>\n<p data-start=\"4065\" data-end=\"4098\">Environ <strong data-start=\"4073\" data-end=\"4095\">600 x 150 x 100 mm<\/strong>.<\/p>\n","protected":false},"excerpt":{"rendered":"<div id=\"productDescription_feature_div\" class=\"a-row feature\" data-feature-name=\"productDescription\" data-template-name=\"productDescription\" data-cel-widget=\"productDescription_feature_div\">\n<p data-start=\"42\" data-end=\"125\"><strong data-start=\"42\" data-end=\"123\">Hey ! Tu es kitesurfeur ou nouvel explorateur du snowkite ?<\/strong>Besoin de conseils ?! Parle \u00e0 un expert gr\u00e2ce \u00e0 la chat-box ci-dessous !<\/p>\n<p data-start=\"127\" data-end=\"340\"><strong data-start=\"127\" data-end=\"146\">Quick Tip:<\/strong> il te faut une grande barre pour une grande aile, et une petite barre pour une petite aile. Les lignes de <strong data-start=\"253\" data-end=\"261\">25m<\/strong> sont la norme. Les autres longueurs sont surtout destin\u00e9es aux exp\u00e9ditions !<\/p>\n<h6 id=\"productDescription\" class=\"a-section a-spacing-small\"><img loading=\"lazy\" decoding=\"async\" class=\"alignnone size-medium wp-image-14715\" style=\"font-size: 16px;\" src=\"https:\/\/www.snowkitesensation.com\/wp-content\/uploads\/2021\/11\/ozone-logo-600x315.png\" alt=\"Ozone\" width=\"600\" height=\"315\" srcset=\"https:\/\/www.snowkitesensation.com\/wp-content\/uploads\/2021\/11\/ozone-logo-600x315.png 600w, https:\/\/www.snowkitesensation.com\/wp-content\/uploads\/2021\/11\/ozone-logo-300x157.png 300w, https:\/\/www.snowkitesensation.com\/wp-content\/uploads\/2021\/11\/ozone-logo-768x403.png 768w, https:\/\/www.snowkitesensation.com\/wp-content\/uploads\/2021\/11\/ozone-logo.png 1024w\" sizes=\"auto, (max-width: 600px) 100vw, 600px\" \/><\/h6>\n<\/div>\n","protected":false},"author":1,"featured_media":18308,"comment_status":"closed","ping_status":"closed","template":"","meta":{"_acf_changed":false,"_uag_custom_page_level_css":"","advgb_blocks_editor_width":"","advgb_blocks_columns_visual_guide":""},"product_brand":[],"product_cat":[405,578],"product_tag":[],"class_list":{"0":"post-18282","1":"product","2":"type-product","3":"status-publish","4":"has-post-thumbnail","6":"product_cat-snowkite-bar-fr","7":"product_cat-starter-pack-fr","8":"product_shipping_class-harnais-bar-kite","10":"first","11":"instock","12":"taxable","13":"shipping-taxable","14":"purchasable","15":"product-type-variable"},"acf":[],"uagb_featured_image_src":{"full":["https:\/\/www.snowkitesensation.com\/wp-content\/uploads\/2024\/11\/ozone-snw-bare-V5.webp",600,600,false],"thumbnail":["https:\/\/www.snowkitesensation.com\/wp-content\/uploads\/2024\/11\/ozone-snw-bare-V5-300x300.webp",300,300,true],"medium":["https:\/\/www.snowkitesensation.com\/wp-content\/uploads\/2024\/11\/ozone-snw-bare-V5.webp",600,600,false],"medium_large":["https:\/\/www.snowkitesensation.com\/wp-content\/uploads\/2024\/11\/ozone-snw-bare-V5.webp",600,600,false],"large":["https:\/\/www.snowkitesensation.com\/wp-content\/uploads\/2024\/11\/ozone-snw-bare-V5.webp",600,600,false],"1536x1536":["https:\/\/www.snowkitesensation.com\/wp-content\/uploads\/2024\/11\/ozone-snw-bare-V5.webp",600,600,false],"2048x2048":["https:\/\/www.snowkitesensation.com\/wp-content\/uploads\/2024\/11\/ozone-snw-bare-V5.webp",600,600,false],"freestyle_edge_square":["https:\/\/www.snowkitesensation.com\/wp-content\/uploads\/2024\/11\/ozone-snw-bare-V5-550x550.webp",550,550,true],"freestyle_edge_landscape":["https:\/\/www.snowkitesensation.com\/wp-content\/uploads\/2024\/11\/ozone-snw-bare-V5.webp",600,600,false],"freestyle_edge_portrait":["https:\/\/www.snowkitesensation.com\/wp-content\/uploads\/2024\/11\/ozone-snw-bare-V5.webp",600,600,false],"freestyle_edge_large_width":["https:\/\/www.snowkitesensation.com\/wp-content\/uploads\/2024\/11\/ozone-snw-bare-V5-600x550.webp",600,550,true],"freestyle_edge_large_height":["https:\/\/www.snowkitesensation.com\/wp-content\/uploads\/2024\/11\/ozone-snw-bare-V5-550x600.webp",550,600,true],"freestyle_edge_large_width_height":["https:\/\/www.snowkitesensation.com\/wp-content\/uploads\/2024\/11\/ozone-snw-bare-V5.webp",600,600,false],"woocommerce_thumbnail":["https:\/\/www.snowkitesensation.com\/wp-content\/uploads\/2024\/11\/ozone-snw-bare-V5.webp",600,600,false],"woocommerce_single":["https:\/\/www.snowkitesensation.com\/wp-content\/uploads\/2024\/11\/ozone-snw-bare-V5.webp",600,600,false],"woocommerce_gallery_thumbnail":["https:\/\/www.snowkitesensation.com\/wp-content\/uploads\/2024\/11\/ozone-snw-bare-V5-100x100.webp",100,100,true],"variation_swatches_image_size":["https:\/\/www.snowkitesensation.com\/wp-content\/uploads\/2024\/11\/ozone-snw-bare-V5-50x50.webp",50,50,true],"variation_swatches_tooltip_size":["https:\/\/www.snowkitesensation.com\/wp-content\/uploads\/2024\/11\/ozone-snw-bare-V5-100x100.webp",100,100,true]},"uagb_author_info":{"display_name":"Snowkite","author_link":"https:\/\/www.snowkitesensation.com\/fr\/author\/snowkite\/"},"uagb_comment_info":0,"uagb_excerpt":"Hey ! Tu es kitesurfeur ou nouvel explorateur du snowkite ?Besoin de conseils ?! Parle \u00e0 un expert gr\u00e2ce \u00e0 la chat-box ci-dessous ! Quick Tip: il te faut une grande barre pour une grande aile, et une petite barre pour une petite aile. Les lignes de 25m sont la norme. Les autres longueurs sont\u2026","featured_img":"https:\/\/www.snowkitesensation.com\/wp-content\/uploads\/2024\/11\/ozone-snw-bare-V5.webp","coauthors":[],"author_meta":{"author_link":"https:\/\/www.snowkitesensation.com\/fr\/author\/snowkite\/","display_name":"Snowkite"},"relative_dates":{"created":"Publi\u00e9 2 ans il y a","modified":"Mis \u00e0 jour 7 mois il y a"},"absolute_dates":{"created":"Publi\u00e9 le novembre 5, 2024","modified":"Mise \u00e0 jour le septembre 30, 2025"},"absolute_dates_time":{"created":"Publi\u00e9 le novembre 5, 2024 4:21 pm","modified":"Mise \u00e0 jour le septembre 30, 2025 6:26 pm"},"featured_img_caption":"","tax_additional":{"product_brand":{"linked":[],"unlinked":[],"slug":"product_brand","name":"Marques"},"product_type":{"linked":["<a href=\"https:\/\/www.snowkitesensation.com\/fr\/?taxonomy=product_type&#038;term=variable\" class=\"advgb-post-tax-term\">variable<\/a>"],"unlinked":["<span class=\"advgb-post-tax-term\">variable<\/span>"],"slug":"product_type","name":"Type de produit"},"product_visibility":{"linked":[],"unlinked":[],"slug":"product_visibility","name":"Visibilit\u00e9 du produit"},"product_cat":{"linked":["<a href=\"https:\/\/www.snowkitesensation.com\/fr\/boutique-kite\/snowkite-bar-fr\/\" class=\"advgb-post-tax-term\">Bar snowkite<\/a>","<a href=\"https:\/\/www.snowkitesensation.com\/fr\/boutique-kite\/starter-pack-fr\/\" class=\"advgb-post-tax-term\">Starter Pack<\/a>"],"unlinked":["<span class=\"advgb-post-tax-term\">Bar snowkite<\/span>","<span class=\"advgb-post-tax-term\">Starter Pack<\/span>"],"slug":"product_cat","name":"Cat\u00e9gories de produits"},"product_tag":{"linked":[],"unlinked":[],"slug":"product_tag","name":"\u00c9tiquettes produit"},"product_shipping_class":{"linked":["<a href=\"https:\/\/www.snowkitesensation.com\/fr\/?taxonomy=product_shipping_class&#038;term=harnais-bar-kite\" class=\"advgb-post-tax-term\">Harnais bar kite<\/a>"],"unlinked":["<span class=\"advgb-post-tax-term\">Harnais bar kite<\/span>"],"slug":"product_shipping_class","name":"Classe d\u2019exp\u00e9dition du produit"},"pos_product_visibility":{"linked":[],"unlinked":[],"slug":"pos_product_visibility","name":"Visibilit\u00e9 du produit sur le point de vente"},"pa_brand":{"linked":[],"unlinked":[],"slug":"pa_brand","name":"Product Brand"},"pa_carbon":{"linked":[],"unlinked":[],"slug":"pa_carbon","name":"Product Increase the hardness with carbon"},"pa_country-voucher":{"linked":[],"unlinked":[],"slug":"pa_country-voucher","name":"Product Country"},"pa_graphics":{"linked":[],"unlinked":[],"slug":"pa_graphics","name":"Product Personal graphics or personal geometry"},"pa_how-many-people":{"linked":[],"unlinked":[],"slug":"pa_how-many-people","name":"Produit Combien de personnes"},"pa_localisation":{"linked":[],"unlinked":[],"slug":"pa_localisation","name":"Product Localisation"},"pa_supplier":{"linked":[],"unlinked":[],"slug":"pa_supplier","name":"Product Supplier"},"translation_priority":{"linked":["<a href=\"https:\/\/www.snowkitesensation.com\/fr\/?taxonomy=translation_priority&#038;term=optionel\" class=\"advgb-post-tax-term\">Optionel<\/a>"],"unlinked":["<span class=\"advgb-post-tax-term\">Optionel<\/span>"],"slug":"translation_priority","name":"Priorit\u00e9s de traduction"}},"series_order":"","_links":{"self":[{"href":"https:\/\/www.snowkitesensation.com\/fr\/wp-json\/wp\/v2\/product\/18282","targetHints":{"allow":["GET"]}}],"collection":[{"href":"https:\/\/www.snowkitesensation.com\/fr\/wp-json\/wp\/v2\/product"}],"about":[{"href":"https:\/\/www.snowkitesensation.com\/fr\/wp-json\/wp\/v2\/types\/product"}],"replies":[{"embeddable":true,"href":"https:\/\/www.snowkitesensation.com\/fr\/wp-json\/wp\/v2\/comments?post=18282"}],"wp:featuredmedia":[{"embeddable":true,"href":"https:\/\/www.snowkitesensation.com\/fr\/wp-json\/wp\/v2\/media\/18308"}],"wp:attachment":[{"href":"https:\/\/www.snowkitesensation.com\/fr\/wp-json\/wp\/v2\/media?parent=18282"}],"wp:term":[{"taxonomy":"product_brand","embeddable":true,"href":"https:\/\/www.snowkitesensation.com\/fr\/wp-json\/wp\/v2\/product_brand?post=18282"},{"taxonomy":"product_cat","embeddable":true,"href":"https:\/\/www.snowkitesensation.com\/fr\/wp-json\/wp\/v2\/product_cat?post=18282"},{"taxonomy":"product_tag","embeddable":true,"href":"https:\/\/www.snowkitesensation.com\/fr\/wp-json\/wp\/v2\/product_tag?post=18282"}],"curies":[{"name":"wp","href":"https:\/\/api.w.org\/{rel}","templated":true}]}}