{"id":18320,"date":"2024-11-05T17:07:41","date_gmt":"2024-11-05T17:07:41","guid":{"rendered":"https:\/\/www.snowkitesensation.com\/?post_type=product&#038;p=18320"},"modified":"2025-10-01T16:07:13","modified_gmt":"2025-10-01T16:07:13","slug":"sac-technique-snowkite-v3","status":"publish","type":"product","link":"https:\/\/www.snowkitesensation.com\/fr\/produit\/sacs-de-snowkite\/sac-technique-snowkite-v3\/","title":{"rendered":"OZONE SAC MONTAGNE TECHNIQUE V3"},"content":{"rendered":"<p>Le sac Ozone \u00ab\u00a0Technical Mountain V3\u00a0\u00bb a \u00e9t\u00e9 sp\u00e9cialement con\u00e7u pour optimiser le rangement de tout ce dont vous avez besoin lors de vos sessions de snowkite, avec une qualit\u00e9 et un confort optimaux. Les petites poches situ\u00e9es sur la ceinture permettent un acc\u00e8s rapide \u00e0 des objets comme un appareil photo ou un t\u00e9l\u00e9phone afin de capturer vos plus belles aventures. <\/p>\n<ul>\n<li>Un sac technique de montagne haut de gamme, dot\u00e9 de nombreuses fonctionnalit\u00e9s et de tout ce dont vous avez besoin pour une grande journ\u00e9e en montagne :<\/li>\n<li>Capacit\u00e9 de 60 litres, suffisante pour transporter deux ailes plus du mat\u00e9riel suppl\u00e9mentaire<\/li>\n<li>Grande ouverture frontale zipp\u00e9e pour un rangement et un acc\u00e8s rapide \u00e0 vos affaires<\/li>\n<li>Grande poche sup\u00e9rieure pour les petits objets<\/li>\n<li>Deux poches lat\u00e9rales pour des bouteilles ou des b\u00e2tons de ski t\u00e9lescopiques, facilement accessibles<\/li>\n<li>Petites poches sur la ceinture pour des objets \u00e0 acc\u00e8s rapide comme un appareil photo ou un t\u00e9l\u00e9phone<\/li>\n<li>Sangles pour fixer vos skis, votre snowboard ou une aile suppl\u00e9mentaire \u00e0 l\u2019ext\u00e9rieur<\/li>\n<li>Bretelles, sangle pectorale et ceinture ventrale enti\u00e8rement ajustables<\/li>\n<li>La ceinture ventrale peut \u00eatre retir\u00e9e facilement et le sac peut se connecter directement au harnais Connect, r\u00e9duisant le poids et am\u00e9liorant le confort<\/li>\n<li>Mat\u00e9riaux ultra-l\u00e9gers<\/li>\n<\/ul>\n<p>Besoin d\u2019un harnais abordable pour l\u2019accompagner ? Nous avons ce qu\u2019il vous faut : le <a href=\"https:\/\/www.snowkitesensation.com\/fr\/produit\/harnais\/ozone-backcountryv3-harnais\/\">Backcountry V3.<\/a> <\/p>\n<p><a href=\"https:\/\/ozonekites.com\/\"><img loading=\"lazy\" decoding=\"async\" class=\"alignnone size-full wp-image-12303\" src=\"https:\/\/www.snowkitesensation.com\/wp-content\/uploads\/2021\/03\/ozone-logo-1.png\" alt=\"\" width=\"564\" height=\"89\"><\/a><\/p>\n","protected":false},"excerpt":{"rendered":"<p>Hey ! Tu es kitesurfeur ou nouvel explorateur en snowkite ? <g id=\"gid_0\">Parle \u00e0 un expert snowkiter<\/g> gr\u00e2ce \u00e0 la chat-box ci-dessous !<br \/>Le sac <g id=\"gid_1\">Ozone Technical Mountain V3<\/g> est un excellent compl\u00e9ment \u00e0 ton \u00e9quipement : ultra-l\u00e9ger et con\u00e7u pour transporter tout ce dont tu as besoin pour tes sessions. Besoin d\u2019un harnais abordable pour l\u2019accompagner ? Nous avons ce qu\u2019il te faut le <g id=\"gid_2\">Backcountry V3<\/g>.<br \/>\n<a href=\"https:\/\/ozonekites.com\/\"><img loading=\"lazy\" decoding=\"async\" class=\"alignnone size-full wp-image-12303\" src=\"https:\/\/www.snowkitesensation.com\/wp-content\/uploads\/2021\/03\/ozone-logo-1.png\" alt=\"\" width=\"564\" height=\"89\"><\/a><\/p>\n","protected":false},"author":1,"featured_media":18322,"comment_status":"closed","ping_status":"closed","template":"","meta":{"_acf_changed":false,"_uag_custom_page_level_css":"","advgb_blocks_editor_width":"","advgb_blocks_columns_visual_guide":""},"product_brand":[576],"product_cat":[528],"product_tag":[],"class_list":{"0":"post-18320","1":"product","2":"type-product","3":"status-publish","4":"has-post-thumbnail","6":"product_brand-ozone-kiteboarding","7":"product_cat-sacs-de-snowkite","9":"first","10":"instock","11":"featured","12":"shipping-taxable","13":"purchasable","14":"product-type-simple"},"acf":[],"aioseo_notices":[],"uagb_featured_image_src":{"full":["https:\/\/www.snowkitesensation.com\/wp-content\/uploads\/2024\/11\/12973908.webp",600,600,false],"thumbnail":["https:\/\/www.snowkitesensation.com\/wp-content\/uploads\/2024\/11\/12973908-300x300.webp",300,300,true],"medium":["https:\/\/www.snowkitesensation.com\/wp-content\/uploads\/2024\/11\/12973908.webp",600,600,false],"medium_large":["https:\/\/www.snowkitesensation.com\/wp-content\/uploads\/2024\/11\/12973908.webp",600,600,false],"large":["https:\/\/www.snowkitesensation.com\/wp-content\/uploads\/2024\/11\/12973908.webp",600,600,false],"1536x1536":["https:\/\/www.snowkitesensation.com\/wp-content\/uploads\/2024\/11\/12973908.webp",600,600,false],"2048x2048":["https:\/\/www.snowkitesensation.com\/wp-content\/uploads\/2024\/11\/12973908.webp",600,600,false],"freestyle_edge_square":["https:\/\/www.snowkitesensation.com\/wp-content\/uploads\/2024\/11\/12973908-550x550.webp",550,550,true],"freestyle_edge_landscape":["https:\/\/www.snowkitesensation.com\/wp-content\/uploads\/2024\/11\/12973908.webp",600,600,false],"freestyle_edge_portrait":["https:\/\/www.snowkitesensation.com\/wp-content\/uploads\/2024\/11\/12973908.webp",600,600,false],"freestyle_edge_large_width":["https:\/\/www.snowkitesensation.com\/wp-content\/uploads\/2024\/11\/12973908-600x550.webp",600,550,true],"freestyle_edge_large_height":["https:\/\/www.snowkitesensation.com\/wp-content\/uploads\/2024\/11\/12973908-550x600.webp",550,600,true],"freestyle_edge_large_width_height":["https:\/\/www.snowkitesensation.com\/wp-content\/uploads\/2024\/11\/12973908.webp",600,600,false],"woocommerce_thumbnail":["https:\/\/www.snowkitesensation.com\/wp-content\/uploads\/2024\/11\/12973908-300x300.webp",300,300,true],"woocommerce_single":["https:\/\/www.snowkitesensation.com\/wp-content\/uploads\/2024\/11\/12973908.webp",600,600,false],"woocommerce_gallery_thumbnail":["https:\/\/www.snowkitesensation.com\/wp-content\/uploads\/2024\/11\/12973908-100x100.webp",100,100,true],"variation_swatches_image_size":["https:\/\/www.snowkitesensation.com\/wp-content\/uploads\/2024\/11\/12973908-50x50.webp",50,50,true],"variation_swatches_tooltip_size":["https:\/\/www.snowkitesensation.com\/wp-content\/uploads\/2024\/11\/12973908-100x100.webp",100,100,true]},"uagb_author_info":{"display_name":"Snowkite","author_link":"https:\/\/www.snowkitesensation.com\/fr\/author\/snowkite\/"},"uagb_comment_info":0,"uagb_excerpt":"Hey ! Tu es kitesurfeur ou nouvel explorateur en snowkite ? Parle \u00e0 un expert snowkiter gr\u00e2ce \u00e0 la chat-box ci-dessous !Le sac Ozone Technical Mountain V3 est un excellent compl\u00e9ment \u00e0 ton \u00e9quipement : ultra-l\u00e9ger et con\u00e7u pour transporter tout ce dont tu as besoin pour tes sessions. Besoin d\u2019un harnais abordable pour l\u2019accompagner\u2026","featured_img":"https:\/\/www.snowkitesensation.com\/wp-content\/uploads\/2024\/11\/12973908.webp","coauthors":[],"author_meta":{"author_link":"https:\/\/www.snowkitesensation.com\/fr\/author\/snowkite\/","display_name":"Snowkite"},"relative_dates":{"created":"Publi\u00e9 1 an il y a","modified":"Mis \u00e0 jour 6 mois il y a"},"absolute_dates":{"created":"Publi\u00e9 le novembre 5, 2024","modified":"Mise \u00e0 jour le octobre 1, 2025"},"absolute_dates_time":{"created":"Publi\u00e9 le novembre 5, 2024 5:07 pm","modified":"Mise \u00e0 jour le octobre 1, 2025 4:07 pm"},"featured_img_caption":"","tax_additional":{"product_brand":{"linked":["<a href=\"https:\/\/www.snowkitesensation.com\/fr\/marque\/ozone-kiteboarding\/\" class=\"advgb-post-tax-term\">Ozone Kiteboarding<\/a>"],"unlinked":["<span class=\"advgb-post-tax-term\">Ozone Kiteboarding<\/span>"],"slug":"product_brand","name":"Marques"},"product_type":{"linked":["<a href=\"https:\/\/www.snowkitesensation.com\/fr\/?taxonomy=product_type&#038;term=simple\" class=\"advgb-post-tax-term\">simple<\/a>"],"unlinked":["<span class=\"advgb-post-tax-term\">simple<\/span>"],"slug":"product_type","name":"Type de produit"},"product_visibility":{"linked":["<a href=\"https:\/\/www.snowkitesensation.com\/fr\/?taxonomy=product_visibility&#038;term=featured\" class=\"advgb-post-tax-term\">featured<\/a>"],"unlinked":["<span class=\"advgb-post-tax-term\">featured<\/span>"],"slug":"product_visibility","name":"Visibilit\u00e9 du produit"},"product_cat":{"linked":["<a href=\"https:\/\/www.snowkitesensation.com\/fr\/boutique-kite\/sacs-de-snowkite\/\" class=\"advgb-post-tax-term\">Sacs de Snowkite<\/a>"],"unlinked":["<span class=\"advgb-post-tax-term\">Sacs de Snowkite<\/span>"],"slug":"product_cat","name":"Cat\u00e9gories de produits"},"product_tag":{"linked":[],"unlinked":[],"slug":"product_tag","name":"\u00c9tiquettes produit"},"product_shipping_class":{"linked":[],"unlinked":[],"slug":"product_shipping_class","name":"Classe d\u2019exp\u00e9dition du produit"},"pos_product_visibility":{"linked":[],"unlinked":[],"slug":"pos_product_visibility","name":"Visibilit\u00e9 du produit sur le point de vente"},"pa_brand":{"linked":[],"unlinked":[],"slug":"pa_brand","name":"Product Brand"},"pa_carbon":{"linked":[],"unlinked":[],"slug":"pa_carbon","name":"Product Increase the hardness with carbon"},"pa_country-voucher":{"linked":[],"unlinked":[],"slug":"pa_country-voucher","name":"Product Country"},"pa_graphics":{"linked":[],"unlinked":[],"slug":"pa_graphics","name":"Product Personal graphics or personal geometry"},"pa_how-many-people":{"linked":[],"unlinked":[],"slug":"pa_how-many-people","name":"Product How many people"},"pa_localisation":{"linked":[],"unlinked":[],"slug":"pa_localisation","name":"Product Localisation"},"pa_supplier":{"linked":[],"unlinked":[],"slug":"pa_supplier","name":"Product Supplier"},"translation_priority":{"linked":["<a href=\"https:\/\/www.snowkitesensation.com\/fr\/?taxonomy=translation_priority&#038;term=optionel\" class=\"advgb-post-tax-term\">Optionel<\/a>"],"unlinked":["<span class=\"advgb-post-tax-term\">Optionel<\/span>"],"slug":"translation_priority","name":"Priorit\u00e9s de traduction"}},"series_order":"","_links":{"self":[{"href":"https:\/\/www.snowkitesensation.com\/fr\/wp-json\/wp\/v2\/product\/18320","targetHints":{"allow":["GET"]}}],"collection":[{"href":"https:\/\/www.snowkitesensation.com\/fr\/wp-json\/wp\/v2\/product"}],"about":[{"href":"https:\/\/www.snowkitesensation.com\/fr\/wp-json\/wp\/v2\/types\/product"}],"replies":[{"embeddable":true,"href":"https:\/\/www.snowkitesensation.com\/fr\/wp-json\/wp\/v2\/comments?post=18320"}],"wp:featuredmedia":[{"embeddable":true,"href":"https:\/\/www.snowkitesensation.com\/fr\/wp-json\/wp\/v2\/media\/18322"}],"wp:attachment":[{"href":"https:\/\/www.snowkitesensation.com\/fr\/wp-json\/wp\/v2\/media?parent=18320"}],"wp:term":[{"taxonomy":"product_brand","embeddable":true,"href":"https:\/\/www.snowkitesensation.com\/fr\/wp-json\/wp\/v2\/product_brand?post=18320"},{"taxonomy":"product_cat","embeddable":true,"href":"https:\/\/www.snowkitesensation.com\/fr\/wp-json\/wp\/v2\/product_cat?post=18320"},{"taxonomy":"product_tag","embeddable":true,"href":"https:\/\/www.snowkitesensation.com\/fr\/wp-json\/wp\/v2\/product_tag?post=18320"}],"curies":[{"name":"wp","href":"https:\/\/api.w.org\/{rel}","templated":true}]}}