{"id":18354,"date":"2024-11-25T13:33:30","date_gmt":"2024-11-25T13:33:30","guid":{"rendered":"https:\/\/www.snowkitesensation.com\/?post_type=product&#038;p=18354"},"modified":"2024-11-25T15:13:09","modified_gmt":"2024-11-25T15:13:09","slug":"2-heures-de-snowkite-prive-au-col-du-lautaret-copy","status":"publish","type":"product","link":"https:\/\/www.snowkitesensation.com\/fr\/produit\/voucher-snowkite\/voucher-col-du-lautaret-fr\/2-heures-de-snowkite-prive-au-col-du-lautaret-copy\/","title":{"rendered":"3h de snowkite backcountry au Col du Lautaret pour kiteurs exp\u00e9riment\u00e9s"},"content":{"rendered":"","protected":false},"excerpt":{"rendered":"<p>Profitez d&rsquo;une <strong>aventure de snowkite backcountry<\/strong> de 3 heures au c\u00e9l\u00e8bre <strong>col du Lautaret<\/strong>, sp\u00e9cialement con\u00e7ue pour les snowkiters exp\u00e9riment\u00e9s. Ce terrain de jeu alpin offre des paysages spectaculaires, des vents constants et des terrains techniques parfaits pour perfectionner vos comp\u00e9tences et explorer des neiges immacul\u00e9es.<br \/>\nQue ce soit pour vous-m\u00eame ou comme cadeau unique pour des passionn\u00e9s de snowkite, cette exp\u00e9rience inoubliable est id\u00e9ale \u00e0 partager avec des amis ou des proches amateurs de sensations fortes.<\/p>\n<p><strong>Veuillez venir avec un casque.<\/strong> <strong>La location de skis n\u2019est pas incluse.<\/strong><\/p>\n<p>Cliquez sur notre <a href=\"https:\/\/vimeo.com\/514696226\" target=\"_blank\" rel=\"noopener\">teaser<\/a> afin de voir ce qui vous attend ! Profitez-en bien !<\/p>\n","protected":false},"author":1,"featured_media":18368,"comment_status":"closed","ping_status":"closed","template":"","meta":{"_acf_changed":false,"_uag_custom_page_level_css":"","advgb_blocks_editor_width":"","advgb_blocks_columns_visual_guide":""},"product_brand":[],"product_cat":[283,431],"product_tag":[353],"class_list":{"0":"post-18354","1":"product","2":"type-product","3":"status-publish","4":"has-post-thumbnail","6":"product_cat-voucher-snowkite","7":"product_cat-voucher-col-du-lautaret-fr","8":"product_tag-bon-cadeaux-serre-chevalier","9":"pa_localisation-serre-chevalier-fr","11":"first","12":"instock","13":"taxable","14":"shipping-taxable","15":"purchasable","16":"product-type-variable"},"acf":[],"aioseo_notices":[],"uagb_featured_image_src":{"full":["https:\/\/www.snowkitesensation.com\/wp-content\/uploads\/2024\/11\/Back-country-1.png",1080,1080,false],"thumbnail":["https:\/\/www.snowkitesensation.com\/wp-content\/uploads\/2024\/11\/Back-country-1-300x300.png",300,300,true],"medium":["https:\/\/www.snowkitesensation.com\/wp-content\/uploads\/2024\/11\/Back-country-1-600x600.png",600,600,true],"medium_large":["https:\/\/www.snowkitesensation.com\/wp-content\/uploads\/2024\/11\/Back-country-1-768x768.png",768,768,true],"large":["https:\/\/www.snowkitesensation.com\/wp-content\/uploads\/2024\/11\/Back-country-1.png",1060,1060,false],"1536x1536":["https:\/\/www.snowkitesensation.com\/wp-content\/uploads\/2024\/11\/Back-country-1.png",1080,1080,false],"2048x2048":["https:\/\/www.snowkitesensation.com\/wp-content\/uploads\/2024\/11\/Back-country-1.png",1080,1080,false],"freestyle_edge_square":["https:\/\/www.snowkitesensation.com\/wp-content\/uploads\/2024\/11\/Back-country-1-550x550.png",550,550,true],"freestyle_edge_landscape":["https:\/\/www.snowkitesensation.com\/wp-content\/uploads\/2024\/11\/Back-country-1-800x600.png",800,600,true],"freestyle_edge_portrait":["https:\/\/www.snowkitesensation.com\/wp-content\/uploads\/2024\/11\/Back-country-1-600x800.png",600,800,true],"freestyle_edge_large_width":["https:\/\/www.snowkitesensation.com\/wp-content\/uploads\/2024\/11\/Back-country-1-1080x550.png",1080,550,true],"freestyle_edge_large_height":["https:\/\/www.snowkitesensation.com\/wp-content\/uploads\/2024\/11\/Back-country-1-550x1080.png",550,1080,true],"freestyle_edge_large_width_height":["https:\/\/www.snowkitesensation.com\/wp-content\/uploads\/2024\/11\/Back-country-1.png",1080,1080,false],"woocommerce_thumbnail":["https:\/\/www.snowkitesensation.com\/wp-content\/uploads\/2024\/11\/Back-country-1-300x300.png",300,300,true],"woocommerce_single":["https:\/\/www.snowkitesensation.com\/wp-content\/uploads\/2024\/11\/Back-country-1-600x600.png",600,600,true],"woocommerce_gallery_thumbnail":["https:\/\/www.snowkitesensation.com\/wp-content\/uploads\/2024\/11\/Back-country-1-100x100.png",100,100,true],"variation_swatches_image_size":["https:\/\/www.snowkitesensation.com\/wp-content\/uploads\/2024\/11\/Back-country-1-50x50.png",50,50,true],"variation_swatches_tooltip_size":["https:\/\/www.snowkitesensation.com\/wp-content\/uploads\/2024\/11\/Back-country-1-100x100.png",100,100,true]},"uagb_author_info":{"display_name":"Snowkite","author_link":"https:\/\/www.snowkitesensation.com\/fr\/author\/snowkite\/"},"uagb_comment_info":0,"uagb_excerpt":"Profitez d'une aventure de snowkite backcountry de 3 heures au c\u00e9l\u00e8bre col du Lautaret, sp\u00e9cialement con\u00e7ue pour les snowkiters exp\u00e9riment\u00e9s. Ce terrain de jeu alpin offre des paysages spectaculaires, des vents constants et des terrains techniques parfaits pour perfectionner vos comp\u00e9tences et explorer des neiges immacul\u00e9es. Que ce soit pour vous-m\u00eame ou comme cadeau unique\u2026","featured_img":"https:\/\/www.snowkitesensation.com\/wp-content\/uploads\/2024\/11\/Back-country-1.png","coauthors":[],"author_meta":{"author_link":"https:\/\/www.snowkitesensation.com\/fr\/author\/snowkite\/","display_name":"Snowkite"},"relative_dates":{"created":"Publi\u00e9 1 an il y a","modified":"Mis \u00e0 jour 1 an il y a"},"absolute_dates":{"created":"Publi\u00e9 le novembre 25, 2024","modified":"Mise \u00e0 jour le novembre 25, 2024"},"absolute_dates_time":{"created":"Publi\u00e9 le novembre 25, 2024 1:33 pm","modified":"Mise \u00e0 jour le novembre 25, 2024 3:13 pm"},"featured_img_caption":"","tax_additional":{"product_brand":{"linked":[],"unlinked":[],"slug":"product_brand","name":"Marques"},"product_type":{"linked":["<a href=\"https:\/\/www.snowkitesensation.com\/fr\/?taxonomy=product_type&#038;term=variable\" class=\"advgb-post-tax-term\">variable<\/a>"],"unlinked":["<span class=\"advgb-post-tax-term\">variable<\/span>"],"slug":"product_type","name":"Type de produit"},"product_visibility":{"linked":[],"unlinked":[],"slug":"product_visibility","name":"Visibilit\u00e9 du produit"},"product_cat":{"linked":["<a href=\"https:\/\/www.snowkitesensation.com\/fr\/boutique-kite\/voucher-snowkite\/\" class=\"advgb-post-tax-term\">Reserver un Cours<\/a>","<a href=\"https:\/\/www.snowkitesensation.com\/fr\/boutique-kite\/voucher-snowkite\/voucher-col-du-lautaret-fr\/\" class=\"advgb-post-tax-term\">snowkite au Lautaret<\/a>"],"unlinked":["<span class=\"advgb-post-tax-term\">Reserver un Cours<\/span>","<span class=\"advgb-post-tax-term\">snowkite au Lautaret<\/span>"],"slug":"product_cat","name":"Cat\u00e9gories de produits"},"product_tag":{"linked":["<a href=\"https:\/\/www.snowkitesensation.com\/fr\/boutique-equipement\/bon-cadeaux-serre-chevalier\/\" class=\"advgb-post-tax-term\">Bon cadeaux Serre Chevalier<\/a>"],"unlinked":["<span class=\"advgb-post-tax-term\">Bon cadeaux Serre Chevalier<\/span>"],"slug":"product_tag","name":"\u00c9tiquettes produit"},"product_shipping_class":{"linked":[],"unlinked":[],"slug":"product_shipping_class","name":"Classe d\u2019exp\u00e9dition du produit"},"pos_product_visibility":{"linked":[],"unlinked":[],"slug":"pos_product_visibility","name":"Visibilit\u00e9 du produit sur le point de vente"},"pa_brand":{"linked":[],"unlinked":[],"slug":"pa_brand","name":"Product Brand"},"pa_carbon":{"linked":[],"unlinked":[],"slug":"pa_carbon","name":"Product Increase the hardness with carbon"},"pa_country-voucher":{"linked":[],"unlinked":[],"slug":"pa_country-voucher","name":"Product Country"},"pa_graphics":{"linked":[],"unlinked":[],"slug":"pa_graphics","name":"Product Personal graphics or personal geometry"},"pa_how-many-people":{"linked":[],"unlinked":[],"slug":"pa_how-many-people","name":"Product How many people"},"pa_localisation":{"linked":["<a href=\"https:\/\/www.snowkitesensation.com\/fr\/kite-shop\/localisation\/serre-chevalier-fr\/\" class=\"advgb-post-tax-term\">Serre Chevalier<\/a>"],"unlinked":["<span class=\"advgb-post-tax-term\">Serre Chevalier<\/span>"],"slug":"pa_localisation","name":"Product Localisation"},"pa_supplier":{"linked":[],"unlinked":[],"slug":"pa_supplier","name":"Product Supplier"},"translation_priority":{"linked":["<a href=\"https:\/\/www.snowkitesensation.com\/fr\/?taxonomy=translation_priority&#038;term=optionel\" class=\"advgb-post-tax-term\">Optionel<\/a>"],"unlinked":["<span class=\"advgb-post-tax-term\">Optionel<\/span>"],"slug":"translation_priority","name":"Priorit\u00e9s de traduction"}},"series_order":"","_links":{"self":[{"href":"https:\/\/www.snowkitesensation.com\/fr\/wp-json\/wp\/v2\/product\/18354","targetHints":{"allow":["GET"]}}],"collection":[{"href":"https:\/\/www.snowkitesensation.com\/fr\/wp-json\/wp\/v2\/product"}],"about":[{"href":"https:\/\/www.snowkitesensation.com\/fr\/wp-json\/wp\/v2\/types\/product"}],"replies":[{"embeddable":true,"href":"https:\/\/www.snowkitesensation.com\/fr\/wp-json\/wp\/v2\/comments?post=18354"}],"wp:featuredmedia":[{"embeddable":true,"href":"https:\/\/www.snowkitesensation.com\/fr\/wp-json\/wp\/v2\/media\/18368"}],"wp:attachment":[{"href":"https:\/\/www.snowkitesensation.com\/fr\/wp-json\/wp\/v2\/media?parent=18354"}],"wp:term":[{"taxonomy":"product_brand","embeddable":true,"href":"https:\/\/www.snowkitesensation.com\/fr\/wp-json\/wp\/v2\/product_brand?post=18354"},{"taxonomy":"product_cat","embeddable":true,"href":"https:\/\/www.snowkitesensation.com\/fr\/wp-json\/wp\/v2\/product_cat?post=18354"},{"taxonomy":"product_tag","embeddable":true,"href":"https:\/\/www.snowkitesensation.com\/fr\/wp-json\/wp\/v2\/product_tag?post=18354"}],"curies":[{"name":"wp","href":"https:\/\/api.w.org\/{rel}","templated":true}]}}