{"id":18780,"date":"2025-09-24T10:16:32","date_gmt":"2025-09-24T10:16:32","guid":{"rendered":"https:\/\/www.snowkitesensation.com\/?post_type=product&#038;p=18780"},"modified":"2026-04-22T14:52:49","modified_gmt":"2026-04-22T14:52:49","slug":"ozone-explore-v3-kite","status":"publish","type":"product","link":"https:\/\/www.snowkitesensation.com\/fr\/produit\/best-seller\/ozone-explore-v3-kite\/","title":{"rendered":"OZONE EXPLORE V3"},"content":{"rendered":"<p><strong>Si vous achetez la barre en compl\u00e9ment de l\u2019aile, nous ajustons automatiquement la taille de la barre et des lignes en fonction de la taille de l\u2019aile<\/strong><\/p>\n<p data-start=\"170\" data-end=\"407\">Les ailes de 4 \u00e0 6m sont fournies avec une barre de 45cm et des lignes de 22m<br data-start=\"247\" data-end=\"250\" \/>Les ailes de 8 \u00e0 10m sont fournies avec une barre de 50cm et des lignes de 25m<br data-start=\"328\" data-end=\"331\" data-is-only-node=\"\" \/>Les ailes de 12m sont fournies avec une barre de 55cm et des lignes de 25m<\/p>\n<p data-start=\"409\" data-end=\"537\" data-is-last-node=\"\" data-is-only-node=\"\">Si vous souhaitez une configuration diff\u00e9rente, vous pouvez le pr\u00e9ciser dans la chatbox en bas \u00e0 droite ou au moment du checkout<\/p>\n<h3 class=\"p1\">Aile mono-peau d\u00e9di\u00e9e au snowkite<\/h3>\n<p class=\"p1\">Pour les d\u00e9butants qui d\u00e9couvrent le snowkite comme pour les experts qui repoussent leurs limites<br data-start=\"439\" data-end=\"442\" \/>Conception l\u00e9g\u00e8re et ultra-compacte<br data-start=\"478\" data-end=\"481\" \/>Syst\u00e8me de largage interne Re-Ride am\u00e9lior\u00e9<\/p>\n<h3 data-start=\"530\" data-end=\"563\"><a href=\"https:\/\/ozonekites.com\/\" target=\"_blank\" rel=\"noopener\"><img loading=\"lazy\" decoding=\"async\" class=\"alignnone size-medium wp-image-16975\" title=\"OZONE EXPLORE V3 5\" src=\"https:\/\/www.snowkitesensation.com\/wp-content\/uploads\/2021\/11\/Screenshot-2022-11-28-at-16.24.50-600x243.png\" sizes=\"auto, (max-width: 600px) 100vw, 600px\" srcset=\"https:\/\/www.snowkitesensation.com\/wp-content\/uploads\/2021\/11\/Screenshot-2022-11-28-at-16.24.50-600x243.png 600w, https:\/\/www.snowkitesensation.com\/wp-content\/uploads\/2021\/11\/Screenshot-2022-11-28-at-16.24.50-768x311.png 768w, https:\/\/www.snowkitesensation.com\/wp-content\/uploads\/2021\/11\/Screenshot-2022-11-28-at-16.24.50.png 1230w\" alt=\"Ozone explore V2 specs\" width=\"600\" height=\"243\" \/><\/a><\/h3>\n<h3 data-start=\"530\" data-end=\"563\">Confiance \u00e0\u00a0chaque Session<\/h3>\n<p data-start=\"565\" data-end=\"921\">L\u2019<strong>Ozone Explore V3<\/strong>\u00a0s\u2019appuie sur l\u2019h\u00e9ritage de la version pr\u00e9c\u00e9dente en offrant une puissance fluide et une stabilit\u00e9 fiable. Son design mono-surface la rend extr\u00eamement tol\u00e9rante, r\u00e9sistante aux chocs en cas de chute et incroyablement facile \u00e0 piloter. Les riders b\u00e9n\u00e9ficient d\u2019un depower instantan\u00e9, d\u2019une traction faible et pr\u00e9visible \u2013 l\u2019association id\u00e9ale pour progresser en toute s\u00e9curit\u00e9 sur la neige.<\/p>\n<h3 data-start=\"1083\" data-end=\"1110\">Performances Optimis\u00e9es<\/h3>\n<p data-start=\"1112\" data-end=\"1455\">Avec un allongement revu et un profil affin\u00e9, l\u2019Explore V3 offre une meilleure remont\u00e9e au vent et une maniabilit\u00e9 plus fluide que son pr\u00e9d\u00e9cesseur. Le flottement des oreilles a \u00e9t\u00e9 r\u00e9duit, procurant une sensation plus silencieuse et plus propre lors des loops. Ces am\u00e9liorations augmentent l\u2019efficacit\u00e9, permettant au kite de performer de mani\u00e8re constante aussi bien dans le vent l\u00e9ger que dans les rafales plus fortes.<br \/>\nQue vous soyez un rider d\u00e9butant apprenant les bases ou un interm\u00e9diaire cherchant \u00e0 \u00e9largir ses comp\u00e9tences, l\u2019Explore V3 rend la progression intuitive et agr\u00e9able.<\/p>\n<h3 data-start=\"1631\" data-end=\"1657\">Pour les riders ambitieux<\/h3>\n<p data-start=\"1659\" data-end=\"1982\">Les snowkiters confirm\u00e9s trouveront en l\u2019Explore V3 un partenaire polyvalent pour le backcountry. Son pilotage s\u2019adapte \u00e0 votre style : encha\u00eenez des loops serr\u00e9s et dynamiques ou gardez un vol lent et stable pour naviguer dans un terrain technique. L\u2019aile reste stable m\u00eame lorsqu\u2019elle est depower\u00e9e, vous permettant de vous concentrer sur votre ride plut\u00f4t que sur le contr\u00f4le.<br \/>\nAvec une tra\u00een\u00e9e r\u00e9duite et une meilleure r\u00e9activit\u00e9, la V3 ouvre de nouvelles possibilit\u00e9s pour l\u2019aventure et le freeride.<\/p>\n<h3 data-start=\"2113\" data-end=\"2159\">Syst\u00e8me Internal Re-Ride am\u00e9lior\u00e9<\/h3>\n<p data-start=\"2161\" data-end=\"2416\">La derni\u00e8re version du\u00a0<strong data-start=\"2191\" data-end=\"2226\">syst\u00e8me Internal Re-Ride d\u2019Ozone\u00a0<\/strong>rend le d\u00e9collage, l\u2019atterrissage et la s\u00e9curisation de l\u2019aile encore plus s\u00fbrs et efficaces. Une simple activation r\u00e9duit instantan\u00e9ment la puissance de l\u2019aile sans emm\u00ealer les lignes, la laissant pr\u00eate \u00e0 red\u00e9coller quand vous le souhaitez.<br \/>\nL\u2019atterrissage est simplifi\u00e9 : tirez sur la 5\u1d49 ligne jusqu\u2019\u00e0 ce que la boucle de s\u00e9curit\u00e9 s\u2019engage et l\u2019aile se posera doucement au sol, sans traction. Cette fonction garantit une tranquillit\u00e9 d\u2019esprit lors des sorties en montagne ou dans des conditions m\u00e9t\u00e9o changeantes.<\/p>\n<h3 data-start=\"2663\" data-end=\"2694\">Con\u00e7u pour le backcountry<\/h3>\n<p data-start=\"2696\" data-end=\"2994\">Des mat\u00e9riaux l\u00e9gers et un encombrement r\u00e9duit font de l\u2019Explore V3 le compagnon id\u00e9al pour les missions de randonn\u00e9e. L\u2019aile peut voler dans tr\u00e8s peu de vent, vous donnant confiance dans les performances en bas de plage et facilitant la manipulation en exp\u00e9dition. Sa taille compacte permet \u00e9galement d\u2019emporter plusieurs ailes sans volume excessif.<\/p>\n<h3 data-start=\"3001\" data-end=\"3016\">mat\u00e9riaux de l\u2019Ozone Explore V3<\/h3>\n<p data-start=\"3018\" data-end=\"3115\">L\u2019Explore V3 est construit avec des tissus soigneusement s\u00e9lectionn\u00e9s pour \u00e9quilibrer durabilit\u00e9 et l\u00e9g\u00e8ret\u00e9.<br \/>\n\u2013 Le tissu UltraLight 20D est utilis\u00e9 sur les grandes tailles pour r\u00e9duire le poids et am\u00e9liorer le vol en vent l\u00e9ger.<br \/>\n\u2013 Le tissu 30D renforce les petites tailles destin\u00e9es aux vents forts pour plus de solidit\u00e9 et de durabilit\u00e9.<br \/>\n\u2013 Les brides optimis\u00e9es combinent des segments sup\u00e9rieurs non gain\u00e9s (r\u00e9duisant la tra\u00een\u00e9e) avec des segments inf\u00e9rieurs gain\u00e9s pour une meilleure r\u00e9sistance \u00e0 la neige et aux emm\u00ealements.<br \/>\n\u2013 UltraLight 20D fabric is used on larger sizes for minimal weight and efficient light-wind flying.<br \/>\n\u2013 30D fabric reinforces the smaller, high-wind sizes for strength and durability.<br \/>\n\u2013 Optimized bridle lines combine unsheathed upper segments (reducing drag) with sheathed lower lines for improved resistance against snow and tangling.<\/p>\n<p><strong>Les montagnes vous attendent. Avec la Explore V3, partez rider toujours plus loin<\/strong><\/p>\n<p data-start=\"2696\" data-end=\"2994\">Nous avons encore la\u00a0<a href=\"https:\/\/www.snowkitesensation.com\/fr\/produit\/snowkites-fr\/ozone-explore-v2-kite\/\">Ozone Explore V2<\/a>\u00a0disponible sur le shop si vous cherchez une option plus abordable !<\/p>\n","protected":false},"excerpt":{"rendered":"<p>Hey ! Tu es kitesurfeur ou nouveau rider en snowkite ? Pas trop s\u00fbr de quoi acheter ou comment utiliser une aile \u00e0 caissons ? Vous vous demandez quelle taille vous devez prendre Urrgh ? Pas de panique ! <strong>Discute avec nos experts <\/strong>snowkiters gr\u00e2ce \u00e0 la chatbox ci-dessous ! L\u2019aile Ozone Explore V3 est une excellente premi\u00e8re aile de snowkite, abordable et id\u00e9ale pour les d\u00e9butants. Nous avons toujours la <a href=\"https:\/\/www.snowkitesensation.com\/fr\/produit\/snowkites-fr\/ozone-explore-v2-kite\/\">Ozone Explore V2<\/a> disponible sur le shop si vous cherchez une option plus abordable.<\/p>\n<div class=\"flex flex-col text-sm pb-25\">\n<section class=\"text-token-text-primary w-full focus:outline-none [--shadow-height:45px] has-data-writing-block:pointer-events-none has-data-writing-block:-mt-(--shadow-height) has-data-writing-block:pt-(--shadow-height) [&amp;:has([data-writing-block])&gt;*]:pointer-events-auto scroll-mt-[calc(var(--header-height)+min(200px,max(70px,20svh)))]\" dir=\"auto\" data-turn-id=\"request-WEB:7a40fd90-7b12-44ce-9984-a6d386f24be6-12\" data-testid=\"conversation-turn-26\" data-scroll-anchor=\"true\" data-turn=\"assistant\">\n<div class=\"text-base my-auto mx-auto pb-10 [--thread-content-margin:var(--thread-content-margin-xs,calc(var(--spacing)*4))] @w-sm\/main:[--thread-content-margin:var(--thread-content-margin-sm,calc(var(--spacing)*6))] @w-lg\/main:[--thread-content-margin:var(--thread-content-margin-lg,calc(var(--spacing)*16))] px-(--thread-content-margin)\">\n<div class=\"[--thread-content-max-width:40rem] @w-lg\/main:[--thread-content-max-width:48rem] mx-auto max-w-(--thread-content-max-width) flex-1 group\/turn-messages focus-visible:outline-hidden relative flex w-full min-w-0 flex-col agent-turn\">\n<div class=\"z-0 flex min-h-[46px] justify-start\"><\/div>\n<div class=\"mt-3 w-full empty:hidden\">\n<div class=\"text-center\"><\/div>\n<\/div>\n<\/div>\n<\/div>\n<\/section>\n<\/div>\n<div class=\"pointer-events-none h-px w-px absolute bottom-0\" aria-hidden=\"true\" data-edge=\"true\"><\/div>\n<p><img loading=\"lazy\" decoding=\"async\" class=\"alignnone size-full wp-image-12303\" src=\"https:\/\/www.snowkitesensation.com\/wp-content\/uploads\/2021\/03\/ozone-logo-1.png\" alt=\"\" width=\"564\" height=\"89\" \/><\/p>\n","protected":false},"author":8,"featured_media":18804,"comment_status":"closed","ping_status":"closed","template":"","meta":{"_acf_changed":false,"_uag_custom_page_level_css":"","advgb_blocks_editor_width":"","advgb_blocks_columns_visual_guide":""},"product_brand":[],"product_cat":[547,425,578],"product_tag":[],"class_list":{"0":"post-18780","1":"product","2":"type-product","3":"status-publish","4":"has-post-thumbnail","6":"product_cat-best-seller","7":"product_cat-snowkites-fr","8":"product_cat-starter-pack-fr","9":"product_shipping_class-harnais-bar-kite","11":"first","12":"instock","13":"featured","14":"taxable","15":"shipping-taxable","16":"purchasable","17":"product-type-variable","18":"has-default-attributes"},"acf":[],"uagb_featured_image_src":{"full":["https:\/\/www.snowkitesensation.com\/wp-content\/uploads\/2025\/09\/Ozone-Explore-V3.jpg",1000,1000,false],"thumbnail":["https:\/\/www.snowkitesensation.com\/wp-content\/uploads\/2025\/09\/Ozone-Explore-V3-300x300.jpg",300,300,true],"medium":["https:\/\/www.snowkitesensation.com\/wp-content\/uploads\/2025\/09\/Ozone-Explore-V3-600x600.jpg",600,600,true],"medium_large":["https:\/\/www.snowkitesensation.com\/wp-content\/uploads\/2025\/09\/Ozone-Explore-V3-768x768.jpg",768,768,true],"large":["https:\/\/www.snowkitesensation.com\/wp-content\/uploads\/2025\/09\/Ozone-Explore-V3.jpg",1000,1000,false],"1536x1536":["https:\/\/www.snowkitesensation.com\/wp-content\/uploads\/2025\/09\/Ozone-Explore-V3.jpg",1000,1000,false],"2048x2048":["https:\/\/www.snowkitesensation.com\/wp-content\/uploads\/2025\/09\/Ozone-Explore-V3.jpg",1000,1000,false],"freestyle_edge_square":["https:\/\/www.snowkitesensation.com\/wp-content\/uploads\/2025\/09\/Ozone-Explore-V3-550x550.jpg",550,550,true],"freestyle_edge_landscape":["https:\/\/www.snowkitesensation.com\/wp-content\/uploads\/2025\/09\/Ozone-Explore-V3-800x600.jpg",800,600,true],"freestyle_edge_portrait":["https:\/\/www.snowkitesensation.com\/wp-content\/uploads\/2025\/09\/Ozone-Explore-V3-600x800.jpg",600,800,true],"freestyle_edge_large_width":["https:\/\/www.snowkitesensation.com\/wp-content\/uploads\/2025\/09\/Ozone-Explore-V3-1000x550.jpg",1000,550,true],"freestyle_edge_large_height":["https:\/\/www.snowkitesensation.com\/wp-content\/uploads\/2025\/09\/Ozone-Explore-V3-550x1000.jpg",550,1000,true],"freestyle_edge_large_width_height":["https:\/\/www.snowkitesensation.com\/wp-content\/uploads\/2025\/09\/Ozone-Explore-V3.jpg",1000,1000,false],"woocommerce_thumbnail":["https:\/\/www.snowkitesensation.com\/wp-content\/uploads\/2025\/09\/Ozone-Explore-V3-600x600.jpg",600,600,true],"woocommerce_single":["https:\/\/www.snowkitesensation.com\/wp-content\/uploads\/2025\/09\/Ozone-Explore-V3-600x600.jpg",600,600,true],"woocommerce_gallery_thumbnail":["https:\/\/www.snowkitesensation.com\/wp-content\/uploads\/2025\/09\/Ozone-Explore-V3-100x100.jpg",100,100,true],"variation_swatches_image_size":["https:\/\/www.snowkitesensation.com\/wp-content\/uploads\/2025\/09\/Ozone-Explore-V3-50x50.jpg",50,50,true],"variation_swatches_tooltip_size":["https:\/\/www.snowkitesensation.com\/wp-content\/uploads\/2025\/09\/Ozone-Explore-V3-100x100.jpg",100,100,true]},"uagb_author_info":{"display_name":"Victor Judet","author_link":"https:\/\/www.snowkitesensation.com\/fr\/author\/traveldesigner\/"},"uagb_comment_info":0,"uagb_excerpt":"Hey ! Tu es kitesurfeur ou nouveau rider en snowkite ? Pas trop s\u00fbr de quoi acheter ou comment utiliser une aile \u00e0 caissons ? Vous vous demandez quelle taille vous devez prendre Urrgh ? Pas de panique ! Discute avec nos experts snowkiters gr\u00e2ce \u00e0 la chatbox ci-dessous ! L\u2019aile Ozone Explore V3 est\u2026","featured_img":"https:\/\/www.snowkitesensation.com\/wp-content\/uploads\/2025\/09\/Ozone-Explore-V3.jpg","coauthors":[],"author_meta":{"author_link":"https:\/\/www.snowkitesensation.com\/fr\/author\/traveldesigner\/","display_name":"Victor Judet"},"relative_dates":{"created":"Publi\u00e9 7 mois il y a","modified":"Mis \u00e0 jour 6 jours il y a"},"absolute_dates":{"created":"Publi\u00e9 le septembre 24, 2025","modified":"Mise \u00e0 jour le avril 22, 2026"},"absolute_dates_time":{"created":"Publi\u00e9 le septembre 24, 2025 10:16 am","modified":"Mise \u00e0 jour le avril 22, 2026 2:52 pm"},"featured_img_caption":"","tax_additional":{"product_brand":{"linked":[],"unlinked":[],"slug":"product_brand","name":"Marques"},"product_type":{"linked":["<a href=\"https:\/\/www.snowkitesensation.com\/fr\/?taxonomy=product_type&#038;term=variable\" class=\"advgb-post-tax-term\">variable<\/a>"],"unlinked":["<span class=\"advgb-post-tax-term\">variable<\/span>"],"slug":"product_type","name":"Type de produit"},"product_visibility":{"linked":["<a href=\"https:\/\/www.snowkitesensation.com\/fr\/?taxonomy=product_visibility&#038;term=featured\" class=\"advgb-post-tax-term\">featured<\/a>"],"unlinked":["<span class=\"advgb-post-tax-term\">featured<\/span>"],"slug":"product_visibility","name":"Visibilit\u00e9 du produit"},"product_cat":{"linked":["<a href=\"https:\/\/www.snowkitesensation.com\/fr\/boutique-kite\/best-seller\/\" class=\"advgb-post-tax-term\">Best seller<\/a>","<a href=\"https:\/\/www.snowkitesensation.com\/fr\/boutique-kite\/snowkites-fr\/\" class=\"advgb-post-tax-term\">Ozone kite \u00e0 caisson<\/a>","<a href=\"https:\/\/www.snowkitesensation.com\/fr\/boutique-kite\/starter-pack-fr\/\" class=\"advgb-post-tax-term\">Starter Pack<\/a>"],"unlinked":["<span class=\"advgb-post-tax-term\">Best seller<\/span>","<span class=\"advgb-post-tax-term\">Ozone kite \u00e0 caisson<\/span>","<span class=\"advgb-post-tax-term\">Starter Pack<\/span>"],"slug":"product_cat","name":"Cat\u00e9gories de produits"},"product_tag":{"linked":[],"unlinked":[],"slug":"product_tag","name":"\u00c9tiquettes produit"},"product_shipping_class":{"linked":["<a href=\"https:\/\/www.snowkitesensation.com\/fr\/?taxonomy=product_shipping_class&#038;term=harnais-bar-kite\" class=\"advgb-post-tax-term\">Harnais bar kite<\/a>"],"unlinked":["<span class=\"advgb-post-tax-term\">Harnais bar kite<\/span>"],"slug":"product_shipping_class","name":"Classe d\u2019exp\u00e9dition du produit"},"pos_product_visibility":{"linked":[],"unlinked":[],"slug":"pos_product_visibility","name":"Visibilit\u00e9 du produit sur le point de vente"},"pa_brand":{"linked":[],"unlinked":[],"slug":"pa_brand","name":"Product Brand"},"pa_carbon":{"linked":[],"unlinked":[],"slug":"pa_carbon","name":"Product Increase the hardness with carbon"},"pa_country-voucher":{"linked":[],"unlinked":[],"slug":"pa_country-voucher","name":"Product Country"},"pa_graphics":{"linked":[],"unlinked":[],"slug":"pa_graphics","name":"Product Personal graphics or personal geometry"},"pa_how-many-people":{"linked":[],"unlinked":[],"slug":"pa_how-many-people","name":"Produit Combien de personnes"},"pa_localisation":{"linked":[],"unlinked":[],"slug":"pa_localisation","name":"Product Localisation"},"pa_supplier":{"linked":["<a href=\"https:\/\/www.snowkitesensation.com\/fr\/?taxonomy=pa_supplier&#038;term=ozonekitesfrancegmail-com\" class=\"advgb-post-tax-term\">ozonekitesfrance@gmail.com<\/a>"],"unlinked":["<span class=\"advgb-post-tax-term\">ozonekitesfrance@gmail.com<\/span>"],"slug":"pa_supplier","name":"Product Supplier"},"translation_priority":{"linked":["<a href=\"https:\/\/www.snowkitesensation.com\/fr\/?taxonomy=translation_priority&#038;term=optionel\" class=\"advgb-post-tax-term\">Optionel<\/a>"],"unlinked":["<span class=\"advgb-post-tax-term\">Optionel<\/span>"],"slug":"translation_priority","name":"Priorit\u00e9s de traduction"}},"series_order":"","_links":{"self":[{"href":"https:\/\/www.snowkitesensation.com\/fr\/wp-json\/wp\/v2\/product\/18780","targetHints":{"allow":["GET"]}}],"collection":[{"href":"https:\/\/www.snowkitesensation.com\/fr\/wp-json\/wp\/v2\/product"}],"about":[{"href":"https:\/\/www.snowkitesensation.com\/fr\/wp-json\/wp\/v2\/types\/product"}],"replies":[{"embeddable":true,"href":"https:\/\/www.snowkitesensation.com\/fr\/wp-json\/wp\/v2\/comments?post=18780"}],"wp:featuredmedia":[{"embeddable":true,"href":"https:\/\/www.snowkitesensation.com\/fr\/wp-json\/wp\/v2\/media\/18804"}],"wp:attachment":[{"href":"https:\/\/www.snowkitesensation.com\/fr\/wp-json\/wp\/v2\/media?parent=18780"}],"wp:term":[{"taxonomy":"product_brand","embeddable":true,"href":"https:\/\/www.snowkitesensation.com\/fr\/wp-json\/wp\/v2\/product_brand?post=18780"},{"taxonomy":"product_cat","embeddable":true,"href":"https:\/\/www.snowkitesensation.com\/fr\/wp-json\/wp\/v2\/product_cat?post=18780"},{"taxonomy":"product_tag","embeddable":true,"href":"https:\/\/www.snowkitesensation.com\/fr\/wp-json\/wp\/v2\/product_tag?post=18780"}],"curies":[{"name":"wp","href":"https:\/\/api.w.org\/{rel}","templated":true}]}}