{"id":19003,"date":"2025-09-23T15:25:52","date_gmt":"2025-09-23T15:25:52","guid":{"rendered":"https:\/\/www.snowkitesensation.com\/?post_type=product&#038;p=19003"},"modified":"2025-10-03T08:02:41","modified_gmt":"2025-10-03T08:02:41","slug":"flysurfer-connect-v3-barre","status":"publish","type":"product","link":"https:\/\/www.snowkitesensation.com\/fr\/produit\/snowkite-bar-fr\/flysurfer-connect-v3-barre\/","title":{"rendered":"FLYSURFER CONNECT BARRE V3"},"content":{"rendered":"<p data-start=\"350\" data-end=\"705\">Prenez le contr\u00f4le total de vos sessions de snowkite avec la <strong data-start=\"394\" data-end=\"427\">Flysurfer CONNECT BARRE V3<\/strong> \u2013 con\u00e7ue pour offrir durabilit\u00e9, adaptabilit\u00e9 et s\u00e9curit\u00e9 maximale dans toutes les conditions. Que ce soit sur la neige, sur l\u2019eau ou sur terre, cette barre garantit une prise en main s\u00fbre et la flexibilit\u00e9 de passer d\u2019un syst\u00e8me de s\u00e9curit\u00e9 \u00e0 un autre ou de modifier la longueur des lignes. Le compagnon id\u00e9al pour toutes vos aventures. Compatible avec la <a href=\"https:\/\/www.snowkitesensation.com\/fr\/produit\/uncategorized-fr\/peak-5\/\">Flysurfer Peak 6.<\/a>  <\/p>\n<p data-start=\"707\" data-end=\"846\">Avec sa construction robuste et son ergonomie intelligente, la Connect Barre offre confort, fiabilit\u00e9 et confiance \u2013 session apr\u00e8s session.<\/p>\n<h3><strong>Les principaux avantages de la Connect Barre V3 :<\/strong><\/h3>\n<p data-start=\"877\" data-end=\"998\"><strong>&#8211; Compatible avec plusieurs syst\u00e8mes de s\u00e9curit\u00e9 \u2013 passez facilement de la Frontline Safety (FLS) au syst\u00e8me 5 lignes B-Safe, id\u00e9al pour le snowkite.<\/strong><br \/>\n<strong>&#8211; Longueurs de lignes flexibles \u2013 choisissez entre 14 m et 21 m pour vous adapter aux diff\u00e9rentes conditions de vent et de terrain.<\/strong><br \/>\n<strong>Longueurs de lignes modulables \u2013 optez pour 14 m ou 21 m afin d\u2019adapter votre navigation aux diff\u00e9rentes forces de vent et aux types de terrains.<\/strong><br \/>\n<strong>&#8211; Confort et prise en main \u2013 barre recouverte d\u2019EVA avec surface antid\u00e9rapante, sp\u00e9cialement con\u00e7ue pour les environnements froids et humides.<\/strong><br \/>\n<strong>Orientation facile \u2013 c\u00f4t\u00e9 gauche en orange, c\u00f4t\u00e9 droit en bleu, avec des rep\u00e8res avant\/arri\u00e8re clairs pour une identification imm\u00e9diate.<\/strong><br \/>\n<strong>&#8211; Depower fiable \u2013 ligne de depower de 45 cm \u00e9quip\u00e9e d\u2019un syst\u00e8me Clam Cleat Adjuster, offrant 20 cm de plage de r\u00e9glage suppl\u00e9mentaire.<\/strong><br \/>\n<strong>&#8211; Syst\u00e8me de largage intelligent \u2013 largueur push-away conforme aux normes AFNOR\/ISO, intuitif et s\u00fbr \u00e0 utiliser en cas d\u2019urgence.<\/strong><\/p>\n<h3><strong>Points techniques : <\/strong><\/h3>\n<p>&#8211; Compatible B-Safe<x id=\"gid_2\"><\/x>La Connect\u00b3 Barre est optimis\u00e9e pour les ailes Flysurfer \u00e9quip\u00e9es du syst\u00e8me B-Safe. La configuration 4 lignes peut \u00eatre transform\u00e9e en configuration 5 lignes en seulement quelques \u00e9tapes. Lors de l\u2019activation, la barre coulisse le long de la 5\u1d49 ligne, provoquant l\u2019effondrement s\u00e9curis\u00e9 de l\u2019aile pour des atterrissages ou des pauses ma\u00eetris\u00e9s.<br data-start=\"1714\" data-end=\"1717\">&#8211; Barre ergonomique avec code couleur<br data-start=\"2025\" data-end=\"2028\">Orange \u00e0 gauche, bleu \u00e0 droite, plus un \u00e9l\u00e9ment beige continu pour diff\u00e9rencier l\u2019avant et l\u2019arri\u00e8re. Le grip en EVA assure confort et s\u00e9curit\u00e9, m\u00eame avec des gants ou dans des conditions glaciales.<br data-start=\"2252\" data-end=\"2255\">Depower et pilotage ajustables<br data-start=\"2451\" data-end=\"2454\">Un d\u00e9battement de depower de 45 cm, avec 20 cm suppl\u00e9mentaires gr\u00e2ce au Clam Cleat, garantit un contr\u00f4le pr\u00e9cis. La longueur des lignes de pilotage peut \u00eatre ajust\u00e9e gr\u00e2ce \u00e0 l\u2019\u00e9chelle de n\u0153uds situ\u00e9e sous les flotteurs.<br \/>&#8211; Syst\u00e8me de largage rapide<br \/>Le m\u00e9canisme de largage push-away est certifi\u00e9 AFNOR\/ISO, garantissant des performances constantes et une utilisation simple. Sa p     <\/p>\n<h3>Inclus :<\/h3>\n<p data-start=\"246\" data-end=\"270\">&#8211; Barre de contr\u00f4le Connect V3 compatible avec la Peak 6<br \/>\n&#8211; Syst\u00e8me de largage rapide SMART Quick Release<br \/>\n&#8211; Lignes de vol de 14 m + extensions de 7 m<br \/>\n&#8211; Kit de ligne B-Safe<br \/>\n&#8211; 1 ligne de s\u00e9curit\u00e9 de rechange<br \/>\n&#8211; Sac de rangement pour la Connect Bar<br \/>\n&#8211; Leash court pour aile<br \/>\n&#8211; Manuel d\u2019utilisation<\/p>\n","protected":false},"excerpt":{"rendered":"<div id=\"productDescription_feature_div\" class=\"a-row feature\" data-feature-name=\"productDescription\" data-template-name=\"productDescription\" data-cel-widget=\"productDescription_feature_div\">\n<p class=\"a-section a-spacing-small\">Hey ! Tu es kitesurfeur ou nouvel dans le snowkite ? Tu te demandes quelle taille de barre choisir ?! <\/p>\n<p class=\"a-section a-spacing-small\"><strong>QUICK TIP:<\/strong> il te faut une grande barre pour une grande aile, et une petite barre pour une petite aile. Les lignes de 21 m sont la norme. <strong>Discute avec nos experts snowkiters<\/strong> gr\u00e2ce \u00e0 la bo\u00eete de chat ci-dessous ! Si vous cherchez \u00e0 acheter une aile avec la barre, la <a href=\"https:\/\/www.snowkitesensation.com\/fr\/produit\/uncategorized-fr\/peak-5\/\">Flysurfer Peak 6<\/a> est une excellente premi\u00e8re aile de snowkite, abordable et parfaite pour un d\u00e9butant. <\/p>\n<\/div>\n<p><img loading=\"lazy\" decoding=\"async\" class=\"alignnone size-medium wp-image-17898\" src=\"https:\/\/www.snowkitesensation.com\/wp-content\/uploads\/2023\/12\/FS16-Logo-Button-black-600x144.png\" alt=\"Flysurfer Logo\" width=\"600\" height=\"144\" srcset=\"https:\/\/www.snowkitesensation.com\/wp-content\/uploads\/2023\/12\/FS16-Logo-Button-black-600x144.png 600w, https:\/\/www.snowkitesensation.com\/wp-content\/uploads\/2023\/12\/FS16-Logo-Button-black-768x185.png 768w, https:\/\/www.snowkitesensation.com\/wp-content\/uploads\/2023\/12\/FS16-Logo-Button-black-1536x370.png 1536w\" sizes=\"auto, (max-width: 600px) 100vw, 600px\" \/><\/p>\n","protected":false},"author":8,"featured_media":18724,"comment_status":"closed","ping_status":"closed","template":"","meta":{"_acf_changed":false,"_uag_custom_page_level_css":"","advgb_blocks_editor_width":"","advgb_blocks_columns_visual_guide":""},"product_brand":[579],"product_cat":[405],"product_tag":[],"class_list":{"0":"post-19003","1":"product","2":"type-product","3":"status-publish","4":"has-post-thumbnail","6":"product_brand-flysurfer-kiteboarding","7":"product_cat-snowkite-bar-fr","8":"product_shipping_class-harnais-bar-kite","10":"first","11":"outofstock","12":"taxable","13":"shipping-taxable","14":"purchasable","15":"product-type-variable"},"acf":[],"uagb_featured_image_src":{"full":["https:\/\/www.snowkitesensation.com\/wp-content\/uploads\/2023\/12\/Connect-Bar-V3-Flysurf.jpg",1000,1000,false],"thumbnail":["https:\/\/www.snowkitesensation.com\/wp-content\/uploads\/2023\/12\/Connect-Bar-V3-Flysurf-300x300.jpg",300,300,true],"medium":["https:\/\/www.snowkitesensation.com\/wp-content\/uploads\/2023\/12\/Connect-Bar-V3-Flysurf-600x600.jpg",600,600,true],"medium_large":["https:\/\/www.snowkitesensation.com\/wp-content\/uploads\/2023\/12\/Connect-Bar-V3-Flysurf-768x768.jpg",768,768,true],"large":["https:\/\/www.snowkitesensation.com\/wp-content\/uploads\/2023\/12\/Connect-Bar-V3-Flysurf.jpg",1000,1000,false],"1536x1536":["https:\/\/www.snowkitesensation.com\/wp-content\/uploads\/2023\/12\/Connect-Bar-V3-Flysurf.jpg",1000,1000,false],"2048x2048":["https:\/\/www.snowkitesensation.com\/wp-content\/uploads\/2023\/12\/Connect-Bar-V3-Flysurf.jpg",1000,1000,false],"freestyle_edge_square":["https:\/\/www.snowkitesensation.com\/wp-content\/uploads\/2023\/12\/Connect-Bar-V3-Flysurf-550x550.jpg",550,550,true],"freestyle_edge_landscape":["https:\/\/www.snowkitesensation.com\/wp-content\/uploads\/2023\/12\/Connect-Bar-V3-Flysurf-800x600.jpg",800,600,true],"freestyle_edge_portrait":["https:\/\/www.snowkitesensation.com\/wp-content\/uploads\/2023\/12\/Connect-Bar-V3-Flysurf-600x800.jpg",600,800,true],"freestyle_edge_large_width":["https:\/\/www.snowkitesensation.com\/wp-content\/uploads\/2023\/12\/Connect-Bar-V3-Flysurf-1000x550.jpg",1000,550,true],"freestyle_edge_large_height":["https:\/\/www.snowkitesensation.com\/wp-content\/uploads\/2023\/12\/Connect-Bar-V3-Flysurf-550x1000.jpg",550,1000,true],"freestyle_edge_large_width_height":["https:\/\/www.snowkitesensation.com\/wp-content\/uploads\/2023\/12\/Connect-Bar-V3-Flysurf.jpg",1000,1000,false],"woocommerce_thumbnail":["https:\/\/www.snowkitesensation.com\/wp-content\/uploads\/2023\/12\/Connect-Bar-V3-Flysurf-600x600.jpg",600,600,true],"woocommerce_single":["https:\/\/www.snowkitesensation.com\/wp-content\/uploads\/2023\/12\/Connect-Bar-V3-Flysurf-600x600.jpg",600,600,true],"woocommerce_gallery_thumbnail":["https:\/\/www.snowkitesensation.com\/wp-content\/uploads\/2023\/12\/Connect-Bar-V3-Flysurf-100x100.jpg",100,100,true],"variation_swatches_image_size":["https:\/\/www.snowkitesensation.com\/wp-content\/uploads\/2023\/12\/Connect-Bar-V3-Flysurf-50x50.jpg",50,50,true],"variation_swatches_tooltip_size":["https:\/\/www.snowkitesensation.com\/wp-content\/uploads\/2023\/12\/Connect-Bar-V3-Flysurf-100x100.jpg",100,100,true]},"uagb_author_info":{"display_name":"Victor Judet","author_link":"https:\/\/www.snowkitesensation.com\/fr\/author\/traveldesigner\/"},"uagb_comment_info":0,"uagb_excerpt":"Hey ! Tu es kitesurfeur ou nouvel dans le snowkite ? Tu te demandes quelle taille de barre choisir ?! QUICK TIP: il te faut une grande barre pour une grande aile, et une petite barre pour une petite aile. Les lignes de 21 m sont la norme. Discute avec nos experts snowkiters gr\u00e2ce \u00e0\u2026","featured_img":"https:\/\/www.snowkitesensation.com\/wp-content\/uploads\/2023\/12\/Connect-Bar-V3-Flysurf.jpg","coauthors":[],"author_meta":{"author_link":"https:\/\/www.snowkitesensation.com\/fr\/author\/traveldesigner\/","display_name":"Victor Judet"},"relative_dates":{"created":"Publi\u00e9 7 mois il y a","modified":"Mis \u00e0 jour 7 mois il y a"},"absolute_dates":{"created":"Publi\u00e9 le septembre 23, 2025","modified":"Mise \u00e0 jour le octobre 3, 2025"},"absolute_dates_time":{"created":"Publi\u00e9 le septembre 23, 2025 3:25 pm","modified":"Mise \u00e0 jour le octobre 3, 2025 8:02 am"},"featured_img_caption":"","tax_additional":{"product_brand":{"linked":["<a href=\"https:\/\/www.snowkitesensation.com\/fr\/marque\/flysurfer-kiteboarding\/\" class=\"advgb-post-tax-term\">Flysurfer Kiteboarding<\/a>"],"unlinked":["<span class=\"advgb-post-tax-term\">Flysurfer Kiteboarding<\/span>"],"slug":"product_brand","name":"Marques"},"product_type":{"linked":["<a href=\"https:\/\/www.snowkitesensation.com\/fr\/?taxonomy=product_type&#038;term=variable\" class=\"advgb-post-tax-term\">variable<\/a>"],"unlinked":["<span class=\"advgb-post-tax-term\">variable<\/span>"],"slug":"product_type","name":"Type de produit"},"product_visibility":{"linked":[],"unlinked":[],"slug":"product_visibility","name":"Visibilit\u00e9 du produit"},"product_cat":{"linked":["<a href=\"https:\/\/www.snowkitesensation.com\/fr\/boutique-kite\/snowkite-bar-fr\/\" class=\"advgb-post-tax-term\">Bar snowkite<\/a>"],"unlinked":["<span class=\"advgb-post-tax-term\">Bar snowkite<\/span>"],"slug":"product_cat","name":"Cat\u00e9gories de produits"},"product_tag":{"linked":[],"unlinked":[],"slug":"product_tag","name":"\u00c9tiquettes produit"},"product_shipping_class":{"linked":["<a href=\"https:\/\/www.snowkitesensation.com\/fr\/?taxonomy=product_shipping_class&#038;term=harnais-bar-kite\" class=\"advgb-post-tax-term\">Harnais bar kite<\/a>"],"unlinked":["<span class=\"advgb-post-tax-term\">Harnais bar kite<\/span>"],"slug":"product_shipping_class","name":"Classe d\u2019exp\u00e9dition du produit"},"pos_product_visibility":{"linked":[],"unlinked":[],"slug":"pos_product_visibility","name":"Visibilit\u00e9 du produit sur le point de vente"},"pa_brand":{"linked":[],"unlinked":[],"slug":"pa_brand","name":"Product Brand"},"pa_carbon":{"linked":[],"unlinked":[],"slug":"pa_carbon","name":"Product Increase the hardness with carbon"},"pa_country-voucher":{"linked":[],"unlinked":[],"slug":"pa_country-voucher","name":"Product Country"},"pa_graphics":{"linked":[],"unlinked":[],"slug":"pa_graphics","name":"Product Personal graphics or personal geometry"},"pa_how-many-people":{"linked":[],"unlinked":[],"slug":"pa_how-many-people","name":"Produit Combien de personnes"},"pa_localisation":{"linked":[],"unlinked":[],"slug":"pa_localisation","name":"Product Localisation"},"pa_supplier":{"linked":[],"unlinked":[],"slug":"pa_supplier","name":"Product Supplier"},"translation_priority":{"linked":["<a href=\"https:\/\/www.snowkitesensation.com\/fr\/?taxonomy=translation_priority&#038;term=requis\" class=\"advgb-post-tax-term\">Requis<\/a>"],"unlinked":["<span class=\"advgb-post-tax-term\">Requis<\/span>"],"slug":"translation_priority","name":"Priorit\u00e9s de traduction"}},"series_order":"","_links":{"self":[{"href":"https:\/\/www.snowkitesensation.com\/fr\/wp-json\/wp\/v2\/product\/19003","targetHints":{"allow":["GET"]}}],"collection":[{"href":"https:\/\/www.snowkitesensation.com\/fr\/wp-json\/wp\/v2\/product"}],"about":[{"href":"https:\/\/www.snowkitesensation.com\/fr\/wp-json\/wp\/v2\/types\/product"}],"replies":[{"embeddable":true,"href":"https:\/\/www.snowkitesensation.com\/fr\/wp-json\/wp\/v2\/comments?post=19003"}],"wp:featuredmedia":[{"embeddable":true,"href":"https:\/\/www.snowkitesensation.com\/fr\/wp-json\/wp\/v2\/media\/18724"}],"wp:attachment":[{"href":"https:\/\/www.snowkitesensation.com\/fr\/wp-json\/wp\/v2\/media?parent=19003"}],"wp:term":[{"taxonomy":"product_brand","embeddable":true,"href":"https:\/\/www.snowkitesensation.com\/fr\/wp-json\/wp\/v2\/product_brand?post=19003"},{"taxonomy":"product_cat","embeddable":true,"href":"https:\/\/www.snowkitesensation.com\/fr\/wp-json\/wp\/v2\/product_cat?post=19003"},{"taxonomy":"product_tag","embeddable":true,"href":"https:\/\/www.snowkitesensation.com\/fr\/wp-json\/wp\/v2\/product_tag?post=19003"}],"curies":[{"name":"wp","href":"https:\/\/api.w.org\/{rel}","templated":true}]}}