{"id":19031,"date":"2025-09-24T14:54:56","date_gmt":"2025-09-24T14:54:56","guid":{"rendered":"https:\/\/www.snowkitesensation.com\/shop\/uncategorized\/ozone-set-5-lignes\/"},"modified":"2025-09-24T14:54:56","modified_gmt":"2025-09-24T14:54:56","slug":"ozone-set-5-lignes","status":"publish","type":"product","link":"https:\/\/www.snowkitesensation.com\/fr\/produit\/accessoires\/ozone-set-5-lignes\/","title":{"rendered":"OZONE SET 5 LIGNES"},"content":{"rendered":"<p data-start=\"279\" data-end=\"527\">Am\u00e9liorez ou remplacez votre syst\u00e8me de contr\u00f4le avec <strong>ce jeu complet de barres 5 lignes de 25 m d&rsquo;Ozone,<\/strong> con\u00e7u pour les riders qui exigent fiabilit\u00e9 et s\u00e9curit\u00e9 \u00e0 chaque session. Fabriqu\u00e9es en Dyneema de qualit\u00e9 sup\u00e9rieure \u00e0 faible tra\u00een\u00e9e, ces lignes offrent solidit\u00e9, \u00e9lasticit\u00e9 minimale et pilotage pr\u00e9cis \u2014 id\u00e9ales pour le snowkite. <\/p>\n<p data-start=\"529\" data-end=\"715\">La longueur de 25 m apporte le parfait \u00e9quilibre entre puissance et r\u00e9activit\u00e9, tandis que la 5\u1d49 ligne d\u00e9di\u00e9e \u00e0 la s\u00e9curit\u00e9 assure un largage rapide et efficace en cas de besoin.<\/p>\n<p><strong>Caract\u00e9ristiques principales<\/strong><\/p>\n<p data-start=\"743\" data-end=\"807\">&#8211; Configuration compl\u00e8te 5 lignes pr\u00eate \u00e0 installer sur votre barre Ozone<br \/>\n&#8211; Longueur de 25 m : polyvalente pour le freeride, le snowkite et le foil<br \/>\n&#8211; 5\u1d49 ligne d\u00e9di\u00e9e \u00e0 la s\u00e9curit\u00e9 : fonction de flag-out et de depower fiable<br \/>\n&#8211; Dyneema haute qualit\u00e9 : solide, durable et avec un \u00e9tirement minimal<br \/>\n&#8211; Lignes cod\u00e9es par couleur pour une orientation rapide et un gr\u00e9age facile<br \/>\n&#8211; Compatible avec les barres et ailes Ozone con\u00e7ues pour un syst\u00e8me 5 lignes<\/p>\n<h3 data-start=\"1173\" data-end=\"1202\">Pourquoi choisir les lignes Ozone ?<\/h3>\n<p data-start=\"1203\" data-end=\"1433\">Les lignes Ozone sont con\u00e7ues pour offrir des performances et une s\u00e9curit\u00e9 maximales. Tiss\u00e9es avec une pr\u00e9cision parfaite pour garantir une longueur et une tension \u00e9gales, elles assurent un pilotage constant et une durabilit\u00e9 \u00e0 long terme, m\u00eame dans des environnements exigeants comme la neige, le sable ou l\u2019eau sal\u00e9e. Que vous remplaciez des lignes us\u00e9es ou que vous pr\u00e9pariez une barre de secours, ce jeu 5 lignes de 25 m vous apporte la confiance n\u00e9cessaire pour rider en toute s\u00e9curit\u00e9 et avec un contr\u00f4le optimal. <\/p>\n<p data-start=\"1203\" data-end=\"1433\"><a href=\"https:\/\/ozonekites.com\/\"><img loading=\"lazy\" decoding=\"async\" class=\"alignnone size-full wp-image-12303\" src=\"https:\/\/www.snowkitesensation.com\/wp-content\/uploads\/2021\/03\/ozone-logo-1.png\" alt=\"\" width=\"564\" height=\"89\"><\/a><\/p>\n","protected":false},"excerpt":{"rendered":"<p data-start=\"231\" data-end=\"487\"><strong>Hey rider ! Tu as cass\u00e9 une ligne ? <\/strong> Tu as besoin d\u2019un nouveau set pour ta barre ? Tu n\u2019es pas s\u00fbr d\u2019avoir vraiment besoin de cette 5\u1d49 ligne de s\u00e9curit\u00e9 ou de savoir comment elle fonctionne ? Urrgh, on comprend !  <br data-start=\"380\" data-end=\"383\">Pas de stress \u2014 envoie-nous un message via la chatbox ci-dessous et notre \u00e9quipe d\u2019experts snowkite t\u2019aidera. Le set de lignes Ozone 5 lignes \u2013 25 m est solide, durable et con\u00e7u pour ta s\u00e9curit\u00e9 gr\u00e2ce \u00e0 une 5\u1d49 ligne d\u00e9di\u00e9e au depower fiable. Le choix parfait pour am\u00e9liorer ou remplacer ta barre Ozone.  <\/p>\n<p><a href=\"https:\/\/ozonekites.com\/\"><img loading=\"lazy\" decoding=\"async\" class=\"alignnone size-full wp-image-12303\" src=\"https:\/\/www.snowkitesensation.com\/wp-content\/uploads\/2021\/03\/ozone-logo-1.png\" alt=\"\" width=\"564\" height=\"89\"><\/a><\/p>\n<p>&nbsp;<\/p>\n","protected":false},"author":8,"featured_media":18907,"comment_status":"closed","ping_status":"closed","template":"","meta":{"_acf_changed":false,"_uag_custom_page_level_css":"","advgb_blocks_editor_width":"","advgb_blocks_columns_visual_guide":""},"product_brand":[],"product_cat":[575],"product_tag":[],"class_list":{"0":"post-19031","1":"product","2":"type-product","3":"status-publish","4":"has-post-thumbnail","6":"product_cat-accessoires","8":"first","9":"instock","10":"taxable","11":"shipping-taxable","12":"purchasable","13":"product-type-simple"},"acf":[],"aioseo_notices":[],"uagb_featured_image_src":{"full":["https:\/\/www.snowkitesensation.com\/wp-content\/uploads\/2025\/09\/Ozone-5-lines-Bar-V1.png",1000,1000,false],"thumbnail":["https:\/\/www.snowkitesensation.com\/wp-content\/uploads\/2025\/09\/Ozone-5-lines-Bar-V1-300x300.png",300,300,true],"medium":["https:\/\/www.snowkitesensation.com\/wp-content\/uploads\/2025\/09\/Ozone-5-lines-Bar-V1-600x600.png",600,600,true],"medium_large":["https:\/\/www.snowkitesensation.com\/wp-content\/uploads\/2025\/09\/Ozone-5-lines-Bar-V1-768x768.png",768,768,true],"large":["https:\/\/www.snowkitesensation.com\/wp-content\/uploads\/2025\/09\/Ozone-5-lines-Bar-V1.png",1000,1000,false],"1536x1536":["https:\/\/www.snowkitesensation.com\/wp-content\/uploads\/2025\/09\/Ozone-5-lines-Bar-V1.png",1000,1000,false],"2048x2048":["https:\/\/www.snowkitesensation.com\/wp-content\/uploads\/2025\/09\/Ozone-5-lines-Bar-V1.png",1000,1000,false],"freestyle_edge_square":["https:\/\/www.snowkitesensation.com\/wp-content\/uploads\/2025\/09\/Ozone-5-lines-Bar-V1-550x550.png",550,550,true],"freestyle_edge_landscape":["https:\/\/www.snowkitesensation.com\/wp-content\/uploads\/2025\/09\/Ozone-5-lines-Bar-V1-800x600.png",800,600,true],"freestyle_edge_portrait":["https:\/\/www.snowkitesensation.com\/wp-content\/uploads\/2025\/09\/Ozone-5-lines-Bar-V1-600x800.png",600,800,true],"freestyle_edge_large_width":["https:\/\/www.snowkitesensation.com\/wp-content\/uploads\/2025\/09\/Ozone-5-lines-Bar-V1-1000x550.png",1000,550,true],"freestyle_edge_large_height":["https:\/\/www.snowkitesensation.com\/wp-content\/uploads\/2025\/09\/Ozone-5-lines-Bar-V1-550x1000.png",550,1000,true],"freestyle_edge_large_width_height":["https:\/\/www.snowkitesensation.com\/wp-content\/uploads\/2025\/09\/Ozone-5-lines-Bar-V1.png",1000,1000,false],"woocommerce_thumbnail":["https:\/\/www.snowkitesensation.com\/wp-content\/uploads\/2025\/09\/Ozone-5-lines-Bar-V1-300x300.png",300,300,true],"woocommerce_single":["https:\/\/www.snowkitesensation.com\/wp-content\/uploads\/2025\/09\/Ozone-5-lines-Bar-V1-600x600.png",600,600,true],"woocommerce_gallery_thumbnail":["https:\/\/www.snowkitesensation.com\/wp-content\/uploads\/2025\/09\/Ozone-5-lines-Bar-V1-100x100.png",100,100,true],"variation_swatches_image_size":["https:\/\/www.snowkitesensation.com\/wp-content\/uploads\/2025\/09\/Ozone-5-lines-Bar-V1-50x50.png",50,50,true],"variation_swatches_tooltip_size":["https:\/\/www.snowkitesensation.com\/wp-content\/uploads\/2025\/09\/Ozone-5-lines-Bar-V1-100x100.png",100,100,true]},"uagb_author_info":{"display_name":"Victor Judet","author_link":"https:\/\/www.snowkitesensation.com\/fr\/author\/traveldesigner\/"},"uagb_comment_info":0,"uagb_excerpt":"Hey rider ! Tu as cass\u00e9 une ligne ? Tu as besoin d\u2019un nouveau set pour ta barre ? Tu n\u2019es pas s\u00fbr d\u2019avoir vraiment besoin de cette 5\u1d49 ligne de s\u00e9curit\u00e9 ou de savoir comment elle fonctionne ? Urrgh, on comprend ! Pas de stress \u2014 envoie-nous un message via la chatbox ci-dessous et\u2026","featured_img":"https:\/\/www.snowkitesensation.com\/wp-content\/uploads\/2025\/09\/Ozone-5-lines-Bar-V1.png","coauthors":[],"author_meta":{"author_link":"https:\/\/www.snowkitesensation.com\/fr\/author\/traveldesigner\/","display_name":"Victor Judet"},"relative_dates":{"created":"Publi\u00e9 7 mois il y a","modified":"Mis \u00e0 jour 7 mois il y a"},"absolute_dates":{"created":"Publi\u00e9 le septembre 24, 2025","modified":"Mise \u00e0 jour le septembre 24, 2025"},"absolute_dates_time":{"created":"Publi\u00e9 le septembre 24, 2025 2:54 pm","modified":"Mise \u00e0 jour le septembre 24, 2025 2:54 pm"},"featured_img_caption":"","tax_additional":{"product_brand":{"linked":[],"unlinked":[],"slug":"product_brand","name":"Marques"},"product_type":{"linked":["<a href=\"https:\/\/www.snowkitesensation.com\/fr\/?taxonomy=product_type&#038;term=simple\" class=\"advgb-post-tax-term\">simple<\/a>"],"unlinked":["<span class=\"advgb-post-tax-term\">simple<\/span>"],"slug":"product_type","name":"Type de produit"},"product_visibility":{"linked":[],"unlinked":[],"slug":"product_visibility","name":"Visibilit\u00e9 du produit"},"product_cat":{"linked":["<a href=\"https:\/\/www.snowkitesensation.com\/fr\/boutique-kite\/accessoires\/\" class=\"advgb-post-tax-term\">Accessoires<\/a>"],"unlinked":["<span class=\"advgb-post-tax-term\">Accessoires<\/span>"],"slug":"product_cat","name":"Cat\u00e9gories de produits"},"product_tag":{"linked":[],"unlinked":[],"slug":"product_tag","name":"\u00c9tiquettes produit"},"product_shipping_class":{"linked":[],"unlinked":[],"slug":"product_shipping_class","name":"Classe d\u2019exp\u00e9dition du produit"},"pos_product_visibility":{"linked":[],"unlinked":[],"slug":"pos_product_visibility","name":"Visibilit\u00e9 du produit sur le point de vente"},"pa_brand":{"linked":[],"unlinked":[],"slug":"pa_brand","name":"Product Brand"},"pa_carbon":{"linked":[],"unlinked":[],"slug":"pa_carbon","name":"Product Increase the hardness with carbon"},"pa_country-voucher":{"linked":[],"unlinked":[],"slug":"pa_country-voucher","name":"Product Country"},"pa_graphics":{"linked":[],"unlinked":[],"slug":"pa_graphics","name":"Product Personal graphics or personal geometry"},"pa_how-many-people":{"linked":[],"unlinked":[],"slug":"pa_how-many-people","name":"Product How many people"},"pa_localisation":{"linked":[],"unlinked":[],"slug":"pa_localisation","name":"Product Localisation"},"pa_supplier":{"linked":[],"unlinked":[],"slug":"pa_supplier","name":"Product Supplier"},"translation_priority":{"linked":["<a href=\"https:\/\/www.snowkitesensation.com\/fr\/?taxonomy=translation_priority&#038;term=optionel\" class=\"advgb-post-tax-term\">Optionel<\/a>"],"unlinked":["<span class=\"advgb-post-tax-term\">Optionel<\/span>"],"slug":"translation_priority","name":"Priorit\u00e9s de traduction"}},"series_order":"","_links":{"self":[{"href":"https:\/\/www.snowkitesensation.com\/fr\/wp-json\/wp\/v2\/product\/19031","targetHints":{"allow":["GET"]}}],"collection":[{"href":"https:\/\/www.snowkitesensation.com\/fr\/wp-json\/wp\/v2\/product"}],"about":[{"href":"https:\/\/www.snowkitesensation.com\/fr\/wp-json\/wp\/v2\/types\/product"}],"replies":[{"embeddable":true,"href":"https:\/\/www.snowkitesensation.com\/fr\/wp-json\/wp\/v2\/comments?post=19031"}],"wp:featuredmedia":[{"embeddable":true,"href":"https:\/\/www.snowkitesensation.com\/fr\/wp-json\/wp\/v2\/media\/18907"}],"wp:attachment":[{"href":"https:\/\/www.snowkitesensation.com\/fr\/wp-json\/wp\/v2\/media?parent=19031"}],"wp:term":[{"taxonomy":"product_brand","embeddable":true,"href":"https:\/\/www.snowkitesensation.com\/fr\/wp-json\/wp\/v2\/product_brand?post=19031"},{"taxonomy":"product_cat","embeddable":true,"href":"https:\/\/www.snowkitesensation.com\/fr\/wp-json\/wp\/v2\/product_cat?post=19031"},{"taxonomy":"product_tag","embeddable":true,"href":"https:\/\/www.snowkitesensation.com\/fr\/wp-json\/wp\/v2\/product_tag?post=19031"}],"curies":[{"name":"wp","href":"https:\/\/api.w.org\/{rel}","templated":true}]}}