{"id":19184,"date":"2025-10-08T10:52:53","date_gmt":"2025-10-08T10:52:53","guid":{"rendered":"https:\/\/www.snowkitesensation.com\/?post_type=product&#038;p=19184"},"modified":"2025-10-23T09:50:36","modified_gmt":"2025-10-23T09:50:36","slug":"semaine-4-au-paradis","status":"publish","type":"product","link":"https:\/\/www.snowkitesensation.com\/fr\/produit\/package-laponie\/semaine-4-au-paradis\/","title":{"rendered":"Semaine 4 au Paradis"},"content":{"rendered":"","protected":false},"excerpt":{"rendered":"<h3>L\u2019exp\u00e9rience snowkite ultime en Laponie :<\/h3>\n<p><strong>Tu es arriv\u00e9 jusqu\u2019ici\u00a0 je peux te dire que tu as le v\u00e9ritable esprit kiteur en toi !<\/strong><br \/>\nTu n\u2019es plus qu\u2019\u00e0 quelques clics d\u2019une aventure inoubliable : poudreuse, aurores bor\u00e9ales, gastronomie locale, couchers de soleil dor\u00e9s et, bien s\u00fbr, le sauna finlandais traditionnel pour te r\u00e9chauffer apr\u00e8s une journ\u00e9e sur le spot.<\/p>\n<p>Pas besoin que tout le monde dans ton groupe soit kiteur (des r\u00e9ductions s\u2019appliquent) !<br \/>\nNos destinations sont pens\u00e9es pour offrir une exp\u00e9rience incroyable \u00e0 chacun, que tu sois kiteur ou non.<\/p>\n<p><u>Laisse-moi te montrer exactement dans quoi <strong>tu investis<\/strong> :<\/u><\/p>\n<ul style=\"margin: 0; padding-left: 20px; list-style-type: none;\">\n<li style=\"margin-bottom: 6px;\"><strong>7 nuits de confort<\/strong> au c\u00e9l\u00e8bre Pallas Hotel, avec la demi-pension incluse. (Tu peux m\u00eame pr\u00e9parer ton d\u00e9jeuner pendant le petit-d\u00e9jeuner, histoire d\u2019avoir tous tes repas r\u00e9gl\u00e9s !)<\/li>\n<li style=\"margin-bottom: 6px;\"><strong>2 guides professionnels<\/strong> un franco-anglais et un finlandais qui t\u2019enseigneront, rideront avec toi et pourront m\u00eame faire office de moniteurs de ski si le vent d\u00e9cide de se reposer.<\/li>\n<li style=\"margin-bottom: 6px;\"><strong>Transport complet inclus <\/strong>un van est disponible toute la semaine pour les transferts depuis l\u2019a\u00e9roport et les sorties quotidiennes \u00e0 la recherche du vent.<\/li>\n<li style=\"margin-bottom: 6px;\"><strong>Acc\u00e8s illimit\u00e9 aux matos <\/strong>un v\u00e9ritable all-you-can-ride avec toutes les tailles d\u2019ailes \u00e0 boudin et \u00e0 foil pr\u00eates pour tes sessions.<\/li>\n<li style=\"margin-bottom: 6px;\"><strong>L\u2019essentiel fourni chaque jour<\/strong>\u00a0dispositifs de communication, encas et thermos distribu\u00e9s chaque matin.<\/li>\n<li style=\"margin-bottom: 0;\"><strong>Un coffret surprise<\/strong>\u00a0nous t\u2019enverrons un petit cadeau de remerciement directement chez toi, histoire de te faire patienter avant le voyage de snowkite que tu es sur le point de r\u00e9server !<\/li>\n<\/ul>\n","protected":false},"author":1,"featured_media":19283,"comment_status":"closed","ping_status":"closed","template":"","meta":{"_acf_changed":false,"_uag_custom_page_level_css":"","advgb_blocks_editor_width":"","advgb_blocks_columns_visual_guide":""},"product_brand":[],"product_cat":[581],"product_tag":[],"class_list":{"0":"post-19184","1":"product","2":"type-product","3":"status-publish","4":"has-post-thumbnail","6":"product_cat-package-laponie","8":"first","9":"instock","10":"taxable","11":"shipping-taxable","12":"purchasable","13":"product-type-variable"},"acf":[],"aioseo_notices":[],"uagb_featured_image_src":{"full":["https:\/\/www.snowkitesensation.com\/wp-content\/uploads\/2025\/10\/4-1.jpg",1000,1000,false],"thumbnail":["https:\/\/www.snowkitesensation.com\/wp-content\/uploads\/2025\/10\/4-1-300x300.jpg",300,300,true],"medium":["https:\/\/www.snowkitesensation.com\/wp-content\/uploads\/2025\/10\/4-1-600x600.jpg",600,600,true],"medium_large":["https:\/\/www.snowkitesensation.com\/wp-content\/uploads\/2025\/10\/4-1-768x768.jpg",768,768,true],"large":["https:\/\/www.snowkitesensation.com\/wp-content\/uploads\/2025\/10\/4-1.jpg",1000,1000,false],"1536x1536":["https:\/\/www.snowkitesensation.com\/wp-content\/uploads\/2025\/10\/4-1.jpg",1000,1000,false],"2048x2048":["https:\/\/www.snowkitesensation.com\/wp-content\/uploads\/2025\/10\/4-1.jpg",1000,1000,false],"freestyle_edge_square":["https:\/\/www.snowkitesensation.com\/wp-content\/uploads\/2025\/10\/4-1-550x550.jpg",550,550,true],"freestyle_edge_landscape":["https:\/\/www.snowkitesensation.com\/wp-content\/uploads\/2025\/10\/4-1-800x600.jpg",800,600,true],"freestyle_edge_portrait":["https:\/\/www.snowkitesensation.com\/wp-content\/uploads\/2025\/10\/4-1-600x800.jpg",600,800,true],"freestyle_edge_large_width":["https:\/\/www.snowkitesensation.com\/wp-content\/uploads\/2025\/10\/4-1-1000x550.jpg",1000,550,true],"freestyle_edge_large_height":["https:\/\/www.snowkitesensation.com\/wp-content\/uploads\/2025\/10\/4-1-550x1000.jpg",550,1000,true],"freestyle_edge_large_width_height":["https:\/\/www.snowkitesensation.com\/wp-content\/uploads\/2025\/10\/4-1.jpg",1000,1000,false],"woocommerce_thumbnail":["https:\/\/www.snowkitesensation.com\/wp-content\/uploads\/2025\/10\/4-1-300x300.jpg",300,300,true],"woocommerce_single":["https:\/\/www.snowkitesensation.com\/wp-content\/uploads\/2025\/10\/4-1-600x600.jpg",600,600,true],"woocommerce_gallery_thumbnail":["https:\/\/www.snowkitesensation.com\/wp-content\/uploads\/2025\/10\/4-1-100x100.jpg",100,100,true],"variation_swatches_image_size":["https:\/\/www.snowkitesensation.com\/wp-content\/uploads\/2025\/10\/4-1-50x50.jpg",50,50,true],"variation_swatches_tooltip_size":["https:\/\/www.snowkitesensation.com\/wp-content\/uploads\/2025\/10\/4-1-100x100.jpg",100,100,true]},"uagb_author_info":{"display_name":"Snowkite","author_link":"https:\/\/www.snowkitesensation.com\/fr\/author\/snowkite\/"},"uagb_comment_info":0,"uagb_excerpt":"L\u2019exp\u00e9rience snowkite ultime en Laponie : Tu es arriv\u00e9 jusqu\u2019ici\u00a0 je peux te dire que tu as le v\u00e9ritable esprit kiteur en toi ! Tu n\u2019es plus qu\u2019\u00e0 quelques clics d\u2019une aventure inoubliable : poudreuse, aurores bor\u00e9ales, gastronomie locale, couchers de soleil dor\u00e9s et, bien s\u00fbr, le sauna finlandais traditionnel pour te r\u00e9chauffer apr\u00e8s une\u2026","featured_img":"https:\/\/www.snowkitesensation.com\/wp-content\/uploads\/2025\/10\/4-1.jpg","coauthors":[],"author_meta":{"author_link":"https:\/\/www.snowkitesensation.com\/fr\/author\/snowkite\/","display_name":"Snowkite"},"relative_dates":{"created":"Publi\u00e9 6 mois il y a","modified":"Mis \u00e0 jour 6 mois il y a"},"absolute_dates":{"created":"Publi\u00e9 le octobre 8, 2025","modified":"Mise \u00e0 jour le octobre 23, 2025"},"absolute_dates_time":{"created":"Publi\u00e9 le octobre 8, 2025 10:52 am","modified":"Mise \u00e0 jour le octobre 23, 2025 9:50 am"},"featured_img_caption":"","tax_additional":{"product_brand":{"linked":[],"unlinked":[],"slug":"product_brand","name":"Marques"},"product_type":{"linked":["<a href=\"https:\/\/www.snowkitesensation.com\/fr\/?taxonomy=product_type&#038;term=variable\" class=\"advgb-post-tax-term\">variable<\/a>"],"unlinked":["<span class=\"advgb-post-tax-term\">variable<\/span>"],"slug":"product_type","name":"Type de produit"},"product_visibility":{"linked":[],"unlinked":[],"slug":"product_visibility","name":"Visibilit\u00e9 du produit"},"product_cat":{"linked":["<a href=\"https:\/\/www.snowkitesensation.com\/fr\/boutique-kite\/package-laponie\/\" class=\"advgb-post-tax-term\">Package laponie<\/a>"],"unlinked":["<span class=\"advgb-post-tax-term\">Package laponie<\/span>"],"slug":"product_cat","name":"Cat\u00e9gories de produits"},"product_tag":{"linked":[],"unlinked":[],"slug":"product_tag","name":"\u00c9tiquettes produit"},"product_shipping_class":{"linked":[],"unlinked":[],"slug":"product_shipping_class","name":"Classe d\u2019exp\u00e9dition du produit"},"pos_product_visibility":{"linked":[],"unlinked":[],"slug":"pos_product_visibility","name":"Visibilit\u00e9 du produit sur le point de vente"},"pa_brand":{"linked":[],"unlinked":[],"slug":"pa_brand","name":"Product Brand"},"pa_carbon":{"linked":[],"unlinked":[],"slug":"pa_carbon","name":"Product Increase the hardness with carbon"},"pa_country-voucher":{"linked":[],"unlinked":[],"slug":"pa_country-voucher","name":"Product Country"},"pa_graphics":{"linked":[],"unlinked":[],"slug":"pa_graphics","name":"Product Personal graphics or personal geometry"},"pa_how-many-people":{"linked":[],"unlinked":[],"slug":"pa_how-many-people","name":"Product How many people"},"pa_localisation":{"linked":[],"unlinked":[],"slug":"pa_localisation","name":"Product Localisation"},"pa_supplier":{"linked":[],"unlinked":[],"slug":"pa_supplier","name":"Product Supplier"},"translation_priority":{"linked":["<a href=\"https:\/\/www.snowkitesensation.com\/fr\/?taxonomy=translation_priority&#038;term=optionel\" class=\"advgb-post-tax-term\">Optionel<\/a>"],"unlinked":["<span class=\"advgb-post-tax-term\">Optionel<\/span>"],"slug":"translation_priority","name":"Priorit\u00e9s de traduction"}},"series_order":"","_links":{"self":[{"href":"https:\/\/www.snowkitesensation.com\/fr\/wp-json\/wp\/v2\/product\/19184","targetHints":{"allow":["GET"]}}],"collection":[{"href":"https:\/\/www.snowkitesensation.com\/fr\/wp-json\/wp\/v2\/product"}],"about":[{"href":"https:\/\/www.snowkitesensation.com\/fr\/wp-json\/wp\/v2\/types\/product"}],"replies":[{"embeddable":true,"href":"https:\/\/www.snowkitesensation.com\/fr\/wp-json\/wp\/v2\/comments?post=19184"}],"wp:featuredmedia":[{"embeddable":true,"href":"https:\/\/www.snowkitesensation.com\/fr\/wp-json\/wp\/v2\/media\/19283"}],"wp:attachment":[{"href":"https:\/\/www.snowkitesensation.com\/fr\/wp-json\/wp\/v2\/media?parent=19184"}],"wp:term":[{"taxonomy":"product_brand","embeddable":true,"href":"https:\/\/www.snowkitesensation.com\/fr\/wp-json\/wp\/v2\/product_brand?post=19184"},{"taxonomy":"product_cat","embeddable":true,"href":"https:\/\/www.snowkitesensation.com\/fr\/wp-json\/wp\/v2\/product_cat?post=19184"},{"taxonomy":"product_tag","embeddable":true,"href":"https:\/\/www.snowkitesensation.com\/fr\/wp-json\/wp\/v2\/product_tag?post=19184"}],"curies":[{"name":"wp","href":"https:\/\/api.w.org\/{rel}","templated":true}]}}