{"id":19874,"date":"2025-11-12T14:53:29","date_gmt":"2025-11-12T14:53:29","guid":{"rendered":"https:\/\/www.snowkitesensation.com\/?post_type=product&#038;p=19874"},"modified":"2025-11-26T15:33:15","modified_gmt":"2025-11-26T15:33:15","slug":"ozone-hyperlink-v4-occasion","status":"publish","type":"product","link":"https:\/\/www.snowkitesensation.com\/fr\/produit\/destockage\/ozone-hyperlink-v4-occasion\/","title":{"rendered":"OZONE HYPERLINK V4 OCCASION + barre"},"content":{"rendered":"<p>L\u2019aile <strong>Ozone Hyperlink V4<\/strong> porte la polyvalence \u00e0 un niveau sup\u00e9rieur. Con\u00e7ue pour combler le foss\u00e9 entre les ailes \u00e0 boudin et les ailes \u00e0 caissons, elle associe la maniabilit\u00e9 simple d\u2019une aile \u00e0 boudin \u00e0 l\u2019efficacit\u00e9 et \u00e0 la puissance fluide d\u2019une aile \u00e0 caissons. Gr\u00e2ce \u00e0 des mat\u00e9riaux am\u00e9lior\u00e9s et une construction affin\u00e9e, la V4 offre une durabilit\u00e9 renforc\u00e9e, une stabilit\u00e9 accrue et une pr\u00e9cision optimale pour le kitesurf comme pour le snowkite.<\/p>\n<h4>RECOMMANDATIONS SUR EAU<\/h4>\n<h3><img loading=\"lazy\" decoding=\"async\" class=\"alignnone size-medium wp-image-16977\" src=\"https:\/\/www.snowkitesensation.com\/wp-content\/uploads\/2021\/11\/Screenshot-2022-11-28-at-16.44.39-600x223.png\" alt=\"Hyperlink water specs \" width=\"600\" height=\"223\" srcset=\"https:\/\/www.snowkitesensation.com\/wp-content\/uploads\/2021\/11\/Screenshot-2022-11-28-at-16.44.39-600x223.png 600w, https:\/\/www.snowkitesensation.com\/wp-content\/uploads\/2021\/11\/Screenshot-2022-11-28-at-16.44.39-768x286.png 768w, https:\/\/www.snowkitesensation.com\/wp-content\/uploads\/2021\/11\/Screenshot-2022-11-28-at-16.44.39.png 1344w\" sizes=\"auto, (max-width: 600px) 100vw, 600px\" \/><\/h3>\n<h4>RECOMMANDATIONS SUR NEIGE<\/h4>\n<h4><img loading=\"lazy\" decoding=\"async\" class=\"alignnone size-medium wp-image-16980\" src=\"https:\/\/www.snowkitesensation.com\/wp-content\/uploads\/2021\/11\/Screenshot-2022-11-28-at-16.45.52-600x236.png\" alt=\"Hyperlink snow spec\" width=\"600\" height=\"236\" srcset=\"https:\/\/www.snowkitesensation.com\/wp-content\/uploads\/2021\/11\/Screenshot-2022-11-28-at-16.45.52-600x236.png 600w, https:\/\/www.snowkitesensation.com\/wp-content\/uploads\/2021\/11\/Screenshot-2022-11-28-at-16.45.52-768x301.png 768w, https:\/\/www.snowkitesensation.com\/wp-content\/uploads\/2021\/11\/Screenshot-2022-11-28-at-16.45.52.png 1284w\" sizes=\"auto, (max-width: 600px) 100vw, 600px\" \/><\/h4>\n<h3 data-start=\"88\" data-end=\"125\">Polyvalence nouvelle g\u00e9n\u00e9ration<\/h3>\n<p>&#8211; L\u2019aile \u00e0 caissons la plus polyvalente de la gamme Ozone<br \/>\n&#8211; Conception de pointe et design innovant<br \/>\n&#8211; Nouvelle voile affin\u00e9e pour plus de durabilit\u00e9 et de performance<br \/>\n&#8211; Modes <strong data-start=\"308\" data-end=\"338\">4 lignes \u00e0 caissons ferm\u00e9s<\/strong> et <strong data-start=\"342\" data-end=\"373\">5 lignes \u00e0 caissons ouverts<br \/>\n<\/strong>&#8211; Syst\u00e8me <strong data-start=\"386\" data-end=\"414\">Internal Re-Ride Release<\/strong> leader du march\u00e9 (en mode ouvert)<\/p>\n<h3 data-start=\"968\" data-end=\"989\">Pilotage affin\u00e9<\/h3>\n<p data-start=\"991\" data-end=\"1425\">La V4 introduit un profil et un arc repens\u00e9s, offrant une r\u00e9ponse plus nette, une stabilit\u00e9 am\u00e9lior\u00e9e et un retour constant en barre. Sa voile l\u00e9g\u00e8re et son syst\u00e8me de brides optimis\u00e9 r\u00e9partissent les charges de mani\u00e8re \u00e9quilibr\u00e9e, donnant \u00e0 l\u2019aile un comportement sain. Les riders remarqueront une puissance plus progressive, un meilleur drift et une portance plus douce, id\u00e9ale pour le freeride, le foil, les sauts ou le snowkite.<\/p>\n<h3 data-start=\"1432\" data-end=\"1468\">Gonflage et drainage am\u00e9lior\u00e9s<\/h3>\n<p data-start=\"1470\" data-end=\"1744\">L\u2019<strong data-start=\"1472\" data-end=\"1488\">Hyperlink V4<\/strong> est dot\u00e9e de nouvelles prises d\u2019air et de valves repens\u00e9es pour un gonflage et un red\u00e9collage plus efficaces. Les syst\u00e8mes de drainage aux extr\u00e9mit\u00e9s d\u2019aile \u00e9vacuent l\u2019eau quand n\u00e9cessaire, garantissant une utilisation fiable dans toutes les conditions.<\/p>\n<h3 data-start=\"1751\" data-end=\"1766\">Sur l\u2019eau<\/h3>\n<p data-start=\"1768\" data-end=\"2305\">En <strong data-start=\"1771\" data-end=\"1806\">mode 4 lignes \u00e0 caissons ferm\u00e9s<\/strong>, l\u2019Hyperlink V4 se comporte comme une aile gonflable mais avec une efficacit\u00e9 sup\u00e9rieure. Le gonflage est rapide, la s\u00e9curit\u00e9 par flag-out simple et fiable, et l\u2019aile reste stable m\u00eame par vent l\u00e9ger. La V4 d\u00e9livre une puissance fluide, une excellente remont\u00e9e au vent et des sauts longs avec atterrissages doux. En foil, son rendement sup\u00e9rieur permet d\u2019utiliser des tailles plus petites et plus maniables, rendant les transitions comme les virements et les jibes plus faciles et plus tol\u00e9rants.<\/p>\n<h3 data-start=\"2312\" data-end=\"2342\">En Snowkite et sur la terre<\/h3>\n<p data-start=\"2344\" data-end=\"2784\">Passez en <strong data-start=\"2354\" data-end=\"2390\">mode 5 lignes \u00e0 caissons ouverts<\/strong> avec le kit Re-Ride optionnel et l\u2019Hyperlink V4 devient une aile d\u00e9di\u00e9e au snowkite et au landkite. Le syst\u00e8me Internal Re-Ride r\u00e9duit instantan\u00e9ment la puissance et permet de poser l\u2019aile en toute s\u00e9curit\u00e9, pr\u00eate \u00e0 red\u00e9coller. Les riders profiteront de loops contr\u00f4l\u00e9s, d\u2019un pop puissant et d\u2019une portance fiable, en faisant une aile id\u00e9ale pour le freeride et les aventures en backcountry.<\/p>\n<h3 data-start=\"2791\" data-end=\"2818\">La libert\u00e9 de choisir<\/h3>\n<p data-start=\"2820\" data-end=\"3122\">Des sessions en twin tip sur l\u2019eau aux longues randonn\u00e9es en snowkite, en passant par le cruising en hydrofoil, l\u2019<strong data-start=\"2934\" data-end=\"2950\">Hyperlink V4<\/strong> est con\u00e7ue pour tout faire. Son adaptabilit\u00e9, ses syst\u00e8mes de s\u00e9curit\u00e9 et ses performances affin\u00e9es offrent aux riders de tous niveaux une nouvelle sensation de libert\u00e9.<\/p>\n<p data-start=\"3124\" data-end=\"3200\">Vous cherchez une aile plus abordable ? D\u00e9couvrez l\u2019<a href=\"https:\/\/www.snowkitesensation.com\/fr\/produit\/snowkites-fr\/ozone-explore-v3-kite\/\"><strong data-start=\"3176\" data-end=\"3196\">Ozone Explore V3<\/strong> !<\/a><\/p>\n<p data-start=\"3124\" data-end=\"3200\"><a href=\"https:\/\/ozonekites.com\/snow\/\"><img loading=\"lazy\" decoding=\"async\" class=\"alignnone size-full wp-image-12303\" src=\"https:\/\/www.snowkitesensation.com\/wp-content\/uploads\/2021\/03\/ozone-logo-1.png\" alt=\"\" width=\"564\" height=\"89\" \/><\/a><\/p>\n","protected":false},"excerpt":{"rendered":"<p data-start=\"42\" data-end=\"244\"><strong data-start=\"42\" data-end=\"105\">Hey ! Tu es kitesurfeur ou nouvel explorateur du snowkite ?<\/strong> Tu ne sais pas trop quoi acheter ou comment utiliser une aile \u00e0 caisson? Tu h\u00e9sites sur la taille \u00e0 prendre\u2026 Urrgh ?! Pas de panique ! Discute avec nos experts snowkiters gr\u00e2ce \u00e0 la bo\u00eete de chat ci-dessous ! La <strong>Ozone Hyperlink V4<\/strong> est une excellente aile hybride pour le snowkite comme pour le kitesurf. Tu pr\u00e9f\u00e8res une aile plus abordable ? D\u00e9couvre l\u2019<a href=\"https:\/\/www.snowkitesensation.com\/fr\/produit\/snowkites-fr\/ozone-explore-v3-kite\/\"><strong data-start=\"467\" data-end=\"487\">Ozone Explore V3<\/strong>!<\/a><\/p>\n<p><a href=\"https:\/\/ozonekites.com\/snow\/\"><img loading=\"lazy\" decoding=\"async\" class=\"alignnone size-full wp-image-12303\" src=\"https:\/\/www.snowkitesensation.com\/wp-content\/uploads\/2021\/03\/ozone-logo-1.png\" alt=\"\" width=\"564\" height=\"89\" \/><\/a><\/p>\n","protected":false},"author":8,"featured_media":18844,"comment_status":"closed","ping_status":"closed","template":"","meta":{"_acf_changed":false,"_uag_custom_page_level_css":"","advgb_blocks_editor_width":"","advgb_blocks_columns_visual_guide":""},"product_brand":[576],"product_cat":[560],"product_tag":[],"class_list":{"0":"post-19874","1":"product","2":"type-product","3":"status-publish","4":"has-post-thumbnail","6":"product_brand-ozone-kiteboarding","7":"product_cat-destockage","8":"product_shipping_class-harnais-bar-kite","10":"first","11":"instock","12":"taxable","13":"shipping-taxable","14":"purchasable","15":"product-type-variable","16":"has-default-attributes"},"acf":[],"aioseo_notices":[],"uagb_featured_image_src":{"full":["https:\/\/www.snowkitesensation.com\/wp-content\/uploads\/2021\/11\/Ozone-Hyperlink-V4.jpg",1000,1000,false],"thumbnail":["https:\/\/www.snowkitesensation.com\/wp-content\/uploads\/2021\/11\/Ozone-Hyperlink-V4-300x300.jpg",300,300,true],"medium":["https:\/\/www.snowkitesensation.com\/wp-content\/uploads\/2021\/11\/Ozone-Hyperlink-V4-600x600.jpg",600,600,true],"medium_large":["https:\/\/www.snowkitesensation.com\/wp-content\/uploads\/2021\/11\/Ozone-Hyperlink-V4-768x768.jpg",768,768,true],"large":["https:\/\/www.snowkitesensation.com\/wp-content\/uploads\/2021\/11\/Ozone-Hyperlink-V4.jpg",1000,1000,false],"1536x1536":["https:\/\/www.snowkitesensation.com\/wp-content\/uploads\/2021\/11\/Ozone-Hyperlink-V4.jpg",1000,1000,false],"2048x2048":["https:\/\/www.snowkitesensation.com\/wp-content\/uploads\/2021\/11\/Ozone-Hyperlink-V4.jpg",1000,1000,false],"freestyle_edge_square":["https:\/\/www.snowkitesensation.com\/wp-content\/uploads\/2021\/11\/Ozone-Hyperlink-V4-550x550.jpg",550,550,true],"freestyle_edge_landscape":["https:\/\/www.snowkitesensation.com\/wp-content\/uploads\/2021\/11\/Ozone-Hyperlink-V4-800x600.jpg",800,600,true],"freestyle_edge_portrait":["https:\/\/www.snowkitesensation.com\/wp-content\/uploads\/2021\/11\/Ozone-Hyperlink-V4-600x800.jpg",600,800,true],"freestyle_edge_large_width":["https:\/\/www.snowkitesensation.com\/wp-content\/uploads\/2021\/11\/Ozone-Hyperlink-V4-1000x550.jpg",1000,550,true],"freestyle_edge_large_height":["https:\/\/www.snowkitesensation.com\/wp-content\/uploads\/2021\/11\/Ozone-Hyperlink-V4-550x1000.jpg",550,1000,true],"freestyle_edge_large_width_height":["https:\/\/www.snowkitesensation.com\/wp-content\/uploads\/2021\/11\/Ozone-Hyperlink-V4.jpg",1000,1000,false],"woocommerce_thumbnail":["https:\/\/www.snowkitesensation.com\/wp-content\/uploads\/2021\/11\/Ozone-Hyperlink-V4-300x300.jpg",300,300,true],"woocommerce_single":["https:\/\/www.snowkitesensation.com\/wp-content\/uploads\/2021\/11\/Ozone-Hyperlink-V4-600x600.jpg",600,600,true],"woocommerce_gallery_thumbnail":["https:\/\/www.snowkitesensation.com\/wp-content\/uploads\/2021\/11\/Ozone-Hyperlink-V4-100x100.jpg",100,100,true],"variation_swatches_image_size":["https:\/\/www.snowkitesensation.com\/wp-content\/uploads\/2021\/11\/Ozone-Hyperlink-V4-50x50.jpg",50,50,true],"variation_swatches_tooltip_size":["https:\/\/www.snowkitesensation.com\/wp-content\/uploads\/2021\/11\/Ozone-Hyperlink-V4-100x100.jpg",100,100,true]},"uagb_author_info":{"display_name":"Victor Judet","author_link":"https:\/\/www.snowkitesensation.com\/fr\/author\/traveldesigner\/"},"uagb_comment_info":0,"uagb_excerpt":"Hey ! Tu es kitesurfeur ou nouvel explorateur du snowkite ? Tu ne sais pas trop quoi acheter ou comment utiliser une aile \u00e0 caisson? Tu h\u00e9sites sur la taille \u00e0 prendre\u2026 Urrgh ?! Pas de panique ! Discute avec nos experts snowkiters gr\u00e2ce \u00e0 la bo\u00eete de chat ci-dessous ! La Ozone Hyperlink V4\u2026","featured_img":"https:\/\/www.snowkitesensation.com\/wp-content\/uploads\/2021\/11\/Ozone-Hyperlink-V4.jpg","coauthors":[],"author_meta":{"author_link":"https:\/\/www.snowkitesensation.com\/fr\/author\/traveldesigner\/","display_name":"Victor Judet"},"relative_dates":{"created":"Publi\u00e9 5 mois il y a","modified":"Mis \u00e0 jour 4 mois il y a"},"absolute_dates":{"created":"Publi\u00e9 le novembre 12, 2025","modified":"Mise \u00e0 jour le novembre 26, 2025"},"absolute_dates_time":{"created":"Publi\u00e9 le novembre 12, 2025 2:53 pm","modified":"Mise \u00e0 jour le novembre 26, 2025 3:33 pm"},"featured_img_caption":"","tax_additional":{"product_brand":{"linked":["<a href=\"https:\/\/www.snowkitesensation.com\/fr\/marque\/ozone-kiteboarding\/\" class=\"advgb-post-tax-term\">Ozone Kiteboarding<\/a>"],"unlinked":["<span class=\"advgb-post-tax-term\">Ozone Kiteboarding<\/span>"],"slug":"product_brand","name":"Marques"},"product_type":{"linked":["<a href=\"https:\/\/www.snowkitesensation.com\/fr\/?taxonomy=product_type&#038;term=variable\" class=\"advgb-post-tax-term\">variable<\/a>"],"unlinked":["<span class=\"advgb-post-tax-term\">variable<\/span>"],"slug":"product_type","name":"Type de produit"},"product_visibility":{"linked":[],"unlinked":[],"slug":"product_visibility","name":"Visibilit\u00e9 du produit"},"product_cat":{"linked":["<a href=\"https:\/\/www.snowkitesensation.com\/fr\/boutique-kite\/destockage\/\" class=\"advgb-post-tax-term\">Destockage \/ Promotion<\/a>"],"unlinked":["<span class=\"advgb-post-tax-term\">Destockage \/ Promotion<\/span>"],"slug":"product_cat","name":"Cat\u00e9gories de produits"},"product_tag":{"linked":[],"unlinked":[],"slug":"product_tag","name":"\u00c9tiquettes produit"},"product_shipping_class":{"linked":["<a href=\"https:\/\/www.snowkitesensation.com\/fr\/?taxonomy=product_shipping_class&#038;term=harnais-bar-kite\" class=\"advgb-post-tax-term\">Harnais bar kite<\/a>"],"unlinked":["<span class=\"advgb-post-tax-term\">Harnais bar kite<\/span>"],"slug":"product_shipping_class","name":"Classe d\u2019exp\u00e9dition du produit"},"pos_product_visibility":{"linked":[],"unlinked":[],"slug":"pos_product_visibility","name":"Visibilit\u00e9 du produit sur le point de vente"},"pa_brand":{"linked":[],"unlinked":[],"slug":"pa_brand","name":"Product Brand"},"pa_carbon":{"linked":[],"unlinked":[],"slug":"pa_carbon","name":"Product Increase the hardness with carbon"},"pa_country-voucher":{"linked":[],"unlinked":[],"slug":"pa_country-voucher","name":"Product Country"},"pa_graphics":{"linked":[],"unlinked":[],"slug":"pa_graphics","name":"Product Personal graphics or personal geometry"},"pa_how-many-people":{"linked":[],"unlinked":[],"slug":"pa_how-many-people","name":"Product How many people"},"pa_localisation":{"linked":[],"unlinked":[],"slug":"pa_localisation","name":"Product Localisation"},"pa_supplier":{"linked":[],"unlinked":[],"slug":"pa_supplier","name":"Product Supplier"},"translation_priority":{"linked":["<a href=\"https:\/\/www.snowkitesensation.com\/fr\/?taxonomy=translation_priority&#038;term=optionel\" class=\"advgb-post-tax-term\">Optionel<\/a>"],"unlinked":["<span class=\"advgb-post-tax-term\">Optionel<\/span>"],"slug":"translation_priority","name":"Priorit\u00e9s de traduction"}},"series_order":"","_links":{"self":[{"href":"https:\/\/www.snowkitesensation.com\/fr\/wp-json\/wp\/v2\/product\/19874","targetHints":{"allow":["GET"]}}],"collection":[{"href":"https:\/\/www.snowkitesensation.com\/fr\/wp-json\/wp\/v2\/product"}],"about":[{"href":"https:\/\/www.snowkitesensation.com\/fr\/wp-json\/wp\/v2\/types\/product"}],"replies":[{"embeddable":true,"href":"https:\/\/www.snowkitesensation.com\/fr\/wp-json\/wp\/v2\/comments?post=19874"}],"wp:featuredmedia":[{"embeddable":true,"href":"https:\/\/www.snowkitesensation.com\/fr\/wp-json\/wp\/v2\/media\/18844"}],"wp:attachment":[{"href":"https:\/\/www.snowkitesensation.com\/fr\/wp-json\/wp\/v2\/media?parent=19874"}],"wp:term":[{"taxonomy":"product_brand","embeddable":true,"href":"https:\/\/www.snowkitesensation.com\/fr\/wp-json\/wp\/v2\/product_brand?post=19874"},{"taxonomy":"product_cat","embeddable":true,"href":"https:\/\/www.snowkitesensation.com\/fr\/wp-json\/wp\/v2\/product_cat?post=19874"},{"taxonomy":"product_tag","embeddable":true,"href":"https:\/\/www.snowkitesensation.com\/fr\/wp-json\/wp\/v2\/product_tag?post=19874"}],"curies":[{"name":"wp","href":"https:\/\/api.w.org\/{rel}","templated":true}]}}