{"id":20200,"date":"2026-01-26T11:17:20","date_gmt":"2026-01-26T11:17:20","guid":{"rendered":"https:\/\/www.snowkitesensation.com\/shop\/uncategorized\/1-day-of-snowkiting-in-the-sweden-are\/"},"modified":"2026-01-26T13:28:26","modified_gmt":"2026-01-26T13:28:26","slug":"1-day-of-snowkiting-in-the-sweden-are","status":"publish","type":"product","link":"https:\/\/www.snowkitesensation.com\/fr\/produit\/voucher-snowkite\/1-day-of-snowkiting-in-the-sweden-are\/","title":{"rendered":"Une journ\u00e9e de snowkite \u00e0 \u00c5re, en Su\u00e8de !"},"content":{"rendered":"","protected":false},"excerpt":{"rendered":"<p data-start=\"131\" data-end=\"354\">De passage \u00e0 \u00c5re pour la journ\u00e9e ? R\u00e9servez votre premi\u00e8re session de snowkite ! La location du harnais et du kite est incluse. Le snowkite est une activit\u00e9 ludique et accessible, id\u00e9ale \u00e0 partager entre amis ou en famille.<\/p>\n<p data-start=\"356\" data-end=\"788\">Dans les montagnes su\u00e9doises autour de \u00c5re, vous pouvez pratiquer le snowkite sur de vastes lacs gel\u00e9s et des plateaux alpins, au c\u0153ur de paysages scandinaves spectaculaires. Avec un relief plus marqu\u00e9 qu\u2019en Laponie, \u00c5re offre un terrain de jeu plus alpin, m\u00ealant grands espaces, terrains vallonn\u00e9s et panoramas \u00e0 couper le souffle. Un \u00e9quilibre parfait entre aventure, performance et nature, sans la sensation de tourisme de masse.<\/p>\n<p data-start=\"790\" data-end=\"993\">Une fois votre session r\u00e9serv\u00e9e, il vous suffit de nous appeler ou de nous envoyer un e-mail pour choisir votre date.<br data-start=\"907\" data-end=\"910\" \/>La saison s\u2019\u00e9tend de <strong data-start=\"931\" data-end=\"950\">f\u00e9vrier \u00e0 avril<\/strong>, selon les conditions de neige et de vent.<\/p>\n","protected":false},"author":8,"featured_media":20198,"comment_status":"closed","ping_status":"closed","template":"","meta":{"_acf_changed":false,"_uag_custom_page_level_css":"","advgb_blocks_editor_width":"","advgb_blocks_columns_visual_guide":""},"product_brand":[],"product_cat":[283],"product_tag":[],"class_list":{"0":"post-20200","1":"product","2":"type-product","3":"status-publish","4":"has-post-thumbnail","6":"product_cat-voucher-snowkite","8":"first","9":"instock","10":"taxable","11":"shipping-taxable","12":"purchasable","13":"product-type-simple"},"acf":[],"aioseo_notices":[],"uagb_featured_image_src":{"full":["https:\/\/www.snowkitesensation.com\/wp-content\/uploads\/2026\/01\/Ajouer-un-titre.png",1000,1000,false],"thumbnail":["https:\/\/www.snowkitesensation.com\/wp-content\/uploads\/2026\/01\/Ajouer-un-titre-300x300.png",300,300,true],"medium":["https:\/\/www.snowkitesensation.com\/wp-content\/uploads\/2026\/01\/Ajouer-un-titre-600x600.png",600,600,true],"medium_large":["https:\/\/www.snowkitesensation.com\/wp-content\/uploads\/2026\/01\/Ajouer-un-titre-768x768.png",768,768,true],"large":["https:\/\/www.snowkitesensation.com\/wp-content\/uploads\/2026\/01\/Ajouer-un-titre.png",1000,1000,false],"1536x1536":["https:\/\/www.snowkitesensation.com\/wp-content\/uploads\/2026\/01\/Ajouer-un-titre.png",1000,1000,false],"2048x2048":["https:\/\/www.snowkitesensation.com\/wp-content\/uploads\/2026\/01\/Ajouer-un-titre.png",1000,1000,false],"freestyle_edge_square":["https:\/\/www.snowkitesensation.com\/wp-content\/uploads\/2026\/01\/Ajouer-un-titre-550x550.png",550,550,true],"freestyle_edge_landscape":["https:\/\/www.snowkitesensation.com\/wp-content\/uploads\/2026\/01\/Ajouer-un-titre-800x600.png",800,600,true],"freestyle_edge_portrait":["https:\/\/www.snowkitesensation.com\/wp-content\/uploads\/2026\/01\/Ajouer-un-titre-600x800.png",600,800,true],"freestyle_edge_large_width":["https:\/\/www.snowkitesensation.com\/wp-content\/uploads\/2026\/01\/Ajouer-un-titre-1000x550.png",1000,550,true],"freestyle_edge_large_height":["https:\/\/www.snowkitesensation.com\/wp-content\/uploads\/2026\/01\/Ajouer-un-titre-550x1000.png",550,1000,true],"freestyle_edge_large_width_height":["https:\/\/www.snowkitesensation.com\/wp-content\/uploads\/2026\/01\/Ajouer-un-titre.png",1000,1000,false],"woocommerce_thumbnail":["https:\/\/www.snowkitesensation.com\/wp-content\/uploads\/2026\/01\/Ajouer-un-titre-300x300.png",300,300,true],"woocommerce_single":["https:\/\/www.snowkitesensation.com\/wp-content\/uploads\/2026\/01\/Ajouer-un-titre-600x600.png",600,600,true],"woocommerce_gallery_thumbnail":["https:\/\/www.snowkitesensation.com\/wp-content\/uploads\/2026\/01\/Ajouer-un-titre-100x100.png",100,100,true],"variation_swatches_image_size":["https:\/\/www.snowkitesensation.com\/wp-content\/uploads\/2026\/01\/Ajouer-un-titre-50x50.png",50,50,true],"variation_swatches_tooltip_size":["https:\/\/www.snowkitesensation.com\/wp-content\/uploads\/2026\/01\/Ajouer-un-titre-100x100.png",100,100,true]},"uagb_author_info":{"display_name":"Victor Judet","author_link":"https:\/\/www.snowkitesensation.com\/fr\/author\/traveldesigner\/"},"uagb_comment_info":0,"uagb_excerpt":"De passage \u00e0 \u00c5re pour la journ\u00e9e ? R\u00e9servez votre premi\u00e8re session de snowkite ! La location du harnais et du kite est incluse. Le snowkite est une activit\u00e9 ludique et accessible, id\u00e9ale \u00e0 partager entre amis ou en famille. Dans les montagnes su\u00e9doises autour de \u00c5re, vous pouvez pratiquer le snowkite sur de vastes\u2026","featured_img":"https:\/\/www.snowkitesensation.com\/wp-content\/uploads\/2026\/01\/Ajouer-un-titre.png","coauthors":[],"author_meta":{"author_link":"https:\/\/www.snowkitesensation.com\/fr\/author\/traveldesigner\/","display_name":"Victor Judet"},"relative_dates":{"created":"Publi\u00e9 2 mois il y a","modified":"Mis \u00e0 jour 2 mois il y a"},"absolute_dates":{"created":"Publi\u00e9 le janvier 26, 2026","modified":"Mise \u00e0 jour le janvier 26, 2026"},"absolute_dates_time":{"created":"Publi\u00e9 le janvier 26, 2026 11:17 am","modified":"Mise \u00e0 jour le janvier 26, 2026 1:28 pm"},"featured_img_caption":"","tax_additional":{"product_brand":{"linked":[],"unlinked":[],"slug":"product_brand","name":"Marques"},"product_type":{"linked":["<a href=\"https:\/\/www.snowkitesensation.com\/fr\/?taxonomy=product_type&#038;term=simple\" class=\"advgb-post-tax-term\">simple<\/a>"],"unlinked":["<span class=\"advgb-post-tax-term\">simple<\/span>"],"slug":"product_type","name":"Type de produit"},"product_visibility":{"linked":[],"unlinked":[],"slug":"product_visibility","name":"Visibilit\u00e9 du produit"},"product_cat":{"linked":["<a href=\"https:\/\/www.snowkitesensation.com\/fr\/boutique-kite\/voucher-snowkite\/\" class=\"advgb-post-tax-term\">Reserver un Cours<\/a>"],"unlinked":["<span class=\"advgb-post-tax-term\">Reserver un Cours<\/span>"],"slug":"product_cat","name":"Cat\u00e9gories de produits"},"product_tag":{"linked":[],"unlinked":[],"slug":"product_tag","name":"\u00c9tiquettes produit"},"product_shipping_class":{"linked":[],"unlinked":[],"slug":"product_shipping_class","name":"Classe d\u2019exp\u00e9dition du produit"},"pos_product_visibility":{"linked":[],"unlinked":[],"slug":"pos_product_visibility","name":"Visibilit\u00e9 du produit sur le point de vente"},"pa_brand":{"linked":[],"unlinked":[],"slug":"pa_brand","name":"Product Brand"},"pa_carbon":{"linked":[],"unlinked":[],"slug":"pa_carbon","name":"Product Increase the hardness with carbon"},"pa_country-voucher":{"linked":[],"unlinked":[],"slug":"pa_country-voucher","name":"Product Country"},"pa_graphics":{"linked":[],"unlinked":[],"slug":"pa_graphics","name":"Product Personal graphics or personal geometry"},"pa_how-many-people":{"linked":[],"unlinked":[],"slug":"pa_how-many-people","name":"Product How many people"},"pa_localisation":{"linked":[],"unlinked":[],"slug":"pa_localisation","name":"Product Localisation"},"pa_supplier":{"linked":[],"unlinked":[],"slug":"pa_supplier","name":"Product Supplier"},"translation_priority":{"linked":["<a href=\"https:\/\/www.snowkitesensation.com\/fr\/?taxonomy=translation_priority&#038;term=optionel\" class=\"advgb-post-tax-term\">Optionel<\/a>"],"unlinked":["<span class=\"advgb-post-tax-term\">Optionel<\/span>"],"slug":"translation_priority","name":"Priorit\u00e9s de traduction"}},"series_order":"","_links":{"self":[{"href":"https:\/\/www.snowkitesensation.com\/fr\/wp-json\/wp\/v2\/product\/20200","targetHints":{"allow":["GET"]}}],"collection":[{"href":"https:\/\/www.snowkitesensation.com\/fr\/wp-json\/wp\/v2\/product"}],"about":[{"href":"https:\/\/www.snowkitesensation.com\/fr\/wp-json\/wp\/v2\/types\/product"}],"replies":[{"embeddable":true,"href":"https:\/\/www.snowkitesensation.com\/fr\/wp-json\/wp\/v2\/comments?post=20200"}],"wp:featuredmedia":[{"embeddable":true,"href":"https:\/\/www.snowkitesensation.com\/fr\/wp-json\/wp\/v2\/media\/20198"}],"wp:attachment":[{"href":"https:\/\/www.snowkitesensation.com\/fr\/wp-json\/wp\/v2\/media?parent=20200"}],"wp:term":[{"taxonomy":"product_brand","embeddable":true,"href":"https:\/\/www.snowkitesensation.com\/fr\/wp-json\/wp\/v2\/product_brand?post=20200"},{"taxonomy":"product_cat","embeddable":true,"href":"https:\/\/www.snowkitesensation.com\/fr\/wp-json\/wp\/v2\/product_cat?post=20200"},{"taxonomy":"product_tag","embeddable":true,"href":"https:\/\/www.snowkitesensation.com\/fr\/wp-json\/wp\/v2\/product_tag?post=20200"}],"curies":[{"name":"wp","href":"https:\/\/api.w.org\/{rel}","templated":true}]}}