{"id":20233,"date":"2026-01-29T13:17:47","date_gmt":"2026-01-29T13:17:47","guid":{"rendered":"https:\/\/www.snowkitesensation.com\/?post_type=product&#038;p=20233"},"modified":"2026-04-23T13:31:52","modified_gmt":"2026-04-23T13:31:52","slug":"laponie-paradis-du-snowkite-week-1","status":"publish","type":"product","link":"https:\/\/www.snowkitesensation.com\/fr\/produit\/package-laponie\/laponie-paradis-du-snowkite-week-1\/","title":{"rendered":"Laponie paradis du snowkite week 1"},"content":{"rendered":"","protected":false},"excerpt":{"rendered":"<h2 data-start=\"153\" data-end=\"202\"><strong data-start=\"157\" data-end=\"202\">L\u2019Exp\u00e9rience Snowkite Ultime en Laponie :<\/strong><\/h2>\n<hr \/>\n<p data-start=\"204\" data-end=\"776\"><strong>Tu es arriv\u00e9 jusqu\u2019ici\u2026 je peux donc te dire que tu as le v\u00e9ritable esprit d\u2019aventurier en toi !<\/strong><br data-start=\"295\" data-end=\"298\" \/>Tu n\u2019es plus qu\u2019\u00e0 quelques clics d\u2019une exp\u00e9rience inoubliable : poudreuse profonde, aurores bor\u00e9ales, cuisine incroyable, couchers de soleil dor\u00e9s, et bien s\u00fbr, la sauna finlandaise traditionnelle qui t\u2019attend pour te r\u00e9chauffer apr\u00e8s une journ\u00e9e sur la neige.<strong>\u00a0IL N\u2019EST PAS N\u00c9CESSAIRE QUE TOUT LE MONDE DANS TON GROUPE SOIT KITEUR !<\/strong>\u00a0Nos destinations sont pens\u00e9es pour offrir un voyage exceptionnel \u00e0 tous, que tu pratiques le kite ou non.<\/p>\n<hr \/>\n<p data-start=\"778\" data-end=\"834\">Laisse-moi te montrer exactement dans quoi\u00a0<strong>tu investis :<\/strong><\/p>\n<p data-pm-slice=\"1 1 []\">\u2013\u00a0<strong>7 nuits de confort au c\u00e9l\u00e8bre h\u00f4tel Pallas<\/strong>, avec la demi-pension incluse. (Tu peux m\u00eame pr\u00e9parer ton propre d\u00e9jeuner au petit-d\u00e9jeuner, ainsi tous tes repas sont organis\u00e9s !)<br \/>\n\u2013\u00a0<strong>2 guides professionnels<\/strong>, fran\u00e7ais\/anglais qui enseigneront et rideront avec toi et pourront m\u00eame faire office de moniteurs de ski si le vent d\u00e9cide de faire une pause.<br \/>\n\u2013\u00a0<strong>Tous les transports inclus<\/strong>\u00a0: un van est disponible toute la semaine pour les transferts a\u00e9roport et les missions quotidiennes de chasse au vent.<br \/>\n\u2013\u00a0<strong>Acc\u00e8s illimit\u00e9 au mat\u00e9riel de kite<\/strong>\u00a0: un setup complet all-you-can-ride avec toutes les tailles de kites \u00e0 boudins et \u00e0 caissons pr\u00eates pour tes sessions.<br \/>\n\u2013\u00a0<strong>Activit\u00e9s hors kite<\/strong>\u00a0prises en charge si le vent manque \u00e0 l\u2019appel (ski, ski de fond\u2026).<br \/>\n\u2013<strong>\u00a0Les essentiels du quotidien fournis<\/strong>\u00a0: moyens de communication, snacks et un thermos remis chaque matin.<br \/>\n\u2013\u00a0<strong>Un colis surprise<\/strong>\u00a0: nous t\u2019enverrons un petit cadeau directement chez toi, en guise de remerciement\u2026 juste pour te faire patienter avant ce voyage snowkite que tu es tout pr\u00e8s de r\u00e9server !<\/p>\n","protected":false},"author":8,"featured_media":20764,"comment_status":"open","ping_status":"closed","template":"","meta":{"_acf_changed":false,"_uag_custom_page_level_css":"","advgb_blocks_editor_width":"","advgb_blocks_columns_visual_guide":""},"product_brand":[],"product_cat":[581],"product_tag":[],"class_list":{"0":"post-20233","1":"product","2":"type-product","3":"status-publish","4":"has-post-thumbnail","6":"product_cat-package-laponie","8":"first","9":"instock","10":"sold-individually","11":"taxable","12":"shipping-taxable","13":"purchasable","14":"product-type-variable"},"acf":[],"uagb_featured_image_src":{"full":["https:\/\/www.snowkitesensation.com\/wp-content\/uploads\/2026\/01\/ChatGPT-Image-21-avr.-2026-15_34_57.png",1254,1254,false],"thumbnail":["https:\/\/www.snowkitesensation.com\/wp-content\/uploads\/2026\/01\/ChatGPT-Image-21-avr.-2026-15_34_57-300x300.png",300,300,true],"medium":["https:\/\/www.snowkitesensation.com\/wp-content\/uploads\/2026\/01\/ChatGPT-Image-21-avr.-2026-15_34_57-600x600.png",600,600,true],"medium_large":["https:\/\/www.snowkitesensation.com\/wp-content\/uploads\/2026\/01\/ChatGPT-Image-21-avr.-2026-15_34_57-768x768.png",768,768,true],"large":["https:\/\/www.snowkitesensation.com\/wp-content\/uploads\/2026\/01\/ChatGPT-Image-21-avr.-2026-15_34_57.png",1060,1060,false],"1536x1536":["https:\/\/www.snowkitesensation.com\/wp-content\/uploads\/2026\/01\/ChatGPT-Image-21-avr.-2026-15_34_57.png",1254,1254,false],"2048x2048":["https:\/\/www.snowkitesensation.com\/wp-content\/uploads\/2026\/01\/ChatGPT-Image-21-avr.-2026-15_34_57.png",1254,1254,false],"freestyle_edge_square":["https:\/\/www.snowkitesensation.com\/wp-content\/uploads\/2026\/01\/ChatGPT-Image-21-avr.-2026-15_34_57-550x550.png",550,550,true],"freestyle_edge_landscape":["https:\/\/www.snowkitesensation.com\/wp-content\/uploads\/2026\/01\/ChatGPT-Image-21-avr.-2026-15_34_57-800x600.png",800,600,true],"freestyle_edge_portrait":["https:\/\/www.snowkitesensation.com\/wp-content\/uploads\/2026\/01\/ChatGPT-Image-21-avr.-2026-15_34_57-600x800.png",600,800,true],"freestyle_edge_large_width":["https:\/\/www.snowkitesensation.com\/wp-content\/uploads\/2026\/01\/ChatGPT-Image-21-avr.-2026-15_34_57-1100x550.png",1100,550,true],"freestyle_edge_large_height":["https:\/\/www.snowkitesensation.com\/wp-content\/uploads\/2026\/01\/ChatGPT-Image-21-avr.-2026-15_34_57-550x1100.png",550,1100,true],"freestyle_edge_large_width_height":["https:\/\/www.snowkitesensation.com\/wp-content\/uploads\/2026\/01\/ChatGPT-Image-21-avr.-2026-15_34_57-1100x1100.png",1100,1100,true],"woocommerce_thumbnail":["https:\/\/www.snowkitesensation.com\/wp-content\/uploads\/2026\/01\/ChatGPT-Image-21-avr.-2026-15_34_57-300x300.png",300,300,true],"woocommerce_single":["https:\/\/www.snowkitesensation.com\/wp-content\/uploads\/2026\/01\/ChatGPT-Image-21-avr.-2026-15_34_57-600x600.png",600,600,true],"woocommerce_gallery_thumbnail":["https:\/\/www.snowkitesensation.com\/wp-content\/uploads\/2026\/01\/ChatGPT-Image-21-avr.-2026-15_34_57-100x100.png",100,100,true],"variation_swatches_image_size":["https:\/\/www.snowkitesensation.com\/wp-content\/uploads\/2026\/01\/ChatGPT-Image-21-avr.-2026-15_34_57-50x50.png",50,50,true],"variation_swatches_tooltip_size":["https:\/\/www.snowkitesensation.com\/wp-content\/uploads\/2026\/01\/ChatGPT-Image-21-avr.-2026-15_34_57-100x100.png",100,100,true]},"uagb_author_info":{"display_name":"Victor Judet","author_link":"https:\/\/www.snowkitesensation.com\/fr\/author\/traveldesigner\/"},"uagb_comment_info":0,"uagb_excerpt":"L\u2019Exp\u00e9rience Snowkite Ultime en Laponie : Tu es arriv\u00e9 jusqu\u2019ici\u2026 je peux donc te dire que tu as le v\u00e9ritable esprit d\u2019aventurier en toi !Tu n\u2019es plus qu\u2019\u00e0 quelques clics d\u2019une exp\u00e9rience inoubliable : poudreuse profonde, aurores bor\u00e9ales, cuisine incroyable, couchers de soleil dor\u00e9s, et bien s\u00fbr, la sauna finlandaise traditionnelle qui t\u2019attend pour te\u2026","featured_img":"https:\/\/www.snowkitesensation.com\/wp-content\/uploads\/2026\/01\/ChatGPT-Image-21-avr.-2026-15_34_57.png","coauthors":[],"author_meta":{"author_link":"https:\/\/www.snowkitesensation.com\/fr\/author\/traveldesigner\/","display_name":"Victor Judet"},"relative_dates":{"created":"Publi\u00e9 3 mois il y a","modified":"Mis \u00e0 jour 3 jours il y a"},"absolute_dates":{"created":"Publi\u00e9 le janvier 29, 2026","modified":"Mise \u00e0 jour le avril 23, 2026"},"absolute_dates_time":{"created":"Publi\u00e9 le janvier 29, 2026 1:17 pm","modified":"Mise \u00e0 jour le avril 23, 2026 1:31 pm"},"featured_img_caption":"Dates snowkite lapland","tax_additional":{"product_brand":{"linked":[],"unlinked":[],"slug":"product_brand","name":"Marques"},"product_type":{"linked":["<a href=\"https:\/\/www.snowkitesensation.com\/fr\/?taxonomy=product_type&#038;term=variable\" class=\"advgb-post-tax-term\">variable<\/a>"],"unlinked":["<span class=\"advgb-post-tax-term\">variable<\/span>"],"slug":"product_type","name":"Type de produit"},"product_visibility":{"linked":["<a href=\"https:\/\/www.snowkitesensation.com\/fr\/?taxonomy=product_visibility&#038;term=rated-5\" class=\"advgb-post-tax-term\">rated-5<\/a>"],"unlinked":["<span class=\"advgb-post-tax-term\">rated-5<\/span>"],"slug":"product_visibility","name":"Visibilit\u00e9 du produit"},"product_cat":{"linked":["<a href=\"https:\/\/www.snowkitesensation.com\/fr\/boutique-kite\/package-laponie\/\" class=\"advgb-post-tax-term\">Package laponie<\/a>"],"unlinked":["<span class=\"advgb-post-tax-term\">Package laponie<\/span>"],"slug":"product_cat","name":"Cat\u00e9gories de produits"},"product_tag":{"linked":[],"unlinked":[],"slug":"product_tag","name":"\u00c9tiquettes produit"},"product_shipping_class":{"linked":[],"unlinked":[],"slug":"product_shipping_class","name":"Classe d\u2019exp\u00e9dition du produit"},"pos_product_visibility":{"linked":[],"unlinked":[],"slug":"pos_product_visibility","name":"Visibilit\u00e9 du produit sur le point de vente"},"pa_brand":{"linked":[],"unlinked":[],"slug":"pa_brand","name":"Product Brand"},"pa_carbon":{"linked":[],"unlinked":[],"slug":"pa_carbon","name":"Product Increase the hardness with carbon"},"pa_country-voucher":{"linked":[],"unlinked":[],"slug":"pa_country-voucher","name":"Product Country"},"pa_graphics":{"linked":[],"unlinked":[],"slug":"pa_graphics","name":"Product Personal graphics or personal geometry"},"pa_how-many-people":{"linked":[],"unlinked":[],"slug":"pa_how-many-people","name":"Product How many people"},"pa_localisation":{"linked":[],"unlinked":[],"slug":"pa_localisation","name":"Product Localisation"},"pa_supplier":{"linked":[],"unlinked":[],"slug":"pa_supplier","name":"Product Supplier"},"translation_priority":{"linked":["<a href=\"https:\/\/www.snowkitesensation.com\/fr\/?taxonomy=translation_priority&#038;term=optionel\" class=\"advgb-post-tax-term\">Optionel<\/a>"],"unlinked":["<span class=\"advgb-post-tax-term\">Optionel<\/span>"],"slug":"translation_priority","name":"Priorit\u00e9s de traduction"}},"series_order":"","_links":{"self":[{"href":"https:\/\/www.snowkitesensation.com\/fr\/wp-json\/wp\/v2\/product\/20233","targetHints":{"allow":["GET"]}}],"collection":[{"href":"https:\/\/www.snowkitesensation.com\/fr\/wp-json\/wp\/v2\/product"}],"about":[{"href":"https:\/\/www.snowkitesensation.com\/fr\/wp-json\/wp\/v2\/types\/product"}],"replies":[{"embeddable":true,"href":"https:\/\/www.snowkitesensation.com\/fr\/wp-json\/wp\/v2\/comments?post=20233"}],"wp:featuredmedia":[{"embeddable":true,"href":"https:\/\/www.snowkitesensation.com\/fr\/wp-json\/wp\/v2\/media\/20764"}],"wp:attachment":[{"href":"https:\/\/www.snowkitesensation.com\/fr\/wp-json\/wp\/v2\/media?parent=20233"}],"wp:term":[{"taxonomy":"product_brand","embeddable":true,"href":"https:\/\/www.snowkitesensation.com\/fr\/wp-json\/wp\/v2\/product_brand?post=20233"},{"taxonomy":"product_cat","embeddable":true,"href":"https:\/\/www.snowkitesensation.com\/fr\/wp-json\/wp\/v2\/product_cat?post=20233"},{"taxonomy":"product_tag","embeddable":true,"href":"https:\/\/www.snowkitesensation.com\/fr\/wp-json\/wp\/v2\/product_tag?post=20233"}],"curies":[{"name":"wp","href":"https:\/\/api.w.org\/{rel}","templated":true}]}}