{"id":20605,"date":"2026-01-14T11:07:47","date_gmt":"2026-01-14T11:07:47","guid":{"rendered":"https:\/\/www.snowkitesensation.com\/?post_type=product&#038;p=20605"},"modified":"2026-04-10T14:40:13","modified_gmt":"2026-04-10T14:40:13","slug":"snowkite-pole-nord","status":"publish","type":"product","link":"https:\/\/www.snowkitesensation.com\/fr\/produit\/svalbard-package\/snowkite-pole-nord\/","title":{"rendered":"Svalbard Pole Nord"},"content":{"rendered":"<p><iframe loading=\"lazy\" title=\"Snowkite Svalbard April 2023\" width=\"1060\" height=\"596\" src=\"https:\/\/www.youtube.com\/embed\/iHJ-lfQpXmw?feature=oembed\" frameborder=\"0\" allow=\"accelerometer; autoplay; clipboard-write; encrypted-media; gyroscope; picture-in-picture; web-share\" referrerpolicy=\"strict-origin-when-cross-origin\" allowfullscreen><\/iframe><\/p>\n","protected":false},"excerpt":{"rendered":"<h2>L&rsquo;Ultime Experience Snowkite<\/h2>\n<hr \/>\n<h3 style=\"text-align: center;\">10\/04\/2027 \u2013 18\/04\/2027<\/h3>\n<hr \/>\n<p data-start=\"62\" data-end=\"416\">Si vous lisez ces lignes, c\u2019est que vous \u00eates \u00e0 quelques clics d\u2019une aventure inoubliable. Bien au-del\u00e0 du cercle Arctique, aux confins du monde habitable, le Svalbard offre l\u2019un des terrains de jeu de snowkite les plus exclusifs au monde. Fjords gel\u00e9s \u00e0 perte de vue, vall\u00e9es vierges et un silence si pur qu\u2019il transforme votre perception de l\u2019espace.<\/p>\n<p data-start=\"418\" data-end=\"608\">Le voyage fait partie int\u00e9grante de l\u2019exp\u00e9rience. Votre aventure commence par une premi\u00e8re nuit \u00e0 <span class=\"hover:entity-accent entity-underline inline cursor-pointer align-baseline\"><span class=\"whitespace-normal\">Oslo Airport<\/span><\/span>, garantissant une transition fluide vers l\u2019Arctique.<\/p>\n<p data-start=\"610\" data-end=\"897\">Une fois \u00e0 Longyearbyen, tout est pens\u00e9 pour l\u2019acc\u00e8s, la libert\u00e9 et l\u2019intensit\u00e9. Chaque jour, des motoneiges vous emm\u00e8nent au c\u0153ur de terrains isol\u00e9s pour trouver le vent, bien au-del\u00e0 de ce qui est accessible par un voyage classique. Ici, vous ne suivez pas de traces. Vous les cr\u00e9ez.<\/p>\n<p data-start=\"899\" data-end=\"1191\">Les riders vivront une exp\u00e9rience de snowkite arctique pure, \u00e0 travers glaciers et paysages gel\u00e9s fa\u00e7onn\u00e9s par le vent et la lumi\u00e8re. Les non-riders font pleinement partie du voyage, avec une s\u00e9lection d\u2019activit\u00e9s arctiques con\u00e7ues pour rendre cette exp\u00e9dition tout aussi intense sans kite.<\/p>\n<hr \/>\n<p data-start=\"1193\" data-end=\"1227\"><strong>Ce que comprend votre exp\u00e9rience<\/strong><\/p>\n<ul>\n<li data-start=\"1229\" data-end=\"1999\">1 nuit \u00e0 Oslo Airport avant le d\u00e9part pour le Svalbard<\/li>\n<li data-start=\"1229\" data-end=\"1999\">7 nuits \u00e0 Longyearbyen, dans des h\u00e9bergements soigneusement s\u00e9lectionn\u00e9s au c\u0153ur de la ville la plus septentrionale du monde<\/li>\n<li data-start=\"1229\" data-end=\"1999\">1 derni\u00e8re nuit \u00e0 Oslo pour un retour en douceur \u00e0 la r\u00e9alit\u00e9<\/li>\n<li data-start=\"1229\" data-end=\"1999\">Guides arctiques professionnels anglophones, assurant s\u00e9curit\u00e9, progression et adaptation quotidienne aux conditions dans l\u2019un des environnements les plus isol\u00e9s au monde<\/li>\n<li data-start=\"1229\" data-end=\"1999\">2 guides professionnels de snowkite<\/li>\n<li data-start=\"1229\" data-end=\"1999\">Acc\u00e8s quotidien en motoneige aux zones de ride et d\u2019exploration<\/li>\n<li data-start=\"1229\" data-end=\"1999\">Acc\u00e8s au snowkite et au ski de randonn\u00e9e \u00e0 travers fjords, glaciers et vall\u00e9es arctiques<\/li>\n<li data-start=\"1229\" data-end=\"1999\">Tout l\u2019\u00e9quipement essentiel de s\u00e9curit\u00e9 et de communication adapt\u00e9 aux conditions polaires<\/li>\n<li data-start=\"1229\" data-end=\"1999\">Un package surprise premium livr\u00e9 chez vous avant le d\u00e9part<\/li>\n<\/ul>\n<hr \/>\n<p data-start=\"2001\" data-end=\"2071\">Le Svalbard n\u2019est pas une simple destination. C\u2019est une d\u00e9claration.<\/p>\n<p data-start=\"2073\" data-end=\"2248\">Sessions sous le soleil de minuit, rencontres avec la faune, paysages bruts et d\u00e9connexion totale du monde moderne. C\u2019est ici que vous venez ressentir quelque chose de vrai.<\/p>\n<p data-start=\"2250\" data-end=\"2333\" data-is-last-node=\"\" data-is-only-node=\"\">Personnalisez votre voyage selon vos envies en s\u00e9lectionnant les options ci-dessous<\/p>\n","protected":false},"author":1,"featured_media":16298,"comment_status":"closed","ping_status":"closed","template":"","meta":{"_acf_changed":false,"_uag_custom_page_level_css":"","advgb_blocks_editor_width":"","advgb_blocks_columns_visual_guide":""},"product_brand":[],"product_cat":[601],"product_tag":[],"class_list":{"0":"post-20605","1":"product","2":"type-product","3":"status-publish","4":"has-post-thumbnail","6":"product_cat-svalbard-package","8":"first","9":"instock","10":"taxable","11":"shipping-taxable","12":"purchasable","13":"product-type-variable"},"acf":[],"uagb_featured_image_src":{"full":["https:\/\/www.snowkitesensation.com\/wp-content\/uploads\/2022\/05\/AdobeStock_125766062-1-scaled.jpeg",2560,1707,false],"thumbnail":["https:\/\/www.snowkitesensation.com\/wp-content\/uploads\/2022\/05\/AdobeStock_125766062-1-300x300.jpeg",300,300,true],"medium":["https:\/\/www.snowkitesensation.com\/wp-content\/uploads\/2022\/05\/AdobeStock_125766062-1-600x400.jpeg",600,400,true],"medium_large":["https:\/\/www.snowkitesensation.com\/wp-content\/uploads\/2022\/05\/AdobeStock_125766062-1-768x512.jpeg",768,512,true],"large":["https:\/\/www.snowkitesensation.com\/wp-content\/uploads\/2022\/05\/AdobeStock_125766062-1-2048x1365.jpeg",1060,706,true],"1536x1536":["https:\/\/www.snowkitesensation.com\/wp-content\/uploads\/2022\/05\/AdobeStock_125766062-1-1536x1024.jpeg",1536,1024,true],"2048x2048":["https:\/\/www.snowkitesensation.com\/wp-content\/uploads\/2022\/05\/AdobeStock_125766062-1-2048x1365.jpeg",2048,1365,true],"freestyle_edge_square":["https:\/\/www.snowkitesensation.com\/wp-content\/uploads\/2022\/05\/AdobeStock_125766062-1-550x550.jpeg",550,550,true],"freestyle_edge_landscape":["https:\/\/www.snowkitesensation.com\/wp-content\/uploads\/2022\/05\/AdobeStock_125766062-1-800x600.jpeg",800,600,true],"freestyle_edge_portrait":["https:\/\/www.snowkitesensation.com\/wp-content\/uploads\/2022\/05\/AdobeStock_125766062-1-600x800.jpeg",600,800,true],"freestyle_edge_large_width":["https:\/\/www.snowkitesensation.com\/wp-content\/uploads\/2022\/05\/AdobeStock_125766062-1-1100x550.jpeg",1100,550,true],"freestyle_edge_large_height":["https:\/\/www.snowkitesensation.com\/wp-content\/uploads\/2022\/05\/AdobeStock_125766062-1-550x1100.jpeg",550,1100,true],"freestyle_edge_large_width_height":["https:\/\/www.snowkitesensation.com\/wp-content\/uploads\/2022\/05\/AdobeStock_125766062-1-1100x1100.jpeg",1100,1100,true],"woocommerce_thumbnail":["https:\/\/www.snowkitesensation.com\/wp-content\/uploads\/2022\/05\/AdobeStock_125766062-1-300x300.jpeg",300,300,true],"woocommerce_single":["https:\/\/www.snowkitesensation.com\/wp-content\/uploads\/2022\/05\/AdobeStock_125766062-1-600x400.jpeg",600,400,true],"woocommerce_gallery_thumbnail":["https:\/\/www.snowkitesensation.com\/wp-content\/uploads\/2022\/05\/AdobeStock_125766062-1-100x100.jpeg",100,100,true],"variation_swatches_image_size":["https:\/\/www.snowkitesensation.com\/wp-content\/uploads\/2022\/05\/AdobeStock_125766062-1-scaled.jpeg",50,33,false],"variation_swatches_tooltip_size":["https:\/\/www.snowkitesensation.com\/wp-content\/uploads\/2022\/05\/AdobeStock_125766062-1-scaled.jpeg",100,67,false]},"uagb_author_info":{"display_name":"Snowkite","author_link":"https:\/\/www.snowkitesensation.com\/fr\/author\/snowkite\/"},"uagb_comment_info":0,"uagb_excerpt":"L'Ultime Experience Snowkite 10\/04\/2027 \u2013 18\/04\/2027 Si vous lisez ces lignes, c\u2019est que vous \u00eates \u00e0 quelques clics d\u2019une aventure inoubliable. Bien au-del\u00e0 du cercle Arctique, aux confins du monde habitable, le Svalbard offre l\u2019un des terrains de jeu de snowkite les plus exclusifs au monde. Fjords gel\u00e9s \u00e0 perte de vue, vall\u00e9es vierges et\u2026","featured_img":"https:\/\/www.snowkitesensation.com\/wp-content\/uploads\/2022\/05\/AdobeStock_125766062-1-scaled.jpeg","coauthors":[],"author_meta":{"author_link":"https:\/\/www.snowkitesensation.com\/fr\/author\/snowkite\/","display_name":"Snowkite"},"relative_dates":{"created":"Publi\u00e9 3 mois il y a","modified":"Mis \u00e0 jour 5 jours il y a"},"absolute_dates":{"created":"Publi\u00e9 le janvier 14, 2026","modified":"Mise \u00e0 jour le avril 10, 2026"},"absolute_dates_time":{"created":"Publi\u00e9 le janvier 14, 2026 11:07 am","modified":"Mise \u00e0 jour le avril 10, 2026 2:40 pm"},"featured_img_caption":"","tax_additional":{"product_brand":{"linked":[],"unlinked":[],"slug":"product_brand","name":"Marques"},"product_type":{"linked":["<a href=\"https:\/\/www.snowkitesensation.com\/fr\/?taxonomy=product_type&#038;term=variable\" class=\"advgb-post-tax-term\">variable<\/a>"],"unlinked":["<span class=\"advgb-post-tax-term\">variable<\/span>"],"slug":"product_type","name":"Type de produit"},"product_visibility":{"linked":[],"unlinked":[],"slug":"product_visibility","name":"Visibilit\u00e9 du produit"},"product_cat":{"linked":["<a href=\"https:\/\/www.snowkitesensation.com\/shop-kite\/svalbard-package\/\" class=\"advgb-post-tax-term\">Svalbar Package<\/a>"],"unlinked":["<span class=\"advgb-post-tax-term\">Svalbar Package<\/span>"],"slug":"product_cat","name":"Cat\u00e9gories de produits"},"product_tag":{"linked":[],"unlinked":[],"slug":"product_tag","name":"\u00c9tiquettes produit"},"product_shipping_class":{"linked":[],"unlinked":[],"slug":"product_shipping_class","name":"Classe d\u2019exp\u00e9dition du produit"},"pos_product_visibility":{"linked":[],"unlinked":[],"slug":"pos_product_visibility","name":"Visibilit\u00e9 du produit sur le point de vente"},"pa_brand":{"linked":[],"unlinked":[],"slug":"pa_brand","name":"Product Brand"},"pa_carbon":{"linked":[],"unlinked":[],"slug":"pa_carbon","name":"Product Increase the hardness with carbon"},"pa_country-voucher":{"linked":[],"unlinked":[],"slug":"pa_country-voucher","name":"Product Country"},"pa_graphics":{"linked":[],"unlinked":[],"slug":"pa_graphics","name":"Product Personal graphics or personal geometry"},"pa_how-many-people":{"linked":[],"unlinked":[],"slug":"pa_how-many-people","name":"Product How many people"},"pa_localisation":{"linked":[],"unlinked":[],"slug":"pa_localisation","name":"Product Localisation"},"pa_supplier":{"linked":[],"unlinked":[],"slug":"pa_supplier","name":"Product Supplier"},"translation_priority":{"linked":["<a href=\"https:\/\/www.snowkitesensation.com\/fr\/?taxonomy=translation_priority&#038;term=optionel\" class=\"advgb-post-tax-term\">Optionel<\/a>"],"unlinked":["<span class=\"advgb-post-tax-term\">Optionel<\/span>"],"slug":"translation_priority","name":"Priorit\u00e9s de traduction"}},"series_order":"","_links":{"self":[{"href":"https:\/\/www.snowkitesensation.com\/fr\/wp-json\/wp\/v2\/product\/20605","targetHints":{"allow":["GET"]}}],"collection":[{"href":"https:\/\/www.snowkitesensation.com\/fr\/wp-json\/wp\/v2\/product"}],"about":[{"href":"https:\/\/www.snowkitesensation.com\/fr\/wp-json\/wp\/v2\/types\/product"}],"replies":[{"embeddable":true,"href":"https:\/\/www.snowkitesensation.com\/fr\/wp-json\/wp\/v2\/comments?post=20605"}],"wp:featuredmedia":[{"embeddable":true,"href":"https:\/\/www.snowkitesensation.com\/fr\/wp-json\/wp\/v2\/media\/16298"}],"wp:attachment":[{"href":"https:\/\/www.snowkitesensation.com\/fr\/wp-json\/wp\/v2\/media?parent=20605"}],"wp:term":[{"taxonomy":"product_brand","embeddable":true,"href":"https:\/\/www.snowkitesensation.com\/fr\/wp-json\/wp\/v2\/product_brand?post=20605"},{"taxonomy":"product_cat","embeddable":true,"href":"https:\/\/www.snowkitesensation.com\/fr\/wp-json\/wp\/v2\/product_cat?post=20605"},{"taxonomy":"product_tag","embeddable":true,"href":"https:\/\/www.snowkitesensation.com\/fr\/wp-json\/wp\/v2\/product_tag?post=20605"}],"curies":[{"name":"wp","href":"https:\/\/api.w.org\/{rel}","templated":true}]}}